{"id":2248,"date":"2019-11-21T14:31:47","date_gmt":"2019-11-21T14:31:47","guid":{"rendered":"https:\/\/kosmeetika24.eu\/?post_type=product&#038;p=2248"},"modified":"2026-04-01T15:47:23","modified_gmt":"2026-04-01T12:47:23","slug":"oxygen-ceuticals-fermented-fluid","status":"publish","type":"product","link":"https:\/\/kosmeetika24.eu\/et\/toode\/oxygen-ceuticals-fermented-fluid\/","title":{"rendered":"OXYGEN CEUTICALS valgendav seerum"},"content":{"rendered":"<p>Valgendav seerum <em>Fermented Fluid<\/em> p\u00e4rsib melaniini tootmist ja pleegitab tumedaid laike nahal, suurendab rakkude taastamist, \u00fchtlustab nahatooni. Annab sileda ja terve v\u00e4ljan\u00e4gemisega naha. Aitab kaitsta nahka vabade radikaalide eest.<\/p>\n<p>Sobib k\u00f5ikidele nahat\u00fc\u00fcpidele, eriti tundlikule ja \u00e4rritunud, pigmentatsiooniga ja vananevale nahale.<\/p>\n<p><strong>TOIMEAINED<\/strong><\/p>\n<ul>\n<li>Fruktaan<\/li>\n<li>Arbutin<\/li>\n<li>Harilik portulak<\/li>\n<li>Aasia vesinaba<\/li>\n<li>Naatrium PCA<\/li>\n<li>Lagritsajuure ekstrakt<\/li>\n<li>Hapnik<\/li>\n<\/ul>\n<p><strong>TOIME<\/strong><\/p>\n<ul>\n<li>Fruktaani koostisosad aitavad v\u00e4ltida kuivust ja t\u00f5sta naha niiskustaset.<\/li>\n<li>Fruktaan ja arbutin omavad efektiivset ja ohutut valgendavat toimet.<\/li>\n<li>Harilik portulak\u00a0sisaldab rohkesti antioks\u00fcdante, mis v\u00f5itlevad vabade radikaalidega,\u00a0p\u00e4rsib t\u00fcrosinaasi aktiivsust ja hoiab \u00e4ra melaniini s\u00fcnteesi.\u00a0Kahandab naha kapillaare ja leevendab n\u00e4o punetust.\u00a0Kaitseb nahka p\u00e4ikesekiirguse eest.<\/li>\n<li>Aasia vesinaba lehe ekstrakt rahustab kahjustatud nahka ja parandab selle kaitsefunktsioone.<\/li>\n<li>Naatrium PCA aitab luua sileda naha ja hoida seda niisutatuna.<\/li>\n<li>Lagritsa juure ekstrakt pleegitab; pehmendab nahka; aitab hoida nahka pehme, sileda, elastse ja terve v\u00e4ljan\u00e4gemisega; silub ja rahustab nahka.<\/li>\n<li>Hapnik v\u00f5itleb n\u00e4htavate vananemism\u00e4rkidega, mis on tingitud hapniku kehva liikumisega nahaalustest kapillaaridest naha pealmise kihini. Stimuleerib otseselt kollageeni ja elastiini s\u00fcnteesi nahas ning omab p\u00f5letikuvastast toimet.<\/li>\n<\/ul>\n<p><strong>KOOSTIS<\/strong><\/p>\n<p>Water, Fructan, Propylene Glycol, Methyl Gluceth-20, Arbutin, Glycerin, 1,2-hexanediol, Caprylyl Glycol, Butylene Glycol, Xanthan Gum, Sodium PCA, PEG-60 Hydrogenated Castor Oil, Niacinamide, Portulaca Oleracea Extract, Centella Asiatica Leaf Extract, Sodium Hyaluronate, Glyceryl Acrylate\/Acrylic acid Copolymer, PVM\/MA Copolymer, Tocopheryl Acetate, Oxygen, Glycyrrhiza Glabra (Licorice) Root Extract, Prunella Vulgaris Leaf Extract, Polygonum Cuspidatum Root Extract, Gleditsia Australis Fruit Extract, Cnidium Monnieri Fruit Extract, Saccharomyces Ferment, Oryza Sativa (Rice) Extract, Nelumbium Speciosum Flower Extract, Artemisia Annua Extract, CI16035, Fragrance.<\/p>\n<p><span style=\"font-size: xx-small;\"><span style=\"color: #000000;\"><span style=\"font-family: Roboto, sans-serif;\">2817.20\u00a0 \u20ac\/l<\/span><\/span><\/span><\/p>\n","protected":false},"excerpt":{"rendered":"<p>50 ml<\/p>\n<p>Nahka valgendava funktsiooniga seerum.<\/p>\n<p>&nbsp;<\/p>\n<p>&nbsp;<\/p>\n","protected":false},"featured_media":2547,"template":"","meta":{"om_disable_all_campaigns":false,"_monsterinsights_skip_tracking":false,"_monsterinsights_sitenote_active":false,"_monsterinsights_sitenote_note":"","_monsterinsights_sitenote_category":0,"_uf_show_specific_survey":0,"_uf_disable_surveys":false,"site-sidebar-layout":"default","site-content-layout":"","ast-site-content-layout":"default","site-content-style":"default","site-sidebar-style":"default","ast-global-header-display":"","ast-banner-title-visibility":"","ast-main-header-display":"","ast-hfb-above-header-display":"","ast-hfb-below-header-display":"","ast-hfb-mobile-header-display":"","site-post-title":"","ast-breadcrumbs-content":"","ast-featured-img":"","footer-sml-layout":"","theme-transparent-header-meta":"default","adv-header-id-meta":"","stick-header-meta":"","header-above-stick-meta":"","header-main-stick-meta":"","header-below-stick-meta":"","astra-migrate-meta-layouts":"set","ast-page-background-enabled":"default","ast-page-background-meta":{"desktop":{"background-color":"var(--ast-global-color-4)","background-image":"","background-repeat":"repeat","background-position":"center center","background-size":"auto","background-attachment":"scroll","background-type":"","background-media":"","overlay-type":"","overlay-color":"","overlay-opacity":"","overlay-gradient":""},"tablet":{"background-color":"","background-image":"","background-repeat":"repeat","background-position":"center center","background-size":"auto","background-attachment":"scroll","background-type":"","background-media":"","overlay-type":"","overlay-color":"","overlay-opacity":"","overlay-gradient":""},"mobile":{"background-color":"","background-image":"","background-repeat":"repeat","background-position":"center center","background-size":"auto","background-attachment":"scroll","background-type":"","background-media":"","overlay-type":"","overlay-color":"","overlay-opacity":"","overlay-gradient":""}},"ast-content-background-meta":{"desktop":{"background-color":"var(--ast-global-color-5)","background-image":"","background-repeat":"repeat","background-position":"center center","background-size":"auto","background-attachment":"scroll","background-type":"","background-media":"","overlay-type":"","overlay-color":"","overlay-opacity":"","overlay-gradient":""},"tablet":{"background-color":"var(--ast-global-color-5)","background-image":"","background-repeat":"repeat","background-position":"center center","background-size":"auto","background-attachment":"scroll","background-type":"","background-media":"","overlay-type":"","overlay-color":"","overlay-opacity":"","overlay-gradient":""},"mobile":{"background-color":"var(--ast-global-color-5)","background-image":"","background-repeat":"repeat","background-position":"center center","background-size":"auto","background-attachment":"scroll","background-type":"","background-media":"","overlay-type":"","overlay-color":"","overlay-opacity":"","overlay-gradient":""}}},"product_brand":[],"product_cat":[50,15,77,122],"product_tag":[],"class_list":{"0":"post-2248","1":"product","2":"type-product","3":"status-publish","4":"has-post-thumbnail","6":"product_cat-kampaaniad","7":"product_cat-naole","8":"product_cat-seerumid","9":"product_cat-seerumid-profitooted","10":"desktop-align-center","11":"tablet-align-left","12":"mobile-align-left","14":"first","15":"instock","16":"sale","17":"taxable","18":"shipping-taxable","19":"purchasable","20":"product-type-simple","21":"add-to-wishlist-before_image"},"aioseo_notices":[],"_links":{"self":[{"href":"https:\/\/kosmeetika24.eu\/et\/wp-json\/wp\/v2\/product\/2248","targetHints":{"allow":["GET"]}}],"collection":[{"href":"https:\/\/kosmeetika24.eu\/et\/wp-json\/wp\/v2\/product"}],"about":[{"href":"https:\/\/kosmeetika24.eu\/et\/wp-json\/wp\/v2\/types\/product"}],"version-history":[{"count":3,"href":"https:\/\/kosmeetika24.eu\/et\/wp-json\/wp\/v2\/product\/2248\/revisions"}],"predecessor-version":[{"id":3163,"href":"https:\/\/kosmeetika24.eu\/et\/wp-json\/wp\/v2\/product\/2248\/revisions\/3163"}],"wp:featuredmedia":[{"embeddable":true,"href":"https:\/\/kosmeetika24.eu\/et\/wp-json\/wp\/v2\/media\/2547"}],"wp:attachment":[{"href":"https:\/\/kosmeetika24.eu\/et\/wp-json\/wp\/v2\/media?parent=2248"}],"wp:term":[{"taxonomy":"product_brand","embeddable":true,"href":"https:\/\/kosmeetika24.eu\/et\/wp-json\/wp\/v2\/product_brand?post=2248"},{"taxonomy":"product_cat","embeddable":true,"href":"https:\/\/kosmeetika24.eu\/et\/wp-json\/wp\/v2\/product_cat?post=2248"},{"taxonomy":"product_tag","embeddable":true,"href":"https:\/\/kosmeetika24.eu\/et\/wp-json\/wp\/v2\/product_tag?post=2248"}],"curies":[{"name":"wp","href":"https:\/\/api.w.org\/{rel}","templated":true}]}}