{"id":2246,"date":"2019-11-22T07:36:46","date_gmt":"2019-11-22T07:36:46","guid":{"rendered":"https:\/\/kosmeetika24.eu\/?post_type=product&#038;p=2246"},"modified":"2024-12-27T11:29:39","modified_gmt":"2024-12-27T08:29:39","slug":"oxygen-ceuticals-couperosa-fluid","status":"publish","type":"product","link":"https:\/\/kosmeetika24.eu\/et\/toode\/oxygen-ceuticals-couperosa-fluid\/","title":{"rendered":"OXYGEN CEUTICALS seerum tundlikule ja kahjustunud nahale"},"content":{"rendered":"<p>Niisutav seerum<em> Couperose Fluid<\/em> on rahustav, taastav seerum tundlikule ja kahjustatud \u00e4rritunud nahale. Aitab taastada kahjustatud naha sarvkihti. See on loodud niiskuse s\u00e4ilitamiseks, punetuse v\u00e4hendamiseks ja naha loomuliku ph taseme tasakaalustamiseks.<\/p>\n<p>Sobib punetava, tundliku, atoopilise ja kahjustatud naha rahustamiseks.<\/p>\n<p><strong>TOIMEAINED<\/strong><\/p>\n<ul>\n<li>H\u00fcdrol\u00fc\u00fcsitud kollageen<\/li>\n<li>Sajalehine kibuvits<\/li>\n<li>Harilik portulak<\/li>\n<li>Aaloe<\/li>\n<li>Naatriumh\u00fcaluronaat<\/li>\n<li>Hapnik<\/li>\n<\/ul>\n<p><strong>TOIME<\/strong><\/p>\n<ul>\n<li>H\u00fcdrol\u00fc\u00fcsitud kollageen aitab nahal suurendada kollageeni tootmist ja kollageeni kiulist tihedust. Nahatoon \u00fchtlustub, nahk muutub elastsemaks ja peened kortsukesed taanduvad.<\/li>\n<li>Sajalehine kibuvits aitab ahendada poore ja v\u00e4hendada laienenud kapillaaride punetust ja p\u00f5letikku.<\/li>\n<li>Harilik portulak sisaldab rohkesti antioks\u00fcdante, mis v\u00f5itlevad vabade radikaalidega. Toimeaine p\u00e4rsib t\u00fcrosinaasi aktiivsust ja hoiab \u00e4ra melaniini s\u00fcnteesi. Kahandab naha kapillaare ja leevendab n\u00e4o punetust. Kaitseb nahka p\u00e4ikesekiirguse eest.<\/li>\n<li>Aaloe niisutab ja aitab s\u00e4ilitada niiskustasakaalu. Stimuleerib vereringet ja noorendab nahka. V\u00f5itleb p\u00f5letikuga, toetab naha loomulikku paranemisv\u00f5imet, leevendab p\u00e4ikesep\u00f5letust ja muid \u00e4rritusi.<\/li>\n<li>Naatriumh\u00fcaluronaat on looduslik niisutaja, mis ei ummista poore.<\/li>\n<li>Hapnik v\u00f5itleb n\u00e4htavate vananemism\u00e4rkidega, mis on tingitud hapniku kehva liikumisega nahaalustest kapillaaridest naha pealmise kihini. Stimuleerib otseselt kollageeni ja elastiini s\u00fcnteesi nahas ning omab p\u00f5letikuvastast toimet.<\/li>\n<\/ul>\n<p><strong>KOOSTIS<\/strong><\/p>\n<p>Water, Propylene Glycol, Methyl Gluceth-20, Aloe Barbadensis Leaf Extract, Glycerin, Butylene Glycol, Fructan, Portulaca Oleracea Extract, Rosa Centifolia Flower Water, Sodium Hyaluronate, Lonicera Japonica (Honeysuckle) Flower Extract, Pulsatilla Koreana Extract, Xanthan Gum, Centella Asiatica Leaf Extract, Citrus Paradisi (Grapefruit) Fruit Extract, Zanthoxylum Piperitum Fruit Extract, Glyceryl Acrylate\/Acrylic acid Copolymer, PVM\/MA Copolymer, Hydrolized collagen, Glycyrrhiza Glabra (Licorice) Root Extract, 1,2-Hexanediol, Oxygen, Artemisia Annua Extract, Nelumbium Speciosum Flower Extract, Oryza Sativa (Rice) Extract, Saccharomyces Ferment, CI 42090.<\/p>\n<p><span style=\"font-size: xx-small;\"><span style=\"color: #000000;\"><span style=\"font-family: Roboto, sans-serif;\">2817.20\u00a0\u20ac\/l<\/span><\/span><\/span><\/p>\n","protected":false},"excerpt":{"rendered":"<p>50 ml<\/p>\n<p>Nahka rahustav ja punetust leevendav seerum.<\/p>\n","protected":false},"featured_media":2552,"template":"","meta":{"om_disable_all_campaigns":false,"_monsterinsights_skip_tracking":false,"_monsterinsights_sitenote_active":false,"_monsterinsights_sitenote_note":"","_monsterinsights_sitenote_category":0,"_uf_show_specific_survey":0,"_uf_disable_surveys":false,"site-sidebar-layout":"default","site-content-layout":"","ast-site-content-layout":"default","site-content-style":"default","site-sidebar-style":"default","ast-global-header-display":"","ast-banner-title-visibility":"","ast-main-header-display":"","ast-hfb-above-header-display":"","ast-hfb-below-header-display":"","ast-hfb-mobile-header-display":"","site-post-title":"","ast-breadcrumbs-content":"","ast-featured-img":"","footer-sml-layout":"","theme-transparent-header-meta":"default","adv-header-id-meta":"","stick-header-meta":"","header-above-stick-meta":"","header-main-stick-meta":"","header-below-stick-meta":"","astra-migrate-meta-layouts":"set","ast-page-background-enabled":"default","ast-page-background-meta":{"desktop":{"background-color":"var(--ast-global-color-4)","background-image":"","background-repeat":"repeat","background-position":"center center","background-size":"auto","background-attachment":"scroll","background-type":"","background-media":"","overlay-type":"","overlay-color":"","overlay-opacity":"","overlay-gradient":""},"tablet":{"background-color":"","background-image":"","background-repeat":"repeat","background-position":"center center","background-size":"auto","background-attachment":"scroll","background-type":"","background-media":"","overlay-type":"","overlay-color":"","overlay-opacity":"","overlay-gradient":""},"mobile":{"background-color":"","background-image":"","background-repeat":"repeat","background-position":"center center","background-size":"auto","background-attachment":"scroll","background-type":"","background-media":"","overlay-type":"","overlay-color":"","overlay-opacity":"","overlay-gradient":""}},"ast-content-background-meta":{"desktop":{"background-color":"var(--ast-global-color-5)","background-image":"","background-repeat":"repeat","background-position":"center center","background-size":"auto","background-attachment":"scroll","background-type":"","background-media":"","overlay-type":"","overlay-color":"","overlay-opacity":"","overlay-gradient":""},"tablet":{"background-color":"var(--ast-global-color-5)","background-image":"","background-repeat":"repeat","background-position":"center center","background-size":"auto","background-attachment":"scroll","background-type":"","background-media":"","overlay-type":"","overlay-color":"","overlay-opacity":"","overlay-gradient":""},"mobile":{"background-color":"var(--ast-global-color-5)","background-image":"","background-repeat":"repeat","background-position":"center center","background-size":"auto","background-attachment":"scroll","background-type":"","background-media":"","overlay-type":"","overlay-color":"","overlay-opacity":"","overlay-gradient":""}}},"product_brand":[],"product_cat":[15,77],"product_tag":[],"class_list":{"0":"post-2246","1":"product","2":"type-product","3":"status-publish","4":"has-post-thumbnail","6":"product_cat-naole","7":"product_cat-seerumid","8":"desktop-align-center","9":"tablet-align-left","10":"mobile-align-left","12":"first","13":"instock","14":"taxable","15":"shipping-taxable","16":"purchasable","17":"product-type-simple","18":"add-to-wishlist-before_image"},"aioseo_notices":[],"_links":{"self":[{"href":"https:\/\/kosmeetika24.eu\/et\/wp-json\/wp\/v2\/product\/2246","targetHints":{"allow":["GET"]}}],"collection":[{"href":"https:\/\/kosmeetika24.eu\/et\/wp-json\/wp\/v2\/product"}],"about":[{"href":"https:\/\/kosmeetika24.eu\/et\/wp-json\/wp\/v2\/types\/product"}],"version-history":[{"count":3,"href":"https:\/\/kosmeetika24.eu\/et\/wp-json\/wp\/v2\/product\/2246\/revisions"}],"predecessor-version":[{"id":8882,"href":"https:\/\/kosmeetika24.eu\/et\/wp-json\/wp\/v2\/product\/2246\/revisions\/8882"}],"wp:featuredmedia":[{"embeddable":true,"href":"https:\/\/kosmeetika24.eu\/et\/wp-json\/wp\/v2\/media\/2552"}],"wp:attachment":[{"href":"https:\/\/kosmeetika24.eu\/et\/wp-json\/wp\/v2\/media?parent=2246"}],"wp:term":[{"taxonomy":"product_brand","embeddable":true,"href":"https:\/\/kosmeetika24.eu\/et\/wp-json\/wp\/v2\/product_brand?post=2246"},{"taxonomy":"product_cat","embeddable":true,"href":"https:\/\/kosmeetika24.eu\/et\/wp-json\/wp\/v2\/product_cat?post=2246"},{"taxonomy":"product_tag","embeddable":true,"href":"https:\/\/kosmeetika24.eu\/et\/wp-json\/wp\/v2\/product_tag?post=2246"}],"curies":[{"name":"wp","href":"https:\/\/api.w.org\/{rel}","templated":true}]}}