{"id":2243,"date":"2019-11-20T08:42:09","date_gmt":"2019-11-20T08:42:09","guid":{"rendered":"https:\/\/kosmeetika24.eu\/?post_type=product&#038;p=2243"},"modified":"2026-03-02T12:32:03","modified_gmt":"2026-03-02T09:32:03","slug":"bruno-vassari-sun-defense-sun-protect-spray-spf30","status":"publish","type":"product","link":"https:\/\/kosmeetika24.eu\/et\/toode\/bruno-vassari-sun-defense-sun-protect-spray-spf30\/","title":{"rendered":"BRUNO VASSARI Sun Defense niisutav p\u00e4ikesekreem kehale SPF30"},"content":{"rendered":"<p><em>Sun Protect Spray SPF30<\/em> sobib t\u00f5husat kaitse vajavale nahale. Sisaldab E-vitamiini ning UVA- ja UVB-filtreid. Optimeerib naha loomuliku kaitse. Niisutab, kaitseb nahka ning tagab \u00fchtlase ja kestva p\u00e4evituse.<\/p>\n<p>Sobib k\u00f5igile nahat\u00fc\u00fcpidele.<\/p>\n<p><strong>TOIMEAINED<\/strong><\/p>\n<ul>\n<li>P\u00e4ikesekaitsefiltrid<\/li>\n<li>E-vitamiin<\/li>\n<\/ul>\n<p><strong>TOIME<\/strong><\/p>\n<ul>\n<li>P\u00e4ikesekaitsefiltrid: ideaalne kombinatsioon f\u00fc\u00fcsikalistest ja keemilistest filtritest, mis annavad usaldusv\u00e4\u00e4rse p\u00e4ikesekaitsefaktori. P\u00e4ikesekaitsefiltrite kaitsvat toimet tugevdavad E-vitamiin ja sheav\u00f5i.<\/li>\n<li>E-vitamiin toimib antioks\u00fcdandina, vabade radikaalide vastane. Hoiab \u00e4ra UV-kiirguse poolt p\u00f5hjustatud p\u00f5letiku. V\u00e4hendab kortsude tekkimise t\u00f5en\u00e4olsust.<\/li>\n<\/ul>\n<p><strong>KASUTAMINE<\/strong><\/p>\n<ul>\n<li>Niisutav p\u00e4ikesekaitsekreem kanda kogu kehale 30 minutit enne kokkupuudet p\u00e4ikesekiirgusega.<\/li>\n<li>Kreemi kanda nahale v\u00f5imalikult sageli ning kindlasti kohe p\u00e4rast ujumist.<\/li>\n<\/ul>\n<p><strong>KASUTAMINE<\/strong><\/p>\n<p>AQUA (WATER) OCTOCRYLENE, BUTYLENE GLYCOL. DICAPRYLATE\/DICAPRATE, DIISOPROPYL SEBACATE, ALCOHOL DENAT., BUTYL METHOXYDIBENZOYLMETHANE, POLYSILICONE-15, BUTYLENE GLYCOL, C12-15 ALKYL BENZOATE, PHENYLBENZIMIDAZOLE SULFONIC ACID, TRIETHANOLAMINE, VP\/EICOSENE COPOLYMER, POTASSIUM CETYL PHOSPHATE, BEHENYL ALCOHOL, TOCOPHERYL ACETATE, ACRYLATES\/C10-30 ALKYL ACRYLATE CROSSPOLYMER, DISODIUM EDTA, PHENOXYETHANOL, CHLORPHENESIN, GLYCERIN, FRAGRANCE (PARFUM), LINALOOL, LIMONENE, CITRONELLOL, HEXYL CINNAMAL, BUTYLPHENYL METHYLPROPIONAL.<\/p>\n<p><span style=\"font-size: xx-small;\"><span style=\"color: #000000;\"><span style=\"font-family: Roboto, sans-serif;\"><span style=\"font-size: small;\">278.15 \u20ac\/l<\/span><\/span><\/span><\/span><\/p>\n","protected":false},"excerpt":{"rendered":"<p>200 ml<\/p>\n<p><span class=\"notranslate\">P\u00e4ikesekaitsepihusti <\/span><span class=\"notranslate\">niisutab, kaitseb ja tagab \u00fchtlase ja pikaajalise p\u00e4evituse.<\/span><\/p>\n","protected":false},"featured_media":2422,"template":"","meta":{"om_disable_all_campaigns":false,"_monsterinsights_skip_tracking":false,"_monsterinsights_sitenote_active":false,"_monsterinsights_sitenote_note":"","_monsterinsights_sitenote_category":0,"_uf_show_specific_survey":0,"_uf_disable_surveys":false,"site-sidebar-layout":"default","site-content-layout":"","ast-site-content-layout":"default","site-content-style":"default","site-sidebar-style":"default","ast-global-header-display":"","ast-banner-title-visibility":"","ast-main-header-display":"","ast-hfb-above-header-display":"","ast-hfb-below-header-display":"","ast-hfb-mobile-header-display":"","site-post-title":"","ast-breadcrumbs-content":"","ast-featured-img":"","footer-sml-layout":"","theme-transparent-header-meta":"default","adv-header-id-meta":"","stick-header-meta":"","header-above-stick-meta":"","header-main-stick-meta":"","header-below-stick-meta":"","astra-migrate-meta-layouts":"set","ast-page-background-enabled":"default","ast-page-background-meta":{"desktop":{"background-color":"var(--ast-global-color-4)","background-image":"","background-repeat":"repeat","background-position":"center center","background-size":"auto","background-attachment":"scroll","background-type":"","background-media":"","overlay-type":"","overlay-color":"","overlay-opacity":"","overlay-gradient":""},"tablet":{"background-color":"","background-image":"","background-repeat":"repeat","background-position":"center center","background-size":"auto","background-attachment":"scroll","background-type":"","background-media":"","overlay-type":"","overlay-color":"","overlay-opacity":"","overlay-gradient":""},"mobile":{"background-color":"","background-image":"","background-repeat":"repeat","background-position":"center center","background-size":"auto","background-attachment":"scroll","background-type":"","background-media":"","overlay-type":"","overlay-color":"","overlay-opacity":"","overlay-gradient":""}},"ast-content-background-meta":{"desktop":{"background-color":"var(--ast-global-color-5)","background-image":"","background-repeat":"repeat","background-position":"center center","background-size":"auto","background-attachment":"scroll","background-type":"","background-media":"","overlay-type":"","overlay-color":"","overlay-opacity":"","overlay-gradient":""},"tablet":{"background-color":"var(--ast-global-color-5)","background-image":"","background-repeat":"repeat","background-position":"center center","background-size":"auto","background-attachment":"scroll","background-type":"","background-media":"","overlay-type":"","overlay-color":"","overlay-opacity":"","overlay-gradient":""},"mobile":{"background-color":"var(--ast-global-color-5)","background-image":"","background-repeat":"repeat","background-position":"center center","background-size":"auto","background-attachment":"scroll","background-type":"","background-media":"","overlay-type":"","overlay-color":"","overlay-opacity":"","overlay-gradient":""}}},"product_brand":[],"product_cat":[46,90],"product_tag":[],"class_list":{"0":"post-2243","1":"product","2":"type-product","3":"status-publish","4":"has-post-thumbnail","6":"product_cat-kehale","7":"product_cat-paikesekaitse","8":"desktop-align-center","9":"tablet-align-left","10":"mobile-align-left","12":"first","13":"instock","14":"taxable","15":"shipping-taxable","16":"purchasable","17":"product-type-simple","18":"add-to-wishlist-before_image"},"aioseo_notices":[],"_links":{"self":[{"href":"https:\/\/kosmeetika24.eu\/et\/wp-json\/wp\/v2\/product\/2243","targetHints":{"allow":["GET"]}}],"collection":[{"href":"https:\/\/kosmeetika24.eu\/et\/wp-json\/wp\/v2\/product"}],"about":[{"href":"https:\/\/kosmeetika24.eu\/et\/wp-json\/wp\/v2\/types\/product"}],"version-history":[{"count":4,"href":"https:\/\/kosmeetika24.eu\/et\/wp-json\/wp\/v2\/product\/2243\/revisions"}],"predecessor-version":[{"id":2423,"href":"https:\/\/kosmeetika24.eu\/et\/wp-json\/wp\/v2\/product\/2243\/revisions\/2423"}],"wp:featuredmedia":[{"embeddable":true,"href":"https:\/\/kosmeetika24.eu\/et\/wp-json\/wp\/v2\/media\/2422"}],"wp:attachment":[{"href":"https:\/\/kosmeetika24.eu\/et\/wp-json\/wp\/v2\/media?parent=2243"}],"wp:term":[{"taxonomy":"product_brand","embeddable":true,"href":"https:\/\/kosmeetika24.eu\/et\/wp-json\/wp\/v2\/product_brand?post=2243"},{"taxonomy":"product_cat","embeddable":true,"href":"https:\/\/kosmeetika24.eu\/et\/wp-json\/wp\/v2\/product_cat?post=2243"},{"taxonomy":"product_tag","embeddable":true,"href":"https:\/\/kosmeetika24.eu\/et\/wp-json\/wp\/v2\/product_tag?post=2243"}],"curies":[{"name":"wp","href":"https:\/\/api.w.org\/{rel}","templated":true}]}}