{"id":2239,"date":"2019-11-20T08:16:53","date_gmt":"2019-11-20T08:16:53","guid":{"rendered":"https:\/\/kosmeetika24.eu\/?post_type=product&#038;p=2239"},"modified":"2026-03-02T12:30:34","modified_gmt":"2026-03-02T09:30:34","slug":"bruno-vassari-sun-defense-after-sun","status":"publish","type":"product","link":"https:\/\/kosmeetika24.eu\/et\/toode\/bruno-vassari-sun-defense-after-sun\/","title":{"rendered":"BRUNO VASSARI Sun Defense p\u00e4evitusj\u00e4rgne geel"},"content":{"rendered":"<p>P\u00e4evitusj\u00e4rgse geeli <em>After Sun Gel<\/em> koostisosad rahustavad, siluvad ja pehmendavad nahka p\u00e4rast p\u00e4ikese k\u00e4es viibimist. Geel taastab naha loomuliku temperatuuri ja pH, kaitstes seda deh\u00fcdratsiooni eest ja pikendades p\u00e4evitust. Toimib vananemisvastaselt, niisutab ja v\u00e4rskendab nahka.<\/p>\n<p>Sellel on kohene nahka rahustav toime.<\/p>\n<p>Sobib k\u00f5igile nahat\u00fc\u00fcpidele.<\/p>\n<p><strong>TOIMEAINED<\/strong><\/p>\n<ul>\n<li>Aaloe<\/li>\n<li>Allantoiin<\/li>\n<li>Pantenool<\/li>\n<li>Alfabisabolool<\/li>\n<li>E-vitamiin<\/li>\n<li>Sheav\u00f5i<\/li>\n<\/ul>\n<p><strong>TOIME<\/strong><\/p>\n<ul>\n<li>Aaloe niisutab ja aitab s\u00e4ilitada niiskustasakaalu. Stimuleerib vereringet ja noorendab nahka. V\u00f5itleb p\u00f5letikuga, toetab naha loomulikku paranemisv\u00f5imet, leevendab p\u00e4ikesep\u00f5letust ja muid \u00e4rritusi.<\/li>\n<li>Allantoiin stimuleerib rakkude uuenemist, omab raku tasandil v\u00e4ga tugevat taastavat toimet.<\/li>\n<li>Pantenool on niisutava toimega B5-vitamiin. Kaitseb nahka p\u00e4ikesep\u00f5letuse eest ning parandab liigse<br \/>\np\u00e4ikesekiirguse p\u00f5hjustatud kahjustused, soodustades loomulikku p\u00e4evitamisprotsessi.<\/li>\n<li>Alfabisabolool on kummeliekstrakt, mis leevendab p\u00f5letikku. Rahustab nahka ning ahendab veresooni.<\/li>\n<li>E-vitamiin toimib antioks\u00fcdandina, vabade radikaalide vastane. Hoiab \u00e4ra UV-kiirguse poolt p\u00f5hjustatud p\u00f5letiku. V\u00e4hendab kortsude tekkimise t\u00f5en\u00e4olsust.<\/li>\n<li>Sheav\u00f5i toimib antioks\u00fcdandina, vabade radikaalide vastane, niisutab, parandab \u00fclemist epidermist.<\/li>\n<\/ul>\n<p><span style=\"font-size: xx-small;\"><span style=\"color: #000000;\"><span style=\"font-family: Roboto, sans-serif;\"><span style=\"font-size: small;\">154.35 \u20ac\/l<\/span><\/span><\/span><\/span><\/p>\n","protected":false},"excerpt":{"rendered":"<p>200 ml<\/p>\n<p>V\u00e4rskendav, rahustav ja parandav p\u00e4evitusj\u00e4rgne geel kehale. Sellel on kohene nahka rahustav toime.<\/p>\n","protected":false},"featured_media":2426,"template":"","meta":{"om_disable_all_campaigns":false,"_monsterinsights_skip_tracking":false,"_monsterinsights_sitenote_active":false,"_monsterinsights_sitenote_note":"","_monsterinsights_sitenote_category":0,"_uf_show_specific_survey":0,"_uf_disable_surveys":false,"site-sidebar-layout":"default","site-content-layout":"","ast-site-content-layout":"default","site-content-style":"default","site-sidebar-style":"default","ast-global-header-display":"","ast-banner-title-visibility":"","ast-main-header-display":"","ast-hfb-above-header-display":"","ast-hfb-below-header-display":"","ast-hfb-mobile-header-display":"","site-post-title":"","ast-breadcrumbs-content":"","ast-featured-img":"","footer-sml-layout":"","theme-transparent-header-meta":"default","adv-header-id-meta":"","stick-header-meta":"","header-above-stick-meta":"","header-main-stick-meta":"","header-below-stick-meta":"","astra-migrate-meta-layouts":"set","ast-page-background-enabled":"default","ast-page-background-meta":{"desktop":{"background-color":"var(--ast-global-color-4)","background-image":"","background-repeat":"repeat","background-position":"center center","background-size":"auto","background-attachment":"scroll","background-type":"","background-media":"","overlay-type":"","overlay-color":"","overlay-opacity":"","overlay-gradient":""},"tablet":{"background-color":"","background-image":"","background-repeat":"repeat","background-position":"center center","background-size":"auto","background-attachment":"scroll","background-type":"","background-media":"","overlay-type":"","overlay-color":"","overlay-opacity":"","overlay-gradient":""},"mobile":{"background-color":"","background-image":"","background-repeat":"repeat","background-position":"center center","background-size":"auto","background-attachment":"scroll","background-type":"","background-media":"","overlay-type":"","overlay-color":"","overlay-opacity":"","overlay-gradient":""}},"ast-content-background-meta":{"desktop":{"background-color":"var(--ast-global-color-5)","background-image":"","background-repeat":"repeat","background-position":"center center","background-size":"auto","background-attachment":"scroll","background-type":"","background-media":"","overlay-type":"","overlay-color":"","overlay-opacity":"","overlay-gradient":""},"tablet":{"background-color":"var(--ast-global-color-5)","background-image":"","background-repeat":"repeat","background-position":"center center","background-size":"auto","background-attachment":"scroll","background-type":"","background-media":"","overlay-type":"","overlay-color":"","overlay-opacity":"","overlay-gradient":""},"mobile":{"background-color":"var(--ast-global-color-5)","background-image":"","background-repeat":"repeat","background-position":"center center","background-size":"auto","background-attachment":"scroll","background-type":"","background-media":"","overlay-type":"","overlay-color":"","overlay-opacity":"","overlay-gradient":""}}},"product_brand":[],"product_cat":[90],"product_tag":[],"class_list":{"0":"post-2239","1":"product","2":"type-product","3":"status-publish","4":"has-post-thumbnail","6":"product_cat-paikesekaitse","7":"desktop-align-center","8":"tablet-align-left","9":"mobile-align-left","11":"first","12":"instock","13":"taxable","14":"shipping-taxable","15":"purchasable","16":"product-type-simple","17":"add-to-wishlist-before_image"},"aioseo_notices":[],"_links":{"self":[{"href":"https:\/\/kosmeetika24.eu\/et\/wp-json\/wp\/v2\/product\/2239","targetHints":{"allow":["GET"]}}],"collection":[{"href":"https:\/\/kosmeetika24.eu\/et\/wp-json\/wp\/v2\/product"}],"about":[{"href":"https:\/\/kosmeetika24.eu\/et\/wp-json\/wp\/v2\/types\/product"}],"version-history":[{"count":3,"href":"https:\/\/kosmeetika24.eu\/et\/wp-json\/wp\/v2\/product\/2239\/revisions"}],"predecessor-version":[{"id":8901,"href":"https:\/\/kosmeetika24.eu\/et\/wp-json\/wp\/v2\/product\/2239\/revisions\/8901"}],"wp:featuredmedia":[{"embeddable":true,"href":"https:\/\/kosmeetika24.eu\/et\/wp-json\/wp\/v2\/media\/2426"}],"wp:attachment":[{"href":"https:\/\/kosmeetika24.eu\/et\/wp-json\/wp\/v2\/media?parent=2239"}],"wp:term":[{"taxonomy":"product_brand","embeddable":true,"href":"https:\/\/kosmeetika24.eu\/et\/wp-json\/wp\/v2\/product_brand?post=2239"},{"taxonomy":"product_cat","embeddable":true,"href":"https:\/\/kosmeetika24.eu\/et\/wp-json\/wp\/v2\/product_cat?post=2239"},{"taxonomy":"product_tag","embeddable":true,"href":"https:\/\/kosmeetika24.eu\/et\/wp-json\/wp\/v2\/product_tag?post=2239"}],"curies":[{"name":"wp","href":"https:\/\/api.w.org\/{rel}","templated":true}]}}