{"id":2236,"date":"2019-11-20T08:02:15","date_gmt":"2019-11-20T08:02:15","guid":{"rendered":"https:\/\/kosmeetika24.eu\/?post_type=product&#038;p=2236"},"modified":"2026-03-02T12:29:21","modified_gmt":"2026-03-02T09:29:21","slug":"bruno-vassari-sun-defense-oil-free-sun-spray-spf-25","status":"publish","type":"product","link":"https:\/\/kosmeetika24.eu\/et\/toode\/bruno-vassari-sun-defense-oil-free-sun-spray-spf-25\/","title":{"rendered":"BRUNO VASSARI Sun Defense \u00f5livaba p\u00e4ikesekaitsepihus SPF25"},"content":{"rendered":"<p>P\u00e4ikesekaitsepihus<em> Oil Free Sun Spray SPF 25<\/em> on kerge, \u00f5livaba, veekindel ja kergesti imenduv. Ei j\u00e4ta nahale rasvast tunnet. UVA ja UVB filtrite optimaalne tasakaal aitab kaitsta nahka p\u00e4ikesekiirguse, p\u00e4ikesep\u00f5letuse ja enneaegse fotovananemise eest.<\/p>\n<p>Kerge tekstuur on ideaalne meestele ja sportlastele ning v\u00e4litingimustes sportimiseks.<\/p>\n<p>Sobib k\u00f5igile nahat\u00fc\u00fcpidele.<\/p>\n<p><strong>PEAMISED TOIMEAINED<\/strong><\/p>\n<ul>\n<li>P\u00e4ikesekaitsefiltrid<\/li>\n<li>E-vitamiin<\/li>\n<li>Sheav\u00f5i<\/li>\n<\/ul>\n<p><strong>TOIME<\/strong><\/p>\n<ul>\n<li>P\u00e4ikesekaitsefiltrid: ideaalne kombinatsioon f\u00fc\u00fcsikalistest ja keemilistest filtritest, mis annavad usaldusv\u00e4\u00e4rse p\u00e4ikesekaitsefaktori. P\u00e4ikesekaitsefiltrite kaitsvat toimet tugevdavad E-vitamiin ja sheav\u00f5i.<\/li>\n<li>E-vitamiin toimib antioks\u00fcdandina, vabade radikaalide vastane. Hoiab \u00e4ra UV-kiirguse poolt p\u00f5hjustatud p\u00f5letiku. V\u00e4hendab kortsude tekkimise t\u00f5en\u00e4olsust.<\/li>\n<li>Sheav\u00f5i toimib antioks\u00fcdandina, vabade radikaalide vastane, niisutab, parandab \u00fclemist epidermist.<\/li>\n<\/ul>\n<p><strong>KASUTAMINE<\/strong><\/p>\n<ul>\n<li>\u00d5livaba p\u00e4ikesekaitsepihus kanda nahale v\u00e4hemalt 30 minutit enne kokkupuudet p\u00e4ikesekiirgusega, m\u00e4\u00e4rides toode\u00a0 \u00fchtlaselt nahale.<\/li>\n<li>Mitte pihustada otse n\u00e4kku.<\/li>\n<li>V\u00e4ltida silma sattumist.<\/li>\n<li>F\u00fc\u00fcsilise tegevuse korral v\u00f5i p\u00e4rast ujumist kanda toode uuesti nahale.<\/li>\n<li>K\u00f5ige turvalisema efekti saavutamiseks kasutada p\u00e4ikesekaitsepihust iga 2 tunni j\u00e4rel!<\/li>\n<\/ul>\n<p><strong>KOOSTIS<\/strong><\/p>\n<p>ALCOHOL DENAT, CYCLOPENTASILOXANE, OCTOCRYLENE, C-12-15 ALKYL BENZOATE, ETHYLHEXYL, SALICYLATE, BUTHYL METHOXYDIBENZOYLMETHANE, DIETHYLHEXYL BUTAMIDO TRIAZONE, ACRYLATES\/OCTYLACRYLAMIDE COPOLYMER, TOCOPHERYL ACETATE, BHT, PARFUM (FRAGRANCE), BENZYLSALICYLATE, HEXYL CINNAMAL, LINALOOL.<\/p>\n<p><span style=\"font-size: xx-small;\"><span style=\"color: #000000;\"><span style=\"font-family: Roboto, sans-serif;\">236.90\u20ac\/l<\/span><\/span><\/span><\/p>\n","protected":false},"excerpt":{"rendered":"<p>200 ml<\/p>\n<p>\u00d5livaba, vett h\u00fclgav ja kergesti imenduv p\u00e4ikesekaitsepihus p\u00e4ikesekaitsefaktoriga 25(SPF)<\/p>\n","protected":false},"featured_media":2428,"template":"","meta":{"om_disable_all_campaigns":false,"_monsterinsights_skip_tracking":false,"_monsterinsights_sitenote_active":false,"_monsterinsights_sitenote_note":"","_monsterinsights_sitenote_category":0,"_uf_show_specific_survey":0,"_uf_disable_surveys":false,"site-sidebar-layout":"default","site-content-layout":"","ast-site-content-layout":"default","site-content-style":"default","site-sidebar-style":"default","ast-global-header-display":"","ast-banner-title-visibility":"","ast-main-header-display":"","ast-hfb-above-header-display":"","ast-hfb-below-header-display":"","ast-hfb-mobile-header-display":"","site-post-title":"","ast-breadcrumbs-content":"","ast-featured-img":"","footer-sml-layout":"","theme-transparent-header-meta":"default","adv-header-id-meta":"","stick-header-meta":"","header-above-stick-meta":"","header-main-stick-meta":"","header-below-stick-meta":"","astra-migrate-meta-layouts":"set","ast-page-background-enabled":"default","ast-page-background-meta":{"desktop":{"background-color":"var(--ast-global-color-4)","background-image":"","background-repeat":"repeat","background-position":"center center","background-size":"auto","background-attachment":"scroll","background-type":"","background-media":"","overlay-type":"","overlay-color":"","overlay-opacity":"","overlay-gradient":""},"tablet":{"background-color":"","background-image":"","background-repeat":"repeat","background-position":"center center","background-size":"auto","background-attachment":"scroll","background-type":"","background-media":"","overlay-type":"","overlay-color":"","overlay-opacity":"","overlay-gradient":""},"mobile":{"background-color":"","background-image":"","background-repeat":"repeat","background-position":"center center","background-size":"auto","background-attachment":"scroll","background-type":"","background-media":"","overlay-type":"","overlay-color":"","overlay-opacity":"","overlay-gradient":""}},"ast-content-background-meta":{"desktop":{"background-color":"var(--ast-global-color-5)","background-image":"","background-repeat":"repeat","background-position":"center center","background-size":"auto","background-attachment":"scroll","background-type":"","background-media":"","overlay-type":"","overlay-color":"","overlay-opacity":"","overlay-gradient":""},"tablet":{"background-color":"var(--ast-global-color-5)","background-image":"","background-repeat":"repeat","background-position":"center center","background-size":"auto","background-attachment":"scroll","background-type":"","background-media":"","overlay-type":"","overlay-color":"","overlay-opacity":"","overlay-gradient":""},"mobile":{"background-color":"var(--ast-global-color-5)","background-image":"","background-repeat":"repeat","background-position":"center center","background-size":"auto","background-attachment":"scroll","background-type":"","background-media":"","overlay-type":"","overlay-color":"","overlay-opacity":"","overlay-gradient":""}}},"product_brand":[],"product_cat":[90],"product_tag":[],"class_list":{"0":"post-2236","1":"product","2":"type-product","3":"status-publish","4":"has-post-thumbnail","6":"product_cat-paikesekaitse","7":"desktop-align-center","8":"tablet-align-left","9":"mobile-align-left","11":"first","12":"instock","13":"taxable","14":"shipping-taxable","15":"purchasable","16":"product-type-simple","17":"add-to-wishlist-before_image"},"aioseo_notices":[],"_links":{"self":[{"href":"https:\/\/kosmeetika24.eu\/et\/wp-json\/wp\/v2\/product\/2236","targetHints":{"allow":["GET"]}}],"collection":[{"href":"https:\/\/kosmeetika24.eu\/et\/wp-json\/wp\/v2\/product"}],"about":[{"href":"https:\/\/kosmeetika24.eu\/et\/wp-json\/wp\/v2\/types\/product"}],"version-history":[{"count":4,"href":"https:\/\/kosmeetika24.eu\/et\/wp-json\/wp\/v2\/product\/2236\/revisions"}],"predecessor-version":[{"id":3072,"href":"https:\/\/kosmeetika24.eu\/et\/wp-json\/wp\/v2\/product\/2236\/revisions\/3072"}],"wp:featuredmedia":[{"embeddable":true,"href":"https:\/\/kosmeetika24.eu\/et\/wp-json\/wp\/v2\/media\/2428"}],"wp:attachment":[{"href":"https:\/\/kosmeetika24.eu\/et\/wp-json\/wp\/v2\/media?parent=2236"}],"wp:term":[{"taxonomy":"product_brand","embeddable":true,"href":"https:\/\/kosmeetika24.eu\/et\/wp-json\/wp\/v2\/product_brand?post=2236"},{"taxonomy":"product_cat","embeddable":true,"href":"https:\/\/kosmeetika24.eu\/et\/wp-json\/wp\/v2\/product_cat?post=2236"},{"taxonomy":"product_tag","embeddable":true,"href":"https:\/\/kosmeetika24.eu\/et\/wp-json\/wp\/v2\/product_tag?post=2236"}],"curies":[{"name":"wp","href":"https:\/\/api.w.org\/{rel}","templated":true}]}}