{"id":2133,"date":"2019-11-19T10:49:57","date_gmt":"2019-11-19T10:49:57","guid":{"rendered":"https:\/\/kosmeetika24.eu\/?post_type=product&#038;p=2133"},"modified":"2025-01-10T16:46:45","modified_gmt":"2025-01-10T13:46:45","slug":"bruno-vassari-body-care-cellulite-control-concentrate","status":"publish","type":"product","link":"https:\/\/kosmeetika24.eu\/et\/toode\/bruno-vassari-body-care-cellulite-control-concentrate\/","title":{"rendered":"BRUNO VASSARI Body Care tselluliidivastane kontsentraat"},"content":{"rendered":"<p>Kontsentraat<em> Cellulite Control Concentrate<\/em> v\u00e4hendab tselluliiti ja parendab kehakontuure. Niisutab ja suurendab kudede elastsust.<\/p>\n<p>Sobib k\u00f5igile nahat\u00fc\u00fcpidele. Ideaalne igat t\u00fc\u00fcpi tselluliidi v\u00e4hendamiseks.<\/p>\n<p><strong>TOIMEAINED<\/strong><\/p>\n<ul>\n<li>Lipout<\/li>\n<li>Aasia vesinaba<\/li>\n<li>Guaraana<\/li>\n<li>Niatsiinamiid<\/li>\n<li>Karnitiin<\/li>\n<li>Pantenool<\/li>\n<li>E-vitamiin<\/li>\n<\/ul>\n<p><strong>TOIME<\/strong><\/p>\n<ul>\n<li>Peamine toimeaine Lipout suurendab rasvap\u00f5letust ning v\u00e4hendab rasvkoe paksust.<\/li>\n<li>Lisaks parendavad Aasia vesinaba ekstrakt ja osiekstrakt vereringet, tugevdades kapillaaride seinu, ning<br \/>\n\u00fchtlustavad nahatooni. Need taastavad samuti nahka ning stimuleerivad kollageeni s\u00fcnteesi t\u00e4nu selle<br \/>\nr\u00e4ni kontsentratsioonile.<\/li>\n<li>Guaraana ja karnitiin toimivad koos Lipoutiga, stimuleerides rasvap\u00f5letust.<\/li>\n<li>Niatsiinamiid leevendab p\u00f5letikku, v\u00e4hendab punetust, ahendab poore ja regeleerib rasu eritust. Aitab v\u00e4hendada pigmenteerumist, stimuleerib kollageeni tootmist. Minimeerib peened kortsud ja jooned. Kaitseb nahka p\u00e4ikesekahjustute ja oks\u00fcdatiivse stressi eest.<\/li>\n<li>E-vitamiini taastab naha tekstuuri, kirgastab nahka.<\/li>\n<\/ul>\n<p><strong>KASUTAMINE<\/strong><\/p>\n<ul>\n<li>Alustada kooriva hooldusega ning seej\u00e4rel puhastage nahk.<\/li>\n<li>Tselluliidivastane kontsentraat kanda nahale, masseerides \u00f5rnalt kuni toote t\u00e4ieliku imendumiseni.<\/li>\n<\/ul>\n<p><strong>KOOSTIS<\/strong><\/p>\n<p><span style=\"font-size: 14px;\">AQUA (WATER), ALCOHOL DENAT., CAPRYLIC\/CAPRIC TRIGLYCERIDES, DICAPRYLYL CARBONATE, GLYCERIN, PROPANEDIOL, PROPYLENE GLYCOL, PLANKTON EXTRACT, CENTENELLA ASIATICA EXTRACT, EQUISETUM ARVENSE (HORSTAIL) EXTRACT, PAULLINIA CUPANA FRUIT EXTRACT, CAFFEINE, CARNITINE, DISODIUM EDTA, NIACINAMIDE, TOCOPHEROL, TOCOPHERYL ACETATE, XANTHAN GUM ACRYLATES\/C10-30 ALKYL ACRYLATE CROSSPOLYMER, PANTHENOL, PARFUM (FRAGRANCE), POLYACRYLAMIDE, MENTHOL, LAURETH-7, C13-14 ISOPARAFFIN, PHENOXYETHANOL, CHLORPHENESIN,\u00a0 HEXYL CINNAMAL, SODIUM HYDROXIDE, GLUCONOLACTONE, CALCIUM GLUCONATE, POTASSIUM SORBATE, SODIUM BENZOATE, LIMONENE, BUTYLPHENYL PROPIONAL, CITRONELLOL, CITRIC ACID.<\/span><\/p>\n","protected":false},"excerpt":{"rendered":"<p style=\"text-align: left;\">Professionaalseks kasutamiseks m\u00f5eldud kontsentraat tselluliidi t\u00f5rjeks ja ennetamiseks.<\/p>\n<p>&nbsp;<\/p>\n<p>10 tuupi x 10ml<\/p>\n","protected":false},"featured_media":2290,"template":"","meta":{"om_disable_all_campaigns":false,"_monsterinsights_skip_tracking":false,"_monsterinsights_sitenote_active":false,"_monsterinsights_sitenote_note":"","_monsterinsights_sitenote_category":0,"_uf_show_specific_survey":0,"_uf_disable_surveys":false,"site-sidebar-layout":"default","site-content-layout":"","ast-site-content-layout":"default","site-content-style":"default","site-sidebar-style":"default","ast-global-header-display":"","ast-banner-title-visibility":"","ast-main-header-display":"","ast-hfb-above-header-display":"","ast-hfb-below-header-display":"","ast-hfb-mobile-header-display":"","site-post-title":"","ast-breadcrumbs-content":"","ast-featured-img":"","footer-sml-layout":"","theme-transparent-header-meta":"default","adv-header-id-meta":"","stick-header-meta":"","header-above-stick-meta":"","header-main-stick-meta":"","header-below-stick-meta":"","astra-migrate-meta-layouts":"set","ast-page-background-enabled":"default","ast-page-background-meta":{"desktop":{"background-color":"var(--ast-global-color-4)","background-image":"","background-repeat":"repeat","background-position":"center center","background-size":"auto","background-attachment":"scroll","background-type":"","background-media":"","overlay-type":"","overlay-color":"","overlay-opacity":"","overlay-gradient":""},"tablet":{"background-color":"","background-image":"","background-repeat":"repeat","background-position":"center center","background-size":"auto","background-attachment":"scroll","background-type":"","background-media":"","overlay-type":"","overlay-color":"","overlay-opacity":"","overlay-gradient":""},"mobile":{"background-color":"","background-image":"","background-repeat":"repeat","background-position":"center center","background-size":"auto","background-attachment":"scroll","background-type":"","background-media":"","overlay-type":"","overlay-color":"","overlay-opacity":"","overlay-gradient":""}},"ast-content-background-meta":{"desktop":{"background-color":"var(--ast-global-color-5)","background-image":"","background-repeat":"repeat","background-position":"center center","background-size":"auto","background-attachment":"scroll","background-type":"","background-media":"","overlay-type":"","overlay-color":"","overlay-opacity":"","overlay-gradient":""},"tablet":{"background-color":"var(--ast-global-color-5)","background-image":"","background-repeat":"repeat","background-position":"center center","background-size":"auto","background-attachment":"scroll","background-type":"","background-media":"","overlay-type":"","overlay-color":"","overlay-opacity":"","overlay-gradient":""},"mobile":{"background-color":"var(--ast-global-color-5)","background-image":"","background-repeat":"repeat","background-position":"center center","background-size":"auto","background-attachment":"scroll","background-type":"","background-media":"","overlay-type":"","overlay-color":"","overlay-opacity":"","overlay-gradient":""}}},"product_brand":[],"product_cat":[127,126,125,108],"product_tag":[],"class_list":{"0":"post-2133","1":"product","2":"type-product","3":"status-publish","4":"has-post-thumbnail","6":"product_cat-kehale-profitooted","7":"product_cat-komplektid-profitooted","8":"product_cat-kontsentraadid-seerumid-profitooted","9":"product_cat-profitooted","10":"desktop-align-center","11":"tablet-align-left","12":"mobile-align-left","14":"first","15":"instock","16":"taxable","17":"shipping-taxable","18":"product-type-simple","19":"add-to-wishlist-before_image"},"aioseo_notices":[],"_links":{"self":[{"href":"https:\/\/kosmeetika24.eu\/et\/wp-json\/wp\/v2\/product\/2133","targetHints":{"allow":["GET"]}}],"collection":[{"href":"https:\/\/kosmeetika24.eu\/et\/wp-json\/wp\/v2\/product"}],"about":[{"href":"https:\/\/kosmeetika24.eu\/et\/wp-json\/wp\/v2\/types\/product"}],"version-history":[{"count":2,"href":"https:\/\/kosmeetika24.eu\/et\/wp-json\/wp\/v2\/product\/2133\/revisions"}],"predecessor-version":[{"id":2992,"href":"https:\/\/kosmeetika24.eu\/et\/wp-json\/wp\/v2\/product\/2133\/revisions\/2992"}],"wp:featuredmedia":[{"embeddable":true,"href":"https:\/\/kosmeetika24.eu\/et\/wp-json\/wp\/v2\/media\/2290"}],"wp:attachment":[{"href":"https:\/\/kosmeetika24.eu\/et\/wp-json\/wp\/v2\/media?parent=2133"}],"wp:term":[{"taxonomy":"product_brand","embeddable":true,"href":"https:\/\/kosmeetika24.eu\/et\/wp-json\/wp\/v2\/product_brand?post=2133"},{"taxonomy":"product_cat","embeddable":true,"href":"https:\/\/kosmeetika24.eu\/et\/wp-json\/wp\/v2\/product_cat?post=2133"},{"taxonomy":"product_tag","embeddable":true,"href":"https:\/\/kosmeetika24.eu\/et\/wp-json\/wp\/v2\/product_tag?post=2133"}],"curies":[{"name":"wp","href":"https:\/\/api.w.org\/{rel}","templated":true}]}}