{"id":2121,"date":"2019-11-19T09:38:04","date_gmt":"2019-11-19T09:38:04","guid":{"rendered":"https:\/\/kosmeetika24.eu\/?post_type=product&#038;p=2121"},"modified":"2025-01-10T16:47:35","modified_gmt":"2025-01-10T13:47:35","slug":"bruno-vassari-body-care-sculpt-plaster","status":"publish","type":"product","link":"https:\/\/kosmeetika24.eu\/et\/toode\/bruno-vassari-body-care-sculpt-plaster\/","title":{"rendered":"BRUNO VASSARI Body Care salendav kehamask"},"content":{"rendered":"<p>Mask<em> Sculpt Plaster<\/em> on kosmeetiline kipsisegu, millel on salendav toime.<\/p>\n<p>Tehnika p\u00f5hineb maskiaine tihendamisel monoliitsesse olekusse, m\u00f5ju naha retseptorite venitamisele koos sellele j\u00e4rgneva v\u00e4hendamise ja pinguldamisega. L\u00fchiajaline temperatuurit\u00f5us aitab suurendada rasvkoes lokaalset ainevahetust.<\/p>\n<p>Termoaktiivne\u00a0 mask on t\u00f5hus ohutu kosmeetiline protseduur kehakaalu v\u00e4hendamiseks, naha toonuse parandamiseks ja vananemisvastase efekti saavutamiseks. Lipol\u00fc\u00fcsi peamine m\u00f5ju on lipol\u00fc\u00fctiliste ainete aktiivne tungimine l\u00e4bi naha rasvkoesse, seda t\u00e4nud veekadu takistava toime ja tselluliidi piirkonnas mikrotsirkulatsiooni paranemise t\u00f5ttu.<\/p>\n<p>Maski salendava efekti tulemus on n\u00e4htav kohe p\u00e4rast esimest protseduuri.<\/p>\n<p>Sobib k\u00f5igile nahat\u00fc\u00fcpidele. Spetsiaalselt m\u00f5eldud inimestele, kes soovivad salendada keha, v\u00e4hendada tselluliiti ja pinguldada kudesid.<\/p>\n<p><strong>TOIMEAINED<\/strong><\/p>\n<ul>\n<li>Kosmeetiline kipsisegu<\/li>\n<\/ul>\n<p><strong>TOIME<\/strong><\/p>\n<ul>\n<li>Kosmeetiline kipsisegu takistab veekadu ja optimeerib toitainete imendumist. Samas stimuleerib selle soojendav toime vereringet ning v\u00e4hendab rasvam\u00fcgarate esinemist. Nimetatud toimed toimivad koos kipsisegu pinguldava toimega.<\/li>\n<\/ul>\n<p><strong>KASUTAMINE<\/strong><\/p>\n<ol>\n<li>Enne maski kasutamist koorida\u00a0 nahk tootega <a href=\"https:\/\/kosmeetika24.eu\/toode\/bruno-vassari-body-care-double-body-peel-2\/\">BRUNO VASSARI Body Care kehakoorija<\/a>.<\/li>\n<li>Seej\u00e4rel kanda nahale sobiv kontsentraat ning masseerida tootega <a href=\"https:\/\/kosmeetika24.eu\/toode\/bruno-vassari-body-care-thermo-active-cream-2\/\">BRUNO VASSARI Body Care termoaktiivne kreem 1000 ml<\/a>.<\/li>\n<li>Naha kaitsmiseks kipsisegu eest, kanda nahale toote <a href=\"https:\/\/kosmeetika24.eu\/toode\/bruno-vassari-body-care-thermo-active-cream-2\/\">BRUNO VASSARI Body Care termoaktiivne kreem 1000 ml<\/a> paks kiht ning seej\u00e4rel marli.<\/li>\n<li>Kui piirkond on ette valmistatud, v\u00f5ite maski valmistada. Selleks segada \u00fcks kotike 210\u2013220 ml toatemperatuuri veega.<\/li>\n<li>Mask kanda soovitud piirkonnale ning lasta v\u00e4hemalt 40 minutit m\u00f5juda.<\/li>\n<li>Seej\u00e4rel l\u00f5igata kips ettevaatlikult spetsiaalsete k\u00e4\u00e4ridega katki ning eemaldada see t\u00e4ielikult. L\u00f5petuseks kanda\u00a0 nahale k\u00f5ige sobivam kreem.<\/li>\n<\/ol>\n<p><strong>KOOSTIS<\/strong><\/p>\n<p><span style=\"font-size: 14px;\">CALCIUM SULFATE, DIATOMACEOUS EARTH, MAGNESIUM SULFATE, CI 77492 (IRON OXIDES), CALCIUM POLYOXYMETHYLENE PYRROLIDONE.<\/span><\/p>\n","protected":false},"excerpt":{"rendered":"<p>Professionaalseks kasutamiseks m\u00f5eldud kosmeetiline kipsisegu, millel on salendav toime.<\/p>\n<p>Parandab naha toitumist ja tooni.<\/p>\n<p>Tulemus on n\u00e4htav kohe p\u00e4rast esimest protseduuri.<\/p>\n<p>Komplekis on 4 x 440 g.<\/p>\n","protected":false},"featured_media":2291,"template":"","meta":{"om_disable_all_campaigns":false,"_monsterinsights_skip_tracking":false,"_monsterinsights_sitenote_active":false,"_monsterinsights_sitenote_note":"","_monsterinsights_sitenote_category":0,"_uf_show_specific_survey":0,"_uf_disable_surveys":false,"site-sidebar-layout":"default","site-content-layout":"","ast-site-content-layout":"default","site-content-style":"default","site-sidebar-style":"default","ast-global-header-display":"","ast-banner-title-visibility":"","ast-main-header-display":"","ast-hfb-above-header-display":"","ast-hfb-below-header-display":"","ast-hfb-mobile-header-display":"","site-post-title":"","ast-breadcrumbs-content":"","ast-featured-img":"","footer-sml-layout":"","theme-transparent-header-meta":"default","adv-header-id-meta":"","stick-header-meta":"","header-above-stick-meta":"","header-main-stick-meta":"","header-below-stick-meta":"","astra-migrate-meta-layouts":"set","ast-page-background-enabled":"default","ast-page-background-meta":{"desktop":{"background-color":"var(--ast-global-color-4)","background-image":"","background-repeat":"repeat","background-position":"center center","background-size":"auto","background-attachment":"scroll","background-type":"","background-media":"","overlay-type":"","overlay-color":"","overlay-opacity":"","overlay-gradient":""},"tablet":{"background-color":"","background-image":"","background-repeat":"repeat","background-position":"center center","background-size":"auto","background-attachment":"scroll","background-type":"","background-media":"","overlay-type":"","overlay-color":"","overlay-opacity":"","overlay-gradient":""},"mobile":{"background-color":"","background-image":"","background-repeat":"repeat","background-position":"center center","background-size":"auto","background-attachment":"scroll","background-type":"","background-media":"","overlay-type":"","overlay-color":"","overlay-opacity":"","overlay-gradient":""}},"ast-content-background-meta":{"desktop":{"background-color":"var(--ast-global-color-5)","background-image":"","background-repeat":"repeat","background-position":"center center","background-size":"auto","background-attachment":"scroll","background-type":"","background-media":"","overlay-type":"","overlay-color":"","overlay-opacity":"","overlay-gradient":""},"tablet":{"background-color":"var(--ast-global-color-5)","background-image":"","background-repeat":"repeat","background-position":"center center","background-size":"auto","background-attachment":"scroll","background-type":"","background-media":"","overlay-type":"","overlay-color":"","overlay-opacity":"","overlay-gradient":""},"mobile":{"background-color":"var(--ast-global-color-5)","background-image":"","background-repeat":"repeat","background-position":"center center","background-size":"auto","background-attachment":"scroll","background-type":"","background-media":"","overlay-type":"","overlay-color":"","overlay-opacity":"","overlay-gradient":""}}},"product_brand":[],"product_cat":[127,116,108],"product_tag":[],"class_list":{"0":"post-2121","1":"product","2":"type-product","3":"status-publish","4":"has-post-thumbnail","6":"product_cat-kehale-profitooted","7":"product_cat-maskid-profitooted","8":"product_cat-profitooted","9":"desktop-align-center","10":"tablet-align-left","11":"mobile-align-left","13":"first","14":"instock","15":"taxable","16":"shipping-taxable","17":"product-type-simple","18":"add-to-wishlist-before_image"},"aioseo_notices":[],"_links":{"self":[{"href":"https:\/\/kosmeetika24.eu\/et\/wp-json\/wp\/v2\/product\/2121","targetHints":{"allow":["GET"]}}],"collection":[{"href":"https:\/\/kosmeetika24.eu\/et\/wp-json\/wp\/v2\/product"}],"about":[{"href":"https:\/\/kosmeetika24.eu\/et\/wp-json\/wp\/v2\/types\/product"}],"version-history":[{"count":2,"href":"https:\/\/kosmeetika24.eu\/et\/wp-json\/wp\/v2\/product\/2121\/revisions"}],"predecessor-version":[{"id":7464,"href":"https:\/\/kosmeetika24.eu\/et\/wp-json\/wp\/v2\/product\/2121\/revisions\/7464"}],"wp:featuredmedia":[{"embeddable":true,"href":"https:\/\/kosmeetika24.eu\/et\/wp-json\/wp\/v2\/media\/2291"}],"wp:attachment":[{"href":"https:\/\/kosmeetika24.eu\/et\/wp-json\/wp\/v2\/media?parent=2121"}],"wp:term":[{"taxonomy":"product_brand","embeddable":true,"href":"https:\/\/kosmeetika24.eu\/et\/wp-json\/wp\/v2\/product_brand?post=2121"},{"taxonomy":"product_cat","embeddable":true,"href":"https:\/\/kosmeetika24.eu\/et\/wp-json\/wp\/v2\/product_cat?post=2121"},{"taxonomy":"product_tag","embeddable":true,"href":"https:\/\/kosmeetika24.eu\/et\/wp-json\/wp\/v2\/product_tag?post=2121"}],"curies":[{"name":"wp","href":"https:\/\/api.w.org\/{rel}","templated":true}]}}