{"id":2120,"date":"2019-11-19T09:27:03","date_gmt":"2019-11-19T09:27:03","guid":{"rendered":"https:\/\/kosmeetika24.eu\/?post_type=product&#038;p=2120"},"modified":"2025-09-16T15:01:32","modified_gmt":"2025-09-16T12:01:32","slug":"bruno-vassari-body-care-cellulite-body-mask","status":"publish","type":"product","link":"https:\/\/kosmeetika24.eu\/et\/toode\/bruno-vassari-body-care-cellulite-body-mask\/","title":{"rendered":"BRUNO VASSARI Body Care tselluliidivastane kehamask"},"content":{"rendered":"<p>Professionaalseks kasutamiseks m\u00f5eldud tselluliidivastane mask<em> Cellulite Body Mask<\/em> taastab naha tooni ja keha silueti, parandab mikrotsirkulatsiooni ning aktiveerib l\u00fcmfiringet.<\/p>\n<p>Sobib k\u00f5igile nahat\u00fc\u00fcpidele salendavateks ja tselluliidivastasteks hooldusteks.<\/p>\n<p>Eriti oluline rehabilitatsiooniprogrammides p\u00e4rast kehakaalu langetamist.<\/p>\n<p>Toodet on lihtne peale kanda ja seda ei pea p\u00e4rast du\u0161i all eemaldama.<\/p>\n<p><strong>TOIMEAINED<\/strong><\/p>\n<ul>\n<li>Kofeiin rohelisest teest<\/li>\n<li>Merevetikaekstrakt<\/li>\n<li>Kaoliin<\/li>\n<\/ul>\n<p><strong>TOIME<\/strong><\/p>\n<ul>\n<li>Rohelisest teest saadud kofeiin annab salenadava toime. Koos merevetikatest saadud joodiga suurendab see rasvade eemaldamist.<\/li>\n<li>Merevetikaekstrakt toetab lokaalset vereringet ning j\u00e4\u00e4kide eemaldamist.<\/li>\n<li>Kaoliini iseloomustab higi- ja rasuerituse absorbeerimisv\u00f5ime.<\/li>\n<\/ul>\n<p><strong>KOOSTIS<\/strong><\/p>\n<p>SODIUM DIATOMEAE (DIAOMACEOUS EARTH), KAOLIN, ALGIN, CALCIUM SULFATE, TETRASODIUMPYROPHOSPHATE, LAMINARIA DIGITATA POWDRE, EQUISETUM ARVENSE LEAF POWDER, CAMELLIA SINENSIS LEAF POWDER, MAGNESOIM OXIDE, ALUMINIUM HYDROXIDE, CI. 42090 (BLUE 1 LAKE), CI. 19140 (YELLOW 5 LAKE) , ROSMARINUS OFFICINALIS (ROSEMARY) LEAF OIL.<\/p>\n","protected":false},"excerpt":{"rendered":"<p>Professionaalseks kasutamiseks m\u00f5eldud kehamask taastab naha tooni, parandab siluetti ja v\u00e4hendab tselluliiti.<\/p>\n<p>&nbsp;<\/p>\n<p>2 kg<\/p>\n","protected":false},"featured_media":2294,"template":"","meta":{"om_disable_all_campaigns":false,"_monsterinsights_skip_tracking":false,"_monsterinsights_sitenote_active":false,"_monsterinsights_sitenote_note":"","_monsterinsights_sitenote_category":0,"_uf_show_specific_survey":0,"_uf_disable_surveys":false,"site-sidebar-layout":"default","site-content-layout":"","ast-site-content-layout":"default","site-content-style":"default","site-sidebar-style":"default","ast-global-header-display":"","ast-banner-title-visibility":"","ast-main-header-display":"","ast-hfb-above-header-display":"","ast-hfb-below-header-display":"","ast-hfb-mobile-header-display":"","site-post-title":"","ast-breadcrumbs-content":"","ast-featured-img":"","footer-sml-layout":"","theme-transparent-header-meta":"default","adv-header-id-meta":"","stick-header-meta":"","header-above-stick-meta":"","header-main-stick-meta":"","header-below-stick-meta":"","astra-migrate-meta-layouts":"set","ast-page-background-enabled":"default","ast-page-background-meta":{"desktop":{"background-color":"var(--ast-global-color-4)","background-image":"","background-repeat":"repeat","background-position":"center center","background-size":"auto","background-attachment":"scroll","background-type":"","background-media":"","overlay-type":"","overlay-color":"","overlay-opacity":"","overlay-gradient":""},"tablet":{"background-color":"","background-image":"","background-repeat":"repeat","background-position":"center center","background-size":"auto","background-attachment":"scroll","background-type":"","background-media":"","overlay-type":"","overlay-color":"","overlay-opacity":"","overlay-gradient":""},"mobile":{"background-color":"","background-image":"","background-repeat":"repeat","background-position":"center center","background-size":"auto","background-attachment":"scroll","background-type":"","background-media":"","overlay-type":"","overlay-color":"","overlay-opacity":"","overlay-gradient":""}},"ast-content-background-meta":{"desktop":{"background-color":"var(--ast-global-color-5)","background-image":"","background-repeat":"repeat","background-position":"center center","background-size":"auto","background-attachment":"scroll","background-type":"","background-media":"","overlay-type":"","overlay-color":"","overlay-opacity":"","overlay-gradient":""},"tablet":{"background-color":"var(--ast-global-color-5)","background-image":"","background-repeat":"repeat","background-position":"center center","background-size":"auto","background-attachment":"scroll","background-type":"","background-media":"","overlay-type":"","overlay-color":"","overlay-opacity":"","overlay-gradient":""},"mobile":{"background-color":"var(--ast-global-color-5)","background-image":"","background-repeat":"repeat","background-position":"center center","background-size":"auto","background-attachment":"scroll","background-type":"","background-media":"","overlay-type":"","overlay-color":"","overlay-opacity":"","overlay-gradient":""}}},"product_brand":[],"product_cat":[127,116,108],"product_tag":[],"class_list":{"0":"post-2120","1":"product","2":"type-product","3":"status-publish","4":"has-post-thumbnail","6":"product_cat-kehale-profitooted","7":"product_cat-maskid-profitooted","8":"product_cat-profitooted","9":"desktop-align-center","10":"tablet-align-left","11":"mobile-align-left","13":"first","14":"instock","15":"taxable","16":"shipping-taxable","17":"product-type-simple","18":"add-to-wishlist-before_image"},"aioseo_notices":[],"_links":{"self":[{"href":"https:\/\/kosmeetika24.eu\/et\/wp-json\/wp\/v2\/product\/2120","targetHints":{"allow":["GET"]}}],"collection":[{"href":"https:\/\/kosmeetika24.eu\/et\/wp-json\/wp\/v2\/product"}],"about":[{"href":"https:\/\/kosmeetika24.eu\/et\/wp-json\/wp\/v2\/types\/product"}],"version-history":[{"count":4,"href":"https:\/\/kosmeetika24.eu\/et\/wp-json\/wp\/v2\/product\/2120\/revisions"}],"predecessor-version":[{"id":3849,"href":"https:\/\/kosmeetika24.eu\/et\/wp-json\/wp\/v2\/product\/2120\/revisions\/3849"}],"wp:featuredmedia":[{"embeddable":true,"href":"https:\/\/kosmeetika24.eu\/et\/wp-json\/wp\/v2\/media\/2294"}],"wp:attachment":[{"href":"https:\/\/kosmeetika24.eu\/et\/wp-json\/wp\/v2\/media?parent=2120"}],"wp:term":[{"taxonomy":"product_brand","embeddable":true,"href":"https:\/\/kosmeetika24.eu\/et\/wp-json\/wp\/v2\/product_brand?post=2120"},{"taxonomy":"product_cat","embeddable":true,"href":"https:\/\/kosmeetika24.eu\/et\/wp-json\/wp\/v2\/product_cat?post=2120"},{"taxonomy":"product_tag","embeddable":true,"href":"https:\/\/kosmeetika24.eu\/et\/wp-json\/wp\/v2\/product_tag?post=2120"}],"curies":[{"name":"wp","href":"https:\/\/api.w.org\/{rel}","templated":true}]}}