{"id":2117,"date":"2019-11-19T09:05:44","date_gmt":"2019-11-19T09:05:44","guid":{"rendered":"https:\/\/kosmeetika24.eu\/?post_type=product&#038;p=2117"},"modified":"2025-01-10T16:48:47","modified_gmt":"2025-01-10T13:48:47","slug":"bruno-vassari-body-care-exudation-cream-cream","status":"publish","type":"product","link":"https:\/\/kosmeetika24.eu\/et\/toode\/bruno-vassari-body-care-exudation-cream-cream\/","title":{"rendered":"BRUNO VASSARI Body Care toksiine eemaldav kreem"},"content":{"rendered":"<p><span class=\"notranslate\">Professionaalseks kasutamiseks m\u00f5eldud kreem<\/span> <em>Exudation Cream +<\/em> p\u00f5hineb eeterlikel \u00f5lidel ja vedelal parafiinil. Kreem aitab eemaldada toksiine, toidab ja niisutab nahka. T<span class=\"notranslate\">oode p\u00f5hjustab higistamist, mille t\u00f5ttu toksiinid ja liigne vedelik eemaldatakse kehast. Ideaalne kehamahu v\u00e4hendamiseks probleemsetes piirkondades.\u00a0<\/span><\/p>\n<p>Sobib k\u00f5igile nahat\u00fc\u00fcpidele salendavateks ja niisutavateks hooldusteks.<\/p>\n<p><strong>PEAMISED TOIMEAINED<\/strong><\/p>\n<ul>\n<li>K\u00fclmad parafiinid<\/li>\n<li>T\u00fc\u00fcmiani eeterlik \u00f5li<\/li>\n<li>M\u00fcndi eeterlik \u00f5li<\/li>\n<li>Lavendli eeterlik \u00f5li<\/li>\n<li>Eukal\u00fcpti eeterlik \u00f5li<\/li>\n<li>Sidruni eeterlik \u00f5li<\/li>\n<\/ul>\n<p><strong>TOIME<\/strong><\/p>\n<ul>\n<li>K\u00fclmad parafiinid: toitev, niisutav ja toksiine eemaldav toime.<\/li>\n<li>T\u00fc\u00fcmiani eeterlik \u00f5li toniseerib ja stimuleerib.<\/li>\n<li>M\u00fcndi eeterlik \u00f5li v\u00e4rskendab.<\/li>\n<li>Lavendli eeterlik \u00f5li on antiseptiline, parandav, stimuleeriv ja pinguldav.<\/li>\n<li>Eukal\u00fcpti eeterlik \u00f5li on antiseptiline, p\u00f5letikuvastane ja kongestiooni v\u00e4hendav.<\/li>\n<li>Sidruni eeterlik \u00f5li on antiseptiline, v\u00e4rskendav, toniseeriv, puhastav ja pinguldav.<\/li>\n<\/ul>\n<p><strong>KASUTAMINE<\/strong><\/p>\n<ul>\n<li>Toksiine eemaldav kreem kanda \u00fchtlaselt soovitud piirkonnale.<\/li>\n<li>\u00a0Keha m\u00e4hkida kilesse ja katta seej\u00e4rel termotekiga ning lasta 15\u201320 minutit m\u00f5juda.<\/li>\n<li>J\u00e4rgmisena eemaldada termotekk, puhastada piirkond ja j\u00e4tkata\u00a0hooldusega.<\/li>\n<\/ul>\n<p><strong>KOOSTIS<\/strong><\/p>\n<p><span style=\"font-size: 14px;\">PARAFFINUM LIQUIDUM (MINERAL OIL), CERA MICROCRISTALLINA (MICROCRYSTALLINE WAX), PETROLATUM, SILICA, EUCALYPTUS GLOBULUS LEAF OIL, MENTHA ARVENSIS LEAF OIL, THYMUS VULGARIS LEAF OIL, LAVANDULA LATIFOLIA HERB OIL, LITSEA CUBEA FRUIT OIL, CITRUS LIMON PEEL OIL, PARFUM (FRAGRANCE), TURPENTINE, LINALOOL, LIMONENE, GERANIOL, CITRAL, CITRONELLOL, C.I. 77491 (IRON OXIDE).\u00a0<\/span><\/p>\n","protected":false},"excerpt":{"rendered":"<p>Professionaalseks kasutamiseks m\u00f5eldud salendav ja toksiine eemaldav kreem.<\/p>\n<p>&nbsp;<\/p>\n<p>1000 ml<\/p>\n","protected":false},"featured_media":2297,"template":"","meta":{"om_disable_all_campaigns":false,"_monsterinsights_skip_tracking":false,"_monsterinsights_sitenote_active":false,"_monsterinsights_sitenote_note":"","_monsterinsights_sitenote_category":0,"_uf_show_specific_survey":0,"_uf_disable_surveys":false,"site-sidebar-layout":"default","site-content-layout":"","ast-site-content-layout":"default","site-content-style":"default","site-sidebar-style":"default","ast-global-header-display":"","ast-banner-title-visibility":"","ast-main-header-display":"","ast-hfb-above-header-display":"","ast-hfb-below-header-display":"","ast-hfb-mobile-header-display":"","site-post-title":"","ast-breadcrumbs-content":"","ast-featured-img":"","footer-sml-layout":"","theme-transparent-header-meta":"default","adv-header-id-meta":"","stick-header-meta":"","header-above-stick-meta":"","header-main-stick-meta":"","header-below-stick-meta":"","astra-migrate-meta-layouts":"set","ast-page-background-enabled":"default","ast-page-background-meta":{"desktop":{"background-color":"var(--ast-global-color-4)","background-image":"","background-repeat":"repeat","background-position":"center center","background-size":"auto","background-attachment":"scroll","background-type":"","background-media":"","overlay-type":"","overlay-color":"","overlay-opacity":"","overlay-gradient":""},"tablet":{"background-color":"","background-image":"","background-repeat":"repeat","background-position":"center center","background-size":"auto","background-attachment":"scroll","background-type":"","background-media":"","overlay-type":"","overlay-color":"","overlay-opacity":"","overlay-gradient":""},"mobile":{"background-color":"","background-image":"","background-repeat":"repeat","background-position":"center center","background-size":"auto","background-attachment":"scroll","background-type":"","background-media":"","overlay-type":"","overlay-color":"","overlay-opacity":"","overlay-gradient":""}},"ast-content-background-meta":{"desktop":{"background-color":"var(--ast-global-color-5)","background-image":"","background-repeat":"repeat","background-position":"center center","background-size":"auto","background-attachment":"scroll","background-type":"","background-media":"","overlay-type":"","overlay-color":"","overlay-opacity":"","overlay-gradient":""},"tablet":{"background-color":"var(--ast-global-color-5)","background-image":"","background-repeat":"repeat","background-position":"center center","background-size":"auto","background-attachment":"scroll","background-type":"","background-media":"","overlay-type":"","overlay-color":"","overlay-opacity":"","overlay-gradient":""},"mobile":{"background-color":"var(--ast-global-color-5)","background-image":"","background-repeat":"repeat","background-position":"center center","background-size":"auto","background-attachment":"scroll","background-type":"","background-media":"","overlay-type":"","overlay-color":"","overlay-opacity":"","overlay-gradient":""}}},"product_brand":[],"product_cat":[127,115,108],"product_tag":[],"class_list":{"0":"post-2117","1":"product","2":"type-product","3":"status-publish","4":"has-post-thumbnail","6":"product_cat-kehale-profitooted","7":"product_cat-kreemid-profitooted","8":"product_cat-profitooted","9":"desktop-align-center","10":"tablet-align-left","11":"mobile-align-left","13":"first","14":"instock","15":"taxable","16":"shipping-taxable","17":"product-type-simple","18":"add-to-wishlist-before_image"},"aioseo_notices":[],"_links":{"self":[{"href":"https:\/\/kosmeetika24.eu\/et\/wp-json\/wp\/v2\/product\/2117","targetHints":{"allow":["GET"]}}],"collection":[{"href":"https:\/\/kosmeetika24.eu\/et\/wp-json\/wp\/v2\/product"}],"about":[{"href":"https:\/\/kosmeetika24.eu\/et\/wp-json\/wp\/v2\/types\/product"}],"version-history":[{"count":2,"href":"https:\/\/kosmeetika24.eu\/et\/wp-json\/wp\/v2\/product\/2117\/revisions"}],"predecessor-version":[{"id":2298,"href":"https:\/\/kosmeetika24.eu\/et\/wp-json\/wp\/v2\/product\/2117\/revisions\/2298"}],"wp:featuredmedia":[{"embeddable":true,"href":"https:\/\/kosmeetika24.eu\/et\/wp-json\/wp\/v2\/media\/2297"}],"wp:attachment":[{"href":"https:\/\/kosmeetika24.eu\/et\/wp-json\/wp\/v2\/media?parent=2117"}],"wp:term":[{"taxonomy":"product_brand","embeddable":true,"href":"https:\/\/kosmeetika24.eu\/et\/wp-json\/wp\/v2\/product_brand?post=2117"},{"taxonomy":"product_cat","embeddable":true,"href":"https:\/\/kosmeetika24.eu\/et\/wp-json\/wp\/v2\/product_cat?post=2117"},{"taxonomy":"product_tag","embeddable":true,"href":"https:\/\/kosmeetika24.eu\/et\/wp-json\/wp\/v2\/product_tag?post=2117"}],"curies":[{"name":"wp","href":"https:\/\/api.w.org\/{rel}","templated":true}]}}