{"id":2115,"date":"2019-11-19T08:51:20","date_gmt":"2019-11-19T08:51:20","guid":{"rendered":"https:\/\/kosmeetika24.eu\/?post_type=product&#038;p=2115"},"modified":"2025-01-10T16:48:58","modified_gmt":"2025-01-10T13:48:58","slug":"bruno-vassari-body-care-thermo-active-cream-2","status":"publish","type":"product","link":"https:\/\/kosmeetika24.eu\/et\/toode\/bruno-vassari-body-care-thermo-active-cream-2\/","title":{"rendered":"BRUNO VASSARI Body Care termoaktiivne kreem 1000 ml"},"content":{"rendered":"<p>Termoaktiivne kreem <em>Thermo-Active Cream<\/em> on segu eeterlikest \u00f5lidest ja termoaktiivsest kompleksist, mis t\u00f5stab naha lokaalset temperatuuri. Paraneb vereringet, omab tselluliidivastast toimet, tasandab &#8220;apelsinikoore&#8221; nahka, eemaldab turseid ja parandab naha struktuuri.<\/p>\n<p>Toote soojendava toime t\u00f5ttu on see sobiv lihasvalu leevendamiseks.<\/p>\n<p>Sobib k\u00f5igile nahat\u00fc\u00fcpidele.<\/p>\n<p><strong>PEAMISED TOIMEAINED<\/strong><\/p>\n<ul>\n<li>Termoaktiivne kompleks<\/li>\n<li>Rosmariini eeterlik \u00f5li<\/li>\n<li>Lavendli eeterlik \u00f5li<\/li>\n<li>Sidruni eeterlik \u00f5li<\/li>\n<\/ul>\n<p><strong>TOIME<\/strong><\/p>\n<p>Eeterlike \u00f5lide segu stimuleerib ja toniseerib marrasknahka. Kreem sisaldab samuti termoaktiivset kompleksi, et t\u00f5sta lokaalset temperatuuri, parendades seel\u00e4bi mikrovereringet ning valmistades piirkonda ette j\u00e4rgnevalt nahale kantavate toimeainete optimaalseks imendumiseks.<\/p>\n<p><strong>KASUTAMINE<\/strong><\/p>\n<ul>\n<li>Termoaktiivne kreem kanda nahale kergete masseerivate liigutustega.<\/li>\n<li>Peab arvestama, et toote kandmisel nahale esineb soojatunne ning nahk punetab (isegi massaa\u017ei tegeva isiku peopesad).<\/li>\n<\/ul>\n<p><strong>KOOSTIS<\/strong><\/p>\n<p><span style=\"font-size: 14px;\">AQUA (WATER), PARAFFINUM LIQUIDUM (MINERAL OIL), PETROLATUM, ISOPROPYL MYRISTATE, SORBITOL, SORBITAN SESQUIOLEATE, POLYETHYLENE, ROSMARINUS OFFICINALIS (ROSEMARY) LEAF OIL, LAVANDULA HYBRIADA OIL, LANOLIN ALCOHOL, MAGNESIUM SULFATE, METHYLPARABEN, METHYL NICOTINATE, PROPYLPARABEN, PARFUM (FRAGRANCE), LINALOOL, LIMONENE, 2-BROMO-2-NITROPROPANE-1,3-DIOL, PROPYLENE GLYCOL, BHT, GLYCERYL STEARATE, ASCORBYL PALMITATE, GERANIOL, CITRIC ACID, HEXYL CINNAMAL, CITRAL.\u00a0<\/span><\/p>\n","protected":false},"excerpt":{"rendered":"<p>Professionaalseks kasutamiseks m\u00f5eldud termoaktiivne kreem, mis soojendab nahka, parandab vereringet ja omab aktiivset tselluliidivastast toimet.<\/p>\n<p>&nbsp;<\/p>\n<p>1000 ml<\/p>\n","protected":false},"featured_media":2301,"template":"","meta":{"om_disable_all_campaigns":false,"_monsterinsights_skip_tracking":false,"_monsterinsights_sitenote_active":false,"_monsterinsights_sitenote_note":"","_monsterinsights_sitenote_category":0,"_uf_show_specific_survey":0,"_uf_disable_surveys":false,"site-sidebar-layout":"default","site-content-layout":"","ast-site-content-layout":"default","site-content-style":"default","site-sidebar-style":"default","ast-global-header-display":"","ast-banner-title-visibility":"","ast-main-header-display":"","ast-hfb-above-header-display":"","ast-hfb-below-header-display":"","ast-hfb-mobile-header-display":"","site-post-title":"","ast-breadcrumbs-content":"","ast-featured-img":"","footer-sml-layout":"","theme-transparent-header-meta":"default","adv-header-id-meta":"","stick-header-meta":"","header-above-stick-meta":"","header-main-stick-meta":"","header-below-stick-meta":"","astra-migrate-meta-layouts":"set","ast-page-background-enabled":"default","ast-page-background-meta":{"desktop":{"background-color":"var(--ast-global-color-4)","background-image":"","background-repeat":"repeat","background-position":"center center","background-size":"auto","background-attachment":"scroll","background-type":"","background-media":"","overlay-type":"","overlay-color":"","overlay-opacity":"","overlay-gradient":""},"tablet":{"background-color":"","background-image":"","background-repeat":"repeat","background-position":"center center","background-size":"auto","background-attachment":"scroll","background-type":"","background-media":"","overlay-type":"","overlay-color":"","overlay-opacity":"","overlay-gradient":""},"mobile":{"background-color":"","background-image":"","background-repeat":"repeat","background-position":"center center","background-size":"auto","background-attachment":"scroll","background-type":"","background-media":"","overlay-type":"","overlay-color":"","overlay-opacity":"","overlay-gradient":""}},"ast-content-background-meta":{"desktop":{"background-color":"var(--ast-global-color-5)","background-image":"","background-repeat":"repeat","background-position":"center center","background-size":"auto","background-attachment":"scroll","background-type":"","background-media":"","overlay-type":"","overlay-color":"","overlay-opacity":"","overlay-gradient":""},"tablet":{"background-color":"var(--ast-global-color-5)","background-image":"","background-repeat":"repeat","background-position":"center center","background-size":"auto","background-attachment":"scroll","background-type":"","background-media":"","overlay-type":"","overlay-color":"","overlay-opacity":"","overlay-gradient":""},"mobile":{"background-color":"var(--ast-global-color-5)","background-image":"","background-repeat":"repeat","background-position":"center center","background-size":"auto","background-attachment":"scroll","background-type":"","background-media":"","overlay-type":"","overlay-color":"","overlay-opacity":"","overlay-gradient":""}}},"product_brand":[],"product_cat":[127,115,108],"product_tag":[],"class_list":{"0":"post-2115","1":"product","2":"type-product","3":"status-publish","4":"has-post-thumbnail","6":"product_cat-kehale-profitooted","7":"product_cat-kreemid-profitooted","8":"product_cat-profitooted","9":"desktop-align-center","10":"tablet-align-left","11":"mobile-align-left","13":"first","14":"instock","15":"taxable","16":"shipping-taxable","17":"product-type-simple","18":"add-to-wishlist-before_image"},"aioseo_notices":[],"_links":{"self":[{"href":"https:\/\/kosmeetika24.eu\/et\/wp-json\/wp\/v2\/product\/2115","targetHints":{"allow":["GET"]}}],"collection":[{"href":"https:\/\/kosmeetika24.eu\/et\/wp-json\/wp\/v2\/product"}],"about":[{"href":"https:\/\/kosmeetika24.eu\/et\/wp-json\/wp\/v2\/types\/product"}],"version-history":[{"count":2,"href":"https:\/\/kosmeetika24.eu\/et\/wp-json\/wp\/v2\/product\/2115\/revisions"}],"predecessor-version":[{"id":7461,"href":"https:\/\/kosmeetika24.eu\/et\/wp-json\/wp\/v2\/product\/2115\/revisions\/7461"}],"wp:featuredmedia":[{"embeddable":true,"href":"https:\/\/kosmeetika24.eu\/et\/wp-json\/wp\/v2\/media\/2301"}],"wp:attachment":[{"href":"https:\/\/kosmeetika24.eu\/et\/wp-json\/wp\/v2\/media?parent=2115"}],"wp:term":[{"taxonomy":"product_brand","embeddable":true,"href":"https:\/\/kosmeetika24.eu\/et\/wp-json\/wp\/v2\/product_brand?post=2115"},{"taxonomy":"product_cat","embeddable":true,"href":"https:\/\/kosmeetika24.eu\/et\/wp-json\/wp\/v2\/product_cat?post=2115"},{"taxonomy":"product_tag","embeddable":true,"href":"https:\/\/kosmeetika24.eu\/et\/wp-json\/wp\/v2\/product_tag?post=2115"}],"curies":[{"name":"wp","href":"https:\/\/api.w.org\/{rel}","templated":true}]}}