{"id":2111,"date":"2019-11-19T08:18:22","date_gmt":"2019-11-19T08:18:22","guid":{"rendered":"https:\/\/kosmeetika24.eu\/?post_type=product&#038;p=2111"},"modified":"2025-09-16T14:56:40","modified_gmt":"2025-09-16T11:56:40","slug":"bruno-vassari-body-care-anti-cellulite-massage-cream","status":"publish","type":"product","link":"https:\/\/kosmeetika24.eu\/et\/toode\/bruno-vassari-body-care-anti-cellulite-massage-cream\/","title":{"rendered":"BRUNO VASSARI Body Care merevetikaekstraktiga kreem"},"content":{"rendered":"<p>Ainult professionaalseks kasutamiseks m\u00f5eldud massaa\u017eikreem <em>Anti-Cellulite Massage Cream<\/em>\u00a0sobib spetsiaalselt massaa\u017ei jaoks ja kasutatakse tselluliiti v\u00e4hendavates hooldustes. Maksimeerib tselluliidivastaste toimeainete tungimise nahka ning parendab nahatooni. Muudab ja normaliseerib marrasknaha v\u00e4limust.<\/p>\n<p>Kreemi tekstuur on ideaalne mis tahes massaa\u017ei tegemiseks.<\/p>\n<p><strong>TOIMEAINED<\/strong><\/p>\n<ul>\n<li>Jood<\/li>\n<li>Luuderohi<\/li>\n<li>Hariliku p\u00f5isadru<\/li>\n<\/ul>\n<p><strong>TOIME<\/strong><\/p>\n<ul>\n<li>Orgaaniline jood silub naha pinda ja v\u00e4hendada rasvakoe mahtu.<\/li>\n<li>Luuderohul on modelleeriv ja tselluliidivastane toime. Parendab mikrovereringet, v\u00e4hendab turset.<\/li>\n<li>Hariliku p\u00f5isadru stimuleerib mikrovereringet ning v\u00e4hendab keharasva.<\/li>\n<\/ul>\n<p><strong>KOOSTIS<\/strong><\/p>\n<p><span style=\"font-size: 14px;\">AQUA (WATER), PARAFFINUM LIQUIDUM (MINERAL OIL), CERYL ALCOHOL, STEARETH-2, GLYCERIN, STEARETH-21, TEA-HYDRODODIDE, DIMETHICONE, CAMELLIA SINENSIS LEAF EXTRACT, FUCUS VESICULOSUS (BLADDERWRACK) EXTRACT, PHENOXYETHANOL, PROPYLENE GLYCOL, METHYLPARABEN, PARFUM (FRAGRANCE), PROPYL PARABEN, DISODIUMEDTA, BHT, LACTIC ACID, SODIUM BENZOATE, SODIUM HYDROXIDE, POTASSIUM SORBATE, METHYLPROPANEDIOL, C.I. 42090 (FD&amp;C BLYE NO 1.), CAPRYLYL GLYCOL, PHENYL PROPANOL, SODIUM\u00a0 CHLORIDE, SODIUM SULFATE, BUTHYLPHENYL METHYLPROPIONAL, LINALOOL, LIMONENE, ALPHA-ISOMETHYL, IONONE, COUMARIN.<\/span><\/p>\n","protected":false},"excerpt":{"rendered":"<p>Professionaalseks kasutamiseks m\u00f5eldud merevetikate ja taimeekstraktidega tselluliidivastane massaa\u017eikreem silub nahapinda ja v\u00e4hendab rasvakoe mahtu.<\/p>\n<p>&nbsp;<\/p>\n<p>1000 ml<\/p>\n","protected":false},"featured_media":2304,"template":"","meta":{"om_disable_all_campaigns":false,"_monsterinsights_skip_tracking":false,"_monsterinsights_sitenote_active":false,"_monsterinsights_sitenote_note":"","_monsterinsights_sitenote_category":0,"_uf_show_specific_survey":0,"_uf_disable_surveys":false,"site-sidebar-layout":"default","site-content-layout":"","ast-site-content-layout":"default","site-content-style":"default","site-sidebar-style":"default","ast-global-header-display":"","ast-banner-title-visibility":"","ast-main-header-display":"","ast-hfb-above-header-display":"","ast-hfb-below-header-display":"","ast-hfb-mobile-header-display":"","site-post-title":"","ast-breadcrumbs-content":"","ast-featured-img":"","footer-sml-layout":"","theme-transparent-header-meta":"default","adv-header-id-meta":"","stick-header-meta":"","header-above-stick-meta":"","header-main-stick-meta":"","header-below-stick-meta":"","astra-migrate-meta-layouts":"set","ast-page-background-enabled":"default","ast-page-background-meta":{"desktop":{"background-color":"var(--ast-global-color-4)","background-image":"","background-repeat":"repeat","background-position":"center center","background-size":"auto","background-attachment":"scroll","background-type":"","background-media":"","overlay-type":"","overlay-color":"","overlay-opacity":"","overlay-gradient":""},"tablet":{"background-color":"","background-image":"","background-repeat":"repeat","background-position":"center center","background-size":"auto","background-attachment":"scroll","background-type":"","background-media":"","overlay-type":"","overlay-color":"","overlay-opacity":"","overlay-gradient":""},"mobile":{"background-color":"","background-image":"","background-repeat":"repeat","background-position":"center center","background-size":"auto","background-attachment":"scroll","background-type":"","background-media":"","overlay-type":"","overlay-color":"","overlay-opacity":"","overlay-gradient":""}},"ast-content-background-meta":{"desktop":{"background-color":"var(--ast-global-color-5)","background-image":"","background-repeat":"repeat","background-position":"center center","background-size":"auto","background-attachment":"scroll","background-type":"","background-media":"","overlay-type":"","overlay-color":"","overlay-opacity":"","overlay-gradient":""},"tablet":{"background-color":"var(--ast-global-color-5)","background-image":"","background-repeat":"repeat","background-position":"center center","background-size":"auto","background-attachment":"scroll","background-type":"","background-media":"","overlay-type":"","overlay-color":"","overlay-opacity":"","overlay-gradient":""},"mobile":{"background-color":"var(--ast-global-color-5)","background-image":"","background-repeat":"repeat","background-position":"center center","background-size":"auto","background-attachment":"scroll","background-type":"","background-media":"","overlay-type":"","overlay-color":"","overlay-opacity":"","overlay-gradient":""}}},"product_brand":[],"product_cat":[127,115,108],"product_tag":[],"class_list":{"0":"post-2111","1":"product","2":"type-product","3":"status-publish","4":"has-post-thumbnail","6":"product_cat-kehale-profitooted","7":"product_cat-kreemid-profitooted","8":"product_cat-profitooted","9":"desktop-align-center","10":"tablet-align-left","11":"mobile-align-left","13":"first","14":"instock","15":"taxable","16":"shipping-taxable","17":"product-type-simple","18":"add-to-wishlist-before_image"},"aioseo_notices":[],"_links":{"self":[{"href":"https:\/\/kosmeetika24.eu\/et\/wp-json\/wp\/v2\/product\/2111","targetHints":{"allow":["GET"]}}],"collection":[{"href":"https:\/\/kosmeetika24.eu\/et\/wp-json\/wp\/v2\/product"}],"about":[{"href":"https:\/\/kosmeetika24.eu\/et\/wp-json\/wp\/v2\/types\/product"}],"version-history":[{"count":4,"href":"https:\/\/kosmeetika24.eu\/et\/wp-json\/wp\/v2\/product\/2111\/revisions"}],"predecessor-version":[{"id":3071,"href":"https:\/\/kosmeetika24.eu\/et\/wp-json\/wp\/v2\/product\/2111\/revisions\/3071"}],"wp:featuredmedia":[{"embeddable":true,"href":"https:\/\/kosmeetika24.eu\/et\/wp-json\/wp\/v2\/media\/2304"}],"wp:attachment":[{"href":"https:\/\/kosmeetika24.eu\/et\/wp-json\/wp\/v2\/media?parent=2111"}],"wp:term":[{"taxonomy":"product_brand","embeddable":true,"href":"https:\/\/kosmeetika24.eu\/et\/wp-json\/wp\/v2\/product_brand?post=2111"},{"taxonomy":"product_cat","embeddable":true,"href":"https:\/\/kosmeetika24.eu\/et\/wp-json\/wp\/v2\/product_cat?post=2111"},{"taxonomy":"product_tag","embeddable":true,"href":"https:\/\/kosmeetika24.eu\/et\/wp-json\/wp\/v2\/product_tag?post=2111"}],"curies":[{"name":"wp","href":"https:\/\/api.w.org\/{rel}","templated":true}]}}