{"id":2107,"date":"2019-11-19T07:47:28","date_gmt":"2019-11-19T07:47:28","guid":{"rendered":"https:\/\/kosmeetika24.eu\/?post_type=product&#038;p=2107"},"modified":"2025-02-28T15:42:18","modified_gmt":"2025-02-28T12:42:18","slug":"bruno-vassari-body-care-age-control-hand-cream","status":"publish","type":"product","link":"https:\/\/kosmeetika24.eu\/et\/toode\/bruno-vassari-body-care-age-control-hand-cream\/","title":{"rendered":"BRUNO VASSARI Body Care taastav k\u00e4te- ja k\u00fc\u00fcntekreem"},"content":{"rendered":"<p>Taastav k\u00e4te- ja k\u00fc\u00fcntekreem <em>Age Control Hand Cream<\/em> on kerge vananemisvastase koostisega emulsioon, mis toidab k\u00e4te nahka ja hoiab \u00e4ra tumedate laikude tekkimise. Taimeekstraktid aktiveerivad rakkude uuenemist ja kaitsevad v\u00e4lise agressiooni eest. UVA- ja UVB-filtrid ennetavad nahalaikude esinemist.<\/p>\n<p>Sobib k\u00f5igile nahat\u00fc\u00fcpidele.<\/p>\n<p><strong>PEAMISED TOIMEAINED<\/strong><\/p>\n<ul>\n<li>Allantoiin<\/li>\n<li>Sheav\u00f5i<\/li>\n<li>Alfabisabolool<\/li>\n<li>D-pantenool<\/li>\n<li>UVA-, UVB-filtrid 1%<\/li>\n<\/ul>\n<p><strong>TOIME<\/strong><\/p>\n<ul>\n<li>Allantoiin stimuleerib marrasknaha rakkude koguse suurenemist.<\/li>\n<li>D-pantenool aitab s\u00e4ilitada naha niiskust, toidab nahka ja parandab ainevahetust.<\/li>\n<li>Sheav\u00f5i sisaldab kaitsvaid ja antioks\u00fcdantseid vitamiine ning v\u00e4ldib naha kuivamist.<\/li>\n<li>Alfabisabolool kaitseb nahka v\u00e4liste kahjustuste eest.<\/li>\n<li>UVA-, UVB-filtrid 1% kaitsevad k\u00e4si p\u00e4ikesekiirguse kahjustuste eest ja ennetavad samuti nahalaikude esinemist.<\/li>\n<\/ul>\n<p><strong>KASUTAMINE<\/strong><\/p>\n<ul>\n<li>K\u00e4tekreem kanda k\u00e4tele iga p\u00e4ev p\u00e4rast k\u00e4te puhastamist.<\/li>\n<\/ul>\n<p><strong>KOOSTIS<\/strong><\/p>\n<p><span style=\"font-size: 14px;\">AQUA (WATER), GLYCERIN, PARAFFINUM LIQUIDUM (MINERAL OIL), CYCLOPENTASILOXANE, VP\/EICOSENE COPOLYMER, C12-15 ALKYL BENZOATE, CETYL ALCOHOL, BUTYROSPERMUM PARKII (SHEA) BUTTER, GLYCERYL STEARATE, PEG-100 STEARATE, DIMETHICONE, PALMITIC ACID, SODIUM PCA, PANTHENOL, ARACHIDIC ACID, MYRISTIC ACID, CAMELLIA SINESIS LEAF EXTRACT, LACTIC ACID, TRIETHANOLAMINE, STEARIC ACID, ETHYLHEXYL METHOXYCINNAMATE, PHENOXYETHANOL, PROPYLENE GLYCOL, METHYLPARABEN, PARFUM (FRAGRANCE), ALLATOIN, ETHYLPARABEN, BUTYLPARABEN, DISODIUM EDTA, TOCOPHERYLACETATE, BISABOLOL, PROPYLPARABEN, ALPHA-ISOMETHYL IONONE, HYDROXYISOHEXYL 3-CYCLOHEXENE CARBOXALDEHYDE, ASCORBYL PALMITATE, BUTYLPHENYL METHYLPROPIONAL, FARNESOL, SODIUM BENZOATE, POTASSIUM SORBATE, CITRIC ACID, LIMONENE, BHT, LINALOOL, HEXYL CINNAMAL.<\/span><\/p>\n<p><span style=\"font-size: xx-small;\"><span style=\"color: #000000;\"><span style=\"font-family: Roboto, sans-serif;\"><span style=\"font-size: small;\">246.40 \u20ac\/l<\/span><\/span><\/span><\/span><\/p>\n","protected":false},"excerpt":{"rendered":"<p>75 ml<\/p>\n<p>Vananemisvastase toimega kaitsev k\u00e4tekreem.<\/p>\n<p>Niisutab, toidab ja hoiab \u00e4ra pigmendilaikude tekkimise.<\/p>\n","protected":false},"featured_media":2437,"template":"","meta":{"om_disable_all_campaigns":false,"_monsterinsights_skip_tracking":false,"_monsterinsights_sitenote_active":false,"_monsterinsights_sitenote_note":"","_monsterinsights_sitenote_category":0,"_uf_show_specific_survey":0,"_uf_disable_surveys":false,"site-sidebar-layout":"default","site-content-layout":"","ast-site-content-layout":"default","site-content-style":"default","site-sidebar-style":"default","ast-global-header-display":"","ast-banner-title-visibility":"","ast-main-header-display":"","ast-hfb-above-header-display":"","ast-hfb-below-header-display":"","ast-hfb-mobile-header-display":"","site-post-title":"","ast-breadcrumbs-content":"","ast-featured-img":"","footer-sml-layout":"","theme-transparent-header-meta":"default","adv-header-id-meta":"","stick-header-meta":"","header-above-stick-meta":"","header-main-stick-meta":"","header-below-stick-meta":"","astra-migrate-meta-layouts":"set","ast-page-background-enabled":"default","ast-page-background-meta":{"desktop":{"background-color":"var(--ast-global-color-4)","background-image":"","background-repeat":"repeat","background-position":"center center","background-size":"auto","background-attachment":"scroll","background-type":"","background-media":"","overlay-type":"","overlay-color":"","overlay-opacity":"","overlay-gradient":""},"tablet":{"background-color":"","background-image":"","background-repeat":"repeat","background-position":"center center","background-size":"auto","background-attachment":"scroll","background-type":"","background-media":"","overlay-type":"","overlay-color":"","overlay-opacity":"","overlay-gradient":""},"mobile":{"background-color":"","background-image":"","background-repeat":"repeat","background-position":"center center","background-size":"auto","background-attachment":"scroll","background-type":"","background-media":"","overlay-type":"","overlay-color":"","overlay-opacity":"","overlay-gradient":""}},"ast-content-background-meta":{"desktop":{"background-color":"var(--ast-global-color-5)","background-image":"","background-repeat":"repeat","background-position":"center center","background-size":"auto","background-attachment":"scroll","background-type":"","background-media":"","overlay-type":"","overlay-color":"","overlay-opacity":"","overlay-gradient":""},"tablet":{"background-color":"var(--ast-global-color-5)","background-image":"","background-repeat":"repeat","background-position":"center center","background-size":"auto","background-attachment":"scroll","background-type":"","background-media":"","overlay-type":"","overlay-color":"","overlay-opacity":"","overlay-gradient":""},"mobile":{"background-color":"var(--ast-global-color-5)","background-image":"","background-repeat":"repeat","background-position":"center center","background-size":"auto","background-attachment":"scroll","background-type":"","background-media":"","overlay-type":"","overlay-color":"","overlay-opacity":"","overlay-gradient":""}}},"product_brand":[],"product_cat":[343,46],"product_tag":[],"class_list":{"0":"post-2107","1":"product","2":"type-product","3":"status-publish","4":"has-post-thumbnail","6":"product_cat-katekreemid","7":"product_cat-kehale","8":"desktop-align-center","9":"tablet-align-left","10":"mobile-align-left","12":"first","13":"instock","14":"taxable","15":"shipping-taxable","16":"purchasable","17":"product-type-simple","18":"add-to-wishlist-before_image"},"aioseo_notices":[],"_links":{"self":[{"href":"https:\/\/kosmeetika24.eu\/et\/wp-json\/wp\/v2\/product\/2107","targetHints":{"allow":["GET"]}}],"collection":[{"href":"https:\/\/kosmeetika24.eu\/et\/wp-json\/wp\/v2\/product"}],"about":[{"href":"https:\/\/kosmeetika24.eu\/et\/wp-json\/wp\/v2\/types\/product"}],"version-history":[{"count":2,"href":"https:\/\/kosmeetika24.eu\/et\/wp-json\/wp\/v2\/product\/2107\/revisions"}],"predecessor-version":[{"id":8906,"href":"https:\/\/kosmeetika24.eu\/et\/wp-json\/wp\/v2\/product\/2107\/revisions\/8906"}],"wp:featuredmedia":[{"embeddable":true,"href":"https:\/\/kosmeetika24.eu\/et\/wp-json\/wp\/v2\/media\/2437"}],"wp:attachment":[{"href":"https:\/\/kosmeetika24.eu\/et\/wp-json\/wp\/v2\/media?parent=2107"}],"wp:term":[{"taxonomy":"product_brand","embeddable":true,"href":"https:\/\/kosmeetika24.eu\/et\/wp-json\/wp\/v2\/product_brand?post=2107"},{"taxonomy":"product_cat","embeddable":true,"href":"https:\/\/kosmeetika24.eu\/et\/wp-json\/wp\/v2\/product_cat?post=2107"},{"taxonomy":"product_tag","embeddable":true,"href":"https:\/\/kosmeetika24.eu\/et\/wp-json\/wp\/v2\/product_tag?post=2107"}],"curies":[{"name":"wp","href":"https:\/\/api.w.org\/{rel}","templated":true}]}}