{"id":2106,"date":"2019-11-19T07:32:07","date_gmt":"2019-11-19T07:32:07","guid":{"rendered":"https:\/\/kosmeetika24.eu\/?post_type=product&#038;p=2106"},"modified":"2025-02-28T15:38:37","modified_gmt":"2025-02-28T12:38:37","slug":"bruno-vassari-body-care-geraldina","status":"publish","type":"product","link":"https:\/\/kosmeetika24.eu\/et\/toode\/bruno-vassari-body-care-geraldina\/","title":{"rendered":"BRUNO VASSARI Body Care kollageeniga kehapiim"},"content":{"rendered":"<p>Niisutav ja rahustav emulsioon <em>Geraldina<\/em> on rikastatud tasakaalustatud pehmendavate ainetega. Lahustuva kollageeni omadused aitavad hoida naha niisutatuna ja elastsena. Parandab naha tekstuuri ja tooni.<\/p>\n<p>Sobib k\u00f5igile nahat\u00fc\u00fcpidele.<\/p>\n<p><strong>PEAMISED TOIMEAINED<\/strong><\/p>\n<ul>\n<li>Lahustuv kollageen<\/li>\n<li>Allantoiin<\/li>\n<li>Aaloe<\/li>\n<\/ul>\n<p><strong>TOIME<\/strong><\/p>\n<ul>\n<li>Lahustuv kollageen sisaldab v\u00e4ikeste molekulidega aminohapete r\u00fchmi, mis v\u00f5ivad l\u00e4bida naha ning mis s\u00e4ilitavad vee optimaalse tasakaalu nahas, et neutraliseerida transepidermaalne veekadu, andes sileda ja elastse naha.<\/li>\n<li>Allantoiin iseloomustavad suurep\u00e4rased rakkude uuenemise omadused.<\/li>\n<li>Aaloe pehmendab ja niisutab nahka ning aitab seda hoida pehme, sileda, elastse ja tervena.<\/li>\n<\/ul>\n<p><strong>KASUTAMINE<\/strong><\/p>\n<ul>\n<li>Kanda kogu kehale iga p\u00e4ev p\u00e4rast vanni v\u00f5i du\u0161\u0161i.<\/li>\n<\/ul>\n<p><strong>KOOSTIS<\/strong><\/p>\n<p><span style=\"font-size: 14px;\">AQUA (WATER), ISOPROPYL MYRISTATE, GLYCERYL STEARATE, CETYL PALMITATE, PARAFFINUM LIQUIDUM (MINERAL OIL), GLYCERIN , CETYL ACETATE, SETYL PALMITATE, STEARYL ACETATE, ALOE BARABADENSISLEAF JUICE, SOLUBLE COLLAGEN, OLEYL ACETATE, PARFUM (FRAGRANCE), CARBOMER, METHYLPARABEN, ACETYLATED LANOLIN ALCOHOL, ALLANTOIN, PROPYLPARABEN, SODIUM HYDROXIDE, 2-BROMO-2-NITROPROPANE-1,3-DIOL, LINALOOL, LIMONENE, BENZYL SALICYLATE, GERANIOL, TOCOPHEROL, LECITHIN, ASCORBYL PALMITATE, CITRAL, GLYCERYL OLEATE, POTASSIUM SORBATE, CHLORPHENESIN, SODIUM BENZOATE, CITRIC ACID.<\/span><\/p>\n<p><span style=\"font-size: small;\"><span style=\"color: #000000;\"><span style=\"font-family: Roboto, sans-serif;\">89.58- \u20ac\/l <\/span><\/span><\/span><\/p>\n","protected":false},"excerpt":{"rendered":"<p>500 ml<\/p>\n<p>Kollageeniga niisutav ja elustav emulsioon.<\/p>\n<p>Taastab naha struktuuri ja tooni.<\/p>\n<p>&nbsp;<\/p>\n","protected":false},"featured_media":2438,"template":"","meta":{"om_disable_all_campaigns":false,"_monsterinsights_skip_tracking":false,"_monsterinsights_sitenote_active":false,"_monsterinsights_sitenote_note":"","_monsterinsights_sitenote_category":0,"_uf_show_specific_survey":0,"_uf_disable_surveys":false,"site-sidebar-layout":"default","site-content-layout":"","ast-site-content-layout":"default","site-content-style":"default","site-sidebar-style":"default","ast-global-header-display":"","ast-banner-title-visibility":"","ast-main-header-display":"","ast-hfb-above-header-display":"","ast-hfb-below-header-display":"","ast-hfb-mobile-header-display":"","site-post-title":"","ast-breadcrumbs-content":"","ast-featured-img":"","footer-sml-layout":"","theme-transparent-header-meta":"default","adv-header-id-meta":"","stick-header-meta":"","header-above-stick-meta":"","header-main-stick-meta":"","header-below-stick-meta":"","astra-migrate-meta-layouts":"set","ast-page-background-enabled":"default","ast-page-background-meta":{"desktop":{"background-color":"var(--ast-global-color-4)","background-image":"","background-repeat":"repeat","background-position":"center center","background-size":"auto","background-attachment":"scroll","background-type":"","background-media":"","overlay-type":"","overlay-color":"","overlay-opacity":"","overlay-gradient":""},"tablet":{"background-color":"","background-image":"","background-repeat":"repeat","background-position":"center center","background-size":"auto","background-attachment":"scroll","background-type":"","background-media":"","overlay-type":"","overlay-color":"","overlay-opacity":"","overlay-gradient":""},"mobile":{"background-color":"","background-image":"","background-repeat":"repeat","background-position":"center center","background-size":"auto","background-attachment":"scroll","background-type":"","background-media":"","overlay-type":"","overlay-color":"","overlay-opacity":"","overlay-gradient":""}},"ast-content-background-meta":{"desktop":{"background-color":"var(--ast-global-color-5)","background-image":"","background-repeat":"repeat","background-position":"center center","background-size":"auto","background-attachment":"scroll","background-type":"","background-media":"","overlay-type":"","overlay-color":"","overlay-opacity":"","overlay-gradient":""},"tablet":{"background-color":"var(--ast-global-color-5)","background-image":"","background-repeat":"repeat","background-position":"center center","background-size":"auto","background-attachment":"scroll","background-type":"","background-media":"","overlay-type":"","overlay-color":"","overlay-opacity":"","overlay-gradient":""},"mobile":{"background-color":"var(--ast-global-color-5)","background-image":"","background-repeat":"repeat","background-position":"center center","background-size":"auto","background-attachment":"scroll","background-type":"","background-media":"","overlay-type":"","overlay-color":"","overlay-opacity":"","overlay-gradient":""}}},"product_brand":[],"product_cat":[46,349],"product_tag":[],"class_list":{"0":"post-2106","1":"product","2":"type-product","3":"status-publish","4":"has-post-thumbnail","6":"product_cat-kehale","7":"product_cat-kehapiim","8":"desktop-align-center","9":"tablet-align-left","10":"mobile-align-left","12":"first","13":"instock","14":"taxable","15":"shipping-taxable","16":"purchasable","17":"product-type-simple","18":"add-to-wishlist-before_image"},"aioseo_notices":[],"_links":{"self":[{"href":"https:\/\/kosmeetika24.eu\/et\/wp-json\/wp\/v2\/product\/2106","targetHints":{"allow":["GET"]}}],"collection":[{"href":"https:\/\/kosmeetika24.eu\/et\/wp-json\/wp\/v2\/product"}],"about":[{"href":"https:\/\/kosmeetika24.eu\/et\/wp-json\/wp\/v2\/types\/product"}],"version-history":[{"count":3,"href":"https:\/\/kosmeetika24.eu\/et\/wp-json\/wp\/v2\/product\/2106\/revisions"}],"predecessor-version":[{"id":8907,"href":"https:\/\/kosmeetika24.eu\/et\/wp-json\/wp\/v2\/product\/2106\/revisions\/8907"}],"wp:featuredmedia":[{"embeddable":true,"href":"https:\/\/kosmeetika24.eu\/et\/wp-json\/wp\/v2\/media\/2438"}],"wp:attachment":[{"href":"https:\/\/kosmeetika24.eu\/et\/wp-json\/wp\/v2\/media?parent=2106"}],"wp:term":[{"taxonomy":"product_brand","embeddable":true,"href":"https:\/\/kosmeetika24.eu\/et\/wp-json\/wp\/v2\/product_brand?post=2106"},{"taxonomy":"product_cat","embeddable":true,"href":"https:\/\/kosmeetika24.eu\/et\/wp-json\/wp\/v2\/product_cat?post=2106"},{"taxonomy":"product_tag","embeddable":true,"href":"https:\/\/kosmeetika24.eu\/et\/wp-json\/wp\/v2\/product_tag?post=2106"}],"curies":[{"name":"wp","href":"https:\/\/api.w.org\/{rel}","templated":true}]}}