{"id":2100,"date":"2019-11-18T13:42:14","date_gmt":"2019-11-18T13:42:14","guid":{"rendered":"https:\/\/kosmeetika24.eu\/?post_type=product&#038;p=2100"},"modified":"2025-02-28T15:40:08","modified_gmt":"2025-02-28T12:40:08","slug":"bruno-vassari-body-care-gel-caribel","status":"publish","type":"product","link":"https:\/\/kosmeetika24.eu\/et\/toode\/bruno-vassari-body-care-gel-caribel\/","title":{"rendered":"BRUNO VASSARI Body Care du\u0161\u0161igeel"},"content":{"rendered":"<div class=\"product-title\"><\/div>\n<div>Pehme vannigeel <em>Gel Caribel<\/em> sisaldab looduslike aromaatseid ekstrakte, mis niisutavad ja puhastavad nahka \u00f5rnalt aga p\u00f5hjalikult ilma seda kahjustamata. Naaritsa\u00f5li ja pehmendavad ained l\u00f5dvestavad nahka, pakkudes heaolutunnet, pehmust ja v\u00e4rskust.<\/div>\n<p>Sobib k\u00f5igile nahat\u00fc\u00fcpidele.<\/p>\n<p><strong>PEAMISED TOIMEAINED<\/strong><\/p>\n<ul>\n<li>Naaritsa\u00f5li<\/li>\n<li>Metsikud aromaatsed ekstraktid<\/li>\n<\/ul>\n<p><strong>TOIME<\/strong><\/p>\n<p>Puhastav geel eemaldab mustuse v\u00e4ga \u00f5rnalt. Naaritsa\u00f5li ja metsikud aromaatsed ekstraktid niisutavad ning<br \/>\npuhastavad nahka \u00f5rnalt, j\u00e4ttes selle siidiseks.<\/p>\n<p><strong>KASUTAMINE<\/strong><\/p>\n<ul>\n<li>Kasutada du\u0161\u0161i all, masseerides m\u00f5ni minut niiskele nahale ja eemaldada seej\u00e4rel sooje veega.<\/li>\n<\/ul>\n<p><strong>KOOSTIS<\/strong><\/p>\n<p><span style=\"font-size: 14px;\">AQUA (WATER), SODIUM LAURETH SULFATE, TEA-LAURYL SULFATE, DISODIUM LAURETH, SULFOSUCCINATE, SODIUM CHLORIDE, COCAMIDE DEA, TRIDECETH-9, GLYCOL DISTEARATE, MUSTELA (MINKO) OIL, COCO-GLUCOSIDE, BENZOIC ACID, PEG-5 ETHYLHEXANOATE, LIMONENE, POLYACRYLATE-1 CROSSPOLYMER, SODIUM BENZOATE, LINALOOL, CITRIC ACID, GLYCERIN, GLYCERYL OLEATE, GLYCERYL STEARATE, HEXYL CINNAMAL, CITRAL, MAGNESIUM NITRATE, METHYLCHLOROISOTHIAZOLINONE, MAGNESIUM CHLORIDE, METHYLISOTHIAZOLINONE, PROPYLENE GLYCOL, PARFUM (FRAGRANCE), COUMARIN, EUGENOL, BHT, PROPYL GALLATE.<\/span><\/p>\n<p><span style=\"font-size: small;\"><span style=\"color: #000000;\"><span style=\"font-family: Roboto, sans-serif;\"><span style=\"font-size: xx-small;\">67.60 \u20ac\/l<\/span><\/span><\/span><\/span><\/p>\n","protected":false},"excerpt":{"rendered":"<p>500 ml<\/p>\n<p>Looduslike aromaatse ekstraktide ja naaritsa\u00f5liga niisutav ning s\u00fcgavpuhastav du\u0161\u0161igeel.<\/p>\n","protected":false},"featured_media":2440,"template":"","meta":{"om_disable_all_campaigns":false,"_monsterinsights_skip_tracking":false,"_monsterinsights_sitenote_active":false,"_monsterinsights_sitenote_note":"","_monsterinsights_sitenote_category":0,"_uf_show_specific_survey":0,"_uf_disable_surveys":false,"site-sidebar-layout":"default","site-content-layout":"","ast-site-content-layout":"default","site-content-style":"default","site-sidebar-style":"default","ast-global-header-display":"","ast-banner-title-visibility":"","ast-main-header-display":"","ast-hfb-above-header-display":"","ast-hfb-below-header-display":"","ast-hfb-mobile-header-display":"","site-post-title":"","ast-breadcrumbs-content":"","ast-featured-img":"","footer-sml-layout":"","theme-transparent-header-meta":"default","adv-header-id-meta":"","stick-header-meta":"","header-above-stick-meta":"","header-main-stick-meta":"","header-below-stick-meta":"","astra-migrate-meta-layouts":"set","ast-page-background-enabled":"default","ast-page-background-meta":{"desktop":{"background-color":"var(--ast-global-color-4)","background-image":"","background-repeat":"repeat","background-position":"center center","background-size":"auto","background-attachment":"scroll","background-type":"","background-media":"","overlay-type":"","overlay-color":"","overlay-opacity":"","overlay-gradient":""},"tablet":{"background-color":"","background-image":"","background-repeat":"repeat","background-position":"center center","background-size":"auto","background-attachment":"scroll","background-type":"","background-media":"","overlay-type":"","overlay-color":"","overlay-opacity":"","overlay-gradient":""},"mobile":{"background-color":"","background-image":"","background-repeat":"repeat","background-position":"center center","background-size":"auto","background-attachment":"scroll","background-type":"","background-media":"","overlay-type":"","overlay-color":"","overlay-opacity":"","overlay-gradient":""}},"ast-content-background-meta":{"desktop":{"background-color":"var(--ast-global-color-5)","background-image":"","background-repeat":"repeat","background-position":"center center","background-size":"auto","background-attachment":"scroll","background-type":"","background-media":"","overlay-type":"","overlay-color":"","overlay-opacity":"","overlay-gradient":""},"tablet":{"background-color":"var(--ast-global-color-5)","background-image":"","background-repeat":"repeat","background-position":"center center","background-size":"auto","background-attachment":"scroll","background-type":"","background-media":"","overlay-type":"","overlay-color":"","overlay-opacity":"","overlay-gradient":""},"mobile":{"background-color":"var(--ast-global-color-5)","background-image":"","background-repeat":"repeat","background-position":"center center","background-size":"auto","background-attachment":"scroll","background-type":"","background-media":"","overlay-type":"","overlay-color":"","overlay-opacity":"","overlay-gradient":""}}},"product_brand":[],"product_cat":[46,347],"product_tag":[],"class_list":{"0":"post-2100","1":"product","2":"type-product","3":"status-publish","4":"has-post-thumbnail","6":"product_cat-kehale","7":"product_cat-vannile","8":"desktop-align-center","9":"tablet-align-left","10":"mobile-align-left","12":"first","13":"instock","14":"taxable","15":"shipping-taxable","16":"purchasable","17":"product-type-simple","18":"add-to-wishlist-before_image"},"aioseo_notices":[],"_links":{"self":[{"href":"https:\/\/kosmeetika24.eu\/et\/wp-json\/wp\/v2\/product\/2100","targetHints":{"allow":["GET"]}}],"collection":[{"href":"https:\/\/kosmeetika24.eu\/et\/wp-json\/wp\/v2\/product"}],"about":[{"href":"https:\/\/kosmeetika24.eu\/et\/wp-json\/wp\/v2\/types\/product"}],"version-history":[{"count":3,"href":"https:\/\/kosmeetika24.eu\/et\/wp-json\/wp\/v2\/product\/2100\/revisions"}],"predecessor-version":[{"id":8908,"href":"https:\/\/kosmeetika24.eu\/et\/wp-json\/wp\/v2\/product\/2100\/revisions\/8908"}],"wp:featuredmedia":[{"embeddable":true,"href":"https:\/\/kosmeetika24.eu\/et\/wp-json\/wp\/v2\/media\/2440"}],"wp:attachment":[{"href":"https:\/\/kosmeetika24.eu\/et\/wp-json\/wp\/v2\/media?parent=2100"}],"wp:term":[{"taxonomy":"product_brand","embeddable":true,"href":"https:\/\/kosmeetika24.eu\/et\/wp-json\/wp\/v2\/product_brand?post=2100"},{"taxonomy":"product_cat","embeddable":true,"href":"https:\/\/kosmeetika24.eu\/et\/wp-json\/wp\/v2\/product_cat?post=2100"},{"taxonomy":"product_tag","embeddable":true,"href":"https:\/\/kosmeetika24.eu\/et\/wp-json\/wp\/v2\/product_tag?post=2100"}],"curies":[{"name":"wp","href":"https:\/\/api.w.org\/{rel}","templated":true}]}}