{"id":2095,"date":"2019-11-18T12:53:45","date_gmt":"2019-11-18T12:53:45","guid":{"rendered":"https:\/\/kosmeetika24.eu\/?post_type=product&#038;p=2095"},"modified":"2025-02-28T15:40:25","modified_gmt":"2025-02-28T12:40:25","slug":"bruno-vassari-body-care-slim-effect-gel","status":"publish","type":"product","link":"https:\/\/kosmeetika24.eu\/et\/toode\/bruno-vassari-body-care-slim-effect-gel\/","title":{"rendered":"BRUNO VASSARI Body Care salendav ja jahutav geel"},"content":{"rendered":"<p>Kehageel<em> Slim Effect Gel<\/em> soodustab ladestunud rasvade lagunemist rasvarakkudes. Selline toime tuleneb toimeainete segust, mis annavad nahale jahutava toime. Kehageel salendab, stimuleerib raku ainevahetust, toniseerib ja leevendab turseid.<\/p>\n<p>Sobib k\u00f5igile nahat\u00fc\u00fcpidele. Spetsiaalselt m\u00f5eldud inimestele, kes soovivad kudesid pinguldada ja keha salendada.<\/p>\n<p><strong>PEAMISED TOIMEAINED<\/strong><\/p>\n<ul>\n<li>Mentool<\/li>\n<li>Kamper<\/li>\n<li>Pronalen EAP: harilik maarjaohakas, hobukastan, roheline tee ja idandatud nisu.<\/li>\n<li>Hobukastani ekstrakt<\/li>\n<\/ul>\n<p><strong>TOIME<\/strong><\/p>\n<ul>\n<li>Mentooli ja kamperi kombinatsioon alandab kehatemperatuuri, andes jahutava toime, mille t\u00f5ttu t\u00f5mbuvad rakud kokku ja stimuleerivad rakkude metabolismi. See toime suurendab rasvap\u00f5letust ja salendab keha.<\/li>\n<li>Kamper ergutab vereringet, m\u00f5jub soojendavalt ja p\u00f5letikuvastaselt.<\/li>\n<li>Pronalen on taimekompleks, mis omab tugevat toniseerivat toimet.<\/li>\n<li>Hobukastani ekstrakt aktiveerib toksiinide ja lipiidide eemaldamist adipots\u00fc\u00fctidest ning v\u00e4hendab ka rakkudevahelise vedeliku kogust.<\/li>\n<\/ul>\n<p><strong>KASUTAMINE<\/strong><\/p>\n<ul>\n<li>Naha pind puhastada eelnevalt nt tootega <a href=\"https:\/\/kosmeetika24.eu\/toode\/bruno-vassari-body-care-double-body-peel\/\">BRUNO VASSARI Body Care kehakoorija<\/a>.<\/li>\n<li>Kehageel kanda soovitud piirkonda ning masseerida kuni t\u00e4ieliku imendumiseni. Sobib kasutamiseks iga p\u00e4ev.<\/li>\n<li>Pinguldavaks hoolduseks kasutada nt toodet\u00a0<a href=\"https:\/\/kosmeetika24.eu\/toode\/bruno-vassari-body-care-premium-firming-cream\/\">BRUNO VASSARI Body Care intensiivne pinguldav kreem<\/a>.<\/li>\n<\/ul>\n<p><strong>KOOSTIS<\/strong><\/p>\n<p><span style=\"font-size: 14px;\">AQUA (WATER), ALCOHOL DENAT., GLYCERIN, TRIETHANOLAMINE, PROPYLENE GLYCOL, CARBOMER, MENTHOL, DECYL GLUCOSIDE, CAMPHOR, EQUISETUM ARVENSE (HORSETAIL) EXTRACT, MEDICAGO SATIVA (ALFALFA) EXTRACT, SILYBUM MARIANUM FRUIT EXTRACT, TRITICOM VULGARE (WHEAT) SEED EXTRACT, GLYCINE SOJA (SOYBEAN) SEED EXTRACT, ALCEMILLA VULGARIS EXTRACT, RAPHANUS SATIVUS (RADISH) SEED EXTRACT, METHYLPROPANEDIOL, C.I. 42090 (FD&amp;C BLUE NO.1).<\/span><\/p>\n<p><span style=\"font-size: small;\"><span style=\"color: #000000;\"><span style=\"font-family: Roboto, sans-serif;\"><span style=\"font-size: xx-small;\">422.05- \u20ac\/l<\/span><\/span><\/span><\/span><\/p>\n","protected":false},"excerpt":{"rendered":"<p>200 ml<\/p>\n<p>Jahutav v\u00e4rskus stimuleerib rakkude ainevahetust ja aitab p\u00f5letada ladestunud rasvu.<\/p>\n<p>Parendab keha kontuuri, pinguldab ja toniseerib nahka.<\/p>\n","protected":false},"featured_media":2447,"template":"","meta":{"om_disable_all_campaigns":false,"_monsterinsights_skip_tracking":false,"_monsterinsights_sitenote_active":false,"_monsterinsights_sitenote_note":"","_monsterinsights_sitenote_category":0,"_uf_show_specific_survey":0,"_uf_disable_surveys":false,"site-sidebar-layout":"default","site-content-layout":"","ast-site-content-layout":"default","site-content-style":"default","site-sidebar-style":"default","ast-global-header-display":"","ast-banner-title-visibility":"","ast-main-header-display":"","ast-hfb-above-header-display":"","ast-hfb-below-header-display":"","ast-hfb-mobile-header-display":"","site-post-title":"","ast-breadcrumbs-content":"","ast-featured-img":"","footer-sml-layout":"","theme-transparent-header-meta":"default","adv-header-id-meta":"","stick-header-meta":"","header-above-stick-meta":"","header-main-stick-meta":"","header-below-stick-meta":"","astra-migrate-meta-layouts":"set","ast-page-background-enabled":"default","ast-page-background-meta":{"desktop":{"background-color":"var(--ast-global-color-4)","background-image":"","background-repeat":"repeat","background-position":"center center","background-size":"auto","background-attachment":"scroll","background-type":"","background-media":"","overlay-type":"","overlay-color":"","overlay-opacity":"","overlay-gradient":""},"tablet":{"background-color":"","background-image":"","background-repeat":"repeat","background-position":"center center","background-size":"auto","background-attachment":"scroll","background-type":"","background-media":"","overlay-type":"","overlay-color":"","overlay-opacity":"","overlay-gradient":""},"mobile":{"background-color":"","background-image":"","background-repeat":"repeat","background-position":"center center","background-size":"auto","background-attachment":"scroll","background-type":"","background-media":"","overlay-type":"","overlay-color":"","overlay-opacity":"","overlay-gradient":""}},"ast-content-background-meta":{"desktop":{"background-color":"var(--ast-global-color-5)","background-image":"","background-repeat":"repeat","background-position":"center center","background-size":"auto","background-attachment":"scroll","background-type":"","background-media":"","overlay-type":"","overlay-color":"","overlay-opacity":"","overlay-gradient":""},"tablet":{"background-color":"var(--ast-global-color-5)","background-image":"","background-repeat":"repeat","background-position":"center center","background-size":"auto","background-attachment":"scroll","background-type":"","background-media":"","overlay-type":"","overlay-color":"","overlay-opacity":"","overlay-gradient":""},"mobile":{"background-color":"var(--ast-global-color-5)","background-image":"","background-repeat":"repeat","background-position":"center center","background-size":"auto","background-attachment":"scroll","background-type":"","background-media":"","overlay-type":"","overlay-color":"","overlay-opacity":"","overlay-gradient":""}}},"product_brand":[],"product_cat":[46],"product_tag":[],"class_list":{"0":"post-2095","1":"product","2":"type-product","3":"status-publish","4":"has-post-thumbnail","6":"product_cat-kehale","7":"desktop-align-center","8":"tablet-align-left","9":"mobile-align-left","11":"first","12":"instock","13":"taxable","14":"shipping-taxable","15":"purchasable","16":"product-type-simple","17":"add-to-wishlist-before_image"},"aioseo_notices":[],"_links":{"self":[{"href":"https:\/\/kosmeetika24.eu\/et\/wp-json\/wp\/v2\/product\/2095","targetHints":{"allow":["GET"]}}],"collection":[{"href":"https:\/\/kosmeetika24.eu\/et\/wp-json\/wp\/v2\/product"}],"about":[{"href":"https:\/\/kosmeetika24.eu\/et\/wp-json\/wp\/v2\/types\/product"}],"version-history":[{"count":3,"href":"https:\/\/kosmeetika24.eu\/et\/wp-json\/wp\/v2\/product\/2095\/revisions"}],"predecessor-version":[{"id":8909,"href":"https:\/\/kosmeetika24.eu\/et\/wp-json\/wp\/v2\/product\/2095\/revisions\/8909"}],"wp:featuredmedia":[{"embeddable":true,"href":"https:\/\/kosmeetika24.eu\/et\/wp-json\/wp\/v2\/media\/2447"}],"wp:attachment":[{"href":"https:\/\/kosmeetika24.eu\/et\/wp-json\/wp\/v2\/media?parent=2095"}],"wp:term":[{"taxonomy":"product_brand","embeddable":true,"href":"https:\/\/kosmeetika24.eu\/et\/wp-json\/wp\/v2\/product_brand?post=2095"},{"taxonomy":"product_cat","embeddable":true,"href":"https:\/\/kosmeetika24.eu\/et\/wp-json\/wp\/v2\/product_cat?post=2095"},{"taxonomy":"product_tag","embeddable":true,"href":"https:\/\/kosmeetika24.eu\/et\/wp-json\/wp\/v2\/product_tag?post=2095"}],"curies":[{"name":"wp","href":"https:\/\/api.w.org\/{rel}","templated":true}]}}