{"id":2093,"date":"2019-11-18T12:43:40","date_gmt":"2019-11-18T12:43:40","guid":{"rendered":"https:\/\/kosmeetika24.eu\/?post_type=product&#038;p=2093"},"modified":"2025-01-10T18:03:08","modified_gmt":"2025-01-10T15:03:08","slug":"bruno-vassari-body-care-premium-firming-cream-2","status":"publish","type":"product","link":"https:\/\/kosmeetika24.eu\/et\/toode\/bruno-vassari-body-care-premium-firming-cream-2\/","title":{"rendered":"BRUNO VASSARI Body Care intensiivne pinguldav kreem"},"content":{"rendered":"<p>Pinguldav kehakreem <em>Premium Firming Cream<\/em> sisaldab toimeaineid, mis toniseerivad ja pinguldavad marrasknahka ning muudavad selle elastsemaks, siluvad kortsud, moodustavad uue silueti. Peamine toime p\u00f5hineb koostisosal, mis tugevdab p\u00e4risnaha-marrasknaha \u00fchendust, vastutab nahapinna v\u00e4limuse eest, hoides selle pringi ja \u00fchtlasena.<\/p>\n<p>Sobib k\u00f5igile nahat\u00fc\u00fcpidele, eriti l\u00f5dvale nahale.<\/p>\n<p><strong>TOIMEAINED<\/strong><\/p>\n<ul>\n<li>Toniskin<\/li>\n<li>Kreatiin<\/li>\n<li>Sheav\u00f5i<\/li>\n<li>Allantoiin<\/li>\n<li>D-pantenool 50P<\/li>\n<li>Rohelise tee ekstrakt<\/li>\n<\/ul>\n<p><strong>TOIME<\/strong><\/p>\n<ul>\n<li>Toniskin saadakse p\u00e4rmist ning see stimuleerib 4. ja 7. t\u00fc\u00fcpi kollageen s\u00fcnteesi. Aga ka integriinid, mis toetavad marrasknahka ja parandavat kudesid.<\/li>\n<li>Keratiniin aktiveerib elastiini ja kollageeni s\u00fcnteesi ning toetab naharakkude normaalset metabolismi.<\/li>\n<li>Sheav\u00f5i soodustab naha kaitsva lipiidivaiba moodustumist, v\u00e4hendab trasepidermaalset veekadu, taastab naha antioks\u00fcdantse kaitse.<\/li>\n<li>Allantoiin on taimeekstrakt, mis soodustab epidermise rakkude uuenemist.<\/li>\n<li>D-pantenol 50P soodustab epidermise rakkude kaitsekihi moodustumist, aktiveerib nende regeneratsiooni.<\/li>\n<li>Rohelise tee ekstrakt on aktiivne antioks\u00fcdant, mis osaleb naharakkude parandamise ja uuendamise protsessis ning sellel on pinguldav toime.<\/li>\n<\/ul>\n","protected":false},"excerpt":{"rendered":"<p>Professionaalseks kasutamiseks m\u00f5eldud intensiivne pinguldav kehakreem, mis taastab naha tooni, pinguldatuse ja elastsuse.<\/p>\n<p>&nbsp;<\/p>\n<p>1000 ml<\/p>\n","protected":false},"featured_media":2309,"template":"","meta":{"om_disable_all_campaigns":false,"_monsterinsights_skip_tracking":false,"_monsterinsights_sitenote_active":false,"_monsterinsights_sitenote_note":"","_monsterinsights_sitenote_category":0,"_uf_show_specific_survey":0,"_uf_disable_surveys":false,"site-sidebar-layout":"default","site-content-layout":"","ast-site-content-layout":"default","site-content-style":"default","site-sidebar-style":"default","ast-global-header-display":"","ast-banner-title-visibility":"","ast-main-header-display":"","ast-hfb-above-header-display":"","ast-hfb-below-header-display":"","ast-hfb-mobile-header-display":"","site-post-title":"","ast-breadcrumbs-content":"","ast-featured-img":"","footer-sml-layout":"","theme-transparent-header-meta":"default","adv-header-id-meta":"","stick-header-meta":"","header-above-stick-meta":"","header-main-stick-meta":"","header-below-stick-meta":"","astra-migrate-meta-layouts":"set","ast-page-background-enabled":"default","ast-page-background-meta":{"desktop":{"background-color":"var(--ast-global-color-4)","background-image":"","background-repeat":"repeat","background-position":"center center","background-size":"auto","background-attachment":"scroll","background-type":"","background-media":"","overlay-type":"","overlay-color":"","overlay-opacity":"","overlay-gradient":""},"tablet":{"background-color":"","background-image":"","background-repeat":"repeat","background-position":"center center","background-size":"auto","background-attachment":"scroll","background-type":"","background-media":"","overlay-type":"","overlay-color":"","overlay-opacity":"","overlay-gradient":""},"mobile":{"background-color":"","background-image":"","background-repeat":"repeat","background-position":"center center","background-size":"auto","background-attachment":"scroll","background-type":"","background-media":"","overlay-type":"","overlay-color":"","overlay-opacity":"","overlay-gradient":""}},"ast-content-background-meta":{"desktop":{"background-color":"var(--ast-global-color-5)","background-image":"","background-repeat":"repeat","background-position":"center center","background-size":"auto","background-attachment":"scroll","background-type":"","background-media":"","overlay-type":"","overlay-color":"","overlay-opacity":"","overlay-gradient":""},"tablet":{"background-color":"var(--ast-global-color-5)","background-image":"","background-repeat":"repeat","background-position":"center center","background-size":"auto","background-attachment":"scroll","background-type":"","background-media":"","overlay-type":"","overlay-color":"","overlay-opacity":"","overlay-gradient":""},"mobile":{"background-color":"var(--ast-global-color-5)","background-image":"","background-repeat":"repeat","background-position":"center center","background-size":"auto","background-attachment":"scroll","background-type":"","background-media":"","overlay-type":"","overlay-color":"","overlay-opacity":"","overlay-gradient":""}}},"product_brand":[],"product_cat":[127,115,108],"product_tag":[],"class_list":{"0":"post-2093","1":"product","2":"type-product","3":"status-publish","4":"has-post-thumbnail","6":"product_cat-kehale-profitooted","7":"product_cat-kreemid-profitooted","8":"product_cat-profitooted","9":"desktop-align-center","10":"tablet-align-left","11":"mobile-align-left","13":"first","14":"instock","15":"taxable","16":"shipping-taxable","17":"product-type-simple","18":"add-to-wishlist-before_image"},"aioseo_notices":[],"_links":{"self":[{"href":"https:\/\/kosmeetika24.eu\/et\/wp-json\/wp\/v2\/product\/2093","targetHints":{"allow":["GET"]}}],"collection":[{"href":"https:\/\/kosmeetika24.eu\/et\/wp-json\/wp\/v2\/product"}],"about":[{"href":"https:\/\/kosmeetika24.eu\/et\/wp-json\/wp\/v2\/types\/product"}],"version-history":[{"count":2,"href":"https:\/\/kosmeetika24.eu\/et\/wp-json\/wp\/v2\/product\/2093\/revisions"}],"predecessor-version":[{"id":8910,"href":"https:\/\/kosmeetika24.eu\/et\/wp-json\/wp\/v2\/product\/2093\/revisions\/8910"}],"wp:featuredmedia":[{"embeddable":true,"href":"https:\/\/kosmeetika24.eu\/et\/wp-json\/wp\/v2\/media\/2309"}],"wp:attachment":[{"href":"https:\/\/kosmeetika24.eu\/et\/wp-json\/wp\/v2\/media?parent=2093"}],"wp:term":[{"taxonomy":"product_brand","embeddable":true,"href":"https:\/\/kosmeetika24.eu\/et\/wp-json\/wp\/v2\/product_brand?post=2093"},{"taxonomy":"product_cat","embeddable":true,"href":"https:\/\/kosmeetika24.eu\/et\/wp-json\/wp\/v2\/product_cat?post=2093"},{"taxonomy":"product_tag","embeddable":true,"href":"https:\/\/kosmeetika24.eu\/et\/wp-json\/wp\/v2\/product_tag?post=2093"}],"curies":[{"name":"wp","href":"https:\/\/api.w.org\/{rel}","templated":true}]}}