{"id":2092,"date":"2019-11-18T12:43:28","date_gmt":"2019-11-18T12:43:28","guid":{"rendered":"https:\/\/kosmeetika24.eu\/?post_type=product&#038;p=2092"},"modified":"2025-02-28T15:41:25","modified_gmt":"2025-02-28T12:41:25","slug":"bruno-vassari-body-care-premium-firming-cream","status":"publish","type":"product","link":"https:\/\/kosmeetika24.eu\/et\/toode\/bruno-vassari-body-care-premium-firming-cream\/","title":{"rendered":"BRUNO VASSARI Body Care intensiivne pinguldav kreem"},"content":{"rendered":"<p>Pinguldav kehakreem <em>Premium Firming Cream<\/em> sisaldab toimeaineid, mis toniseerivad ja pinguldavad marrasknahka ning muudavad selle elastsemaks, siluvad kortsud, moodustavad uue silueti. Peamine toime p\u00f5hineb koostisosal, mis tugevdab p\u00e4risnaha-marrasknaha \u00fchendust, vastutab nahapinna v\u00e4limuse eest, hoides selle pringi ja \u00fchtlasena.<\/p>\n<p>Sobib k\u00f5igile nahat\u00fc\u00fcpidele, eriti l\u00f5dvale nahale.<\/p>\n<p><strong>PEAMISED TOIMEAINED<\/strong><\/p>\n<ul>\n<li>Toniskin<\/li>\n<li>Kreatiin<\/li>\n<li>Sheav\u00f5i<\/li>\n<li>Allantoiin<\/li>\n<li>D-pantenool 50P<\/li>\n<li>Rohelise tee ekstrakt<\/li>\n<\/ul>\n<p><strong>TOIME<\/strong><\/p>\n<ul>\n<li>Toniskin v\u00e4hendab kortse, silub mikroreljeefi ja kujundab kehakontuurid harmooniliselt \u00fcmber.<\/li>\n<li>Keratiin aktiveerib elastiini ja kollageeni s\u00fcnteesi ning toetab naharakkude normaalset metabolismi.<\/li>\n<li>Sheav\u00f5i soodustab naha kaitsva lipiidivaiba moodustumist, v\u00e4hendab trasepidermaalset veekadu, taastab naha antioks\u00fcdantse kaitse.<\/li>\n<li>Allantoiin on taimeekstrakt, mis soodustab epidermise rakkude uuenemist.<\/li>\n<li>D-pantenol 50P soodustab epidermise rakkude kaitsekihi moodustumist, aktiveerib nende regeneratsiooni.<\/li>\n<li>Rohelise tee ekstrakt on aktiivne antioks\u00fcdant, mis osaleb naharakkude parandamise ja uuendamise protsessis ning sellel on pinguldav toime.<\/li>\n<\/ul>\n<p><strong>KASUTAMINE<\/strong><\/p>\n<ul>\n<li>Naha pind puhastada eelnevalt nt tootega <a href=\"https:\/\/kosmeetika24.eu\/toode\/bruno-vassari-body-care-double-body-peel\/\">BRUNO VASSARI Body Care kehakoorija<\/a>.<\/li>\n<li>Kehakreem kanda \u00fcks v\u00f5i kaks korda p\u00e4evas soovitud piirkonnale \u00f5rnade liigutustega kuni t\u00e4ieliku imendumiseni. Sobib kasutamiseks \u00f5htul.<\/li>\n<\/ul>\n<p><strong>KOOSTIS<\/strong><\/p>\n<p><span style=\"font-size: 14px;\">AQUA (WATER), ISONONYL ISONONANOATE, CYCLOPENTASILOXANE, C12-15 ALKYL BENZOATE, GLYCERIN, HYDROGENATED POLYISOBUTENE, PENTARYTHRITYL DISTEARATE, GLYCERYL STEARATE, PEG-100 STEARATE, FAEX (YEAST) EXTRACT, ALLATOIN, CREATINE, BUTYROSPERMUM PARKII (SHEA) BUTTER, PHENOXYETHANOL, SODIUM ACRYLATE\/SODIUM ACRYLOYLDIMETHYLTAURATE COPOLYMER, ISOHEXADECANE, PANTHENOL, PROPYLENE GLYCOL, CHLORPHENESIN, DISODIUM EDTA, METHYLPARABEN, PARFUM (FRAGRANCE), POLYSORBATE 80, ETHYLHEXYLGLYCERIN, LIMONENE, BUTYLPHENYL METHYLPROPIONAL.<\/span><\/p>\n<p><span style=\"font-size: small;\"><span style=\"color: #000000;\"><span style=\"font-family: Roboto, sans-serif;\"><span style=\"font-size: xx-small;\">519.50 \u20ac\/l<\/span><\/span><\/span><\/span><\/p>\n","protected":false},"excerpt":{"rendered":"<p>200 ml<\/p>\n<p>Intensiivne pinguldav kehakreem taastab naha tooni, pinguldatuse ja elastsuse.<\/p>\n","protected":false},"featured_media":2449,"template":"","meta":{"om_disable_all_campaigns":false,"_monsterinsights_skip_tracking":false,"_monsterinsights_sitenote_active":false,"_monsterinsights_sitenote_note":"","_monsterinsights_sitenote_category":0,"_uf_show_specific_survey":0,"_uf_disable_surveys":false,"site-sidebar-layout":"default","site-content-layout":"","ast-site-content-layout":"default","site-content-style":"default","site-sidebar-style":"default","ast-global-header-display":"","ast-banner-title-visibility":"","ast-main-header-display":"","ast-hfb-above-header-display":"","ast-hfb-below-header-display":"","ast-hfb-mobile-header-display":"","site-post-title":"","ast-breadcrumbs-content":"","ast-featured-img":"","footer-sml-layout":"","theme-transparent-header-meta":"default","adv-header-id-meta":"","stick-header-meta":"","header-above-stick-meta":"","header-main-stick-meta":"","header-below-stick-meta":"","astra-migrate-meta-layouts":"set","ast-page-background-enabled":"default","ast-page-background-meta":{"desktop":{"background-color":"var(--ast-global-color-4)","background-image":"","background-repeat":"repeat","background-position":"center center","background-size":"auto","background-attachment":"scroll","background-type":"","background-media":"","overlay-type":"","overlay-color":"","overlay-opacity":"","overlay-gradient":""},"tablet":{"background-color":"","background-image":"","background-repeat":"repeat","background-position":"center center","background-size":"auto","background-attachment":"scroll","background-type":"","background-media":"","overlay-type":"","overlay-color":"","overlay-opacity":"","overlay-gradient":""},"mobile":{"background-color":"","background-image":"","background-repeat":"repeat","background-position":"center center","background-size":"auto","background-attachment":"scroll","background-type":"","background-media":"","overlay-type":"","overlay-color":"","overlay-opacity":"","overlay-gradient":""}},"ast-content-background-meta":{"desktop":{"background-color":"var(--ast-global-color-5)","background-image":"","background-repeat":"repeat","background-position":"center center","background-size":"auto","background-attachment":"scroll","background-type":"","background-media":"","overlay-type":"","overlay-color":"","overlay-opacity":"","overlay-gradient":""},"tablet":{"background-color":"var(--ast-global-color-5)","background-image":"","background-repeat":"repeat","background-position":"center center","background-size":"auto","background-attachment":"scroll","background-type":"","background-media":"","overlay-type":"","overlay-color":"","overlay-opacity":"","overlay-gradient":""},"mobile":{"background-color":"var(--ast-global-color-5)","background-image":"","background-repeat":"repeat","background-position":"center center","background-size":"auto","background-attachment":"scroll","background-type":"","background-media":"","overlay-type":"","overlay-color":"","overlay-opacity":"","overlay-gradient":""}}},"product_brand":[],"product_cat":[46,354],"product_tag":[],"class_list":{"0":"post-2092","1":"product","2":"type-product","3":"status-publish","4":"has-post-thumbnail","6":"product_cat-kehale","7":"product_cat-kreemid-kehale","8":"desktop-align-center","9":"tablet-align-left","10":"mobile-align-left","12":"first","13":"instock","14":"taxable","15":"shipping-taxable","16":"purchasable","17":"product-type-simple","18":"add-to-wishlist-before_image"},"aioseo_notices":[],"_links":{"self":[{"href":"https:\/\/kosmeetika24.eu\/et\/wp-json\/wp\/v2\/product\/2092","targetHints":{"allow":["GET"]}}],"collection":[{"href":"https:\/\/kosmeetika24.eu\/et\/wp-json\/wp\/v2\/product"}],"about":[{"href":"https:\/\/kosmeetika24.eu\/et\/wp-json\/wp\/v2\/types\/product"}],"version-history":[{"count":3,"href":"https:\/\/kosmeetika24.eu\/et\/wp-json\/wp\/v2\/product\/2092\/revisions"}],"predecessor-version":[{"id":3153,"href":"https:\/\/kosmeetika24.eu\/et\/wp-json\/wp\/v2\/product\/2092\/revisions\/3153"}],"wp:featuredmedia":[{"embeddable":true,"href":"https:\/\/kosmeetika24.eu\/et\/wp-json\/wp\/v2\/media\/2449"}],"wp:attachment":[{"href":"https:\/\/kosmeetika24.eu\/et\/wp-json\/wp\/v2\/media?parent=2092"}],"wp:term":[{"taxonomy":"product_brand","embeddable":true,"href":"https:\/\/kosmeetika24.eu\/et\/wp-json\/wp\/v2\/product_brand?post=2092"},{"taxonomy":"product_cat","embeddable":true,"href":"https:\/\/kosmeetika24.eu\/et\/wp-json\/wp\/v2\/product_cat?post=2092"},{"taxonomy":"product_tag","embeddable":true,"href":"https:\/\/kosmeetika24.eu\/et\/wp-json\/wp\/v2\/product_tag?post=2092"}],"curies":[{"name":"wp","href":"https:\/\/api.w.org\/{rel}","templated":true}]}}