{"id":2091,"date":"2019-11-18T12:04:11","date_gmt":"2019-11-18T12:04:11","guid":{"rendered":"https:\/\/kosmeetika24.eu\/?post_type=product&#038;p=2091"},"modified":"2025-02-28T15:41:02","modified_gmt":"2025-02-28T12:41:02","slug":"bruno-vassari-body-care-cellulite-control","status":"publish","type":"product","link":"https:\/\/kosmeetika24.eu\/et\/toode\/bruno-vassari-body-care-cellulite-control\/","title":{"rendered":"BRUNO VASSARI Body Care tselluliidivastane kreem"},"content":{"rendered":"<p>Kreem <em>Cellulite Control<\/em> v\u00f5itleb t\u00f5husalt tselluliidiga, modelleerib keha siluetti. Peamised toimeained l\u00f5hustavad rasvarakkudes rasva, eemaldavad liigse vedeliku ja leevendavad turset. Parendab &#8220;apelsinikoorenahka\u201c ning v\u00e4hendab sentimeetreid.<\/p>\n<p>Sobib k\u00f5igile nahat\u00fc\u00fcpidele.<\/p>\n<p><strong>PEAMISED TOIMEAINED<\/strong><\/p>\n<ul>\n<li>Lipout<\/li>\n<li>Kofeiin<\/li>\n<li>Algisium C<\/li>\n<li>E-vitamiin<\/li>\n<\/ul>\n<p><strong>TOIME<\/strong><\/p>\n<ul>\n<li>Lipout p\u00f5letab rasva, kujundab \u00fcmber keha kontuurid, v\u00e4hendab mahtu, eemaldab tselluliidi ning parandab elastsust ja tugevust.<\/li>\n<li>Kofeiin on <span class=\"s1\">p\u00f5hiline tselluliidivastane koostisosa, mis soodustab rasvarakkudesse kogunenud rasva eemaldamist. Kofeiin piirab mitte ainult rasvade s\u00e4ilitamist, vaid soodustab ka nende lagunemist. Soodustab soojuse tootmist ja stimuleerib vereringet.\u00a0<\/span><\/li>\n<li>Algisium C\u00ae toimib vananemisvastase, venitusvastase, salendava, kortsudevastase, p\u00f5letikuvastase, pinguldava, rahustava ja niisutava ainena.<\/li>\n<li>E-vitamiin antioks\u00fcdant, stimuleerib naha hingamist ja tugevdab naha rakkude membraani.<\/li>\n<\/ul>\n<p><strong>KASUTAMINE<\/strong><\/p>\n<ul>\n<li>Naha pind puhastada eelnevalt nt tootega <a href=\"https:\/\/kosmeetika24.eu\/toode\/bruno-vassari-body-care-double-body-peel\/\">BRUNO VASSARI Body Care kehakoorija<\/a>.<\/li>\n<li>Tselluliidivastane kreem kanda kergete masseerivate liigutustega puhastatud nahale. Sobib kasutamiseks nii hommikul kui \u00f5htul.<\/li>\n<li>Salaedavaks hoolduseks kasutada nt toodet <a href=\"https:\/\/kosmeetika24.eu\/toode\/bruno-vassari-body-care-slim-effect-gel\/\">BRUNO VASSARI Body Care salendav ja jahutav geel<\/a>.<\/li>\n<\/ul>\n<p><strong>KOOSTIS<\/strong><\/p>\n<p><span style=\"font-size: 14px;\">AQUA (WATER), ALCOHOL DENAT., CYCLOPENTASILOXANE, GLYCERIN, C15-19 ALKANE, CAPRYLIC\/CAPRIC TRIGLYCERIDE, CAFFEINE, ETHYLHEXYL METTHOXYCINNAMATE, METHYLSILANOL MANNURONATE, SODIUM HYDROXIDE, PLANKTON EXTRACT, POLYACRYLAMIDE, PHENOXYETHANOL, C13-14 ISOPARAFFIN, TOCOPHERYL ACETATE, GHLORPHENESIN, DISODIUM EDTA, XANTHAN GUM, PARFUM (FRAGRANCE), ACRYLATES\/ C10-30 ALKYL ACRYLATE CROSSPOLYMER, LAURETH-7, TOCOPHEROL, LIMONENE, SODIUM METHYLPARABEN, BUTYLPHENYL METHYLPROPIONAL, METHYLPROPANEDIOL, SORBIC ACID, BHT, PROPYLPARABEN, C.I. 42090 (FD&amp;C BLUE NO.1).\u00a0<\/span><\/p>\n<p><span style=\"color: #000000;\"><span style=\"font-family: Roboto, sans-serif;\"><span style=\"font-size: small;\"><span style=\"font-size: xx-small;\">442.90 \u20ac\/l<\/span><\/span><\/span><\/span><\/p>\n","protected":false},"excerpt":{"rendered":"<p>200 ml<\/p>\n<p>Intensiivne geelkreem, mille on tselluliidivastane toime.<\/p>\n<p>Aitab p\u00f5letada ladestunud rasvu, parendab &#8220;apelsinikoorenahka&#8221;, v\u00e4hendab sentimeetreid ja kujundab siluetti.<\/p>\n","protected":false},"featured_media":2452,"template":"","meta":{"om_disable_all_campaigns":false,"_monsterinsights_skip_tracking":false,"_monsterinsights_sitenote_active":false,"_monsterinsights_sitenote_note":"","_monsterinsights_sitenote_category":0,"_uf_show_specific_survey":0,"_uf_disable_surveys":false,"site-sidebar-layout":"default","site-content-layout":"","ast-site-content-layout":"default","site-content-style":"default","site-sidebar-style":"default","ast-global-header-display":"","ast-banner-title-visibility":"","ast-main-header-display":"","ast-hfb-above-header-display":"","ast-hfb-below-header-display":"","ast-hfb-mobile-header-display":"","site-post-title":"","ast-breadcrumbs-content":"","ast-featured-img":"","footer-sml-layout":"","theme-transparent-header-meta":"default","adv-header-id-meta":"","stick-header-meta":"","header-above-stick-meta":"","header-main-stick-meta":"","header-below-stick-meta":"","astra-migrate-meta-layouts":"set","ast-page-background-enabled":"default","ast-page-background-meta":{"desktop":{"background-color":"var(--ast-global-color-4)","background-image":"","background-repeat":"repeat","background-position":"center center","background-size":"auto","background-attachment":"scroll","background-type":"","background-media":"","overlay-type":"","overlay-color":"","overlay-opacity":"","overlay-gradient":""},"tablet":{"background-color":"","background-image":"","background-repeat":"repeat","background-position":"center center","background-size":"auto","background-attachment":"scroll","background-type":"","background-media":"","overlay-type":"","overlay-color":"","overlay-opacity":"","overlay-gradient":""},"mobile":{"background-color":"","background-image":"","background-repeat":"repeat","background-position":"center center","background-size":"auto","background-attachment":"scroll","background-type":"","background-media":"","overlay-type":"","overlay-color":"","overlay-opacity":"","overlay-gradient":""}},"ast-content-background-meta":{"desktop":{"background-color":"var(--ast-global-color-5)","background-image":"","background-repeat":"repeat","background-position":"center center","background-size":"auto","background-attachment":"scroll","background-type":"","background-media":"","overlay-type":"","overlay-color":"","overlay-opacity":"","overlay-gradient":""},"tablet":{"background-color":"var(--ast-global-color-5)","background-image":"","background-repeat":"repeat","background-position":"center center","background-size":"auto","background-attachment":"scroll","background-type":"","background-media":"","overlay-type":"","overlay-color":"","overlay-opacity":"","overlay-gradient":""},"mobile":{"background-color":"var(--ast-global-color-5)","background-image":"","background-repeat":"repeat","background-position":"center center","background-size":"auto","background-attachment":"scroll","background-type":"","background-media":"","overlay-type":"","overlay-color":"","overlay-opacity":"","overlay-gradient":""}}},"product_brand":[],"product_cat":[46,344],"product_tag":[],"class_list":{"0":"post-2091","1":"product","2":"type-product","3":"status-publish","4":"has-post-thumbnail","6":"product_cat-kehale","7":"product_cat-tselluliidivastane","8":"desktop-align-center","9":"tablet-align-left","10":"mobile-align-left","12":"first","13":"instock","14":"taxable","15":"shipping-taxable","16":"purchasable","17":"product-type-simple","18":"add-to-wishlist-before_image"},"aioseo_notices":[],"_links":{"self":[{"href":"https:\/\/kosmeetika24.eu\/et\/wp-json\/wp\/v2\/product\/2091","targetHints":{"allow":["GET"]}}],"collection":[{"href":"https:\/\/kosmeetika24.eu\/et\/wp-json\/wp\/v2\/product"}],"about":[{"href":"https:\/\/kosmeetika24.eu\/et\/wp-json\/wp\/v2\/types\/product"}],"version-history":[{"count":3,"href":"https:\/\/kosmeetika24.eu\/et\/wp-json\/wp\/v2\/product\/2091\/revisions"}],"predecessor-version":[{"id":8912,"href":"https:\/\/kosmeetika24.eu\/et\/wp-json\/wp\/v2\/product\/2091\/revisions\/8912"}],"wp:featuredmedia":[{"embeddable":true,"href":"https:\/\/kosmeetika24.eu\/et\/wp-json\/wp\/v2\/media\/2452"}],"wp:attachment":[{"href":"https:\/\/kosmeetika24.eu\/et\/wp-json\/wp\/v2\/media?parent=2091"}],"wp:term":[{"taxonomy":"product_brand","embeddable":true,"href":"https:\/\/kosmeetika24.eu\/et\/wp-json\/wp\/v2\/product_brand?post=2091"},{"taxonomy":"product_cat","embeddable":true,"href":"https:\/\/kosmeetika24.eu\/et\/wp-json\/wp\/v2\/product_cat?post=2091"},{"taxonomy":"product_tag","embeddable":true,"href":"https:\/\/kosmeetika24.eu\/et\/wp-json\/wp\/v2\/product_tag?post=2091"}],"curies":[{"name":"wp","href":"https:\/\/api.w.org\/{rel}","templated":true}]}}