{"id":2076,"date":"2019-11-18T09:47:36","date_gmt":"2019-11-18T09:47:36","guid":{"rendered":"https:\/\/kosmeetika24.eu\/?post_type=product&#038;p=2076"},"modified":"2024-10-08T16:07:41","modified_gmt":"2024-10-08T13:07:41","slug":"bruno-vassari-boosters-the-true-cream","status":"publish","type":"product","link":"https:\/\/kosmeetika24.eu\/et\/toode\/bruno-vassari-boosters-the-true-cream\/","title":{"rendered":"BRUNO VASSARI Boosters aluskreem"},"content":{"rendered":"<p>Aluskreem<em> The True Cream<\/em> on uuendusliku pehme struktuuriga kreem, mida on lihtne peale kanda ja mis imendub kiiresti. Kreem loob kaitsekihi naha pinnale, aitab s\u00e4ilitada toitumisja niisutavaid tegureid naha pinnal.<\/p>\n<p>Kasutatakse sideainena segamiseks \u00fche v\u00f5i mitme Booster kontsentraadiga, s\u00f5ltuvalt nahat\u00fc\u00fcbist ja protseduuri eesm\u00e4rgist.<\/p>\n<p>Sobib k\u00f5igile nahat\u00fc\u00fcpidele.<\/p>\n<p><strong>TOIMEAINED<\/strong><\/p>\n<ul>\n<li>Skvalaan<\/li>\n<li>Gl\u00fckoosist saadud looduslik emulgaator<\/li>\n<li>Kerged pehmendavad ained<\/li>\n<li>Niisutavad ained<\/li>\n<\/ul>\n<p><strong>TOIME<\/strong><\/p>\n<ul>\n<li>Skvalaan on osa looduslikust niisutavast tegurist. Toimib kui pehmendav aine, niisutaja ja antioks\u00fcdant.<\/li>\n<li>Gl\u00fckoosist saadud looduslik emulgaator ning kerged pehmendavad ained annavad kerge ja mugava<br \/>\ntekstuuri. J\u00e4tavad nahale hea sametise tunde.<\/li>\n<li>Niisutavad ained kaitsevad nahka kuivamise eest ning ennetavad transepidermaalset veekadu.<\/li>\n<\/ul>\n<p><strong>KASUTAMINE<\/strong><\/p>\n<ul>\n<li>Aluskreemi kasutada hoolduse l\u00f5pus viimase etapina.<\/li>\n<li>Parema tulemuse saamiseks lisada kreemile 0,5 ml sobivat Boosters kontsentraati ning kanna n\u00e4ole, kaelale ja dekolteepiirkonda.<\/li>\n<li>Kontsentraadid on j\u00e4rgmised:<\/li>\n<\/ul>\n<ol>\n<li><a href=\"https:\/\/kosmeetika24.eu\/toode\/bruno-vassari-boosters-radiance-plus\/\">BRUNO VASSARI Boosters s\u00e4ra andev kontsentraat<\/a><\/li>\n<li><a href=\"https:\/\/kosmeetika24.eu\/toode\/bruno-vassari-boosters-skin-clarifier\/\">BRUNO VASSARI Boosters puhastav kontsentraat<\/a><\/li>\n<li><a href=\"https:\/\/kosmeetika24.eu\/toode\/bruno-vassari-boosters-skin-relief\/\">BRUNO VASSARI Boosters rahustav kontsentraat<\/a><\/li>\n<li><a href=\"https:\/\/kosmeetika24.eu\/toode\/bruno-vassari-boosters-o2-detox\/\">BRUNO VASSARI Boosters hapnikuga rikastav kontsentraat<\/a><\/li>\n<li><a href=\"https:\/\/kosmeetika24.eu\/toode\/bruno-vassari-boosters-ultra-firm\/\">BRUNO VASSARI Boosters pinguldav kontsentraat<\/a><\/li>\n<\/ol>\n<p><strong>KOOSTIS<\/strong><\/p>\n<p><span style=\"font-size: 14px;\">AQUA (WATER), GLYCERIN, CAPRYLIC\/CAPRIC TRIGLYCERIDE, DICAPRYLYL CARBONATE, ISONONYL ISONONANOATE, GLYCOL PALMITATE, HYDROXYETHYL ACRYLATE\/SODIUM ACRYLOYLDIMETHYL, TAURATE COPOLYMER, DIMETHICONE, GLYCERYL STEARATE, PEG-100 STEARATE, C14-22 ALCHOHOLS, SQUALANE, PHENOXYETHANOL, CHLORPHENESIN, C12-20 ALKYL\u00a0 GLUCOSIDE, METHYLPARABEN, POLYSORBATE 60, DISODIUM EDTA, PARFUM (FRAGRANCE), SODIUM HYDROXIDE.<\/span><\/p>\n","protected":false},"excerpt":{"rendered":"<p>Professionaalseks kasutamiseks m\u00f5eldud kreem kaitseb nahka, aitab s\u00e4ilitada toitvaid ja niisutavaid tegureid naha pinnal.<\/p>\n<p>&nbsp;<\/p>\n<p>200 ml<\/p>\n","protected":false},"featured_media":2312,"template":"","meta":{"om_disable_all_campaigns":false,"_monsterinsights_skip_tracking":false,"_monsterinsights_sitenote_active":false,"_monsterinsights_sitenote_note":"","_monsterinsights_sitenote_category":0,"_uf_show_specific_survey":0,"_uf_disable_surveys":false,"site-sidebar-layout":"default","site-content-layout":"","ast-site-content-layout":"default","site-content-style":"default","site-sidebar-style":"default","ast-global-header-display":"","ast-banner-title-visibility":"","ast-main-header-display":"","ast-hfb-above-header-display":"","ast-hfb-below-header-display":"","ast-hfb-mobile-header-display":"","site-post-title":"","ast-breadcrumbs-content":"","ast-featured-img":"","footer-sml-layout":"","theme-transparent-header-meta":"default","adv-header-id-meta":"","stick-header-meta":"","header-above-stick-meta":"","header-main-stick-meta":"","header-below-stick-meta":"","astra-migrate-meta-layouts":"set","ast-page-background-enabled":"default","ast-page-background-meta":{"desktop":{"background-color":"var(--ast-global-color-4)","background-image":"","background-repeat":"repeat","background-position":"center center","background-size":"auto","background-attachment":"scroll","background-type":"","background-media":"","overlay-type":"","overlay-color":"","overlay-opacity":"","overlay-gradient":""},"tablet":{"background-color":"","background-image":"","background-repeat":"repeat","background-position":"center center","background-size":"auto","background-attachment":"scroll","background-type":"","background-media":"","overlay-type":"","overlay-color":"","overlay-opacity":"","overlay-gradient":""},"mobile":{"background-color":"","background-image":"","background-repeat":"repeat","background-position":"center center","background-size":"auto","background-attachment":"scroll","background-type":"","background-media":"","overlay-type":"","overlay-color":"","overlay-opacity":"","overlay-gradient":""}},"ast-content-background-meta":{"desktop":{"background-color":"var(--ast-global-color-5)","background-image":"","background-repeat":"repeat","background-position":"center center","background-size":"auto","background-attachment":"scroll","background-type":"","background-media":"","overlay-type":"","overlay-color":"","overlay-opacity":"","overlay-gradient":""},"tablet":{"background-color":"var(--ast-global-color-5)","background-image":"","background-repeat":"repeat","background-position":"center center","background-size":"auto","background-attachment":"scroll","background-type":"","background-media":"","overlay-type":"","overlay-color":"","overlay-opacity":"","overlay-gradient":""},"mobile":{"background-color":"var(--ast-global-color-5)","background-image":"","background-repeat":"repeat","background-position":"center center","background-size":"auto","background-attachment":"scroll","background-type":"","background-media":"","overlay-type":"","overlay-color":"","overlay-opacity":"","overlay-gradient":""}}},"product_brand":[],"product_cat":[115,108],"product_tag":[],"class_list":{"0":"post-2076","1":"product","2":"type-product","3":"status-publish","4":"has-post-thumbnail","6":"product_cat-kreemid-profitooted","7":"product_cat-profitooted","8":"desktop-align-center","9":"tablet-align-left","10":"mobile-align-left","12":"first","13":"instock","14":"taxable","15":"shipping-taxable","16":"product-type-simple","17":"add-to-wishlist-before_image"},"aioseo_notices":[],"_links":{"self":[{"href":"https:\/\/kosmeetika24.eu\/et\/wp-json\/wp\/v2\/product\/2076","targetHints":{"allow":["GET"]}}],"collection":[{"href":"https:\/\/kosmeetika24.eu\/et\/wp-json\/wp\/v2\/product"}],"about":[{"href":"https:\/\/kosmeetika24.eu\/et\/wp-json\/wp\/v2\/types\/product"}],"version-history":[{"count":1,"href":"https:\/\/kosmeetika24.eu\/et\/wp-json\/wp\/v2\/product\/2076\/revisions"}],"predecessor-version":[{"id":7290,"href":"https:\/\/kosmeetika24.eu\/et\/wp-json\/wp\/v2\/product\/2076\/revisions\/7290"}],"wp:featuredmedia":[{"embeddable":true,"href":"https:\/\/kosmeetika24.eu\/et\/wp-json\/wp\/v2\/media\/2312"}],"wp:attachment":[{"href":"https:\/\/kosmeetika24.eu\/et\/wp-json\/wp\/v2\/media?parent=2076"}],"wp:term":[{"taxonomy":"product_brand","embeddable":true,"href":"https:\/\/kosmeetika24.eu\/et\/wp-json\/wp\/v2\/product_brand?post=2076"},{"taxonomy":"product_cat","embeddable":true,"href":"https:\/\/kosmeetika24.eu\/et\/wp-json\/wp\/v2\/product_cat?post=2076"},{"taxonomy":"product_tag","embeddable":true,"href":"https:\/\/kosmeetika24.eu\/et\/wp-json\/wp\/v2\/product_tag?post=2076"}],"curies":[{"name":"wp","href":"https:\/\/api.w.org\/{rel}","templated":true}]}}