{"id":2075,"date":"2019-11-18T08:53:13","date_gmt":"2019-11-18T08:53:13","guid":{"rendered":"https:\/\/kosmeetika24.eu\/?post_type=product&#038;p=2075"},"modified":"2025-09-16T09:59:14","modified_gmt":"2025-09-16T06:59:14","slug":"bruno-vassari-boosters-second-skin-mask","status":"publish","type":"product","link":"https:\/\/kosmeetika24.eu\/et\/toode\/bruno-vassari-boosters-second-skin-mask\/","title":{"rendered":"BRUNO VASSARI Boosters niisutav biotselluloosimask"},"content":{"rendered":"<p>Professionaalseks kasutamiseks m\u00f5eldud boitselluloosil p\u00f5hinev mask <em>Second Skin<\/em>\u00a0 rahustab ja niisutab.<\/p>\n<p>Nahale kandmisel moodustab see kaitsekihi ning turgutab nahka suure kontsentratsiooniga toimeainetega.<\/p>\n<p>Jume muutub v\u00e4rskeks ja s\u00e4ravaks juba 20 minutit p\u00e4rast kasutamist.<\/p>\n<p>Sobib k\u00f5igile nahat\u00fc\u00fcpidele.<\/p>\n<p><strong>TOIMEAINED<\/strong><\/p>\n<ul>\n<li>Gl\u00fctseriin<\/li>\n<li>H\u00fcaluroonhape<\/li>\n<li>F\u00fckogeel<\/li>\n<li>Kollageen<\/li>\n<li>Harilik aaloe<\/li>\n<\/ul>\n<p><strong>TOIME<\/strong><\/p>\n<ul>\n<li>Gl\u00fctseriin niisutab ja rahustab nahka.<\/li>\n<li>V\u00e4ikese molekulmassiga h\u00fcaluroonhape tungib s\u00fcgavale sarvkihti, et hoida kinni transepidermaalset vett, t\u00e4ites naharakke niiskusega.<\/li>\n<li>F\u00fckogeel: pol\u00fcsahhariid, mida iseloomustab niisutav toime ning v\u00f5ime moodustada nahale kaitsekiht, mis takistab kuivamist.<\/li>\n<li>Kollageen parandab naha tooni ja elastsust.<\/li>\n<li>Harilik aaloe niisutab ja toidab nahka.<\/li>\n<\/ul>\n<p><strong>KOOSTIS<\/strong><\/p>\n<p>AQUA ( WATER), GLYCERIN, POLYACRYLATE-13, PHENOXYETHANOL, ETHYLHEXYLGLYCERIN, TRIETHANOLAMINE, POLYISOBUTENE, ACRYLATES\/C10-30 ALKYACRYLATE, CROSSPOLYMER, DISODIUMEDTA, SODIUMHYALURONATE, PARFUM (FRAGRANCE), POLYSORBATE 20, SORBITAB ISOSTEARATE, BIOSACCHARIDE GUM-1, CITRIC ACID, SODIUM CITRATE, SOLUBLE COLLAGEN, SODIUM BENZOATE, HEXYL CINNAMAL, LINALOOL, ALOE BARBADENSIS LEAF EXTRACT.<\/p>\n","protected":false},"excerpt":{"rendered":"<p>Niisutab s\u00fcgavalt ja t\u00e4idab naha aktiivsete kontsentraatidega.<\/p>\n<p>&nbsp;<\/p>\n<p>Komplekt on m\u00f5eldud professionaalseks kasutamiseks 5 protseduuril.<\/p>\n","protected":false},"featured_media":2130,"template":"","meta":{"om_disable_all_campaigns":false,"_monsterinsights_skip_tracking":false,"_monsterinsights_sitenote_active":false,"_monsterinsights_sitenote_note":"","_monsterinsights_sitenote_category":0,"_uf_show_specific_survey":0,"_uf_disable_surveys":false,"site-sidebar-layout":"default","site-content-layout":"","ast-site-content-layout":"default","site-content-style":"default","site-sidebar-style":"default","ast-global-header-display":"","ast-banner-title-visibility":"","ast-main-header-display":"","ast-hfb-above-header-display":"","ast-hfb-below-header-display":"","ast-hfb-mobile-header-display":"","site-post-title":"","ast-breadcrumbs-content":"","ast-featured-img":"","footer-sml-layout":"","theme-transparent-header-meta":"default","adv-header-id-meta":"","stick-header-meta":"","header-above-stick-meta":"","header-main-stick-meta":"","header-below-stick-meta":"","astra-migrate-meta-layouts":"set","ast-page-background-enabled":"default","ast-page-background-meta":{"desktop":{"background-color":"var(--ast-global-color-4)","background-image":"","background-repeat":"repeat","background-position":"center center","background-size":"auto","background-attachment":"scroll","background-type":"","background-media":"","overlay-type":"","overlay-color":"","overlay-opacity":"","overlay-gradient":""},"tablet":{"background-color":"","background-image":"","background-repeat":"repeat","background-position":"center center","background-size":"auto","background-attachment":"scroll","background-type":"","background-media":"","overlay-type":"","overlay-color":"","overlay-opacity":"","overlay-gradient":""},"mobile":{"background-color":"","background-image":"","background-repeat":"repeat","background-position":"center center","background-size":"auto","background-attachment":"scroll","background-type":"","background-media":"","overlay-type":"","overlay-color":"","overlay-opacity":"","overlay-gradient":""}},"ast-content-background-meta":{"desktop":{"background-color":"var(--ast-global-color-5)","background-image":"","background-repeat":"repeat","background-position":"center center","background-size":"auto","background-attachment":"scroll","background-type":"","background-media":"","overlay-type":"","overlay-color":"","overlay-opacity":"","overlay-gradient":""},"tablet":{"background-color":"var(--ast-global-color-5)","background-image":"","background-repeat":"repeat","background-position":"center center","background-size":"auto","background-attachment":"scroll","background-type":"","background-media":"","overlay-type":"","overlay-color":"","overlay-opacity":"","overlay-gradient":""},"mobile":{"background-color":"var(--ast-global-color-5)","background-image":"","background-repeat":"repeat","background-position":"center center","background-size":"auto","background-attachment":"scroll","background-type":"","background-media":"","overlay-type":"","overlay-color":"","overlay-opacity":"","overlay-gradient":""}}},"product_brand":[],"product_cat":[116,108],"product_tag":[],"class_list":{"0":"post-2075","1":"product","2":"type-product","3":"status-publish","4":"has-post-thumbnail","6":"product_cat-maskid-profitooted","7":"product_cat-profitooted","8":"desktop-align-center","9":"tablet-align-left","10":"mobile-align-left","12":"first","13":"instock","14":"taxable","15":"shipping-taxable","16":"product-type-simple","17":"add-to-wishlist-before_image"},"aioseo_notices":[],"_links":{"self":[{"href":"https:\/\/kosmeetika24.eu\/et\/wp-json\/wp\/v2\/product\/2075","targetHints":{"allow":["GET"]}}],"collection":[{"href":"https:\/\/kosmeetika24.eu\/et\/wp-json\/wp\/v2\/product"}],"about":[{"href":"https:\/\/kosmeetika24.eu\/et\/wp-json\/wp\/v2\/types\/product"}],"version-history":[{"count":3,"href":"https:\/\/kosmeetika24.eu\/et\/wp-json\/wp\/v2\/product\/2075\/revisions"}],"predecessor-version":[{"id":2968,"href":"https:\/\/kosmeetika24.eu\/et\/wp-json\/wp\/v2\/product\/2075\/revisions\/2968"}],"wp:featuredmedia":[{"embeddable":true,"href":"https:\/\/kosmeetika24.eu\/et\/wp-json\/wp\/v2\/media\/2130"}],"wp:attachment":[{"href":"https:\/\/kosmeetika24.eu\/et\/wp-json\/wp\/v2\/media?parent=2075"}],"wp:term":[{"taxonomy":"product_brand","embeddable":true,"href":"https:\/\/kosmeetika24.eu\/et\/wp-json\/wp\/v2\/product_brand?post=2075"},{"taxonomy":"product_cat","embeddable":true,"href":"https:\/\/kosmeetika24.eu\/et\/wp-json\/wp\/v2\/product_cat?post=2075"},{"taxonomy":"product_tag","embeddable":true,"href":"https:\/\/kosmeetika24.eu\/et\/wp-json\/wp\/v2\/product_tag?post=2075"}],"curies":[{"name":"wp","href":"https:\/\/api.w.org\/{rel}","templated":true}]}}