{"id":2074,"date":"2019-11-18T08:45:09","date_gmt":"2019-11-18T08:45:09","guid":{"rendered":"https:\/\/kosmeetika24.eu\/?post_type=product&#038;p=2074"},"modified":"2025-09-16T14:11:09","modified_gmt":"2025-09-16T11:11:09","slug":"bruno-vassari-boosters-glucosyl-hesperidin-niacinamide","status":"publish","type":"product","link":"https:\/\/kosmeetika24.eu\/et\/toode\/bruno-vassari-boosters-glucosyl-hesperidin-niacinamide\/","title":{"rendered":"BRUNO VASSARI Boosters massaa\u017eigeel"},"content":{"rendered":"<p>N\u00e4o massaa\u017eigeel <em>Glucosyl Hesperidin + Niacinamide<\/em> p\u00f5hineb gl\u00fctseriinil, taastab naha niisutatuse, aktiveerib varustamist hapnikuga, normaliseerib naha toonuse ja tooni, silub fotovananemise m\u00e4rke.<\/p>\n<p>Tihke tekstuuriga vees lahustuv geel lihtsustab masseerimist. See stimuleerib naha temperatuuri ning parendab toimeainete imendumist. Seda saab kasutada koos seadmetega.<\/p>\n<p>Sobib k\u00f5igile nahat\u00fc\u00fcpidele.<\/p>\n<p><strong>TOIMEAINED<\/strong><\/p>\n<ul>\n<li>Niatsiinamiid<\/li>\n<li>Gl\u00fckos\u00fc\u00fclhesperidiin<\/li>\n<\/ul>\n<p><strong>TOIME<\/strong><\/p>\n<ul>\n<li>Niatsiinamiid on B3-vitamiini derivaat, mis normaliseerib melaniini s\u00fcnteesi, kaitseb nahka liigse p\u00e4ikesekiirguse poolt p\u00f5hjustatud enneaegse vananemise eest.<\/li>\n<li>Gl\u00fckos\u00fc\u00fclhesperidiin parandab mikrotsirkulatsiooni ja l\u00fcmfiringet ning aktiveerib naha varustamist hapnikuga.<\/li>\n<\/ul>\n<p><strong>KOOSTIS<\/strong><\/p>\n<p>GLYCERIN, PROPANEDIOL, AQUA, NIACINAMIDE, CLUCOSYL, HESPERIDON, POLYACRYLAMIDE, C13-14 ISEPARAFIN, LAURETH-7, PARFUM (FRAGRANCE), LACTIG ACID, LINALOOL, LIMONENE, METHYLPROPANEDIOL, C.I.19140 (FD&amp;C YELLOW NO 5), CAPRYLYL, C.I.16035 (FD&amp;C RED NO 40), THOCHOPHEROL, SODIUM CHLORIDE, SODIUM SULFATE, METHYLPROPANOL.<\/p>\n","protected":false},"excerpt":{"rendered":"<p>Professionaalseks kasutamiseks m\u00f5eldud massaazigeel taastab veetasakaalu nahas ja kaitseb enneaegse vananemise eest.<\/p>\n<p>&nbsp;<\/p>\n<p>200 ml<\/p>\n","protected":false},"featured_media":2132,"template":"","meta":{"om_disable_all_campaigns":false,"_monsterinsights_skip_tracking":false,"_monsterinsights_sitenote_active":false,"_monsterinsights_sitenote_note":"","_monsterinsights_sitenote_category":0,"_uf_show_specific_survey":0,"_uf_disable_surveys":false,"site-sidebar-layout":"default","site-content-layout":"","ast-site-content-layout":"default","site-content-style":"default","site-sidebar-style":"default","ast-global-header-display":"","ast-banner-title-visibility":"","ast-main-header-display":"","ast-hfb-above-header-display":"","ast-hfb-below-header-display":"","ast-hfb-mobile-header-display":"","site-post-title":"","ast-breadcrumbs-content":"","ast-featured-img":"","footer-sml-layout":"","theme-transparent-header-meta":"default","adv-header-id-meta":"","stick-header-meta":"","header-above-stick-meta":"","header-main-stick-meta":"","header-below-stick-meta":"","astra-migrate-meta-layouts":"set","ast-page-background-enabled":"default","ast-page-background-meta":{"desktop":{"background-color":"var(--ast-global-color-4)","background-image":"","background-repeat":"repeat","background-position":"center center","background-size":"auto","background-attachment":"scroll","background-type":"","background-media":"","overlay-type":"","overlay-color":"","overlay-opacity":"","overlay-gradient":""},"tablet":{"background-color":"","background-image":"","background-repeat":"repeat","background-position":"center center","background-size":"auto","background-attachment":"scroll","background-type":"","background-media":"","overlay-type":"","overlay-color":"","overlay-opacity":"","overlay-gradient":""},"mobile":{"background-color":"","background-image":"","background-repeat":"repeat","background-position":"center center","background-size":"auto","background-attachment":"scroll","background-type":"","background-media":"","overlay-type":"","overlay-color":"","overlay-opacity":"","overlay-gradient":""}},"ast-content-background-meta":{"desktop":{"background-color":"var(--ast-global-color-5)","background-image":"","background-repeat":"repeat","background-position":"center center","background-size":"auto","background-attachment":"scroll","background-type":"","background-media":"","overlay-type":"","overlay-color":"","overlay-opacity":"","overlay-gradient":""},"tablet":{"background-color":"var(--ast-global-color-5)","background-image":"","background-repeat":"repeat","background-position":"center center","background-size":"auto","background-attachment":"scroll","background-type":"","background-media":"","overlay-type":"","overlay-color":"","overlay-opacity":"","overlay-gradient":""},"mobile":{"background-color":"var(--ast-global-color-5)","background-image":"","background-repeat":"repeat","background-position":"center center","background-size":"auto","background-attachment":"scroll","background-type":"","background-media":"","overlay-type":"","overlay-color":"","overlay-opacity":"","overlay-gradient":""}}},"product_brand":[],"product_cat":[115,108],"product_tag":[],"class_list":{"0":"post-2074","1":"product","2":"type-product","3":"status-publish","4":"has-post-thumbnail","6":"product_cat-kreemid-profitooted","7":"product_cat-profitooted","8":"desktop-align-center","9":"tablet-align-left","10":"mobile-align-left","12":"first","13":"instock","14":"taxable","15":"shipping-taxable","16":"product-type-simple","17":"add-to-wishlist-before_image"},"aioseo_notices":[],"_links":{"self":[{"href":"https:\/\/kosmeetika24.eu\/et\/wp-json\/wp\/v2\/product\/2074","targetHints":{"allow":["GET"]}}],"collection":[{"href":"https:\/\/kosmeetika24.eu\/et\/wp-json\/wp\/v2\/product"}],"about":[{"href":"https:\/\/kosmeetika24.eu\/et\/wp-json\/wp\/v2\/types\/product"}],"version-history":[{"count":3,"href":"https:\/\/kosmeetika24.eu\/et\/wp-json\/wp\/v2\/product\/2074\/revisions"}],"predecessor-version":[{"id":10456,"href":"https:\/\/kosmeetika24.eu\/et\/wp-json\/wp\/v2\/product\/2074\/revisions\/10456"}],"wp:featuredmedia":[{"embeddable":true,"href":"https:\/\/kosmeetika24.eu\/et\/wp-json\/wp\/v2\/media\/2132"}],"wp:attachment":[{"href":"https:\/\/kosmeetika24.eu\/et\/wp-json\/wp\/v2\/media?parent=2074"}],"wp:term":[{"taxonomy":"product_brand","embeddable":true,"href":"https:\/\/kosmeetika24.eu\/et\/wp-json\/wp\/v2\/product_brand?post=2074"},{"taxonomy":"product_cat","embeddable":true,"href":"https:\/\/kosmeetika24.eu\/et\/wp-json\/wp\/v2\/product_cat?post=2074"},{"taxonomy":"product_tag","embeddable":true,"href":"https:\/\/kosmeetika24.eu\/et\/wp-json\/wp\/v2\/product_tag?post=2074"}],"curies":[{"name":"wp","href":"https:\/\/api.w.org\/{rel}","templated":true}]}}