{"id":2073,"date":"2019-11-18T08:24:53","date_gmt":"2019-11-18T08:24:53","guid":{"rendered":"https:\/\/kosmeetika24.eu\/?post_type=product&#038;p=2073"},"modified":"2024-10-08T16:11:33","modified_gmt":"2024-10-08T13:11:33","slug":"bruno-vassari-boosters-papain-enzimatic-resurfacer","status":"publish","type":"product","link":"https:\/\/kosmeetika24.eu\/et\/toode\/bruno-vassari-boosters-papain-enzimatic-resurfacer\/","title":{"rendered":"BRUNO VASSARI Boosters ens\u00fcmaatiline paiiniga koorija"},"content":{"rendered":"<p>Koorija <em>Papain Enzimatic Resurfacer<\/em> on papaiini sisaldav ens\u00fcmaatiline koorija. Molekulaarse kihiga koorija on spetsiaalselt m\u00f5eldud toimeainete biosaadavuse parendamiseks. Geeljas tekstuur annab v\u00e4rske tunde ning l\u00f5\u00f5gastab nahka ja v\u00e4hendab kongestiooni.<\/p>\n<p>See eemaldab surnud rakud ning j\u00e4tab naha s\u00e4ravaks ja v\u00e4rskeks ning l\u00f5\u00f5gastab nahka.<\/p>\n<p>Sobib k\u00f5igile nahat\u00fc\u00fcpidele, isegi tundlikule nahale.<\/p>\n<p><strong>TOIMEAINED<\/strong><\/p>\n<ul>\n<li>Papaiin<\/li>\n<li>Loodusliku niisutava teguri koostisosad.<\/li>\n<\/ul>\n<p><strong>TOIME<\/strong><\/p>\n<ul>\n<li>Papaiin on taimeens\u00fc\u00fcm, mis koorib naha pinnalt surnud rakud, aktiveerib epidermise sarvkihi rakkude uuenemise.<\/li>\n<li>Naha loomulik niisutav tegur &#8211; niisutab nahka ja taastab vee tasakaalu. Koorimine muudab naha terveks ja s\u00e4ravaks.<\/li>\n<\/ul>\n<p><strong>KASUTAMINE<\/strong><\/p>\n<ul>\n<li>N\u00e4ole ja kaelale kanda pintsliga paks kiht koorijat.<\/li>\n<li>Lasta nahal toimida 10 minutit ning loputada p\u00f5hjalikult.<\/li>\n<\/ul>\n<p><strong>KOOSTIS<\/strong><\/p>\n<p><span style=\"font-size: 14px;\">AQUA (WATER), ALCOHOL DENAT, GLYCERIN, CYCLOPENTASILOXANE, PHENOXYETHANOL, CARBOMER, TRIETHANOLAMINE, MALTODEXTRIN, PAPAIN, XANTHAN GUM, DIMETHICONOL, CALCIUM PANTOTHENATE, PARFUM (FRAGRANCE), CAPRYLYL GLYCOL, UREA, DISODIUM EDTA, MAGNESIUM LACTATE, POTASSIUM LACTATE, PROLINE, ALANINE, SERINE, CHORPHENESIN, MAGNESIUM CHLORIDE, SODIUM CITRATE, ETHYLHEXYLGLYCERIN, METHYLPROPANEIDOL, CI.42090 (FD&amp;C BLUE NO. 1), CI. 19140 (FD&amp;C YELLOW NO. 5), PHENYLPROPANOL, SODIUM CHLORIDE, SODIUM SULFATE.<\/span><\/p>\n","protected":false},"excerpt":{"rendered":"<p>Professionaalseks kasutamiseks m\u00f5eldud papaiini sisaldav ens\u00fcmaatiline koorija niisutab, taastab ja l\u00f5\u00f5gastab nahka.<\/p>\n<p>&nbsp;<\/p>\n<p>200 ml<\/p>\n","protected":false},"featured_media":2315,"template":"","meta":{"om_disable_all_campaigns":false,"_monsterinsights_skip_tracking":false,"_monsterinsights_sitenote_active":false,"_monsterinsights_sitenote_note":"","_monsterinsights_sitenote_category":0,"_uf_show_specific_survey":0,"_uf_disable_surveys":false,"site-sidebar-layout":"default","site-content-layout":"","ast-site-content-layout":"default","site-content-style":"default","site-sidebar-style":"default","ast-global-header-display":"","ast-banner-title-visibility":"","ast-main-header-display":"","ast-hfb-above-header-display":"","ast-hfb-below-header-display":"","ast-hfb-mobile-header-display":"","site-post-title":"","ast-breadcrumbs-content":"","ast-featured-img":"","footer-sml-layout":"","theme-transparent-header-meta":"default","adv-header-id-meta":"","stick-header-meta":"","header-above-stick-meta":"","header-main-stick-meta":"","header-below-stick-meta":"","astra-migrate-meta-layouts":"set","ast-page-background-enabled":"default","ast-page-background-meta":{"desktop":{"background-color":"var(--ast-global-color-4)","background-image":"","background-repeat":"repeat","background-position":"center center","background-size":"auto","background-attachment":"scroll","background-type":"","background-media":"","overlay-type":"","overlay-color":"","overlay-opacity":"","overlay-gradient":""},"tablet":{"background-color":"","background-image":"","background-repeat":"repeat","background-position":"center center","background-size":"auto","background-attachment":"scroll","background-type":"","background-media":"","overlay-type":"","overlay-color":"","overlay-opacity":"","overlay-gradient":""},"mobile":{"background-color":"","background-image":"","background-repeat":"repeat","background-position":"center center","background-size":"auto","background-attachment":"scroll","background-type":"","background-media":"","overlay-type":"","overlay-color":"","overlay-opacity":"","overlay-gradient":""}},"ast-content-background-meta":{"desktop":{"background-color":"var(--ast-global-color-5)","background-image":"","background-repeat":"repeat","background-position":"center center","background-size":"auto","background-attachment":"scroll","background-type":"","background-media":"","overlay-type":"","overlay-color":"","overlay-opacity":"","overlay-gradient":""},"tablet":{"background-color":"var(--ast-global-color-5)","background-image":"","background-repeat":"repeat","background-position":"center center","background-size":"auto","background-attachment":"scroll","background-type":"","background-media":"","overlay-type":"","overlay-color":"","overlay-opacity":"","overlay-gradient":""},"mobile":{"background-color":"var(--ast-global-color-5)","background-image":"","background-repeat":"repeat","background-position":"center center","background-size":"auto","background-attachment":"scroll","background-type":"","background-media":"","overlay-type":"","overlay-color":"","overlay-opacity":"","overlay-gradient":""}}},"product_brand":[],"product_cat":[117,108],"product_tag":[],"class_list":{"0":"post-2073","1":"product","2":"type-product","3":"status-publish","4":"has-post-thumbnail","6":"product_cat-koorijad-profitooted","7":"product_cat-profitooted","8":"desktop-align-center","9":"tablet-align-left","10":"mobile-align-left","12":"first","13":"instock","14":"taxable","15":"shipping-taxable","16":"product-type-simple","17":"add-to-wishlist-before_image"},"aioseo_notices":[],"_links":{"self":[{"href":"https:\/\/kosmeetika24.eu\/et\/wp-json\/wp\/v2\/product\/2073","targetHints":{"allow":["GET"]}}],"collection":[{"href":"https:\/\/kosmeetika24.eu\/et\/wp-json\/wp\/v2\/product"}],"about":[{"href":"https:\/\/kosmeetika24.eu\/et\/wp-json\/wp\/v2\/types\/product"}],"version-history":[{"count":2,"href":"https:\/\/kosmeetika24.eu\/et\/wp-json\/wp\/v2\/product\/2073\/revisions"}],"predecessor-version":[{"id":7284,"href":"https:\/\/kosmeetika24.eu\/et\/wp-json\/wp\/v2\/product\/2073\/revisions\/7284"}],"wp:featuredmedia":[{"embeddable":true,"href":"https:\/\/kosmeetika24.eu\/et\/wp-json\/wp\/v2\/media\/2315"}],"wp:attachment":[{"href":"https:\/\/kosmeetika24.eu\/et\/wp-json\/wp\/v2\/media?parent=2073"}],"wp:term":[{"taxonomy":"product_brand","embeddable":true,"href":"https:\/\/kosmeetika24.eu\/et\/wp-json\/wp\/v2\/product_brand?post=2073"},{"taxonomy":"product_cat","embeddable":true,"href":"https:\/\/kosmeetika24.eu\/et\/wp-json\/wp\/v2\/product_cat?post=2073"},{"taxonomy":"product_tag","embeddable":true,"href":"https:\/\/kosmeetika24.eu\/et\/wp-json\/wp\/v2\/product_tag?post=2073"}],"curies":[{"name":"wp","href":"https:\/\/api.w.org\/{rel}","templated":true}]}}