{"id":2072,"date":"2019-11-18T07:34:59","date_gmt":"2019-11-18T07:34:59","guid":{"rendered":"https:\/\/kosmeetika24.eu\/?post_type=product&#038;p=2072"},"modified":"2025-09-16T13:52:12","modified_gmt":"2025-09-16T10:52:12","slug":"bruno-vassari-boosters-o2-detox","status":"publish","type":"product","link":"https:\/\/kosmeetika24.eu\/et\/toode\/bruno-vassari-boosters-o2-detox\/","title":{"rendered":"BRUNO VASSARI Boosters hapnikuga rikastav kontsentraat"},"content":{"rendered":"<p>Hapnikuga rikastav <em>O2 Detox<\/em> seob vabu radikaale, mis kahjustavad rakumembraane ja toidavad nahka hapnikuga. Soovitav ebasoodsa \u00f6koloogiaga suurte linnade elanikele.<\/p>\n<p>Sobib k\u00f5igile nahat\u00fc\u00fcpidele.<\/p>\n<p><strong>TOIMEAINED<\/strong><\/p>\n<ul>\n<li>Inositool<\/li>\n<li>Dragosine-carnosine<\/li>\n<li>F\u00fckogeel<\/li>\n<\/ul>\n<p><strong>TOIME<\/strong><\/p>\n<ul>\n<li>Inositool normaliseerib veetasakaalu nahas, v\u00e4hendab transepidermaalse veekadu, k\u00fcllastab rakke hapnikuga.\u00a0 Silub pinnakortsud paranevad toon ja elastsus.<\/li>\n<li>F\u00fckogeel: bakteriaalse k\u00e4\u00e4ritamise produkt loob naha pinnale kaitsekile, niisutab ja kaitseb nahka transepidermaalse niiskusekao eest.<\/li>\n<li>Dragosine-Carnosine on antioks\u00fcdantse toimega peptiid, mis seob vabu radikaale, kaitstes raku membraane liigse isolatsiooni tagaj\u00e4rjel tekkinud kahjustuste eest. Aktiveerib kollageeni s\u00fcnteesi, parandades naha tooni ja suurendades elastsust.<\/li>\n<\/ul>\n<p><strong>KOOSTIS<\/strong><\/p>\n<p>AQUA (WATER), PROPANEDIOL, GLYCERIN, INOSITOL, PHENOXYETHANOL, HYDROXYETHYLCELLULOSE, CHLORPHENESIN, CARNOSINE, BIOSACCHARIDE GUM-1, METHYLPROPANEDIOL, CI 42090 (FD&amp;C BLUE NO. 1.), CI 19140 (FD&amp;C YELLOV NO. 5.), CAPRYL GLYCOL, PHENYLPROPANOL, SODIUM CHLORIDE, SODIUM SULFATE, LACTIC ACID.<\/p>\n","protected":false},"excerpt":{"rendered":"<p>Professionaalseks kasutamiseks m\u00f5eldud kontsentraat toidab nahka hapnikuga ja eemaldab v\u00e4simusn\u00e4hud.<\/p>\n<p>&nbsp;<\/p>\n<p>30 ml pipetiga pudel<\/p>\n","protected":false},"featured_media":2319,"template":"","meta":{"om_disable_all_campaigns":false,"_monsterinsights_skip_tracking":false,"_monsterinsights_sitenote_active":false,"_monsterinsights_sitenote_note":"","_monsterinsights_sitenote_category":0,"_uf_show_specific_survey":0,"_uf_disable_surveys":false,"site-sidebar-layout":"default","site-content-layout":"","ast-site-content-layout":"default","site-content-style":"default","site-sidebar-style":"default","ast-global-header-display":"","ast-banner-title-visibility":"","ast-main-header-display":"","ast-hfb-above-header-display":"","ast-hfb-below-header-display":"","ast-hfb-mobile-header-display":"","site-post-title":"","ast-breadcrumbs-content":"","ast-featured-img":"","footer-sml-layout":"","theme-transparent-header-meta":"default","adv-header-id-meta":"","stick-header-meta":"","header-above-stick-meta":"","header-main-stick-meta":"","header-below-stick-meta":"","astra-migrate-meta-layouts":"set","ast-page-background-enabled":"default","ast-page-background-meta":{"desktop":{"background-color":"var(--ast-global-color-4)","background-image":"","background-repeat":"repeat","background-position":"center center","background-size":"auto","background-attachment":"scroll","background-type":"","background-media":"","overlay-type":"","overlay-color":"","overlay-opacity":"","overlay-gradient":""},"tablet":{"background-color":"","background-image":"","background-repeat":"repeat","background-position":"center center","background-size":"auto","background-attachment":"scroll","background-type":"","background-media":"","overlay-type":"","overlay-color":"","overlay-opacity":"","overlay-gradient":""},"mobile":{"background-color":"","background-image":"","background-repeat":"repeat","background-position":"center center","background-size":"auto","background-attachment":"scroll","background-type":"","background-media":"","overlay-type":"","overlay-color":"","overlay-opacity":"","overlay-gradient":""}},"ast-content-background-meta":{"desktop":{"background-color":"var(--ast-global-color-5)","background-image":"","background-repeat":"repeat","background-position":"center center","background-size":"auto","background-attachment":"scroll","background-type":"","background-media":"","overlay-type":"","overlay-color":"","overlay-opacity":"","overlay-gradient":""},"tablet":{"background-color":"var(--ast-global-color-5)","background-image":"","background-repeat":"repeat","background-position":"center center","background-size":"auto","background-attachment":"scroll","background-type":"","background-media":"","overlay-type":"","overlay-color":"","overlay-opacity":"","overlay-gradient":""},"mobile":{"background-color":"var(--ast-global-color-5)","background-image":"","background-repeat":"repeat","background-position":"center center","background-size":"auto","background-attachment":"scroll","background-type":"","background-media":"","overlay-type":"","overlay-color":"","overlay-opacity":"","overlay-gradient":""}}},"product_brand":[],"product_cat":[125,108],"product_tag":[],"class_list":{"0":"post-2072","1":"product","2":"type-product","3":"status-publish","4":"has-post-thumbnail","6":"product_cat-kontsentraadid-seerumid-profitooted","7":"product_cat-profitooted","8":"desktop-align-center","9":"tablet-align-left","10":"mobile-align-left","12":"first","13":"instock","14":"taxable","15":"shipping-taxable","16":"product-type-simple","17":"add-to-wishlist-before_image"},"aioseo_notices":[],"_links":{"self":[{"href":"https:\/\/kosmeetika24.eu\/et\/wp-json\/wp\/v2\/product\/2072","targetHints":{"allow":["GET"]}}],"collection":[{"href":"https:\/\/kosmeetika24.eu\/et\/wp-json\/wp\/v2\/product"}],"about":[{"href":"https:\/\/kosmeetika24.eu\/et\/wp-json\/wp\/v2\/types\/product"}],"version-history":[{"count":2,"href":"https:\/\/kosmeetika24.eu\/et\/wp-json\/wp\/v2\/product\/2072\/revisions"}],"predecessor-version":[{"id":10453,"href":"https:\/\/kosmeetika24.eu\/et\/wp-json\/wp\/v2\/product\/2072\/revisions\/10453"}],"wp:featuredmedia":[{"embeddable":true,"href":"https:\/\/kosmeetika24.eu\/et\/wp-json\/wp\/v2\/media\/2319"}],"wp:attachment":[{"href":"https:\/\/kosmeetika24.eu\/et\/wp-json\/wp\/v2\/media?parent=2072"}],"wp:term":[{"taxonomy":"product_brand","embeddable":true,"href":"https:\/\/kosmeetika24.eu\/et\/wp-json\/wp\/v2\/product_brand?post=2072"},{"taxonomy":"product_cat","embeddable":true,"href":"https:\/\/kosmeetika24.eu\/et\/wp-json\/wp\/v2\/product_cat?post=2072"},{"taxonomy":"product_tag","embeddable":true,"href":"https:\/\/kosmeetika24.eu\/et\/wp-json\/wp\/v2\/product_tag?post=2072"}],"curies":[{"name":"wp","href":"https:\/\/api.w.org\/{rel}","templated":true}]}}