{"id":2071,"date":"2019-11-18T07:34:56","date_gmt":"2019-11-18T07:34:56","guid":{"rendered":"https:\/\/kosmeetika24.eu\/?post_type=product&#038;p=2071"},"modified":"2025-09-16T13:50:31","modified_gmt":"2025-09-16T10:50:31","slug":"bruno-vassari-boosters-radiance-plus","status":"publish","type":"product","link":"https:\/\/kosmeetika24.eu\/et\/toode\/bruno-vassari-boosters-radiance-plus\/","title":{"rendered":"BRUNO VASSARI Boosters s\u00e4ra andev kontsentraat"},"content":{"rendered":"<p>S\u00e4ra andev kontsentraat <em>Radiance Plus<\/em> aitab v\u00e4hendada vananemise\u00a0 ja v\u00e4simuse m\u00e4rke, v\u00f5imendab naha uuenemise loomulikku protsessi. Aitab v\u00e4hendada pigmentatsiooni, normaliseerib naha v\u00e4rvi ja tooni.<\/p>\n<p>Sobib tuhmile, elutule nahale.<\/p>\n<p><strong>TOIMEAINED<\/strong><\/p>\n<ul>\n<li>Circagenyl<\/li>\n<li>F\u00fckogeel<\/li>\n<li>Kombuchka<\/li>\n<\/ul>\n<p><strong>TOIME<\/strong><\/p>\n<ul>\n<li>Circageny normaliseerib melaniini s\u00fcnteesi, niisutab ja normaliseerib naha v\u00e4rvi ja tooni, v\u00e4hendab v\u00e4simuse ja enneaegse vananemise m\u00e4rke. Taastab s\u00e4ra ja silub mikrokortsud.<\/li>\n<li>F\u00fckogeel: pol\u00fcsahhariidi, mis saadakse bakteriaalsest fermenteerimisest, iseloomustab niisutav toime ning v\u00f5ime moodustada nahale kaitsekiht, mis kaitseb kuivamise eest.<\/li>\n<li>Kombuchka on magusa musta tee fermenteerimissaadus, mis saadakse 2 mikroorganismi s\u00fcmbioosil:<br \/>\nleiva-p\u00e4rmkottseen ja Xylinium bakterid. Toimeainet teatakse kui \u201eeluseent\u201c, kuna see pikendab v\u00e4idetavalt k\u00f5igi selle tarbijate eluiga. See sisaldab rohkelt B-r\u00fchma vitamiine ja orgaanilisi happeid, ennetab organismi valkude ja molekulide muutumist suhkrute toimel ning vananemist. V\u00e4hendab naha karedust ning muudab jume s\u00e4ravamaks.<\/li>\n<\/ul>\n<p><strong>KOOSTIS<\/strong><\/p>\n<p>AQUA (WATER), PROPANEDIOL, GLYCERIN, SACCHAROMYES\/WYLINUM\/BLACK TEA FERMENT, LINDERA STRYCHINFOLIA ROOT EXTRACT, BIOSACCHARIDE GUM-1, PHENOXYETHANOL, HYDROXYETHYLCELLULOSE, CHLORPHENESIN, SODIUM CITRATE, CITRIC ACID, ETHYLHEXYLGLYCERIN, POTASSIUM SORBATE, METHYLPROPANEDIUL, CI 16035 (FD&amp;C RED NO. 40.), CI 19140 (FD&amp;C YELLOV NO. 5.), CAPRYLYL GLYCOL, PHENYLPROPANOL, SODIUM CHLORIDE, SODIUM SULFATE.<\/p>\n","protected":false},"excerpt":{"rendered":"<p>Professionaalseks kasutamiseks m\u00f5eldud s\u00e4ra andev kontsentraat v\u00e4hendab enneaegse vananemise m\u00e4rke, aktiveerib naharakkude uuenemist.<\/p>\n<p>&nbsp;<\/p>\n<p>30 ml pipetiga pudel<\/p>\n","protected":false},"featured_media":2321,"template":"","meta":{"om_disable_all_campaigns":false,"_monsterinsights_skip_tracking":false,"_monsterinsights_sitenote_active":false,"_monsterinsights_sitenote_note":"","_monsterinsights_sitenote_category":0,"_uf_show_specific_survey":0,"_uf_disable_surveys":false,"site-sidebar-layout":"default","site-content-layout":"","ast-site-content-layout":"default","site-content-style":"default","site-sidebar-style":"default","ast-global-header-display":"","ast-banner-title-visibility":"","ast-main-header-display":"","ast-hfb-above-header-display":"","ast-hfb-below-header-display":"","ast-hfb-mobile-header-display":"","site-post-title":"","ast-breadcrumbs-content":"","ast-featured-img":"","footer-sml-layout":"","theme-transparent-header-meta":"default","adv-header-id-meta":"","stick-header-meta":"","header-above-stick-meta":"","header-main-stick-meta":"","header-below-stick-meta":"","astra-migrate-meta-layouts":"set","ast-page-background-enabled":"default","ast-page-background-meta":{"desktop":{"background-color":"var(--ast-global-color-4)","background-image":"","background-repeat":"repeat","background-position":"center center","background-size":"auto","background-attachment":"scroll","background-type":"","background-media":"","overlay-type":"","overlay-color":"","overlay-opacity":"","overlay-gradient":""},"tablet":{"background-color":"","background-image":"","background-repeat":"repeat","background-position":"center center","background-size":"auto","background-attachment":"scroll","background-type":"","background-media":"","overlay-type":"","overlay-color":"","overlay-opacity":"","overlay-gradient":""},"mobile":{"background-color":"","background-image":"","background-repeat":"repeat","background-position":"center center","background-size":"auto","background-attachment":"scroll","background-type":"","background-media":"","overlay-type":"","overlay-color":"","overlay-opacity":"","overlay-gradient":""}},"ast-content-background-meta":{"desktop":{"background-color":"var(--ast-global-color-5)","background-image":"","background-repeat":"repeat","background-position":"center center","background-size":"auto","background-attachment":"scroll","background-type":"","background-media":"","overlay-type":"","overlay-color":"","overlay-opacity":"","overlay-gradient":""},"tablet":{"background-color":"var(--ast-global-color-5)","background-image":"","background-repeat":"repeat","background-position":"center center","background-size":"auto","background-attachment":"scroll","background-type":"","background-media":"","overlay-type":"","overlay-color":"","overlay-opacity":"","overlay-gradient":""},"mobile":{"background-color":"var(--ast-global-color-5)","background-image":"","background-repeat":"repeat","background-position":"center center","background-size":"auto","background-attachment":"scroll","background-type":"","background-media":"","overlay-type":"","overlay-color":"","overlay-opacity":"","overlay-gradient":""}}},"product_brand":[],"product_cat":[125,108],"product_tag":[],"class_list":{"0":"post-2071","1":"product","2":"type-product","3":"status-publish","4":"has-post-thumbnail","6":"product_cat-kontsentraadid-seerumid-profitooted","7":"product_cat-profitooted","8":"desktop-align-center","9":"tablet-align-left","10":"mobile-align-left","12":"first","13":"instock","14":"taxable","15":"shipping-taxable","16":"product-type-simple","17":"add-to-wishlist-before_image"},"aioseo_notices":[],"_links":{"self":[{"href":"https:\/\/kosmeetika24.eu\/et\/wp-json\/wp\/v2\/product\/2071","targetHints":{"allow":["GET"]}}],"collection":[{"href":"https:\/\/kosmeetika24.eu\/et\/wp-json\/wp\/v2\/product"}],"about":[{"href":"https:\/\/kosmeetika24.eu\/et\/wp-json\/wp\/v2\/types\/product"}],"version-history":[{"count":4,"href":"https:\/\/kosmeetika24.eu\/et\/wp-json\/wp\/v2\/product\/2071\/revisions"}],"predecessor-version":[{"id":10452,"href":"https:\/\/kosmeetika24.eu\/et\/wp-json\/wp\/v2\/product\/2071\/revisions\/10452"}],"wp:featuredmedia":[{"embeddable":true,"href":"https:\/\/kosmeetika24.eu\/et\/wp-json\/wp\/v2\/media\/2321"}],"wp:attachment":[{"href":"https:\/\/kosmeetika24.eu\/et\/wp-json\/wp\/v2\/media?parent=2071"}],"wp:term":[{"taxonomy":"product_brand","embeddable":true,"href":"https:\/\/kosmeetika24.eu\/et\/wp-json\/wp\/v2\/product_brand?post=2071"},{"taxonomy":"product_cat","embeddable":true,"href":"https:\/\/kosmeetika24.eu\/et\/wp-json\/wp\/v2\/product_cat?post=2071"},{"taxonomy":"product_tag","embeddable":true,"href":"https:\/\/kosmeetika24.eu\/et\/wp-json\/wp\/v2\/product_tag?post=2071"}],"curies":[{"name":"wp","href":"https:\/\/api.w.org\/{rel}","templated":true}]}}