{"id":2070,"date":"2019-11-18T07:34:44","date_gmt":"2019-11-18T07:34:44","guid":{"rendered":"https:\/\/kosmeetika24.eu\/?post_type=product&#038;p=2070"},"modified":"2025-09-16T13:48:06","modified_gmt":"2025-09-16T10:48:06","slug":"bruno-vassari-boosters-ultra-firm","status":"publish","type":"product","link":"https:\/\/kosmeetika24.eu\/et\/toode\/bruno-vassari-boosters-ultra-firm\/","title":{"rendered":"BRUNO VASSARI Boosters pinguldav kontsentraat"},"content":{"rendered":"<p>Kahekordse toimega kontsentraat <em>Ultra Firm<\/em> sobib k\u00fcpsele nahale: parandab naha toonust ja tooni ning aitab minimeerida kortse ja miimikakortsukesi.<\/p>\n<p>Selle tulemusena muutub nahk siledamaks, paistab v\u00e4lja noorem ning s\u00e4ravam.<\/p>\n<p>Sobib vananevale ja tuhmile nahale.<\/p>\n<p><strong>TOIMEAINED<\/strong><\/p>\n<ul>\n<li>Inositool<\/li>\n<li>Kreatiin<\/li>\n<li>Tightenyl<\/li>\n<\/ul>\n<p><strong>TOIME<\/strong><\/p>\n<ul>\n<li>Kreatiin on aminohape, mida organism s\u00fcnteesib looduslikult ning mille kontsentratsioon v\u00e4heneb tugevalt vanusega. Ta on naharakkude energiaallikas, osaleb kollageeni ja elastiini s\u00fcnteesis. Teda iseloomustab ka kaitsev toime.<\/li>\n<li>Inositool on B-vitamiinise r\u00fchma preparaat, mis aitab kaasa rakkude veetasakaalu normaliseerimisele ja hapnikuga varustamisele. V\u00e4ldib kortsude, sealhulgas miimikakortsude teket.<\/li>\n<li>Tightenyl sisaldab gl\u00fckoosaminogl\u00fckaanide prekursori kompleksi, mis stimuleerib kollageeni ja<br \/>\nelastiini s\u00fcnteesi. Parandab naha elastsust ning on pinguldava toimega.<\/li>\n<\/ul>\n<p><strong>KOOSTIS<\/strong><\/p>\n<p>AQUA (WATER), PROPANEDIOL, GLYCERIN, INOSITOL, CRATINE, HYDROXYETHYLCELLULOSE, SODIUMGLUCURONATE, DISODIUMACETYL, GLUSOAMINE RHOSPHATE, PHENOXYETHANOL, CHLORPHENESIN, MAGNESIUM SULFATE, METHYLPROPANEDIOL, CI 42090 (FD&amp;C BLUE NO. 1.), CAPRYL GLYCOL, PHENYLPROPANOL, SODIUM CHLORIDE, SODIUM SULFATE.<\/p>\n","protected":false},"excerpt":{"rendered":"<p>Professionaalseks kasutamiseks m\u00f5eldud pinguldava toimega kontsentraat muudab k\u00fcpse naha nooremaks.<\/p>\n<p>&nbsp;<\/p>\n<p>30 ml pipetiga pudel<\/p>\n","protected":false},"featured_media":2322,"template":"","meta":{"om_disable_all_campaigns":false,"_monsterinsights_skip_tracking":false,"_monsterinsights_sitenote_active":false,"_monsterinsights_sitenote_note":"","_monsterinsights_sitenote_category":0,"_uf_show_specific_survey":0,"_uf_disable_surveys":false,"site-sidebar-layout":"default","site-content-layout":"","ast-site-content-layout":"default","site-content-style":"default","site-sidebar-style":"default","ast-global-header-display":"","ast-banner-title-visibility":"","ast-main-header-display":"","ast-hfb-above-header-display":"","ast-hfb-below-header-display":"","ast-hfb-mobile-header-display":"","site-post-title":"","ast-breadcrumbs-content":"","ast-featured-img":"","footer-sml-layout":"","theme-transparent-header-meta":"default","adv-header-id-meta":"","stick-header-meta":"","header-above-stick-meta":"","header-main-stick-meta":"","header-below-stick-meta":"","astra-migrate-meta-layouts":"set","ast-page-background-enabled":"default","ast-page-background-meta":{"desktop":{"background-color":"var(--ast-global-color-4)","background-image":"","background-repeat":"repeat","background-position":"center center","background-size":"auto","background-attachment":"scroll","background-type":"","background-media":"","overlay-type":"","overlay-color":"","overlay-opacity":"","overlay-gradient":""},"tablet":{"background-color":"","background-image":"","background-repeat":"repeat","background-position":"center center","background-size":"auto","background-attachment":"scroll","background-type":"","background-media":"","overlay-type":"","overlay-color":"","overlay-opacity":"","overlay-gradient":""},"mobile":{"background-color":"","background-image":"","background-repeat":"repeat","background-position":"center center","background-size":"auto","background-attachment":"scroll","background-type":"","background-media":"","overlay-type":"","overlay-color":"","overlay-opacity":"","overlay-gradient":""}},"ast-content-background-meta":{"desktop":{"background-color":"var(--ast-global-color-5)","background-image":"","background-repeat":"repeat","background-position":"center center","background-size":"auto","background-attachment":"scroll","background-type":"","background-media":"","overlay-type":"","overlay-color":"","overlay-opacity":"","overlay-gradient":""},"tablet":{"background-color":"var(--ast-global-color-5)","background-image":"","background-repeat":"repeat","background-position":"center center","background-size":"auto","background-attachment":"scroll","background-type":"","background-media":"","overlay-type":"","overlay-color":"","overlay-opacity":"","overlay-gradient":""},"mobile":{"background-color":"var(--ast-global-color-5)","background-image":"","background-repeat":"repeat","background-position":"center center","background-size":"auto","background-attachment":"scroll","background-type":"","background-media":"","overlay-type":"","overlay-color":"","overlay-opacity":"","overlay-gradient":""}}},"product_brand":[],"product_cat":[125,108],"product_tag":[],"class_list":{"0":"post-2070","1":"product","2":"type-product","3":"status-publish","4":"has-post-thumbnail","6":"product_cat-kontsentraadid-seerumid-profitooted","7":"product_cat-profitooted","8":"desktop-align-center","9":"tablet-align-left","10":"mobile-align-left","12":"first","13":"instock","14":"taxable","15":"shipping-taxable","16":"product-type-simple","17":"add-to-wishlist-before_image"},"aioseo_notices":[],"_links":{"self":[{"href":"https:\/\/kosmeetika24.eu\/et\/wp-json\/wp\/v2\/product\/2070","targetHints":{"allow":["GET"]}}],"collection":[{"href":"https:\/\/kosmeetika24.eu\/et\/wp-json\/wp\/v2\/product"}],"about":[{"href":"https:\/\/kosmeetika24.eu\/et\/wp-json\/wp\/v2\/types\/product"}],"version-history":[{"count":2,"href":"https:\/\/kosmeetika24.eu\/et\/wp-json\/wp\/v2\/product\/2070\/revisions"}],"predecessor-version":[{"id":10450,"href":"https:\/\/kosmeetika24.eu\/et\/wp-json\/wp\/v2\/product\/2070\/revisions\/10450"}],"wp:featuredmedia":[{"embeddable":true,"href":"https:\/\/kosmeetika24.eu\/et\/wp-json\/wp\/v2\/media\/2322"}],"wp:attachment":[{"href":"https:\/\/kosmeetika24.eu\/et\/wp-json\/wp\/v2\/media?parent=2070"}],"wp:term":[{"taxonomy":"product_brand","embeddable":true,"href":"https:\/\/kosmeetika24.eu\/et\/wp-json\/wp\/v2\/product_brand?post=2070"},{"taxonomy":"product_cat","embeddable":true,"href":"https:\/\/kosmeetika24.eu\/et\/wp-json\/wp\/v2\/product_cat?post=2070"},{"taxonomy":"product_tag","embeddable":true,"href":"https:\/\/kosmeetika24.eu\/et\/wp-json\/wp\/v2\/product_tag?post=2070"}],"curies":[{"name":"wp","href":"https:\/\/api.w.org\/{rel}","templated":true}]}}