{"id":2069,"date":"2019-11-18T07:44:10","date_gmt":"2019-11-18T07:44:10","guid":{"rendered":"https:\/\/kosmeetika24.eu\/?post_type=product&#038;p=2069"},"modified":"2025-09-16T13:53:39","modified_gmt":"2025-09-16T10:53:39","slug":"bruno-vassari-boosters-skin-clarifier","status":"publish","type":"product","link":"https:\/\/kosmeetika24.eu\/et\/toode\/bruno-vassari-boosters-skin-clarifier\/","title":{"rendered":"BRUNO VASSARI Boosters puhastav kontsentraat"},"content":{"rendered":"<p>Kontsentraat <em>Skin Clarifier<\/em>\u00a0reguleerib rasu tootmist, puhastab nahka, omab p\u00f5letikuvastast ja matistavat toimet.<\/p>\n<p>V\u00e4hendab rasueritust, v\u00e4ldib liigse rasu p\u00f5hjustatud p\u00f5letikku ja neutraliseerib aknet tekitavaid agressiivseid baktereid.<\/p>\n<p>Sobib kombineeritud ja rasusele nahale.<\/p>\n<p><strong>TOIMEAINED<\/strong><\/p>\n<ul>\n<li>Niatsiinamiid<\/li>\n<li>Teflose<\/li>\n<li>Syn-Star Peptide<\/li>\n<li>Lipacide<\/li>\n<\/ul>\n<p><strong>TOIME<\/strong><\/p>\n<ul>\n<li>Niatsiinamiid on saadud B3-vitamiinist, mis takistab melaniini teekonda naha pinnale. Kaitseb marrasknahka ultraviolettkiirte kahjustuse ees, mis p\u00f5hjustab enneaegset vananemist.<\/li>\n<li>Teflose on pol\u00fcsahhariid, millel on rahustavad ja kaitsvad omadused ning see v\u00f5ib moodustada nahale kihi, aidates kaasa naha kaitsmisele ja sileduse s\u00e4ilitamisele. Toimib kui kaitsja, v\u00e4ltides bakterite kleepumist nahapinnale.<\/li>\n<li>Syn-Star Peptide on peptiidide kompleks, millel on puhastavad ja p\u00f5letikuvastased omadused. Aitab v\u00f5idelda akne ja liigse rasuga.<\/li>\n<li>Lipacide on gl\u00fctsiini biovektor, mis aitab transportida gl\u00fctsiini, parendades kollageeni s\u00fcnteesi. Muudab naha happelisemaks. Selle toime reguleerib naha \u00f6kos\u00fcsteemi, takistab aknet p\u00f5hjustavate bakterite vohamist ning samuti takistab rasun\u00e4\u00e4rme reguleeriva ens\u00fc\u00fcmi toimet 50%, piirates rasu tootmist.<\/li>\n<\/ul>\n<p><strong>KOOSTIS<\/strong><\/p>\n<p>AQUA (WATER). PROPANEDIOL, GLYCERIN, NIACEIAMIDE, CAPRYLOYL GLYCINE, PHENOXYETHANOL, HYDROXYETHYLCELLULOSE, CHLORPHENESIN, SODIUM HYDROXIDE, RHAMINODE, DIPEPDIDE DIAMIOBUTYROYL BENZYLAMIDE DIACETATE, GLUCOSE, GLUCURONIC ACID, METHYLPROPANEDIOL, CI 42090 (FD&amp;C BLUE NO. 1), CI 19140 (FD&amp;C YELLOW NO 5), CAPRYLYL GLYCOL, PHENYLPROPANOL, SODIUM CHLORIDE, SODIUM SULFATE.<\/p>\n","protected":false},"excerpt":{"rendered":"<p>Professionaalseks kasutamiseks m\u00f5eldud probleemse naha kontsentraadil on p\u00f5letikuvastane ja matistav toime. Reguleerib rasu eritust.<\/p>\n<p>&nbsp;<\/p>\n<p>30 ml pipetiga pudel<\/p>\n","protected":false},"featured_media":2317,"template":"","meta":{"om_disable_all_campaigns":false,"_monsterinsights_skip_tracking":false,"_monsterinsights_sitenote_active":false,"_monsterinsights_sitenote_note":"","_monsterinsights_sitenote_category":0,"_uf_show_specific_survey":0,"_uf_disable_surveys":false,"site-sidebar-layout":"default","site-content-layout":"","ast-site-content-layout":"default","site-content-style":"default","site-sidebar-style":"default","ast-global-header-display":"","ast-banner-title-visibility":"","ast-main-header-display":"","ast-hfb-above-header-display":"","ast-hfb-below-header-display":"","ast-hfb-mobile-header-display":"","site-post-title":"","ast-breadcrumbs-content":"","ast-featured-img":"","footer-sml-layout":"","theme-transparent-header-meta":"default","adv-header-id-meta":"","stick-header-meta":"","header-above-stick-meta":"","header-main-stick-meta":"","header-below-stick-meta":"","astra-migrate-meta-layouts":"set","ast-page-background-enabled":"default","ast-page-background-meta":{"desktop":{"background-color":"var(--ast-global-color-4)","background-image":"","background-repeat":"repeat","background-position":"center center","background-size":"auto","background-attachment":"scroll","background-type":"","background-media":"","overlay-type":"","overlay-color":"","overlay-opacity":"","overlay-gradient":""},"tablet":{"background-color":"","background-image":"","background-repeat":"repeat","background-position":"center center","background-size":"auto","background-attachment":"scroll","background-type":"","background-media":"","overlay-type":"","overlay-color":"","overlay-opacity":"","overlay-gradient":""},"mobile":{"background-color":"","background-image":"","background-repeat":"repeat","background-position":"center center","background-size":"auto","background-attachment":"scroll","background-type":"","background-media":"","overlay-type":"","overlay-color":"","overlay-opacity":"","overlay-gradient":""}},"ast-content-background-meta":{"desktop":{"background-color":"var(--ast-global-color-5)","background-image":"","background-repeat":"repeat","background-position":"center center","background-size":"auto","background-attachment":"scroll","background-type":"","background-media":"","overlay-type":"","overlay-color":"","overlay-opacity":"","overlay-gradient":""},"tablet":{"background-color":"var(--ast-global-color-5)","background-image":"","background-repeat":"repeat","background-position":"center center","background-size":"auto","background-attachment":"scroll","background-type":"","background-media":"","overlay-type":"","overlay-color":"","overlay-opacity":"","overlay-gradient":""},"mobile":{"background-color":"var(--ast-global-color-5)","background-image":"","background-repeat":"repeat","background-position":"center center","background-size":"auto","background-attachment":"scroll","background-type":"","background-media":"","overlay-type":"","overlay-color":"","overlay-opacity":"","overlay-gradient":""}}},"product_brand":[],"product_cat":[125,108],"product_tag":[],"class_list":{"0":"post-2069","1":"product","2":"type-product","3":"status-publish","4":"has-post-thumbnail","6":"product_cat-kontsentraadid-seerumid-profitooted","7":"product_cat-profitooted","8":"desktop-align-center","9":"tablet-align-left","10":"mobile-align-left","12":"first","13":"instock","14":"taxable","15":"shipping-taxable","16":"product-type-simple","17":"add-to-wishlist-before_image"},"aioseo_notices":[],"_links":{"self":[{"href":"https:\/\/kosmeetika24.eu\/et\/wp-json\/wp\/v2\/product\/2069","targetHints":{"allow":["GET"]}}],"collection":[{"href":"https:\/\/kosmeetika24.eu\/et\/wp-json\/wp\/v2\/product"}],"about":[{"href":"https:\/\/kosmeetika24.eu\/et\/wp-json\/wp\/v2\/types\/product"}],"version-history":[{"count":3,"href":"https:\/\/kosmeetika24.eu\/et\/wp-json\/wp\/v2\/product\/2069\/revisions"}],"predecessor-version":[{"id":10455,"href":"https:\/\/kosmeetika24.eu\/et\/wp-json\/wp\/v2\/product\/2069\/revisions\/10455"}],"wp:featuredmedia":[{"embeddable":true,"href":"https:\/\/kosmeetika24.eu\/et\/wp-json\/wp\/v2\/media\/2317"}],"wp:attachment":[{"href":"https:\/\/kosmeetika24.eu\/et\/wp-json\/wp\/v2\/media?parent=2069"}],"wp:term":[{"taxonomy":"product_brand","embeddable":true,"href":"https:\/\/kosmeetika24.eu\/et\/wp-json\/wp\/v2\/product_brand?post=2069"},{"taxonomy":"product_cat","embeddable":true,"href":"https:\/\/kosmeetika24.eu\/et\/wp-json\/wp\/v2\/product_cat?post=2069"},{"taxonomy":"product_tag","embeddable":true,"href":"https:\/\/kosmeetika24.eu\/et\/wp-json\/wp\/v2\/product_tag?post=2069"}],"curies":[{"name":"wp","href":"https:\/\/api.w.org\/{rel}","templated":true}]}}