{"id":2066,"date":"2019-11-18T07:31:06","date_gmt":"2019-11-18T07:31:06","guid":{"rendered":"https:\/\/kosmeetika24.eu\/?post_type=product&#038;p=2066"},"modified":"2025-09-16T13:46:12","modified_gmt":"2025-09-16T10:46:12","slug":"bruno-vassari-boosters-skin-relief","status":"publish","type":"product","link":"https:\/\/kosmeetika24.eu\/et\/toode\/bruno-vassari-boosters-skin-relief\/","title":{"rendered":"BRUNO VASSARI Boosters rahustav kontsentraat"},"content":{"rendered":"<p>Rahustava toimega konsentraat <em>Skin Relief<\/em> v\u00e4hendab \u00e4rritunud naha s\u00fcndroomi ilminguid, taastab naharakkude normaalse f\u00fcsioloogilise funktsiooni.<\/p>\n<p>Sisaldab terviklikku hooldust, t\u00e4nu millel on v\u00f5imalik minimeerida naha muudatusi ja v\u00e4hendada p\u00f5letikku. Samuti aitab see kaasa epidermise f\u00fcsioloogilisele taastumisele, andes nahale pehmuse.<\/p>\n<p>Sobib tundlikule ja kuivale nahale. Soovitav atoopia ja atoopilise dermatiidi puhul.<\/p>\n<p><b>TOIMEAINED<\/b><\/p>\n<ul>\n<li>Ektoiin<\/li>\n<li>Ramnosoft\u00ae<\/li>\n<li>Symcalmin\u00ae<\/li>\n<li>MG60<\/li>\n<\/ul>\n<p><strong>TOIME<\/strong><\/p>\n<ul>\n<li>Ektoiin on 100% looduslik aminohape, mis vastutab taimede kaitsmise ja elluj\u00e4\u00e4mise eest \u00e4\u00e4rmuslikes tingimustes. See v\u00f5ib enda \u00fcmber hoida vee v\u00e4ikeseid koguseid, moodustades kompleksi, mida teatakse kui HYDRO ECTOIN COMPLEXi, mis v\u00f5ib \u00fcmbritseda rakke, valke, ens\u00fc\u00fcme, luues kaitsekihi, mis sisaldab rohkelt toitaineid. Kaitseb v\u00e4liste tegurite eest. Sellel on noorendav ja rahustav toime.<\/li>\n<li>Rhamnosoft\u00ae on pol\u00fcsahhariid, mis saadakse taimsest bakteriaalsest fermenteerimisest. V\u00e4hendab p\u00f5letikku<br \/>\nendorfiinide eritamise kaudu.<\/li>\n<li>Symcalmin\u00ae on kaerast saadud \u00fchend \u00e4rritusvastase, rahustava ja antioks\u00fcdantse toimega.<\/li>\n<\/ul>\n<p><strong>KOOSTIS<\/strong><\/p>\n<p>AQUA (WATER), PROPANEDIOL, GLYCERIN, ECTOIN, BUTULENE GLYCOL, PENTULENE GLYCOL, MALTOOLIGOSYL GLUCOLSIDE, PHENOXYETHANOL, HYDROGENATED STARCH HYDROLISATE, HYDROXYETHYLCELLULOSE, CHLORPHENESIN, POLYSORBATE 20, HYDROXYPHENYL PROPAMIDOBENZOIC ACID, BIOSACCHARIDE CUM-2, ASCORBYL PALMITATE, CI 16035 (FD&amp;C RED NO. 40.), SODIUM HYDROXIDE.<\/p>\n","protected":false},"excerpt":{"rendered":"<p>Professionaalseks kasutamiseks m\u00f5eldud kontsentraat toimib rahustavalt tundlikul ja \u00e4rritunud nahal ning niisutab v\u00e4ga kuiva nahka.<\/p>\n<p>&nbsp;<\/p>\n<p>30 ml pipetiga pudel<\/p>\n","protected":false},"featured_media":2325,"template":"","meta":{"om_disable_all_campaigns":false,"_monsterinsights_skip_tracking":false,"_monsterinsights_sitenote_active":false,"_monsterinsights_sitenote_note":"","_monsterinsights_sitenote_category":0,"_uf_show_specific_survey":0,"_uf_disable_surveys":false,"site-sidebar-layout":"default","site-content-layout":"","ast-site-content-layout":"default","site-content-style":"default","site-sidebar-style":"default","ast-global-header-display":"","ast-banner-title-visibility":"","ast-main-header-display":"","ast-hfb-above-header-display":"","ast-hfb-below-header-display":"","ast-hfb-mobile-header-display":"","site-post-title":"","ast-breadcrumbs-content":"","ast-featured-img":"","footer-sml-layout":"","theme-transparent-header-meta":"default","adv-header-id-meta":"","stick-header-meta":"","header-above-stick-meta":"","header-main-stick-meta":"","header-below-stick-meta":"","astra-migrate-meta-layouts":"set","ast-page-background-enabled":"default","ast-page-background-meta":{"desktop":{"background-color":"var(--ast-global-color-4)","background-image":"","background-repeat":"repeat","background-position":"center center","background-size":"auto","background-attachment":"scroll","background-type":"","background-media":"","overlay-type":"","overlay-color":"","overlay-opacity":"","overlay-gradient":""},"tablet":{"background-color":"","background-image":"","background-repeat":"repeat","background-position":"center center","background-size":"auto","background-attachment":"scroll","background-type":"","background-media":"","overlay-type":"","overlay-color":"","overlay-opacity":"","overlay-gradient":""},"mobile":{"background-color":"","background-image":"","background-repeat":"repeat","background-position":"center center","background-size":"auto","background-attachment":"scroll","background-type":"","background-media":"","overlay-type":"","overlay-color":"","overlay-opacity":"","overlay-gradient":""}},"ast-content-background-meta":{"desktop":{"background-color":"var(--ast-global-color-5)","background-image":"","background-repeat":"repeat","background-position":"center center","background-size":"auto","background-attachment":"scroll","background-type":"","background-media":"","overlay-type":"","overlay-color":"","overlay-opacity":"","overlay-gradient":""},"tablet":{"background-color":"var(--ast-global-color-5)","background-image":"","background-repeat":"repeat","background-position":"center center","background-size":"auto","background-attachment":"scroll","background-type":"","background-media":"","overlay-type":"","overlay-color":"","overlay-opacity":"","overlay-gradient":""},"mobile":{"background-color":"var(--ast-global-color-5)","background-image":"","background-repeat":"repeat","background-position":"center center","background-size":"auto","background-attachment":"scroll","background-type":"","background-media":"","overlay-type":"","overlay-color":"","overlay-opacity":"","overlay-gradient":""}}},"product_brand":[],"product_cat":[125,108],"product_tag":[],"class_list":{"0":"post-2066","1":"product","2":"type-product","3":"status-publish","4":"has-post-thumbnail","6":"product_cat-kontsentraadid-seerumid-profitooted","7":"product_cat-profitooted","8":"desktop-align-center","9":"tablet-align-left","10":"mobile-align-left","12":"first","13":"instock","14":"taxable","15":"shipping-taxable","16":"product-type-simple","17":"add-to-wishlist-before_image"},"aioseo_notices":[],"_links":{"self":[{"href":"https:\/\/kosmeetika24.eu\/et\/wp-json\/wp\/v2\/product\/2066","targetHints":{"allow":["GET"]}}],"collection":[{"href":"https:\/\/kosmeetika24.eu\/et\/wp-json\/wp\/v2\/product"}],"about":[{"href":"https:\/\/kosmeetika24.eu\/et\/wp-json\/wp\/v2\/types\/product"}],"version-history":[{"count":3,"href":"https:\/\/kosmeetika24.eu\/et\/wp-json\/wp\/v2\/product\/2066\/revisions"}],"predecessor-version":[{"id":10449,"href":"https:\/\/kosmeetika24.eu\/et\/wp-json\/wp\/v2\/product\/2066\/revisions\/10449"}],"wp:featuredmedia":[{"embeddable":true,"href":"https:\/\/kosmeetika24.eu\/et\/wp-json\/wp\/v2\/media\/2325"}],"wp:attachment":[{"href":"https:\/\/kosmeetika24.eu\/et\/wp-json\/wp\/v2\/media?parent=2066"}],"wp:term":[{"taxonomy":"product_brand","embeddable":true,"href":"https:\/\/kosmeetika24.eu\/et\/wp-json\/wp\/v2\/product_brand?post=2066"},{"taxonomy":"product_cat","embeddable":true,"href":"https:\/\/kosmeetika24.eu\/et\/wp-json\/wp\/v2\/product_cat?post=2066"},{"taxonomy":"product_tag","embeddable":true,"href":"https:\/\/kosmeetika24.eu\/et\/wp-json\/wp\/v2\/product_tag?post=2066"}],"curies":[{"name":"wp","href":"https:\/\/api.w.org\/{rel}","templated":true}]}}