{"id":2065,"date":"2019-11-18T07:18:57","date_gmt":"2019-11-18T07:18:57","guid":{"rendered":"https:\/\/kosmeetika24.eu\/?post_type=product&#038;p=2065"},"modified":"2026-03-02T12:28:19","modified_gmt":"2026-03-02T09:28:19","slug":"bruno-vassari-city-beach-every-day-protection-spf-40","status":"publish","type":"product","link":"https:\/\/kosmeetika24.eu\/et\/toode\/bruno-vassari-city-beach-every-day-protection-spf-40\/","title":{"rendered":"BRUNO VASSARI City &#038; Beach niisutav p\u00e4ikesekaitsega kreem SPF40"},"content":{"rendered":"<p>P\u00e4ikesekaitsekreem <em>Every Day Protection SPF<\/em> 40 on \u00e4\u00e4rmiselt niisutav UVA ja UVB filtritega, m\u00f5eldud naha kaitsmiseks nii rannas kui ka linnas. Hoiab \u00e4ra naha enneaegsete vananemistunnuste ilmnemise.\u00a0Kreem sobib naha kaitsmiseks ka p\u00e4rast aktiivseid kosmeetilisi protseduure: keemilisi koorimisi, mikrolihvimisi.<\/p>\n<p>Geeljas kreem sobib ideaalselt igap\u00e4evaseks kasutamiseks. Kreem jaotub naha pinnale h\u00f5lpsalt ja \u00fchtlaselt, moodustades \u00fchtlase kaitsekihi.<\/p>\n<p>Sobib k\u00f5igile nahat\u00fc\u00fcpidele. See on ideaalne rasusele v\u00f5i probleemsele nahale.<\/p>\n<p><strong>PEAMISED TOIMEAINED<\/strong><\/p>\n<ul>\n<li>Titaandioksiid (f\u00fc\u00fcsikaline kaitsefaktor)<\/li>\n<li>Avobensoon (keemiline kaitsefaktor)<\/li>\n<\/ul>\n<p><strong>TOIME<\/strong><\/p>\n<p>Kreem sisaldab keemilisi ja f\u00fc\u00fcsikalisi kaitsefaktoreid, matistavat ainet.<\/p>\n<ul>\n<li>F\u00fc\u00fcsikaline kaitsefaktor: silikoonkeradesse suletud titaandioksiid peegeldab a-ja B-t\u00fc\u00fcpi p\u00e4ikesekiiri, on siidise ja sileda tekstuuriga, kaitseb nahka enneaegse vananemise ja nahastruktuuride h\u00e4vimise eest.<\/li>\n<li>Keemiline kaitsefaktor: spetsiaalsetesse transpordis\u00fcsteemidesse suletud avobensoon, vees lahustuv, h\u00e4sti jaotatud naha pinnale.<\/li>\n<\/ul>\n<p><strong>KASUTAMINE<\/strong><\/p>\n<ul>\n<li>Esmalt v\u00f5ib naha puhastada nt. tootega <a href=\"https:\/\/kosmeetika24.eu\/toode\/bruno-vassari-glyco-system-glycolic-washing-foam\/\">BRUNO VASSARI Glyco System gl\u00fckoolhappega puhastusvaht<\/a>.<\/li>\n<li>Siis v\u00f5ib naha toniseerida nt. tootega <a href=\"https:\/\/kosmeetika24.eu\/toode\/bruno-vassari-glyco-system-dual-phase-toner\/\">BRUNO VASSARI Glyco System kahefaasiline toonik<\/a>.<\/li>\n<li>Seej\u00e4rel kanda hommikul nahale p\u00e4ikesekaitsekreem.<\/li>\n<li>Sobib kasutada igal hommikul ja ka naha t\u00e4iendavaks kaitseks p\u00e4rast\u00a0regulaarset kosmeetilist hooldust.<\/li>\n<li>Silma\u00fcmbruse hoolduse teosatmiseks v\u00f5ib kasutada nt. toodet <a href=\"https:\/\/kosmeetika24.eu\/toode\/bruno-vassari-collagen-booster-peptide-eye-contour-gel-cream\/\">BRUNO VASSARI Collagen Booster peptiidikompleksiga silma\u00fcmbruskreem<\/a>.<\/li>\n<\/ul>\n<p><strong>KOOSTIS<\/strong><\/p>\n<p><span style=\"font-size: 14px;\">AQUA (WATER), ETHYLHEXYL METHOXYCINNAMATE, ALCOHOL DENAT., ETHYLHEXYL SALICYLATE, CYCLOPENTASILOXANE, POLYMETHYL, METHACRYLATE, HOMOSALATE, BUTYLMETHOXYDIBENZOYLMETHANE, BUTYLENE GLYCOL, SILICA, TITANIUM DIOXIDE, GLYCERIN, CETEARYL ALCOHOL, GLYCERYL STEARATE, PEG-100 STEARATE, HYDROGENATED VEGETABLE OIL, BIS-PEG-18 METHYL ETHER DIMETHYL SILANE, OCTOCRYLENE, POLYSORBATE 60, PHENOXYETHANOL, TOCOPHERYL ACETATE, POLYACRYLATE13, DISODIUM EDTA, CARBOMER, CHLORPHENESIN, TRIETHANOLAMINE, METHYLPROPANEDIOL, POLYISOBUTENE, BHT, PARFUM (FRAGRANCE), CAPRYLYL GLYCOL, POLYSORBATE 20, LINALOOL, LIMONENE, PHENYLPROPANOL, CITRONELLOL, HEXYL CINNAMAL, BUTYLPHENYL METHYLPROPIONAL.<\/span><\/p>\n<p><span style=\"color: #000000;\"><span style=\"font-family: Roboto, sans-serif;\"><span style=\"font-size: small;\"><span style=\"font-size: xx-small;\">1620 \u20ac\/l<\/span><\/span><\/span><\/span><\/p>\n","protected":false},"excerpt":{"rendered":"<p>50 ml<\/p>\n<p>Niisutav ja kaitsev kreem sobib ideaalselt igap\u00e4evaseks kasutamiseks 365 p\u00e4eva aastas.<\/p>\n","protected":false},"featured_media":2139,"template":"","meta":{"om_disable_all_campaigns":false,"_monsterinsights_skip_tracking":false,"_monsterinsights_sitenote_active":false,"_monsterinsights_sitenote_note":"","_monsterinsights_sitenote_category":0,"_uf_show_specific_survey":0,"_uf_disable_surveys":false,"site-sidebar-layout":"default","site-content-layout":"","ast-site-content-layout":"default","site-content-style":"default","site-sidebar-style":"default","ast-global-header-display":"","ast-banner-title-visibility":"","ast-main-header-display":"","ast-hfb-above-header-display":"","ast-hfb-below-header-display":"","ast-hfb-mobile-header-display":"","site-post-title":"","ast-breadcrumbs-content":"","ast-featured-img":"","footer-sml-layout":"","theme-transparent-header-meta":"default","adv-header-id-meta":"","stick-header-meta":"","header-above-stick-meta":"","header-main-stick-meta":"","header-below-stick-meta":"","astra-migrate-meta-layouts":"set","ast-page-background-enabled":"default","ast-page-background-meta":{"desktop":{"background-color":"var(--ast-global-color-4)","background-image":"","background-repeat":"repeat","background-position":"center center","background-size":"auto","background-attachment":"scroll","background-type":"","background-media":"","overlay-type":"","overlay-color":"","overlay-opacity":"","overlay-gradient":""},"tablet":{"background-color":"","background-image":"","background-repeat":"repeat","background-position":"center center","background-size":"auto","background-attachment":"scroll","background-type":"","background-media":"","overlay-type":"","overlay-color":"","overlay-opacity":"","overlay-gradient":""},"mobile":{"background-color":"","background-image":"","background-repeat":"repeat","background-position":"center center","background-size":"auto","background-attachment":"scroll","background-type":"","background-media":"","overlay-type":"","overlay-color":"","overlay-opacity":"","overlay-gradient":""}},"ast-content-background-meta":{"desktop":{"background-color":"var(--ast-global-color-5)","background-image":"","background-repeat":"repeat","background-position":"center center","background-size":"auto","background-attachment":"scroll","background-type":"","background-media":"","overlay-type":"","overlay-color":"","overlay-opacity":"","overlay-gradient":""},"tablet":{"background-color":"var(--ast-global-color-5)","background-image":"","background-repeat":"repeat","background-position":"center center","background-size":"auto","background-attachment":"scroll","background-type":"","background-media":"","overlay-type":"","overlay-color":"","overlay-opacity":"","overlay-gradient":""},"mobile":{"background-color":"var(--ast-global-color-5)","background-image":"","background-repeat":"repeat","background-position":"center center","background-size":"auto","background-attachment":"scroll","background-type":"","background-media":"","overlay-type":"","overlay-color":"","overlay-opacity":"","overlay-gradient":""}}},"product_brand":[],"product_cat":[75,15,90],"product_tag":[],"class_list":{"0":"post-2065","1":"product","2":"type-product","3":"status-publish","4":"has-post-thumbnail","6":"product_cat-kreemid-naole","7":"product_cat-naole","8":"product_cat-paikesekaitse","9":"desktop-align-center","10":"tablet-align-left","11":"mobile-align-left","13":"first","14":"instock","15":"taxable","16":"shipping-taxable","17":"purchasable","18":"product-type-simple","19":"add-to-wishlist-before_image"},"aioseo_notices":[],"_links":{"self":[{"href":"https:\/\/kosmeetika24.eu\/et\/wp-json\/wp\/v2\/product\/2065","targetHints":{"allow":["GET"]}}],"collection":[{"href":"https:\/\/kosmeetika24.eu\/et\/wp-json\/wp\/v2\/product"}],"about":[{"href":"https:\/\/kosmeetika24.eu\/et\/wp-json\/wp\/v2\/types\/product"}],"version-history":[{"count":7,"href":"https:\/\/kosmeetika24.eu\/et\/wp-json\/wp\/v2\/product\/2065\/revisions"}],"predecessor-version":[{"id":10188,"href":"https:\/\/kosmeetika24.eu\/et\/wp-json\/wp\/v2\/product\/2065\/revisions\/10188"}],"wp:featuredmedia":[{"embeddable":true,"href":"https:\/\/kosmeetika24.eu\/et\/wp-json\/wp\/v2\/media\/2139"}],"wp:attachment":[{"href":"https:\/\/kosmeetika24.eu\/et\/wp-json\/wp\/v2\/media?parent=2065"}],"wp:term":[{"taxonomy":"product_brand","embeddable":true,"href":"https:\/\/kosmeetika24.eu\/et\/wp-json\/wp\/v2\/product_brand?post=2065"},{"taxonomy":"product_cat","embeddable":true,"href":"https:\/\/kosmeetika24.eu\/et\/wp-json\/wp\/v2\/product_cat?post=2065"},{"taxonomy":"product_tag","embeddable":true,"href":"https:\/\/kosmeetika24.eu\/et\/wp-json\/wp\/v2\/product_tag?post=2065"}],"curies":[{"name":"wp","href":"https:\/\/api.w.org\/{rel}","templated":true}]}}