{"id":2055,"date":"2019-11-15T13:27:32","date_gmt":"2019-11-15T13:27:32","guid":{"rendered":"https:\/\/kosmeetika24.eu\/?post_type=product&#038;p=2055"},"modified":"2025-11-01T10:34:39","modified_gmt":"2025-11-01T07:34:39","slug":"bruno-vassari-ha50x-premium-hyaluronic-oil","status":"publish","type":"product","link":"https:\/\/kosmeetika24.eu\/et\/toode\/bruno-vassari-ha50x-premium-hyaluronic-oil\/","title":{"rendered":"BRUNO VASSARI HA50X h\u00fcaluroonhapet sisaldav n\u00e4o\u00f5li"},"content":{"rendered":"<p>S\u00fcgavalt niisutav n\u00e4o\u00f5li <em>Premium Hyaluronic Oil<\/em> on vananemisvastane seerum, millel on v\u00e4ga hea taastav ja niisutav toime. Sisaldab kuiva \u00f5li ja looduslikku h\u00fcaluroonhapet. Toidab nahka, annab s\u00e4ra ning v\u00e4hendab miimikakortse. Suurendab naha koguvee kogust kuni + 45%. Kerge tekstuur muudab pealekandmise meeldivaks ning ei j\u00e4ta nahka \u00f5liseks.<\/p>\n<p>Sobib kuivale, kortsulisele nahale.<\/p>\n<p><strong>PEAMISED TOIMEAINED<\/strong><\/p>\n<ul>\n<li><span class=\"notranslate\">PrimalHyal \u2122 Gold\u00a0<\/span><\/li>\n<li>Jojoaba\u00f5li<\/li>\n<\/ul>\n<p><strong>TOIME<\/strong><\/p>\n<ul>\n<li>PrimalHyal Gold <span class=\"notranslate\">\u2122 <\/span>on \u00f5lis lahustuv h\u00fcaluroonhape, mis tungib s\u00fcgavatesse nahakihtidesse, ennetades veekadu ning suurendades niiskustaset.<\/li>\n<li>\u00a0Jojoabi\u00f5li on v\u00e4ga niisutavate ja rahustavate omadusega \u00f5li. Neutraliseerib vabade radikaalide moodustumise<br \/>\nt\u00e4nu antioks\u00fcdantide suurele kontsentratsioonile. J\u00e4tab naha elastseks ja kaitstuks.<\/li>\n<\/ul>\n<p><strong>KASUTAMINE<\/strong><\/p>\n<ul>\n<li>Nahk puhastada eelnevalt.<\/li>\n<li>2\u20133 tilka n\u00e4o\u00f5li kanda n\u00e4ole ja kaelapiirkonda \u00f5rnade masseerivate liigutustega. Sobib kasutamiseks \u00f5htul.<\/li>\n<li>Soovi korral v\u00f5ite sama doosi segada hommikul igap\u00e4evaselt kasutatava kreemiga.<\/li>\n<\/ul>\n<p><strong>KOOSTIS<\/strong><\/p>\n<p><span style=\"font-size: 14px;\">ISONONYL ISONONANOATE, POLYSORBATE 85, POLYGLYCERYL-10 OLEATE, SIMMONDSIA CHINENSIS (JOJOBA) SEED OIL, AQUA (WATER), PEG-8 CAPRYLIC\/CAPRIC GLYCERIDES, SODIUM HYALYRONATE, OCTYLDODECETH-25, PARFUM (FRAGRANCE), PHENOXYETHANOL, PROPYLENE GLYCOL, DECYLENE GLYCOL.\u00a0<\/span><\/p>\n","protected":false},"excerpt":{"rendered":"<p>N\u00e4o\u00f5li toimib vananemisvastaselt, parendab naha pehmust, elastsust ja tooni.<\/p>\n<p>&nbsp;<\/p>\n<p>30 ml<\/p>\n","protected":false},"featured_media":2141,"template":"","meta":{"om_disable_all_campaigns":false,"_monsterinsights_skip_tracking":false,"_monsterinsights_sitenote_active":false,"_monsterinsights_sitenote_note":"","_monsterinsights_sitenote_category":0,"_uf_show_specific_survey":0,"_uf_disable_surveys":false,"site-sidebar-layout":"default","site-content-layout":"","ast-site-content-layout":"default","site-content-style":"default","site-sidebar-style":"default","ast-global-header-display":"","ast-banner-title-visibility":"","ast-main-header-display":"","ast-hfb-above-header-display":"","ast-hfb-below-header-display":"","ast-hfb-mobile-header-display":"","site-post-title":"","ast-breadcrumbs-content":"","ast-featured-img":"","footer-sml-layout":"","theme-transparent-header-meta":"default","adv-header-id-meta":"","stick-header-meta":"","header-above-stick-meta":"","header-main-stick-meta":"","header-below-stick-meta":"","astra-migrate-meta-layouts":"set","ast-page-background-enabled":"default","ast-page-background-meta":{"desktop":{"background-color":"var(--ast-global-color-4)","background-image":"","background-repeat":"repeat","background-position":"center center","background-size":"auto","background-attachment":"scroll","background-type":"","background-media":"","overlay-type":"","overlay-color":"","overlay-opacity":"","overlay-gradient":""},"tablet":{"background-color":"","background-image":"","background-repeat":"repeat","background-position":"center center","background-size":"auto","background-attachment":"scroll","background-type":"","background-media":"","overlay-type":"","overlay-color":"","overlay-opacity":"","overlay-gradient":""},"mobile":{"background-color":"","background-image":"","background-repeat":"repeat","background-position":"center center","background-size":"auto","background-attachment":"scroll","background-type":"","background-media":"","overlay-type":"","overlay-color":"","overlay-opacity":"","overlay-gradient":""}},"ast-content-background-meta":{"desktop":{"background-color":"var(--ast-global-color-5)","background-image":"","background-repeat":"repeat","background-position":"center center","background-size":"auto","background-attachment":"scroll","background-type":"","background-media":"","overlay-type":"","overlay-color":"","overlay-opacity":"","overlay-gradient":""},"tablet":{"background-color":"var(--ast-global-color-5)","background-image":"","background-repeat":"repeat","background-position":"center center","background-size":"auto","background-attachment":"scroll","background-type":"","background-media":"","overlay-type":"","overlay-color":"","overlay-opacity":"","overlay-gradient":""},"mobile":{"background-color":"var(--ast-global-color-5)","background-image":"","background-repeat":"repeat","background-position":"center center","background-size":"auto","background-attachment":"scroll","background-type":"","background-media":"","overlay-type":"","overlay-color":"","overlay-opacity":"","overlay-gradient":""}}},"product_brand":[],"product_cat":[15,77],"product_tag":[],"class_list":{"0":"post-2055","1":"product","2":"type-product","3":"status-publish","4":"has-post-thumbnail","6":"product_cat-naole","7":"product_cat-seerumid","8":"desktop-align-center","9":"tablet-align-left","10":"mobile-align-left","12":"first","13":"instock","14":"taxable","15":"shipping-taxable","16":"purchasable","17":"product-type-simple","18":"add-to-wishlist-before_image"},"aioseo_notices":[],"_links":{"self":[{"href":"https:\/\/kosmeetika24.eu\/et\/wp-json\/wp\/v2\/product\/2055","targetHints":{"allow":["GET"]}}],"collection":[{"href":"https:\/\/kosmeetika24.eu\/et\/wp-json\/wp\/v2\/product"}],"about":[{"href":"https:\/\/kosmeetika24.eu\/et\/wp-json\/wp\/v2\/types\/product"}],"version-history":[{"count":3,"href":"https:\/\/kosmeetika24.eu\/et\/wp-json\/wp\/v2\/product\/2055\/revisions"}],"predecessor-version":[{"id":3146,"href":"https:\/\/kosmeetika24.eu\/et\/wp-json\/wp\/v2\/product\/2055\/revisions\/3146"}],"wp:featuredmedia":[{"embeddable":true,"href":"https:\/\/kosmeetika24.eu\/et\/wp-json\/wp\/v2\/media\/2141"}],"wp:attachment":[{"href":"https:\/\/kosmeetika24.eu\/et\/wp-json\/wp\/v2\/media?parent=2055"}],"wp:term":[{"taxonomy":"product_brand","embeddable":true,"href":"https:\/\/kosmeetika24.eu\/et\/wp-json\/wp\/v2\/product_brand?post=2055"},{"taxonomy":"product_cat","embeddable":true,"href":"https:\/\/kosmeetika24.eu\/et\/wp-json\/wp\/v2\/product_cat?post=2055"},{"taxonomy":"product_tag","embeddable":true,"href":"https:\/\/kosmeetika24.eu\/et\/wp-json\/wp\/v2\/product_tag?post=2055"}],"curies":[{"name":"wp","href":"https:\/\/api.w.org\/{rel}","templated":true}]}}