{"id":2053,"date":"2019-11-15T13:16:42","date_gmt":"2019-11-15T13:16:42","guid":{"rendered":"https:\/\/kosmeetika24.eu\/?post_type=product&#038;p=2053"},"modified":"2026-03-27T14:38:57","modified_gmt":"2026-03-27T11:38:57","slug":"bruno-vassari-ha50x-hyaluronic-sleeping-mask","status":"publish","type":"product","link":"https:\/\/kosmeetika24.eu\/et\/toode\/bruno-vassari-ha50x-hyaluronic-sleeping-mask\/","title":{"rendered":"BRUNO VASSARI HA50X niisutav \u00f6\u00f6mask"},"content":{"rendered":"<p>Kerge tekstuuriga mask <em>Hyaluronic Sleeping Mask<\/em> v\u00f5imaldab une ajal siluda naha pinda, suurendada elastsust ja parandada jumet. \u00d6\u00f6mask tegeleb naha taastamisega \u00f6\u00f6sel, muutes selle v\u00e4rskeks, \u00fchtlase tekstuuriga puhanuks. Parandab niisutust ja kaitseb v\u00e4liste stressitekitajate eest.<\/p>\n<p>Sobib k\u00f5igile nahat\u00fc\u00fcpidele.<\/p>\n<p><strong>PEAMISED TOIMEAINED<\/strong><\/p>\n<ul>\n<li>H\u00fcaluroonhape<\/li>\n<li>Ramnosoft\u00ae HP<\/li>\n<\/ul>\n<p><strong>TOIME<\/strong><\/p>\n<ul>\n<li>Mask sisaldab v\u00e4ikese ja suure molekulmassiga h\u00fcaluroonhappe suurt kontsentratsiooni, mis niisutab nahka s\u00fcgavuti.<\/li>\n<li>Ramnosoft on\u00a0normaliseerib rakkudevahelist koostoimet ja soodustab endorfiinide s\u00fcnteesi.<\/li>\n<\/ul>\n<p><strong>KASUTAMINE<\/strong><\/p>\n<ul>\n<li>Nahk puhastada eelnevalt nt tootega <a href=\"https:\/\/kosmeetika24.eu\/toode\/bruno-vassari-ha50x-scrub-mask\/\">BRUNO VASSARI HA50X kooriv mask<\/a>.<\/li>\n<li>\u00d6\u00f6mask kanda enne magama minekut puhastatud nahale \u00f6\u00f6kreemina. Ei vaja maha loputamist. V\u00f5ib kasutada igap\u00e4evaselt.<\/li>\n<\/ul>\n<p><strong>KOOSTIS<\/strong><\/p>\n<p><span style=\"font-size: 14px;\">AQUA (WATER), PROPANEIDOL, GLYCERIN, SODIUM POLYACRYLATE STARCH, SODIUM HAYLURONATE, BIOSACCHARIDE GUM-2, PANTHENOL, PROPYLENE GLYCOL, DISODIUM EDTA, PHENOXYETHANOL, PEG-40 HYDROGENATED CASTOR OIL, PARFUM (FRAGRANCE), CHLORPHENESIN.<\/span><\/p>\n<p><span style=\"font-size: 11px;\">1977.60 \u20ac\/l<\/span><\/p>\n","protected":false},"excerpt":{"rendered":"<p>50 ml<\/p>\n<p>H\u00fcaluroonhappega \u00f6ine mask, et \u00e4rgata puhanuma, \u00fchtlasema ja v\u00e4rskema n\u00e4oga.<\/p>\n","protected":false},"featured_media":5667,"template":"","meta":{"om_disable_all_campaigns":false,"_monsterinsights_skip_tracking":false,"_monsterinsights_sitenote_active":false,"_monsterinsights_sitenote_note":"","_monsterinsights_sitenote_category":0,"_uf_show_specific_survey":0,"_uf_disable_surveys":false,"site-sidebar-layout":"default","site-content-layout":"","ast-site-content-layout":"default","site-content-style":"default","site-sidebar-style":"default","ast-global-header-display":"","ast-banner-title-visibility":"","ast-main-header-display":"","ast-hfb-above-header-display":"","ast-hfb-below-header-display":"","ast-hfb-mobile-header-display":"","site-post-title":"","ast-breadcrumbs-content":"","ast-featured-img":"","footer-sml-layout":"","theme-transparent-header-meta":"default","adv-header-id-meta":"","stick-header-meta":"","header-above-stick-meta":"","header-main-stick-meta":"","header-below-stick-meta":"","astra-migrate-meta-layouts":"set","ast-page-background-enabled":"default","ast-page-background-meta":{"desktop":{"background-color":"var(--ast-global-color-4)","background-image":"","background-repeat":"repeat","background-position":"center center","background-size":"auto","background-attachment":"scroll","background-type":"","background-media":"","overlay-type":"","overlay-color":"","overlay-opacity":"","overlay-gradient":""},"tablet":{"background-color":"","background-image":"","background-repeat":"repeat","background-position":"center center","background-size":"auto","background-attachment":"scroll","background-type":"","background-media":"","overlay-type":"","overlay-color":"","overlay-opacity":"","overlay-gradient":""},"mobile":{"background-color":"","background-image":"","background-repeat":"repeat","background-position":"center center","background-size":"auto","background-attachment":"scroll","background-type":"","background-media":"","overlay-type":"","overlay-color":"","overlay-opacity":"","overlay-gradient":""}},"ast-content-background-meta":{"desktop":{"background-color":"var(--ast-global-color-5)","background-image":"","background-repeat":"repeat","background-position":"center center","background-size":"auto","background-attachment":"scroll","background-type":"","background-media":"","overlay-type":"","overlay-color":"","overlay-opacity":"","overlay-gradient":""},"tablet":{"background-color":"var(--ast-global-color-5)","background-image":"","background-repeat":"repeat","background-position":"center center","background-size":"auto","background-attachment":"scroll","background-type":"","background-media":"","overlay-type":"","overlay-color":"","overlay-opacity":"","overlay-gradient":""},"mobile":{"background-color":"var(--ast-global-color-5)","background-image":"","background-repeat":"repeat","background-position":"center center","background-size":"auto","background-attachment":"scroll","background-type":"","background-media":"","overlay-type":"","overlay-color":"","overlay-opacity":"","overlay-gradient":""}}},"product_brand":[],"product_cat":[431,338,15,342,432],"product_tag":[],"class_list":{"0":"post-2053","1":"product","2":"type-product","3":"status-publish","4":"has-post-thumbnail","6":"product_cat-buduaari-ilulemmik","7":"product_cat-maskid-parchid","8":"product_cat-naole","9":"product_cat-oomaskid","10":"product_cat-top-tooted","11":"desktop-align-center","12":"tablet-align-left","13":"mobile-align-left","15":"first","16":"instock","17":"taxable","18":"shipping-taxable","19":"purchasable","20":"product-type-simple","21":"add-to-wishlist-before_image"},"aioseo_notices":[],"_links":{"self":[{"href":"https:\/\/kosmeetika24.eu\/et\/wp-json\/wp\/v2\/product\/2053","targetHints":{"allow":["GET"]}}],"collection":[{"href":"https:\/\/kosmeetika24.eu\/et\/wp-json\/wp\/v2\/product"}],"about":[{"href":"https:\/\/kosmeetika24.eu\/et\/wp-json\/wp\/v2\/types\/product"}],"version-history":[{"count":3,"href":"https:\/\/kosmeetika24.eu\/et\/wp-json\/wp\/v2\/product\/2053\/revisions"}],"predecessor-version":[{"id":8990,"href":"https:\/\/kosmeetika24.eu\/et\/wp-json\/wp\/v2\/product\/2053\/revisions\/8990"}],"wp:featuredmedia":[{"embeddable":true,"href":"https:\/\/kosmeetika24.eu\/et\/wp-json\/wp\/v2\/media\/5667"}],"wp:attachment":[{"href":"https:\/\/kosmeetika24.eu\/et\/wp-json\/wp\/v2\/media?parent=2053"}],"wp:term":[{"taxonomy":"product_brand","embeddable":true,"href":"https:\/\/kosmeetika24.eu\/et\/wp-json\/wp\/v2\/product_brand?post=2053"},{"taxonomy":"product_cat","embeddable":true,"href":"https:\/\/kosmeetika24.eu\/et\/wp-json\/wp\/v2\/product_cat?post=2053"},{"taxonomy":"product_tag","embeddable":true,"href":"https:\/\/kosmeetika24.eu\/et\/wp-json\/wp\/v2\/product_tag?post=2053"}],"curies":[{"name":"wp","href":"https:\/\/api.w.org\/{rel}","templated":true}]}}