{"id":2047,"date":"2019-11-15T12:54:23","date_gmt":"2019-11-15T12:54:23","guid":{"rendered":"https:\/\/kosmeetika24.eu\/?post_type=product&#038;p=2047"},"modified":"2025-09-30T13:27:40","modified_gmt":"2025-09-30T10:27:40","slug":"bruno-vassari-ha50x-scrub-mask","status":"publish","type":"product","link":"https:\/\/kosmeetika24.eu\/et\/toode\/bruno-vassari-ha50x-scrub-mask\/","title":{"rendered":"BRUNO VASSARI HA50X kooriv mask"},"content":{"rendered":"<p>Kooriv mask<em> Scrub &amp; Mask<\/em> on kahekordse toimega: kooriv ja surnud naharakke eemaldav. T\u00e4nu perliidi ja valge savi koorivate osakeste kombinatsioonile on nahk puhas, matt ja surnud rakkudest vaba.<\/p>\n<p>Sobib k\u00f5igile nahat\u00fc\u00fcpidele.<\/p>\n<p><strong>PEAMISED TOIMEAINED<\/strong><\/p>\n<ul>\n<li>Kaoliin<\/li>\n<li>Perliit<\/li>\n<\/ul>\n<p><strong>TOIME<\/strong><\/p>\n<ul>\n<li>Perliit on vulkaanilise p\u00e4ritoluga kuulikesed koorivad nahka \u00f5rnalt seda kahjustamata.<\/li>\n<li>Kaoliin toimib kui mask, eemaldades naha mustuse.<\/li>\n<\/ul>\n<p><strong>KASUTAMINE<\/strong><\/p>\n<ul>\n<li>Mask kanda puhtale nahale \u00f5rnade masseerivate liigutustega.<\/li>\n<li>Lasta paar minutit m\u00f5juda ning siis eemaldada rohke veega.<\/li>\n<li>Kasutada n\u00e4dalas 1-2 korda.<\/li>\n<li>Peale maski kasutada nt toodet <a href=\"https:\/\/kosmeetika24.eu\/toode\/bruno-vassari-ha50x-hyaluronic-cream-pollution-neutralizer\/\">BRUNO VASSARI HA50X keskkonnam\u00f5jude eest kaitsev kreem<\/a>.<\/li>\n<li>Parema tulemuse saamiseks kasutada peale maski ja enne kreemi veel sobivat seerumit nt <a href=\"https:\/\/kosmeetika24.eu\/toode\/bruno-vassari-ha50x-multi-molecular-hyaluronic-filler\/\">BRUNO VASSARI HA50X niisutav seerum<\/a>.<\/li>\n<li>Silma\u00fcmbruse hooldamiseks kasutada nt toodet <a href=\"https:\/\/kosmeetika24.eu\/toode\/bruno-vassari-kianty-viniferin-eyes-lips-cream\/\">BRUNO VASSARI Kianty Viniferin silma- ja huule\u00fcmbruse kreem<\/a>.<\/li>\n<\/ul>\n<p><strong>KOOSTIS<\/strong><\/p>\n<p><span style=\"font-size: 14px;\">AQUA (WATER), SODIUM POTASSIUM ALUMINIUMSILICATE, PROPANEDIOL, PERLITE, MAGNESIUM ALUMINIUM SILICATE, DECYL GLUCOSIDE, PHENOXYETHANOL, XANTHAN GUM, PARFUM (FRAGRANCE), ETHYLHEXYLGLYCERIN, METHYLCHLOROISOTHIAZOLINONE, METHYLISOTHIAZOLINONE.<\/span><\/p>\n<p><span style=\"color: #000000;\"><span style=\"font-family: Roboto, sans-serif;\"><span style=\"font-size: small;\"><span style=\"font-size: xx-small;\">495.- \u20ac\/l<\/span><\/span><\/span><\/span><\/p>\n","protected":false},"excerpt":{"rendered":"<p>100 ml<\/p>\n<p>Kahetoimeline kooriv mask j\u00e4tab naha puhtaks ja niisutatuks.<\/p>\n","protected":false},"featured_media":2465,"template":"","meta":{"om_disable_all_campaigns":false,"_monsterinsights_skip_tracking":false,"_monsterinsights_sitenote_active":false,"_monsterinsights_sitenote_note":"","_monsterinsights_sitenote_category":0,"_uf_show_specific_survey":0,"_uf_disable_surveys":false,"site-sidebar-layout":"default","site-content-layout":"","ast-site-content-layout":"default","site-content-style":"default","site-sidebar-style":"default","ast-global-header-display":"","ast-banner-title-visibility":"","ast-main-header-display":"","ast-hfb-above-header-display":"","ast-hfb-below-header-display":"","ast-hfb-mobile-header-display":"","site-post-title":"","ast-breadcrumbs-content":"","ast-featured-img":"","footer-sml-layout":"","theme-transparent-header-meta":"default","adv-header-id-meta":"","stick-header-meta":"","header-above-stick-meta":"","header-main-stick-meta":"","header-below-stick-meta":"","astra-migrate-meta-layouts":"set","ast-page-background-enabled":"default","ast-page-background-meta":{"desktop":{"background-color":"var(--ast-global-color-4)","background-image":"","background-repeat":"repeat","background-position":"center center","background-size":"auto","background-attachment":"scroll","background-type":"","background-media":"","overlay-type":"","overlay-color":"","overlay-opacity":"","overlay-gradient":""},"tablet":{"background-color":"","background-image":"","background-repeat":"repeat","background-position":"center center","background-size":"auto","background-attachment":"scroll","background-type":"","background-media":"","overlay-type":"","overlay-color":"","overlay-opacity":"","overlay-gradient":""},"mobile":{"background-color":"","background-image":"","background-repeat":"repeat","background-position":"center center","background-size":"auto","background-attachment":"scroll","background-type":"","background-media":"","overlay-type":"","overlay-color":"","overlay-opacity":"","overlay-gradient":""}},"ast-content-background-meta":{"desktop":{"background-color":"var(--ast-global-color-5)","background-image":"","background-repeat":"repeat","background-position":"center center","background-size":"auto","background-attachment":"scroll","background-type":"","background-media":"","overlay-type":"","overlay-color":"","overlay-opacity":"","overlay-gradient":""},"tablet":{"background-color":"var(--ast-global-color-5)","background-image":"","background-repeat":"repeat","background-position":"center center","background-size":"auto","background-attachment":"scroll","background-type":"","background-media":"","overlay-type":"","overlay-color":"","overlay-opacity":"","overlay-gradient":""},"mobile":{"background-color":"var(--ast-global-color-5)","background-image":"","background-repeat":"repeat","background-position":"center center","background-size":"auto","background-attachment":"scroll","background-type":"","background-media":"","overlay-type":"","overlay-color":"","overlay-opacity":"","overlay-gradient":""}}},"product_brand":[],"product_cat":[338,15,73],"product_tag":[],"class_list":{"0":"post-2047","1":"product","2":"type-product","3":"status-publish","4":"has-post-thumbnail","6":"product_cat-maskid-parchid","7":"product_cat-naole","8":"product_cat-puhastustooted","9":"desktop-align-center","10":"tablet-align-left","11":"mobile-align-left","13":"first","14":"instock","15":"taxable","16":"shipping-taxable","17":"purchasable","18":"product-type-simple","19":"add-to-wishlist-before_image"},"aioseo_notices":[],"_links":{"self":[{"href":"https:\/\/kosmeetika24.eu\/et\/wp-json\/wp\/v2\/product\/2047","targetHints":{"allow":["GET"]}}],"collection":[{"href":"https:\/\/kosmeetika24.eu\/et\/wp-json\/wp\/v2\/product"}],"about":[{"href":"https:\/\/kosmeetika24.eu\/et\/wp-json\/wp\/v2\/types\/product"}],"version-history":[{"count":5,"href":"https:\/\/kosmeetika24.eu\/et\/wp-json\/wp\/v2\/product\/2047\/revisions"}],"predecessor-version":[{"id":10483,"href":"https:\/\/kosmeetika24.eu\/et\/wp-json\/wp\/v2\/product\/2047\/revisions\/10483"}],"wp:featuredmedia":[{"embeddable":true,"href":"https:\/\/kosmeetika24.eu\/et\/wp-json\/wp\/v2\/media\/2465"}],"wp:attachment":[{"href":"https:\/\/kosmeetika24.eu\/et\/wp-json\/wp\/v2\/media?parent=2047"}],"wp:term":[{"taxonomy":"product_brand","embeddable":true,"href":"https:\/\/kosmeetika24.eu\/et\/wp-json\/wp\/v2\/product_brand?post=2047"},{"taxonomy":"product_cat","embeddable":true,"href":"https:\/\/kosmeetika24.eu\/et\/wp-json\/wp\/v2\/product_cat?post=2047"},{"taxonomy":"product_tag","embeddable":true,"href":"https:\/\/kosmeetika24.eu\/et\/wp-json\/wp\/v2\/product_tag?post=2047"}],"curies":[{"name":"wp","href":"https:\/\/api.w.org\/{rel}","templated":true}]}}