{"id":2030,"date":"2019-11-15T12:38:33","date_gmt":"2019-11-15T12:38:33","guid":{"rendered":"https:\/\/kosmeetika24.eu\/?post_type=product&#038;p=2030"},"modified":"2024-12-27T13:18:29","modified_gmt":"2024-12-27T10:18:29","slug":"bruno-vassari-ha50x-hyaluronic-cream-pollution-neutralizer","status":"publish","type":"product","link":"https:\/\/kosmeetika24.eu\/et\/toode\/bruno-vassari-ha50x-hyaluronic-cream-pollution-neutralizer\/","title":{"rendered":"BRUNO VASSARI HA50X keskkonnam\u00f5jude eest kaitsev kreem"},"content":{"rendered":"<p>Kaitsev kreem <em>Hyaluronic Cream Pollution Neutralizer<\/em> on m\u00f5eldud nii naha igap\u00e4evaseks kaitsmiseks v\u00e4liste saasteainete eest kui ka naha enda kaitsemehhanismi tugevdamiseks.<\/p>\n<p>Sisaldab h\u00fcaluroonhappe kaht t\u00fc\u00fcpi \u2013 v\u00e4ikese ja suure molekulmassiga h\u00fcaluroonhapet \u2013, mis tagavad naha optimaalse niisutuse ja elastsuse.<\/p>\n<p>Sobib k\u00f5igile nahat\u00fc\u00fcpidele.<\/p>\n<p><strong>PEAMISED TOIMEAINED<\/strong><\/p>\n<ul>\n<li>Symurban<\/li>\n<li>H\u00fcaluroonhape<\/li>\n<\/ul>\n<p><strong>TOIME<\/strong><\/p>\n<ul>\n<li>Symurban kaitseb nahka kahjulike v\u00e4liste tegurite eest ning tugevdab naha loomulikku kaitsemehhanismi. Saastavad osakesed on v\u00e4ga v\u00e4ikesed, ent suudavad l\u00e4bida ainult marrasknaha kapillaarsete folliikulite kaudu.<br \/>\nSymurban blokeerib erinevate saasteallikate toimed, takistades nimetatud osakeste sisenemist nahka, v\u00e4hendab nende p\u00f5hjustatud DNA kahjustust ning melaniini tootmist ja p\u00f5letikku.<\/li>\n<li>Sisaldab h\u00fcaluroonhapete ainulaadset segu nii, et saame l\u00f5puks kreemi, mis ennetab vananemist.<\/li>\n<\/ul>\n<p><strong>KASUTAMINE<\/strong><\/p>\n<ul>\n<li>Eelnevalt puhastada nahk nt tootega <a href=\"https:\/\/kosmeetika24.eu\/toode\/bruno-vassari-ha50x-scrub-mask\/\">BRUNO VASSARI HA50X kooriv mask<\/a>.<\/li>\n<li>Parema tulemuse saamiseks kasutada peale maski ja enne kreemi nt toodet <a href=\"https:\/\/kosmeetika24.eu\/toode\/bruno-vassari-ha50x-multi-molecular-hyaluronic-filler\/\">BRUNO VASSARI HA50X niisutav seerum<\/a>.<\/li>\n<li>Kreem kanda hommikul kergete masseerivate liigutustega nahale.<\/li>\n<\/ul>\n<p><strong>KOOSTIS<\/strong><\/p>\n<p><span style=\"font-size: 14px;\">AQUA (WATER), DIMETHICONE, PROPANEDIOL, CAPRYLIC\/CAPRIC TRIGLYCERIDE, DICAPRYLYL CARBONATE, PENTAERYTHRITYL DISTEARATE, ALCHOL DENAT.,GLYCERIN, GLYCERYL STEARATE, PEG-100STEARATE, HYDROGENATED POLYISOBUTENE, BUTYROSPERMUM PARKII (SHEA) BUTTER, SODIUM HYALURONATE, AMMONIUM ACRYLOYLDIMETHYLTAURATE\/VP COPOLYMER, BENZYLIDENE DIMETHOXYDIMETHYLINDANONE, PHENOXYETANOL, CHLORPHENESIN, METHYLPARABEN, DISODIUM EDTA, PARFUM (FRAGRANCE).<\/span><\/p>\n<p><span style=\"font-size: xx-small;\">1835.- \u20ac\/l<\/span><\/p>\n","protected":false},"excerpt":{"rendered":"<p>50 ml<\/p>\n<p>H\u00fcaluroonhapet sisaldav kreem kaitseb keskonnam\u00f5jude eest, v\u00e4hendab kortsude ilmumist ja parandab naha elastsust.<\/p>\n","protected":false},"featured_media":2466,"template":"","meta":{"om_disable_all_campaigns":false,"_monsterinsights_skip_tracking":false,"_monsterinsights_sitenote_active":false,"_monsterinsights_sitenote_note":"","_monsterinsights_sitenote_category":0,"_uf_show_specific_survey":0,"_uf_disable_surveys":false,"site-sidebar-layout":"default","site-content-layout":"","ast-site-content-layout":"default","site-content-style":"default","site-sidebar-style":"default","ast-global-header-display":"","ast-banner-title-visibility":"","ast-main-header-display":"","ast-hfb-above-header-display":"","ast-hfb-below-header-display":"","ast-hfb-mobile-header-display":"","site-post-title":"","ast-breadcrumbs-content":"","ast-featured-img":"","footer-sml-layout":"","theme-transparent-header-meta":"default","adv-header-id-meta":"","stick-header-meta":"","header-above-stick-meta":"","header-main-stick-meta":"","header-below-stick-meta":"","astra-migrate-meta-layouts":"set","ast-page-background-enabled":"default","ast-page-background-meta":{"desktop":{"background-color":"var(--ast-global-color-4)","background-image":"","background-repeat":"repeat","background-position":"center center","background-size":"auto","background-attachment":"scroll","background-type":"","background-media":"","overlay-type":"","overlay-color":"","overlay-opacity":"","overlay-gradient":""},"tablet":{"background-color":"","background-image":"","background-repeat":"repeat","background-position":"center center","background-size":"auto","background-attachment":"scroll","background-type":"","background-media":"","overlay-type":"","overlay-color":"","overlay-opacity":"","overlay-gradient":""},"mobile":{"background-color":"","background-image":"","background-repeat":"repeat","background-position":"center center","background-size":"auto","background-attachment":"scroll","background-type":"","background-media":"","overlay-type":"","overlay-color":"","overlay-opacity":"","overlay-gradient":""}},"ast-content-background-meta":{"desktop":{"background-color":"var(--ast-global-color-5)","background-image":"","background-repeat":"repeat","background-position":"center center","background-size":"auto","background-attachment":"scroll","background-type":"","background-media":"","overlay-type":"","overlay-color":"","overlay-opacity":"","overlay-gradient":""},"tablet":{"background-color":"var(--ast-global-color-5)","background-image":"","background-repeat":"repeat","background-position":"center center","background-size":"auto","background-attachment":"scroll","background-type":"","background-media":"","overlay-type":"","overlay-color":"","overlay-opacity":"","overlay-gradient":""},"mobile":{"background-color":"var(--ast-global-color-5)","background-image":"","background-repeat":"repeat","background-position":"center center","background-size":"auto","background-attachment":"scroll","background-type":"","background-media":"","overlay-type":"","overlay-color":"","overlay-opacity":"","overlay-gradient":""}}},"product_brand":[],"product_cat":[75,15],"product_tag":[],"class_list":{"0":"post-2030","1":"product","2":"type-product","3":"status-publish","4":"has-post-thumbnail","6":"product_cat-kreemid-naole","7":"product_cat-naole","8":"desktop-align-center","9":"tablet-align-left","10":"mobile-align-left","12":"first","13":"instock","14":"taxable","15":"shipping-taxable","16":"purchasable","17":"product-type-simple","18":"add-to-wishlist-before_image"},"aioseo_notices":[],"_links":{"self":[{"href":"https:\/\/kosmeetika24.eu\/et\/wp-json\/wp\/v2\/product\/2030","targetHints":{"allow":["GET"]}}],"collection":[{"href":"https:\/\/kosmeetika24.eu\/et\/wp-json\/wp\/v2\/product"}],"about":[{"href":"https:\/\/kosmeetika24.eu\/et\/wp-json\/wp\/v2\/types\/product"}],"version-history":[{"count":4,"href":"https:\/\/kosmeetika24.eu\/et\/wp-json\/wp\/v2\/product\/2030\/revisions"}],"predecessor-version":[{"id":9012,"href":"https:\/\/kosmeetika24.eu\/et\/wp-json\/wp\/v2\/product\/2030\/revisions\/9012"}],"wp:featuredmedia":[{"embeddable":true,"href":"https:\/\/kosmeetika24.eu\/et\/wp-json\/wp\/v2\/media\/2466"}],"wp:attachment":[{"href":"https:\/\/kosmeetika24.eu\/et\/wp-json\/wp\/v2\/media?parent=2030"}],"wp:term":[{"taxonomy":"product_brand","embeddable":true,"href":"https:\/\/kosmeetika24.eu\/et\/wp-json\/wp\/v2\/product_brand?post=2030"},{"taxonomy":"product_cat","embeddable":true,"href":"https:\/\/kosmeetika24.eu\/et\/wp-json\/wp\/v2\/product_cat?post=2030"},{"taxonomy":"product_tag","embeddable":true,"href":"https:\/\/kosmeetika24.eu\/et\/wp-json\/wp\/v2\/product_tag?post=2030"}],"curies":[{"name":"wp","href":"https:\/\/api.w.org\/{rel}","templated":true}]}}