{"id":2014,"date":"2019-11-15T11:48:41","date_gmt":"2019-11-15T11:48:41","guid":{"rendered":"https:\/\/kosmeetika24.eu\/?post_type=product&#038;p=2014"},"modified":"2024-11-06T14:40:44","modified_gmt":"2024-11-06T11:40:44","slug":"bruno-vassari-collagen-booster-activating-lotion","status":"publish","type":"product","link":"https:\/\/kosmeetika24.eu\/et\/toode\/bruno-vassari-collagen-booster-activating-lotion\/","title":{"rendered":"BRUNO VASSARI Collagen Booster aktiveeriv losjoon"},"content":{"rendered":"<p>Spetsiifilise hoolduse losjoon<em> Activating Lotion<\/em> on m\u00f5eldud kasutamiseks koos kollageenilehega. Losjoon niisutab kollageeni ja aktiveerib selle molekulid, luues samas nahale niisutava kihi.<\/p>\n<p>Sobib k\u00f5igile nahat\u00fc\u00fcpidele.<\/p>\n<p><strong>TOIMEAINED<\/strong><\/p>\n<ul>\n<li>Niisutavad ained<\/li>\n<li>H\u00fcaluroonhape<\/li>\n<li>Leuconostoc kimchii<\/li>\n<\/ul>\n<p><strong>TOIME<\/strong><\/p>\n<ul>\n<li>Niisutavad ained kaitsevad nahka kuivamise eest, s\u00e4ilitavad selle toonuse, sileduse ja pehmuse ning<br \/>\naktiveerivad kollageeni n\u00e4omaski funktsionaalsed koostisosad.<\/li>\n<li>Leuconostoc kimchii suurendab naha kaitsev\u00f5imet v\u00e4liste tegurite vastu ja tugevdab nahabarj\u00e4\u00e4ri.<\/li>\n<li>H\u00fcaluroonhape on v\u00e4ga niisutav toimeaine. Imendub kiiresti ja tungib nahka. T\u00e4nu vee absorbeerimise v\u00f5imele v\u00f5imaldab h\u00fcaluroonhape naha niisutuse optimaalselt s\u00e4ilitada ning muudab naha elastseks.<\/li>\n<\/ul>\n<p><strong>KASUTAMINE<\/strong><\/p>\n<ul>\n<li>Kollageeni niisutamiseks kasutada n\u00e4omaskipintslit ja 40 ml losjooni.<\/li>\n<\/ul>\n<p><strong>KOOSTIS<\/strong><\/p>\n<p><span style=\"font-size: 14px;\">AQUA (WATER), BUYLENE GLYCOL, PENTYLENE GLYCOL, GLYCERIN, LEUCONOSTOC\/RADISH ROOT FERMENT FILTRATE, SODIUM HYALURONATE, PROPYLENE GLYCOL, METHYLPARABEN, ETHYLPARABEN, PHENOXYETHANOL.<\/span><\/p>\n<p>&nbsp;<\/p>\n","protected":false},"excerpt":{"rendered":"<p style=\"text-align: left;\">Professionaalseks kasutamiseks m\u00f5eldud losjoon niisutab ja aktiveerib kollageenmaski toimeained.<\/p>\n<p>&nbsp;<\/p>\n<p>200 ml<\/p>\n","protected":false},"featured_media":2328,"template":"","meta":{"om_disable_all_campaigns":false,"_monsterinsights_skip_tracking":false,"_monsterinsights_sitenote_active":false,"_monsterinsights_sitenote_note":"","_monsterinsights_sitenote_category":0,"_uf_show_specific_survey":0,"_uf_disable_surveys":false,"site-sidebar-layout":"default","site-content-layout":"","ast-site-content-layout":"default","site-content-style":"default","site-sidebar-style":"default","ast-global-header-display":"","ast-banner-title-visibility":"","ast-main-header-display":"","ast-hfb-above-header-display":"","ast-hfb-below-header-display":"","ast-hfb-mobile-header-display":"","site-post-title":"","ast-breadcrumbs-content":"","ast-featured-img":"","footer-sml-layout":"","theme-transparent-header-meta":"default","adv-header-id-meta":"","stick-header-meta":"","header-above-stick-meta":"","header-main-stick-meta":"","header-below-stick-meta":"","astra-migrate-meta-layouts":"set","ast-page-background-enabled":"default","ast-page-background-meta":{"desktop":{"background-color":"var(--ast-global-color-4)","background-image":"","background-repeat":"repeat","background-position":"center center","background-size":"auto","background-attachment":"scroll","background-type":"","background-media":"","overlay-type":"","overlay-color":"","overlay-opacity":"","overlay-gradient":""},"tablet":{"background-color":"","background-image":"","background-repeat":"repeat","background-position":"center center","background-size":"auto","background-attachment":"scroll","background-type":"","background-media":"","overlay-type":"","overlay-color":"","overlay-opacity":"","overlay-gradient":""},"mobile":{"background-color":"","background-image":"","background-repeat":"repeat","background-position":"center center","background-size":"auto","background-attachment":"scroll","background-type":"","background-media":"","overlay-type":"","overlay-color":"","overlay-opacity":"","overlay-gradient":""}},"ast-content-background-meta":{"desktop":{"background-color":"var(--ast-global-color-5)","background-image":"","background-repeat":"repeat","background-position":"center center","background-size":"auto","background-attachment":"scroll","background-type":"","background-media":"","overlay-type":"","overlay-color":"","overlay-opacity":"","overlay-gradient":""},"tablet":{"background-color":"var(--ast-global-color-5)","background-image":"","background-repeat":"repeat","background-position":"center center","background-size":"auto","background-attachment":"scroll","background-type":"","background-media":"","overlay-type":"","overlay-color":"","overlay-opacity":"","overlay-gradient":""},"mobile":{"background-color":"var(--ast-global-color-5)","background-image":"","background-repeat":"repeat","background-position":"center center","background-size":"auto","background-attachment":"scroll","background-type":"","background-media":"","overlay-type":"","overlay-color":"","overlay-opacity":"","overlay-gradient":""}}},"product_brand":[],"product_cat":[108,113],"product_tag":[],"class_list":{"0":"post-2014","1":"product","2":"type-product","3":"status-publish","4":"has-post-thumbnail","6":"product_cat-profitooted","7":"product_cat-toonikud-profitooted","8":"desktop-align-center","9":"tablet-align-left","10":"mobile-align-left","12":"first","13":"instock","14":"taxable","15":"shipping-taxable","16":"product-type-simple","17":"add-to-wishlist-before_image"},"aioseo_notices":[],"_links":{"self":[{"href":"https:\/\/kosmeetika24.eu\/et\/wp-json\/wp\/v2\/product\/2014","targetHints":{"allow":["GET"]}}],"collection":[{"href":"https:\/\/kosmeetika24.eu\/et\/wp-json\/wp\/v2\/product"}],"about":[{"href":"https:\/\/kosmeetika24.eu\/et\/wp-json\/wp\/v2\/types\/product"}],"version-history":[{"count":2,"href":"https:\/\/kosmeetika24.eu\/et\/wp-json\/wp\/v2\/product\/2014\/revisions"}],"predecessor-version":[{"id":7237,"href":"https:\/\/kosmeetika24.eu\/et\/wp-json\/wp\/v2\/product\/2014\/revisions\/7237"}],"wp:featuredmedia":[{"embeddable":true,"href":"https:\/\/kosmeetika24.eu\/et\/wp-json\/wp\/v2\/media\/2328"}],"wp:attachment":[{"href":"https:\/\/kosmeetika24.eu\/et\/wp-json\/wp\/v2\/media?parent=2014"}],"wp:term":[{"taxonomy":"product_brand","embeddable":true,"href":"https:\/\/kosmeetika24.eu\/et\/wp-json\/wp\/v2\/product_brand?post=2014"},{"taxonomy":"product_cat","embeddable":true,"href":"https:\/\/kosmeetika24.eu\/et\/wp-json\/wp\/v2\/product_cat?post=2014"},{"taxonomy":"product_tag","embeddable":true,"href":"https:\/\/kosmeetika24.eu\/et\/wp-json\/wp\/v2\/product_tag?post=2014"}],"curies":[{"name":"wp","href":"https:\/\/api.w.org\/{rel}","templated":true}]}}