{"id":2003,"date":"2019-11-15T10:45:45","date_gmt":"2019-11-15T10:45:45","guid":{"rendered":"https:\/\/kosmeetika24.eu\/?post_type=product&#038;p=2003"},"modified":"2024-11-06T14:41:19","modified_gmt":"2024-11-06T11:41:19","slug":"bruno-vassari-collagen-booster-microderm-polisher-powder","status":"publish","type":"product","link":"https:\/\/kosmeetika24.eu\/et\/toode\/bruno-vassari-collagen-booster-microderm-polisher-powder\/","title":{"rendered":"BRUNO VASSARI Collagen Booster mikrolihviv koorija"},"content":{"rendered":"<p>Intensiivne koorija <em>Microderm Polisher Powder<\/em> on kohese toimega t\u00f5hus mehaaniline koorija, kus kasutatakse mikroosakeste tugevust, et eemaldada naha pinnalt surnud rakud. Silub nahka, \u00fchtlustab tooni ja v\u00e4hendab kortse.<\/p>\n<p>Sobib k\u00f5igile nahat\u00fc\u00fcpidele.<\/p>\n<p><strong>TOIMEAINED<\/strong><\/p>\n<ul>\n<li>Bambus<\/li>\n<li>Vitis vinifer<\/li>\n<li>Kookos\u00f5li<\/li>\n<li>Karrageenivetikad<\/li>\n<\/ul>\n<p><strong>TOIME<\/strong><\/p>\n<p>Koorija mikrolihvib nahka kontrollitult, eemaldades surnud rakud, mis annavad nahale kareda ja tuhmi v\u00e4limuse.<br \/>\nT\u00e4nu kompositsioonis sisalduvate elementide s\u00fcnergiale on sellel antioks\u00fcdantne ja vananemisvastane toime aeglustades kortsude ja pigmendi tekkimist.<\/p>\n<p><strong>KASUTAMINE<\/strong><\/p>\n<ul>\n<li>Segada 1 g koorijat 1-2 ml toasooja veega, kuni moodustub vahune emulsioon.<\/li>\n<li>Saadud segu kanda kergete masseerivate liigutustega n\u00e4o, kaela ja dekoltee nahale. Aega-ajalt niisutada s\u00f5rmeotsi veega.<\/li>\n<li>Seej\u00e4rel loputada maha rohke veega.<\/li>\n<\/ul>\n<p><strong>KOOSTIS<\/strong><\/p>\n<p><span style=\"font-size: 14px;\">BAMBUSA ARUNDINACEA STEM EXTRACT, TALC, BENTONITE, DISODIUM LAURYL SULFOSUCCINATE, HYDROGENATED COCONUT OIL, SILICA VITIS VINIFERA (GRAPE )SEED OIL,\u00a0 SODIUM POLYACRYLATE, CYCLOPENTASILOXANE, LAURETH-4, MIPA-LAURETH SULFATE, CHONDRUS CRISPUS (CARRAGEENAN )EXTRACT, GLUCOSE, PARFUM (FRAGRANCE), HYDROGENATED SILICA, CI 77891 (TITANIUM DIOXIDE), COCAMIDE DEA, TOCOPHERYL ACETATE, CITRIC ACID, BENZYL SALICYLATE, LINALOOL.<\/span><\/p>\n","protected":false},"excerpt":{"rendered":"<p>Professionaalseks kasutamiseks m\u00f5eldud mikrolihviv koorija silub nahka, \u00fchtlustab tooni ja v\u00e4hendab kortse.<\/p>\n<p>&nbsp;<\/p>\n<p>50 g<\/p>\n","protected":false},"featured_media":2330,"template":"","meta":{"om_disable_all_campaigns":false,"_monsterinsights_skip_tracking":false,"_monsterinsights_sitenote_active":false,"_monsterinsights_sitenote_note":"","_monsterinsights_sitenote_category":0,"_uf_show_specific_survey":0,"_uf_disable_surveys":false,"site-sidebar-layout":"default","site-content-layout":"","ast-site-content-layout":"default","site-content-style":"default","site-sidebar-style":"default","ast-global-header-display":"","ast-banner-title-visibility":"","ast-main-header-display":"","ast-hfb-above-header-display":"","ast-hfb-below-header-display":"","ast-hfb-mobile-header-display":"","site-post-title":"","ast-breadcrumbs-content":"","ast-featured-img":"","footer-sml-layout":"","theme-transparent-header-meta":"default","adv-header-id-meta":"","stick-header-meta":"","header-above-stick-meta":"","header-main-stick-meta":"","header-below-stick-meta":"","astra-migrate-meta-layouts":"set","ast-page-background-enabled":"default","ast-page-background-meta":{"desktop":{"background-color":"var(--ast-global-color-4)","background-image":"","background-repeat":"repeat","background-position":"center center","background-size":"auto","background-attachment":"scroll","background-type":"","background-media":"","overlay-type":"","overlay-color":"","overlay-opacity":"","overlay-gradient":""},"tablet":{"background-color":"","background-image":"","background-repeat":"repeat","background-position":"center center","background-size":"auto","background-attachment":"scroll","background-type":"","background-media":"","overlay-type":"","overlay-color":"","overlay-opacity":"","overlay-gradient":""},"mobile":{"background-color":"","background-image":"","background-repeat":"repeat","background-position":"center center","background-size":"auto","background-attachment":"scroll","background-type":"","background-media":"","overlay-type":"","overlay-color":"","overlay-opacity":"","overlay-gradient":""}},"ast-content-background-meta":{"desktop":{"background-color":"var(--ast-global-color-5)","background-image":"","background-repeat":"repeat","background-position":"center center","background-size":"auto","background-attachment":"scroll","background-type":"","background-media":"","overlay-type":"","overlay-color":"","overlay-opacity":"","overlay-gradient":""},"tablet":{"background-color":"var(--ast-global-color-5)","background-image":"","background-repeat":"repeat","background-position":"center center","background-size":"auto","background-attachment":"scroll","background-type":"","background-media":"","overlay-type":"","overlay-color":"","overlay-opacity":"","overlay-gradient":""},"mobile":{"background-color":"var(--ast-global-color-5)","background-image":"","background-repeat":"repeat","background-position":"center center","background-size":"auto","background-attachment":"scroll","background-type":"","background-media":"","overlay-type":"","overlay-color":"","overlay-opacity":"","overlay-gradient":""}}},"product_brand":[],"product_cat":[117,108],"product_tag":[],"class_list":{"0":"post-2003","1":"product","2":"type-product","3":"status-publish","4":"has-post-thumbnail","6":"product_cat-koorijad-profitooted","7":"product_cat-profitooted","8":"desktop-align-center","9":"tablet-align-left","10":"mobile-align-left","12":"first","13":"instock","14":"taxable","15":"shipping-taxable","16":"product-type-simple","17":"add-to-wishlist-before_image"},"aioseo_notices":[],"_links":{"self":[{"href":"https:\/\/kosmeetika24.eu\/et\/wp-json\/wp\/v2\/product\/2003","targetHints":{"allow":["GET"]}}],"collection":[{"href":"https:\/\/kosmeetika24.eu\/et\/wp-json\/wp\/v2\/product"}],"about":[{"href":"https:\/\/kosmeetika24.eu\/et\/wp-json\/wp\/v2\/types\/product"}],"version-history":[{"count":2,"href":"https:\/\/kosmeetika24.eu\/et\/wp-json\/wp\/v2\/product\/2003\/revisions"}],"predecessor-version":[{"id":7236,"href":"https:\/\/kosmeetika24.eu\/et\/wp-json\/wp\/v2\/product\/2003\/revisions\/7236"}],"wp:featuredmedia":[{"embeddable":true,"href":"https:\/\/kosmeetika24.eu\/et\/wp-json\/wp\/v2\/media\/2330"}],"wp:attachment":[{"href":"https:\/\/kosmeetika24.eu\/et\/wp-json\/wp\/v2\/media?parent=2003"}],"wp:term":[{"taxonomy":"product_brand","embeddable":true,"href":"https:\/\/kosmeetika24.eu\/et\/wp-json\/wp\/v2\/product_brand?post=2003"},{"taxonomy":"product_cat","embeddable":true,"href":"https:\/\/kosmeetika24.eu\/et\/wp-json\/wp\/v2\/product_cat?post=2003"},{"taxonomy":"product_tag","embeddable":true,"href":"https:\/\/kosmeetika24.eu\/et\/wp-json\/wp\/v2\/product_tag?post=2003"}],"curies":[{"name":"wp","href":"https:\/\/api.w.org\/{rel}","templated":true}]}}