{"id":1987,"date":"2019-11-15T09:48:29","date_gmt":"2019-11-15T09:48:29","guid":{"rendered":"https:\/\/kosmeetika24.eu\/?post_type=product&#038;p=1987"},"modified":"2025-04-01T09:29:27","modified_gmt":"2025-04-01T06:29:27","slug":"bruno-vassari-collagen-booster-peptide-eye-contour-gel-cream","status":"publish","type":"product","link":"https:\/\/kosmeetika24.eu\/et\/toode\/bruno-vassari-collagen-booster-peptide-eye-contour-gel-cream\/","title":{"rendered":"BRUNO VASSARI Collagen Booster peptiidikompleksiga silma\u00fcmbruskreem"},"content":{"rendered":"<p>Silma\u00fcmbruskreem <em>Peptide Eye Contour Gel Cream<\/em> on vananemisvastase toimega, parandab mikrotsirkulatsiooni ja l\u00fcmfiringet. V\u00e4hendab kortsude esinemist t\u00e4nu selle koostises sisalduvale peptiidide kokteilile. K\u00f5rvaldab silmade all olevad kotid, tumedad ringid ja muud naha ebat\u00e4iused.<\/p>\n<p>Kreemil on rahustav, pehmendav, v\u00e4rskendav ja p\u00f5letikuvastane toime.<\/p>\n<p>Silmade t\u00e4iusliku v\u00e4limuse saavutamiseks: silub, pehmendab ja paneb s\u00e4rama.<\/p>\n<p>Sobib k\u00f5igile nahat\u00fc\u00fcpidele.<\/p>\n<p><strong>PEAMISED TOIMEAINED<\/strong><\/p>\n<ul>\n<li>MG-60<\/li>\n<li>Dikaaliumgl\u00fcts\u00fcrritsinaat<\/li>\n<li>Alfagl\u00fckos\u00fc\u00fclhesperidiin<\/li>\n<li>Haloks\u00fc\u00fcl<\/li>\n<li>SYN- COLL<\/li>\n<\/ul>\n<p><strong>TOIME<\/strong><\/p>\n<ul>\n<li>MG-60 on multifunktsionaalne s\u00fcsivesik, mis muudab tundliku naha elastsemaks.\u00a0Kaitseb silmade piirkonda ning niisutab nahka \u00f5rnalt.<\/li>\n<li>Dikaaliumgl\u00fcts\u00fcrritsinaat rahustab nahka.<\/li>\n<li>Alfagl\u00fckos\u00fc\u00fclhesperidiin stimuleerib naha temperatuuri, aktiveerides vereringe, mis omakorda aktiveerib rakud paremaks hapnikuga varustamiseks. Minimeerib tumedaid silmaaluseid.<\/li>\n<li>Haloks\u00fc\u00fcl stimuleerib hemoglobiini ja selle derivaatide kogumite eemaldamist (bilirubiin, biliverdiin ja raud).<\/li>\n<li>SYN- COLL stimuleerib naha k\u00f5ikide kollageenit\u00fc\u00fcpide s\u00fcnteesi.<\/li>\n<\/ul>\n<p><strong>KASUTAMINE<\/strong><\/p>\n<ul>\n<li>Silmakreem kanda kergete masseerivate liigutustega silmade \u00fcmbruses. Sobib kasutamiseks hommikul ja \u00f5htul.<\/li>\n<\/ul>\n<p><strong>KOOSTIS<\/strong><\/p>\n<p><span style=\"font-size: 14px;\">AQUA (WATER), PENTYLENE GLYCOL, BUTYLENE GLYCKOL, GLYCERIN, MALTOOLIGOSYL GLUCOSIDE, AMMONIUM ACRYLOYLDIMETHYLTAURATE\/VP COPOLYMER, PALMITOYL TRIPEPTIDE-1, PALMITOYL TETRAPEPTIDE-7, PALMITOYL TRIPEPTIDE-3, CHRYSIN, GLUCOSYL HESPERIDIN, HYDROGENATED LECITHIN, BIOSACCHARIDE GUM-1, HYDROGENATED STARCH HYDROLYSATE, HYDROGENATED POLYISOBUTENE, STEARYL HEPTANOATE, DISODIUM EDTA,\u00a0 HYDROGENATED POLYDECENE, DIPOTASSIUM GLYCYRRHIZATE, XANTHAN GUM, STEARETH-20, CHLORPHENESIN, PHENOXYETHANOL, SODIUM HYDROXIDE, POTASSIUM SORBATE, N-HYDROXYSUCCINIMIDE, SODIUM BENZOATE, PARFUM (FRAGRANCE).<\/span><\/p>\n","protected":false},"excerpt":{"rendered":"<p>Omab vananemisvastast toimet, silub kortsud, k\u00f5rvaldab silmade all olevad kotid ja tumedad ringid.<\/p>\n<p>&nbsp;<\/p>\n<p>15 ml<\/p>\n","protected":false},"featured_media":2152,"template":"","meta":{"om_disable_all_campaigns":false,"_monsterinsights_skip_tracking":false,"_monsterinsights_sitenote_active":false,"_monsterinsights_sitenote_note":"","_monsterinsights_sitenote_category":0,"_uf_show_specific_survey":0,"_uf_disable_surveys":false,"site-sidebar-layout":"default","site-content-layout":"","ast-site-content-layout":"default","site-content-style":"default","site-sidebar-style":"default","ast-global-header-display":"","ast-banner-title-visibility":"","ast-main-header-display":"","ast-hfb-above-header-display":"","ast-hfb-below-header-display":"","ast-hfb-mobile-header-display":"","site-post-title":"","ast-breadcrumbs-content":"","ast-featured-img":"","footer-sml-layout":"","theme-transparent-header-meta":"default","adv-header-id-meta":"","stick-header-meta":"","header-above-stick-meta":"","header-main-stick-meta":"","header-below-stick-meta":"","astra-migrate-meta-layouts":"set","ast-page-background-enabled":"default","ast-page-background-meta":{"desktop":{"background-color":"var(--ast-global-color-4)","background-image":"","background-repeat":"repeat","background-position":"center center","background-size":"auto","background-attachment":"scroll","background-type":"","background-media":"","overlay-type":"","overlay-color":"","overlay-opacity":"","overlay-gradient":""},"tablet":{"background-color":"","background-image":"","background-repeat":"repeat","background-position":"center center","background-size":"auto","background-attachment":"scroll","background-type":"","background-media":"","overlay-type":"","overlay-color":"","overlay-opacity":"","overlay-gradient":""},"mobile":{"background-color":"","background-image":"","background-repeat":"repeat","background-position":"center center","background-size":"auto","background-attachment":"scroll","background-type":"","background-media":"","overlay-type":"","overlay-color":"","overlay-opacity":"","overlay-gradient":""}},"ast-content-background-meta":{"desktop":{"background-color":"var(--ast-global-color-5)","background-image":"","background-repeat":"repeat","background-position":"center center","background-size":"auto","background-attachment":"scroll","background-type":"","background-media":"","overlay-type":"","overlay-color":"","overlay-opacity":"","overlay-gradient":""},"tablet":{"background-color":"var(--ast-global-color-5)","background-image":"","background-repeat":"repeat","background-position":"center center","background-size":"auto","background-attachment":"scroll","background-type":"","background-media":"","overlay-type":"","overlay-color":"","overlay-opacity":"","overlay-gradient":""},"mobile":{"background-color":"var(--ast-global-color-5)","background-image":"","background-repeat":"repeat","background-position":"center center","background-size":"auto","background-attachment":"scroll","background-type":"","background-media":"","overlay-type":"","overlay-color":"","overlay-opacity":"","overlay-gradient":""}}},"product_brand":[],"product_cat":[15,81],"product_tag":[],"class_list":{"0":"post-1987","1":"product","2":"type-product","3":"status-publish","4":"has-post-thumbnail","6":"product_cat-naole","7":"product_cat-silmahooldus","8":"desktop-align-center","9":"tablet-align-left","10":"mobile-align-left","12":"first","13":"instock","14":"taxable","15":"shipping-taxable","16":"purchasable","17":"product-type-simple","18":"add-to-wishlist-before_image"},"aioseo_notices":[],"_links":{"self":[{"href":"https:\/\/kosmeetika24.eu\/et\/wp-json\/wp\/v2\/product\/1987","targetHints":{"allow":["GET"]}}],"collection":[{"href":"https:\/\/kosmeetika24.eu\/et\/wp-json\/wp\/v2\/product"}],"about":[{"href":"https:\/\/kosmeetika24.eu\/et\/wp-json\/wp\/v2\/types\/product"}],"version-history":[{"count":3,"href":"https:\/\/kosmeetika24.eu\/et\/wp-json\/wp\/v2\/product\/1987\/revisions"}],"predecessor-version":[{"id":9964,"href":"https:\/\/kosmeetika24.eu\/et\/wp-json\/wp\/v2\/product\/1987\/revisions\/9964"}],"wp:featuredmedia":[{"embeddable":true,"href":"https:\/\/kosmeetika24.eu\/et\/wp-json\/wp\/v2\/media\/2152"}],"wp:attachment":[{"href":"https:\/\/kosmeetika24.eu\/et\/wp-json\/wp\/v2\/media?parent=1987"}],"wp:term":[{"taxonomy":"product_brand","embeddable":true,"href":"https:\/\/kosmeetika24.eu\/et\/wp-json\/wp\/v2\/product_brand?post=1987"},{"taxonomy":"product_cat","embeddable":true,"href":"https:\/\/kosmeetika24.eu\/et\/wp-json\/wp\/v2\/product_cat?post=1987"},{"taxonomy":"product_tag","embeddable":true,"href":"https:\/\/kosmeetika24.eu\/et\/wp-json\/wp\/v2\/product_tag?post=1987"}],"curies":[{"name":"wp","href":"https:\/\/api.w.org\/{rel}","templated":true}]}}