{"id":1975,"date":"2019-11-15T09:12:09","date_gmt":"2019-11-15T09:12:09","guid":{"rendered":"https:\/\/kosmeetika24.eu\/?post_type=product&#038;p=1975"},"modified":"2025-04-01T09:29:11","modified_gmt":"2025-04-01T06:29:11","slug":"bruno-vassari-collagen-booster-peptide-night-cream","status":"publish","type":"product","link":"https:\/\/kosmeetika24.eu\/et\/toode\/bruno-vassari-collagen-booster-peptide-night-cream\/","title":{"rendered":"BRUNO VASSARI Collagen Booster toitev \u00f6\u00f6kreem peptiididega"},"content":{"rendered":"<p>\u00d6\u00f6kreem <em>Peptide Night Cream<\/em> sisaldab peptiidikompleksi, mis v\u00f5itleb t\u00f5husalt vananemisn\u00e4htudega. Stimuleerib igat t\u00fc\u00fcpi kollageeni s\u00fcnteesi, muudab nahapinna \u00fchtlaseks ja elastseks. Varustab nahka vajalike toitainetega, niisutab ja rahustab.<\/p>\n<p>Sobib k\u00f5igile nahat\u00fc\u00fcpidele, eriti vananenud ja elutule nahale.<\/p>\n<p><strong>PEAMISED TOIMEAINED<\/strong><\/p>\n<ul>\n<li>Peptiidi kokteil<\/li>\n<li>Jojoobi\u00f5li<\/li>\n<li>E-vitamiin<\/li>\n<\/ul>\n<p><strong>TOIME<\/strong><\/p>\n<ul>\n<li>Peptiidi kokteil stimuleerib k\u00f5igi kollageenit\u00fc\u00fcpide moodustumist ja muudab naha s\u00e4ravaks.<\/li>\n<li>Jojoobi\u00f5li ennetab kortsude esinemist t\u00e4nu niisutavatele ja kaitsvatele omadustele.<\/li>\n<li>E-vitamiin toimib kui v\u00e4ga t\u00f5hus antioks\u00fcdantne toimeaine.<\/li>\n<\/ul>\n<p><strong>KASUTAMINE<\/strong><\/p>\n<ul>\n<li>Nahk puhastada eelnevalt nt tootega <a href=\"https:\/\/kosmeetika24.eu\/toode\/bruno-vassari-collagen-booster-enzyme-cleansing-powder\/\">BRUNO VASSARI Collagen Booster ens\u00fcmaatiline puhastuspulber<\/a>.<\/li>\n<li>Nahk toniseerida eelnevalt nt tootega <a href=\"https:\/\/kosmeetika24.eu\/toode\/bruno-vassari-collagen-booster-clarifying-milky-toner\/\">BRUNO VASSARI Collagen Booster vananemisvastane toonik<\/a>.<\/li>\n<li>\u00d6\u00f6kreem kanda kergete masseerivate liigutustega nahale. Sobib kasutada \u00f5htul.<\/li>\n<li>Silma\u00fcmbrusese hooldamiseks kasutada nt toodet <a href=\"https:\/\/kosmeetika24.eu\/toode\/bruno-vassari-collagen-booster-peptide-eye-contour-gel-cream\/\">BRUNO VASSARI Collagen Booster peptiidikompleksiga silma\u00fcmbruskreem<\/a>.<\/li>\n<\/ul>\n<p><strong>KOOSTIS<\/strong><\/p>\n<p><span style=\"font-size: 14px;\">AQUA (WATER), CAPRYLIC\/CAPRIC TRIGLYCERIDE, GLYCERIN, PENTYLENE GLYCOL, SQUALANE, SIMMONDSIA CHINESIS (JOJOBA) SEED OIL, HYDROGENATED PHOSPHATIDYLCHOLINE, BUTYROSPERMUM PARKII (SHEA) BUTTER, ALUMINIUM STARCH OCTENYLSUCCINATE, CERAMIDE NP, TETRADECYL AMINOBUTYROYLVALYLAMINOBUTYRIC UREA TRIFLUOROACETATE, PALMITOYL TRIPEPTIDE-5, PALMITOYL DIPEPTIDE -5, DIAMINOBUTYROYL HYDROXYTHREONINE, PHENOXYETHANOL, CETEARYL ALCOHOL, TOCOPHERYL ACETATE, CHLORPHENESIN, DISODIUMEDTA, CARBOMER, XANTHAN GUM, SODIUM HYDROXIDE, MAGNESIUM CHLORIDE, PARFUM (FRAGRANCE).\u00a0<\/span><\/p>\n<p><span style=\"color: #000000;\"><span style=\"font-family: Roboto, sans-serif;\"><span style=\"font-size: small;\"><span style=\"font-size: xx-small;\">2185.- \u20ac\/l<\/span><\/span><\/span><\/span><\/p>\n","protected":false},"excerpt":{"rendered":"<p>50 ml<\/p>\n<p>\u00d6\u00f6kreem vananevale nahale, mis silub peened kortsud, parandab naha tooni ja elastsust.<\/p>\n","protected":false},"featured_media":2157,"template":"","meta":{"om_disable_all_campaigns":false,"_monsterinsights_skip_tracking":false,"_monsterinsights_sitenote_active":false,"_monsterinsights_sitenote_note":"","_monsterinsights_sitenote_category":0,"_uf_show_specific_survey":0,"_uf_disable_surveys":false,"site-sidebar-layout":"default","site-content-layout":"","ast-site-content-layout":"default","site-content-style":"default","site-sidebar-style":"default","ast-global-header-display":"","ast-banner-title-visibility":"","ast-main-header-display":"","ast-hfb-above-header-display":"","ast-hfb-below-header-display":"","ast-hfb-mobile-header-display":"","site-post-title":"","ast-breadcrumbs-content":"","ast-featured-img":"","footer-sml-layout":"","theme-transparent-header-meta":"default","adv-header-id-meta":"","stick-header-meta":"","header-above-stick-meta":"","header-main-stick-meta":"","header-below-stick-meta":"","astra-migrate-meta-layouts":"set","ast-page-background-enabled":"default","ast-page-background-meta":{"desktop":{"background-color":"var(--ast-global-color-4)","background-image":"","background-repeat":"repeat","background-position":"center center","background-size":"auto","background-attachment":"scroll","background-type":"","background-media":"","overlay-type":"","overlay-color":"","overlay-opacity":"","overlay-gradient":""},"tablet":{"background-color":"","background-image":"","background-repeat":"repeat","background-position":"center center","background-size":"auto","background-attachment":"scroll","background-type":"","background-media":"","overlay-type":"","overlay-color":"","overlay-opacity":"","overlay-gradient":""},"mobile":{"background-color":"","background-image":"","background-repeat":"repeat","background-position":"center center","background-size":"auto","background-attachment":"scroll","background-type":"","background-media":"","overlay-type":"","overlay-color":"","overlay-opacity":"","overlay-gradient":""}},"ast-content-background-meta":{"desktop":{"background-color":"var(--ast-global-color-5)","background-image":"","background-repeat":"repeat","background-position":"center center","background-size":"auto","background-attachment":"scroll","background-type":"","background-media":"","overlay-type":"","overlay-color":"","overlay-opacity":"","overlay-gradient":""},"tablet":{"background-color":"var(--ast-global-color-5)","background-image":"","background-repeat":"repeat","background-position":"center center","background-size":"auto","background-attachment":"scroll","background-type":"","background-media":"","overlay-type":"","overlay-color":"","overlay-opacity":"","overlay-gradient":""},"mobile":{"background-color":"var(--ast-global-color-5)","background-image":"","background-repeat":"repeat","background-position":"center center","background-size":"auto","background-attachment":"scroll","background-type":"","background-media":"","overlay-type":"","overlay-color":"","overlay-opacity":"","overlay-gradient":""}}},"product_brand":[],"product_cat":[75,15],"product_tag":[],"class_list":{"0":"post-1975","1":"product","2":"type-product","3":"status-publish","4":"has-post-thumbnail","6":"product_cat-kreemid-naole","7":"product_cat-naole","8":"desktop-align-center","9":"tablet-align-left","10":"mobile-align-left","12":"first","13":"instock","14":"taxable","15":"shipping-taxable","16":"purchasable","17":"product-type-simple","18":"add-to-wishlist-before_image"},"aioseo_notices":[],"_links":{"self":[{"href":"https:\/\/kosmeetika24.eu\/et\/wp-json\/wp\/v2\/product\/1975","targetHints":{"allow":["GET"]}}],"collection":[{"href":"https:\/\/kosmeetika24.eu\/et\/wp-json\/wp\/v2\/product"}],"about":[{"href":"https:\/\/kosmeetika24.eu\/et\/wp-json\/wp\/v2\/types\/product"}],"version-history":[{"count":3,"href":"https:\/\/kosmeetika24.eu\/et\/wp-json\/wp\/v2\/product\/1975\/revisions"}],"predecessor-version":[{"id":8928,"href":"https:\/\/kosmeetika24.eu\/et\/wp-json\/wp\/v2\/product\/1975\/revisions\/8928"}],"wp:featuredmedia":[{"embeddable":true,"href":"https:\/\/kosmeetika24.eu\/et\/wp-json\/wp\/v2\/media\/2157"}],"wp:attachment":[{"href":"https:\/\/kosmeetika24.eu\/et\/wp-json\/wp\/v2\/media?parent=1975"}],"wp:term":[{"taxonomy":"product_brand","embeddable":true,"href":"https:\/\/kosmeetika24.eu\/et\/wp-json\/wp\/v2\/product_brand?post=1975"},{"taxonomy":"product_cat","embeddable":true,"href":"https:\/\/kosmeetika24.eu\/et\/wp-json\/wp\/v2\/product_cat?post=1975"},{"taxonomy":"product_tag","embeddable":true,"href":"https:\/\/kosmeetika24.eu\/et\/wp-json\/wp\/v2\/product_tag?post=1975"}],"curies":[{"name":"wp","href":"https:\/\/api.w.org\/{rel}","templated":true}]}}