{"id":1967,"date":"2019-11-15T08:58:18","date_gmt":"2019-11-15T08:58:18","guid":{"rendered":"https:\/\/kosmeetika24.eu\/?post_type=product&#038;p=1967"},"modified":"2025-04-01T09:28:58","modified_gmt":"2025-04-01T06:28:58","slug":"bruno-vassari-collagen-booster-power-c-peptide-cream","status":"publish","type":"product","link":"https:\/\/kosmeetika24.eu\/et\/toode\/bruno-vassari-collagen-booster-power-c-peptide-cream\/","title":{"rendered":"BRUNO VASSARI Collagen Booster antioks\u00fcdantne kreem"},"content":{"rendered":"<p>Kreem <em>Power C Peptide Cream<\/em> on valmistatud peptiidikompleksi ja C-vitamiini stabiilse derivaadiga, et v\u00f5idelda esimeste vananemisn\u00e4htudega. Stimuleerib k\u00f5igi kollageenit\u00fc\u00fcpide moodustumist ning muudab nahapinna pinguldatuks, v\u00e4ga vastupidavaks, elastseks. Niisutab ja silub nahka, j\u00e4ttes pinna siidiselt siledaks. Korrigeerib naha tooni ja paneb selle s\u00e4rama. Sobib igap\u00e4evaseks kasutamiseks.<\/p>\n<p>Sobib kuivale, v\u00e4sinu, elutule, tuhmile ja vananevale nahale.<\/p>\n<p><strong>PEAMISED TOIMEAINED<\/strong><\/p>\n<ul>\n<li>Peptiidi kokteil<\/li>\n<li>Askorb\u00fc\u00fclgl\u00fckosiid<\/li>\n<li>Harilik aaloe<\/li>\n<li>Pantenool<\/li>\n<li>Pentavitin<\/li>\n<\/ul>\n<p><strong>TOIME<\/strong><\/p>\n<ul>\n<li>Peptiidi kokteil stimuleerib k\u00f5igi kollageenit\u00fc\u00fcpide moodustumist.<\/li>\n<li>Askorb\u00fc\u00fclgl\u00fckosiid muudab naha s\u00e4ravaks.<\/li>\n<li>Harilik aaloe niisutab ja toidab nahka, j\u00e4ttes sellele kaitsekihi.<\/li>\n<li>Pantenool rahustab nahka ja hoiab selle niisutatuna.<\/li>\n<li>Pentavitin suurendab vee kinnihoidmise v\u00f5imet, v\u00e4hendab\u00a0kuivust ja \u00e4rritust, mida p\u00f5hjustavad v\u00e4lised tegurid.<\/li>\n<\/ul>\n<p><strong>KASUTAMINE<\/strong><\/p>\n<ul>\n<li>Kreem kanda kergete masseerivate liigutustega nahale. Sobib kasutada nii hommikul kui \u00f5htul.<\/li>\n<\/ul>\n<p><strong>KOOSTIS<\/strong><\/p>\n<p><span style=\"font-size: 14px;\">AQUA (WATER), DIMETHICONE, CYCLOPENTASILOXANE, DIPROPYLENE GLYCOL, PENTAERYTHRIYL TETRAETHYLHEXANOATE, C12-15ALKYL BENZOATE, HYDROGENATED POLYISOBUTENE, ASCORBYL GLUCOSIDE, ALCOHOL DENAT, GLYCERIN, SACCHARIDE ISOMERATE, TETRADECYL AMINOBUTYROYLVALYLAMINOBUTYRIC UREA TRIFLUOROACETATE, PALMITOYL TRIPEPTIDE-5, PALMITOYL DIPEPTIDE-5 DIAMINOBUTYROYL HYDROXYTHREONINE, ALOE BARBADENSIS LEAF JUICE, PANTHENOL, SODIUM HYALURONATE, BISABOLOL, DIMETHICONE\/PEG-10\/15 CROSSPOLYMER, LAURYL PEG-9 POLYDIMETHYLSILOXYETHYL DIMETHICONE, PROPYLENE GLYCOL, SODIUM CHLORIDE, POTASSIUM HYDROXIDE, SODIUM CITRATE, DISODIUM EDTA, TOCOPHERYL ACETATE, DIMETHICONE\/VINYL DIMETHICONE CROSSPOLYMER, ETHYLHEXYLGLYCERIN, PHENOXYETHANOL, MAGNESIUM CHLORIDE, POTASSIUM SORBATE, TOCOPHEROL, SODIUM BENZOATE, CITRIC ACID, PARFUM (FRAGRANCE), LINALOOL, LIMONENE, CITRONELLOL, FARNESOL, HEXYL CINNAMAL, BUTYLPHENYL METHYLPROPIONAL.<\/span><\/p>\n<p><span style=\"color: #000000;\"><span style=\"font-family: Roboto, sans-serif;\"><span style=\"font-size: small;\"><span style=\"font-size: xx-small;\">2185.- \u20ac\/l<\/span><\/span><\/span><\/span><\/p>\n","protected":false},"excerpt":{"rendered":"<p>50 ml<\/p>\n<p>Aktiivsete peptiididega ja C-vitamiiniga kreem niisutab nahka, aktiveerib kollageeni kasvu, normaliseerib nahatooni, silub kortse.<\/p>\n","protected":false},"featured_media":2468,"template":"","meta":{"om_disable_all_campaigns":false,"_monsterinsights_skip_tracking":false,"_monsterinsights_sitenote_active":false,"_monsterinsights_sitenote_note":"","_monsterinsights_sitenote_category":0,"_uf_show_specific_survey":0,"_uf_disable_surveys":false,"site-sidebar-layout":"default","site-content-layout":"","ast-site-content-layout":"default","site-content-style":"default","site-sidebar-style":"default","ast-global-header-display":"","ast-banner-title-visibility":"","ast-main-header-display":"","ast-hfb-above-header-display":"","ast-hfb-below-header-display":"","ast-hfb-mobile-header-display":"","site-post-title":"","ast-breadcrumbs-content":"","ast-featured-img":"","footer-sml-layout":"","theme-transparent-header-meta":"default","adv-header-id-meta":"","stick-header-meta":"","header-above-stick-meta":"","header-main-stick-meta":"","header-below-stick-meta":"","astra-migrate-meta-layouts":"set","ast-page-background-enabled":"default","ast-page-background-meta":{"desktop":{"background-color":"var(--ast-global-color-4)","background-image":"","background-repeat":"repeat","background-position":"center center","background-size":"auto","background-attachment":"scroll","background-type":"","background-media":"","overlay-type":"","overlay-color":"","overlay-opacity":"","overlay-gradient":""},"tablet":{"background-color":"","background-image":"","background-repeat":"repeat","background-position":"center center","background-size":"auto","background-attachment":"scroll","background-type":"","background-media":"","overlay-type":"","overlay-color":"","overlay-opacity":"","overlay-gradient":""},"mobile":{"background-color":"","background-image":"","background-repeat":"repeat","background-position":"center center","background-size":"auto","background-attachment":"scroll","background-type":"","background-media":"","overlay-type":"","overlay-color":"","overlay-opacity":"","overlay-gradient":""}},"ast-content-background-meta":{"desktop":{"background-color":"var(--ast-global-color-5)","background-image":"","background-repeat":"repeat","background-position":"center center","background-size":"auto","background-attachment":"scroll","background-type":"","background-media":"","overlay-type":"","overlay-color":"","overlay-opacity":"","overlay-gradient":""},"tablet":{"background-color":"var(--ast-global-color-5)","background-image":"","background-repeat":"repeat","background-position":"center center","background-size":"auto","background-attachment":"scroll","background-type":"","background-media":"","overlay-type":"","overlay-color":"","overlay-opacity":"","overlay-gradient":""},"mobile":{"background-color":"var(--ast-global-color-5)","background-image":"","background-repeat":"repeat","background-position":"center center","background-size":"auto","background-attachment":"scroll","background-type":"","background-media":"","overlay-type":"","overlay-color":"","overlay-opacity":"","overlay-gradient":""}}},"product_brand":[],"product_cat":[75,15],"product_tag":[],"class_list":{"0":"post-1967","1":"product","2":"type-product","3":"status-publish","4":"has-post-thumbnail","6":"product_cat-kreemid-naole","7":"product_cat-naole","8":"desktop-align-center","9":"tablet-align-left","10":"mobile-align-left","12":"first","13":"instock","14":"taxable","15":"shipping-taxable","16":"purchasable","17":"product-type-simple","18":"add-to-wishlist-before_image"},"aioseo_notices":[],"_links":{"self":[{"href":"https:\/\/kosmeetika24.eu\/et\/wp-json\/wp\/v2\/product\/1967","targetHints":{"allow":["GET"]}}],"collection":[{"href":"https:\/\/kosmeetika24.eu\/et\/wp-json\/wp\/v2\/product"}],"about":[{"href":"https:\/\/kosmeetika24.eu\/et\/wp-json\/wp\/v2\/types\/product"}],"version-history":[{"count":5,"href":"https:\/\/kosmeetika24.eu\/et\/wp-json\/wp\/v2\/product\/1967\/revisions"}],"predecessor-version":[{"id":9963,"href":"https:\/\/kosmeetika24.eu\/et\/wp-json\/wp\/v2\/product\/1967\/revisions\/9963"}],"wp:featuredmedia":[{"embeddable":true,"href":"https:\/\/kosmeetika24.eu\/et\/wp-json\/wp\/v2\/media\/2468"}],"wp:attachment":[{"href":"https:\/\/kosmeetika24.eu\/et\/wp-json\/wp\/v2\/media?parent=1967"}],"wp:term":[{"taxonomy":"product_brand","embeddable":true,"href":"https:\/\/kosmeetika24.eu\/et\/wp-json\/wp\/v2\/product_brand?post=1967"},{"taxonomy":"product_cat","embeddable":true,"href":"https:\/\/kosmeetika24.eu\/et\/wp-json\/wp\/v2\/product_cat?post=1967"},{"taxonomy":"product_tag","embeddable":true,"href":"https:\/\/kosmeetika24.eu\/et\/wp-json\/wp\/v2\/product_tag?post=1967"}],"curies":[{"name":"wp","href":"https:\/\/api.w.org\/{rel}","templated":true}]}}