{"id":1952,"date":"2019-11-15T07:49:01","date_gmt":"2019-11-15T07:49:01","guid":{"rendered":"https:\/\/kosmeetika24.eu\/?post_type=product&#038;p=1952"},"modified":"2025-01-10T18:04:02","modified_gmt":"2025-01-10T15:04:02","slug":"bruno-vassari-glyco-system-professional-glycolic-kitvitamin-c","status":"publish","type":"product","link":"https:\/\/kosmeetika24.eu\/et\/toode\/bruno-vassari-glyco-system-professional-glycolic-kitvitamin-c\/","title":{"rendered":"BRUNO VASSARI Glyco System professionaalne koorimiskomplekt"},"content":{"rendered":"<p>Koorija <em>Professional Glycolic Kit+Vitamin C<\/em> sobib n\u00e4onaha tervise t\u00e4ielikuks taastamiseks ja on m\u00f5eldud ainult professionaalseks kasutamiseks. See on ideaalne nahalaikude ja kortsude v\u00e4hendamiseks ning h\u00fcperkeratoosiga, rasusele ja\/v\u00f5i hapnikuvaesele nahale. Koorijas kombineeritakse hapete ja C-vitamiini toimed. C-vitamiin on \u00fchekordselt kasutatavas pakendis omaduste s\u00e4ilitamiseks.<\/p>\n<p>Professionaalne kooriv hooldus sobib k\u00f5igile nahat\u00fc\u00fcpidele, eriti aga p\u00f5hjalikku taastamist vajavale nahale.<\/p>\n<p><strong>TOIMEAINED<\/strong><\/p>\n<ul>\n<li>Koorija vedel aine &#8220;Glyco peeling Liquid&#8221; ja koorija tahke aine &#8220;Powder&#8221;: 14% gl\u00fckoolhape, 0,5% salits\u00fc\u00fclhape, askorb\u00fc\u00fclgl\u00fckosiid, mannitool;<\/li>\n<li>Toitev kreem &#8220;Protective Cream SPF 25&#8221;: p\u00e4ikesekaitsefiltrid, niatsiinamiid, E-vitamiin.<\/li>\n<\/ul>\n<p><strong>TOIME<\/strong><\/p>\n<ul>\n<li>Keemiline koorija koorib nahka p\u00f5hjalikult, puhastades, parandades ja taastades nahka. See parandab h\u00fcperkeratoosiga nahka, v\u00e4hendab pinguloleku tunnet ning kortsude s\u00fcgavust ja pikkust. T\u00e4nu C-vitamiinile ja mannitoolile s\u00e4ilitab see sileduse ja vee tasakaalu nahas.<\/li>\n<li>Toitev kreem SPF 25 toidab ja taastab naha niiskuse. V\u00e4hendab pigmenteerunud laikude v\u00e4rvust ja annab nahale \u00fchtlasema tooni. Aitab ennetada enneaegset vananemist ja kaitsta UV-kiirte eest.\n<div id=\"image-757-0-1-0\" class=\"module module-image image-757-0-1-0 image-top auto_fullwidth\"><\/div>\n<\/li>\n<\/ul>\n<div><strong>KASUTAMINE<\/strong><\/div>\n<div>\n<ol>\n<li>Nahk puhastada tootega\u00a0<a href=\"https:\/\/kosmeetika24.eu\/toode\/bruno-vassari-aqua-genomics-aqua-cleanser-2\/\">BRUNO VASSARI Aqua Genomics puhastuspiim<\/a>.<\/li>\n<li>Nahk toniseerida tootega\u00a0<a href=\"https:\/\/kosmeetika24.eu\/toode\/bruno-vassari-aqua-genomics-aqua-toner-2\/\">BRUNO VASSARI Aqua Genomics niisutav toonik<\/a>.<\/li>\n<li>Komplektis oleva koorija valmistamiseks segada 5 ml vedelat ainet kokku \u00fche pudeli pulbri ainega. Segada h\u00e4sti l\u00e4bi ning kanda puhtale nahale. Lasta m\u00f5juda 10 minutit ning eemaldada rohke leige veega.<\/li>\n<li>Teostada massaa\u017e tootega <a href=\"https:\/\/kosmeetika24.eu\/toode\/bruno-vassari-anti-stress-vitalizing-massage-cream\/\">BRUNO VASSARI Anti-Stress n\u00e4o massaa\u017eikreem<\/a>.<\/li>\n<li>J\u00e4rgmisena valmistada ette mask. Selleks valida sobivaim j\u00e4rgmistest toodetest:\u00a0<a href=\"https:\/\/kosmeetika24.eu\/toode\/bruno-vassari-the-specifics-cryogenic-modeling-mask\/\">BRUNO VASSARI The Specifics pinguldav ja modelleeriv mask<\/a> v\u00f5i <a href=\"https:\/\/kosmeetika24.eu\/toode\/bruno-vassari-kianty-bacco-e-venere\/\">BRUNO VASSARI Kianty pinguldav vananemisvastane mask<\/a> v\u00f5i <a href=\"https:\/\/kosmeetika24.eu\/toode\/bruno-vassari-withe-skin-whitening-mask\/\">BRUNO VASSARI White valgendav mask.<\/a>\u00a0Kotikeses olev pulber segada piisava koguse veega \u00fchtlase konsistentsi saamiseni. Mask kanda n\u00e4ole spaatli abil ja lasta toimida 20-25 minutit. Seej\u00e4rel eemaldada mask ja loputada n\u00e4gu veega.<\/li>\n<li>Silmalaugude nahale kanda toode <a href=\"https:\/\/kosmeetika24.eu\/toode\/bruno-vassari-collagen-booster-peptide-eye-contour-gel-cream\/\">BRUNO VASSARI Collagen Booster peptiidikompleksiga silma\u00fcmbruskreem<\/a>.<\/li>\n<li>Seej\u00e4rel kanda peale kaitsev p\u00e4evakreem SPF 25 (komplektis).<\/li>\n<\/ol>\n<p>Koorivat hooldust teostada 1-2 korda n\u00e4dalas s\u00f5ltuvalt nahat\u00fc\u00fcbist.<\/p>\n<\/div>\n<div><strong>KOOSTIS<\/strong><\/div>\n<div>\n<p><strong><span style=\"font-size: 14px;\">Glyco Peeling Liquid<\/span><\/strong><\/p>\n<p><span style=\"font-size: 14px;\">AQUA (WATER), ALCOHOLDENAT, PROPYLENE GLYKOL, GLYCOLIC ACID, SODIUM HYDROXIDE, SALICYLIC ACID, HYDROXYETHYLCELLULOSE, SODIUM CHLORIDE.<\/span><\/p>\n<p><span style=\"font-size: 14px;\"><strong>Powder<\/strong><\/span><\/p>\n<p><span style=\"font-size: 14px;\">MANNITOL, ASCORBYL GLUCOSIDE.<\/span><\/p>\n<p><span style=\"font-size: 14px;\"><strong>Protective Cream SPF25<\/strong><\/span><\/p>\n<p><span style=\"font-size: 14px;\">AQUA (WATER), DICAPRYLYL CARBONATE, BLUTYLENE GLYCOL, DICAPRYLATE\/DICAPRATE, C12-15 ALKYL BENZOATE, BUTYLENE GLYCOL, POTASSIUM CETYL PHOSPHATE, NIACINAMIDE, BUTYL METHOXYDIBENZOYLMETHANE, OCTCRYLENE, PHENYLBENZIMIDAZOLE SULFONIC ACID, BEHENYL ALCOHOL, CETYL ALCOHOL, CETYLPALMITATE, MYRISTYL MYRISTATE, TROMETHAMINE, TAPIOCA STARCH, HYDROGENATED POLYISOBUTENE, TOCOPHERYL ACETATE, POLYSILICONE-15, CHLORPHENESIN, PHENOXYETHANOL, GLYCERIN, XANTHAN GUM, ACRYLATES \/C10-30 ALKYLACRYLATE\u00a0 CROSSPOLYMER, DISODIUM EDTA, PARFUM (FRAGRANCE), BUTYLPHENYL METHYLPROPIONAL, LINALOOL, LIMONENE, ALPHA-ISOMETHYL IONONE, COUMARIN.<\/span><\/p>\n<p>&nbsp;<\/p>\n<\/div>\n","protected":false},"excerpt":{"rendered":"<p>Gl\u00fckoolhappe ja C-vitamiiniga valmistatud professionaalne koorija eemaldab epidermise surnud rakud ja aktiveerib rakkude uuenemist. Tasandab naha pinna ja \u00fchtlustab nahatooni.<\/p>\n<p>&nbsp;<\/p>\n<p><span style=\"font-size: 14px;\">Komplekt on m\u00f5eldud professionaalseks kasutamiseks 6 protseduuril:<\/span><\/p>\n<ul>\n<li><span style=\"font-size: 14px;\">koorija vedel faas &#8220;Glyco Peeling Liquid&#8221; 30 ml<\/span><\/li>\n<li><span style=\"font-size: 14px;\">koorija tahke faas &#8220;Powder&#8221; 6 x 0,3g<\/span><\/li>\n<li><span style=\"font-size: 14px;\">kreem &#8220;Protective Cream SPF25&#8221; 50 ml<\/span><\/li>\n<\/ul>\n<p>&nbsp;<\/p>\n","protected":false},"featured_media":2333,"template":"","meta":{"om_disable_all_campaigns":false,"_monsterinsights_skip_tracking":false,"_monsterinsights_sitenote_active":false,"_monsterinsights_sitenote_note":"","_monsterinsights_sitenote_category":0,"_uf_show_specific_survey":0,"_uf_disable_surveys":false,"site-sidebar-layout":"default","site-content-layout":"","ast-site-content-layout":"default","site-content-style":"default","site-sidebar-style":"default","ast-global-header-display":"","ast-banner-title-visibility":"","ast-main-header-display":"","ast-hfb-above-header-display":"","ast-hfb-below-header-display":"","ast-hfb-mobile-header-display":"","site-post-title":"","ast-breadcrumbs-content":"","ast-featured-img":"","footer-sml-layout":"","theme-transparent-header-meta":"default","adv-header-id-meta":"","stick-header-meta":"","header-above-stick-meta":"","header-main-stick-meta":"","header-below-stick-meta":"","astra-migrate-meta-layouts":"set","ast-page-background-enabled":"default","ast-page-background-meta":{"desktop":{"background-color":"var(--ast-global-color-4)","background-image":"","background-repeat":"repeat","background-position":"center center","background-size":"auto","background-attachment":"scroll","background-type":"","background-media":"","overlay-type":"","overlay-color":"","overlay-opacity":"","overlay-gradient":""},"tablet":{"background-color":"","background-image":"","background-repeat":"repeat","background-position":"center center","background-size":"auto","background-attachment":"scroll","background-type":"","background-media":"","overlay-type":"","overlay-color":"","overlay-opacity":"","overlay-gradient":""},"mobile":{"background-color":"","background-image":"","background-repeat":"repeat","background-position":"center center","background-size":"auto","background-attachment":"scroll","background-type":"","background-media":"","overlay-type":"","overlay-color":"","overlay-opacity":"","overlay-gradient":""}},"ast-content-background-meta":{"desktop":{"background-color":"var(--ast-global-color-5)","background-image":"","background-repeat":"repeat","background-position":"center center","background-size":"auto","background-attachment":"scroll","background-type":"","background-media":"","overlay-type":"","overlay-color":"","overlay-opacity":"","overlay-gradient":""},"tablet":{"background-color":"var(--ast-global-color-5)","background-image":"","background-repeat":"repeat","background-position":"center center","background-size":"auto","background-attachment":"scroll","background-type":"","background-media":"","overlay-type":"","overlay-color":"","overlay-opacity":"","overlay-gradient":""},"mobile":{"background-color":"var(--ast-global-color-5)","background-image":"","background-repeat":"repeat","background-position":"center center","background-size":"auto","background-attachment":"scroll","background-type":"","background-media":"","overlay-type":"","overlay-color":"","overlay-opacity":"","overlay-gradient":""}}},"product_brand":[],"product_cat":[126,108],"product_tag":[],"class_list":{"0":"post-1952","1":"product","2":"type-product","3":"status-publish","4":"has-post-thumbnail","6":"product_cat-komplektid-profitooted","7":"product_cat-profitooted","8":"desktop-align-center","9":"tablet-align-left","10":"mobile-align-left","12":"first","13":"instock","14":"taxable","15":"shipping-taxable","16":"product-type-simple","17":"add-to-wishlist-before_image"},"aioseo_notices":[],"_links":{"self":[{"href":"https:\/\/kosmeetika24.eu\/et\/wp-json\/wp\/v2\/product\/1952","targetHints":{"allow":["GET"]}}],"collection":[{"href":"https:\/\/kosmeetika24.eu\/et\/wp-json\/wp\/v2\/product"}],"about":[{"href":"https:\/\/kosmeetika24.eu\/et\/wp-json\/wp\/v2\/types\/product"}],"version-history":[{"count":2,"href":"https:\/\/kosmeetika24.eu\/et\/wp-json\/wp\/v2\/product\/1952\/revisions"}],"predecessor-version":[{"id":2915,"href":"https:\/\/kosmeetika24.eu\/et\/wp-json\/wp\/v2\/product\/1952\/revisions\/2915"}],"wp:featuredmedia":[{"embeddable":true,"href":"https:\/\/kosmeetika24.eu\/et\/wp-json\/wp\/v2\/media\/2333"}],"wp:attachment":[{"href":"https:\/\/kosmeetika24.eu\/et\/wp-json\/wp\/v2\/media?parent=1952"}],"wp:term":[{"taxonomy":"product_brand","embeddable":true,"href":"https:\/\/kosmeetika24.eu\/et\/wp-json\/wp\/v2\/product_brand?post=1952"},{"taxonomy":"product_cat","embeddable":true,"href":"https:\/\/kosmeetika24.eu\/et\/wp-json\/wp\/v2\/product_cat?post=1952"},{"taxonomy":"product_tag","embeddable":true,"href":"https:\/\/kosmeetika24.eu\/et\/wp-json\/wp\/v2\/product_tag?post=1952"}],"curies":[{"name":"wp","href":"https:\/\/api.w.org\/{rel}","templated":true}]}}