{"id":1949,"date":"2019-11-15T07:33:32","date_gmt":"2019-11-15T07:33:32","guid":{"rendered":"https:\/\/kosmeetika24.eu\/?post_type=product&#038;p=1949"},"modified":"2025-09-01T10:13:14","modified_gmt":"2025-09-01T07:13:14","slug":"bruno-vassari-glyco-system-charcoal-mask","status":"publish","type":"product","link":"https:\/\/kosmeetika24.eu\/et\/toode\/bruno-vassari-glyco-system-charcoal-mask\/","title":{"rendered":"BRUNO VASSARI Glyco System aktiivs\u00f6emask"},"content":{"rendered":"<p>Aktiivs\u00f6emask<em> Charcoal Mask<\/em> sisaldab rohkelt toimeaineid, mis annavad s\u00fcgavpuhastava, toksiine eemaldava ja taastava toime. V\u00e4hendab n\u00e4okortsude teket ja laienenud poore. Nahk muutub siledaks, paraneb jume.<\/p>\n<p>Sobib k\u00f5ikidele nahat\u00fc\u00fcpidele ja eriti suitsetajale. Ei sobi v\u00e4ga tundlikule ja kergesti \u00e4rrituvale nahale.<\/p>\n<p><strong>PEAMISED TOIMEAINED<\/strong><\/p>\n<ul>\n<li>Aktiivs\u00fcsi<\/li>\n<li>Gl\u00fckoolhape<\/li>\n<li>Kaoliin ehk portselansavi<\/li>\n<\/ul>\n<p><strong>TOIME<\/strong><\/p>\n<ul>\n<li>Aktiivs\u00fcsi imab toksiine ja lisandeid, puhastab ja kaitseb nahka kahjulike tegurite eest. Aktiivs\u00f6el on bakteritsiidne ja ka noorendav toime, v\u00e4hendades kahjulike keskkonnategurite m\u00f5ju.<\/li>\n<li>Gl\u00fckoolhape kooriv toime eemaldab surnud naharakud ning aktiivs\u00f6e stimuleeriv toime aitab omandada terve naha heledama ja \u00fchtlasema tooni.<\/li>\n<li>Kaoliin koos aktiivs\u00f6ega aitab eemaldada \u00fcleliigset rasu, sellel on stimuleeriv ja puhastav toime.<\/li>\n<\/ul>\n<p><strong>KASUTAMINE<\/strong><\/p>\n<ul>\n<li>Aktiivs\u00f6ega maski kasutada kord n\u00e4dalas.<\/li>\n<li>Puhtale ja kooritud nahale kanda paks kiht toodet, v\u00e4ltides silmade ja huulte piirkonda.<\/li>\n<li>Lasta 10 minutit\u00a0 m\u00f5juda ning eemaldada rohke veega.<\/li>\n<\/ul>\n<p><strong>KOOSTIS<\/strong><\/p>\n<p>AQUA (WATER), SODIUM POTASSIUM ALUMINIUM SILICATE, PROPANEDIOL, MAGNESIUM ALUMINIUM SILICATE, ALCHOL DENAT, GLYCOLIC ACID, GLYCERIN, SODIUM HYDROXIDE, POLYSORBATE 20, CHARCOAL POWDER, PHENOXYETHANOL, ETHYLHEXYLGLYCERIN, XANTHAN GUM, PARAFIUM (FRAGRANCE), POLYGLYCERYL-10, STEARATE, POLYGLYCERYL-10, MYRISTATE, POLYGLYCERIN-10, METHYLCHLOROISOTHIAZOLINONE, METHYLISOTHIAZOLINONE, SODIUM DEHYDROACETATE, CITRIC ACID, BUTYLPHENYL\u00a0 METHYLPROPIONAL, LINALOOL.<\/p>\n<p><span style=\"color: #000000;\"><span style=\"font-family: Roboto, sans-serif;\"><span style=\"font-size: small;\"><span style=\"font-size: xx-small;\">934.92 \u20ac\/kg<\/span><\/span><\/span><\/span><\/p>\n","protected":false},"excerpt":{"rendered":"<p>65 g<\/p>\n<p>Puhastab s\u00fcgavalt poore, v\u00e4hendab komedoone, imab naha pinnalt rasu ja parandab naha tekstuuri.<\/p>\n","protected":false},"featured_media":1958,"template":"","meta":{"om_disable_all_campaigns":false,"_monsterinsights_skip_tracking":false,"_monsterinsights_sitenote_active":false,"_monsterinsights_sitenote_note":"","_monsterinsights_sitenote_category":0,"_uf_show_specific_survey":0,"_uf_disable_surveys":false,"site-sidebar-layout":"default","site-content-layout":"","ast-site-content-layout":"default","site-content-style":"default","site-sidebar-style":"default","ast-global-header-display":"","ast-banner-title-visibility":"","ast-main-header-display":"","ast-hfb-above-header-display":"","ast-hfb-below-header-display":"","ast-hfb-mobile-header-display":"","site-post-title":"","ast-breadcrumbs-content":"","ast-featured-img":"","footer-sml-layout":"","theme-transparent-header-meta":"default","adv-header-id-meta":"","stick-header-meta":"","header-above-stick-meta":"","header-main-stick-meta":"","header-below-stick-meta":"","astra-migrate-meta-layouts":"set","ast-page-background-enabled":"default","ast-page-background-meta":{"desktop":{"background-color":"var(--ast-global-color-4)","background-image":"","background-repeat":"repeat","background-position":"center center","background-size":"auto","background-attachment":"scroll","background-type":"","background-media":"","overlay-type":"","overlay-color":"","overlay-opacity":"","overlay-gradient":""},"tablet":{"background-color":"","background-image":"","background-repeat":"repeat","background-position":"center center","background-size":"auto","background-attachment":"scroll","background-type":"","background-media":"","overlay-type":"","overlay-color":"","overlay-opacity":"","overlay-gradient":""},"mobile":{"background-color":"","background-image":"","background-repeat":"repeat","background-position":"center center","background-size":"auto","background-attachment":"scroll","background-type":"","background-media":"","overlay-type":"","overlay-color":"","overlay-opacity":"","overlay-gradient":""}},"ast-content-background-meta":{"desktop":{"background-color":"var(--ast-global-color-5)","background-image":"","background-repeat":"repeat","background-position":"center center","background-size":"auto","background-attachment":"scroll","background-type":"","background-media":"","overlay-type":"","overlay-color":"","overlay-opacity":"","overlay-gradient":""},"tablet":{"background-color":"var(--ast-global-color-5)","background-image":"","background-repeat":"repeat","background-position":"center center","background-size":"auto","background-attachment":"scroll","background-type":"","background-media":"","overlay-type":"","overlay-color":"","overlay-opacity":"","overlay-gradient":""},"mobile":{"background-color":"var(--ast-global-color-5)","background-image":"","background-repeat":"repeat","background-position":"center center","background-size":"auto","background-attachment":"scroll","background-type":"","background-media":"","overlay-type":"","overlay-color":"","overlay-opacity":"","overlay-gradient":""}}},"product_brand":[],"product_cat":[338,15,73],"product_tag":[],"class_list":{"0":"post-1949","1":"product","2":"type-product","3":"status-publish","4":"has-post-thumbnail","6":"product_cat-maskid-parchid","7":"product_cat-naole","8":"product_cat-puhastustooted","9":"desktop-align-center","10":"tablet-align-left","11":"mobile-align-left","13":"first","14":"instock","15":"taxable","16":"shipping-taxable","17":"purchasable","18":"product-type-simple","19":"add-to-wishlist-before_image"},"aioseo_notices":[],"_links":{"self":[{"href":"https:\/\/kosmeetika24.eu\/et\/wp-json\/wp\/v2\/product\/1949","targetHints":{"allow":["GET"]}}],"collection":[{"href":"https:\/\/kosmeetika24.eu\/et\/wp-json\/wp\/v2\/product"}],"about":[{"href":"https:\/\/kosmeetika24.eu\/et\/wp-json\/wp\/v2\/types\/product"}],"version-history":[{"count":4,"href":"https:\/\/kosmeetika24.eu\/et\/wp-json\/wp\/v2\/product\/1949\/revisions"}],"predecessor-version":[{"id":3068,"href":"https:\/\/kosmeetika24.eu\/et\/wp-json\/wp\/v2\/product\/1949\/revisions\/3068"}],"wp:featuredmedia":[{"embeddable":true,"href":"https:\/\/kosmeetika24.eu\/et\/wp-json\/wp\/v2\/media\/1958"}],"wp:attachment":[{"href":"https:\/\/kosmeetika24.eu\/et\/wp-json\/wp\/v2\/media?parent=1949"}],"wp:term":[{"taxonomy":"product_brand","embeddable":true,"href":"https:\/\/kosmeetika24.eu\/et\/wp-json\/wp\/v2\/product_brand?post=1949"},{"taxonomy":"product_cat","embeddable":true,"href":"https:\/\/kosmeetika24.eu\/et\/wp-json\/wp\/v2\/product_cat?post=1949"},{"taxonomy":"product_tag","embeddable":true,"href":"https:\/\/kosmeetika24.eu\/et\/wp-json\/wp\/v2\/product_tag?post=1949"}],"curies":[{"name":"wp","href":"https:\/\/api.w.org\/{rel}","templated":true}]}}