{"id":1944,"date":"2019-11-14T14:18:31","date_gmt":"2019-11-14T14:18:31","guid":{"rendered":"https:\/\/kosmeetika24.eu\/?post_type=product&#038;p=1944"},"modified":"2025-11-06T14:48:20","modified_gmt":"2025-11-06T11:48:20","slug":"bruno-vassari-glyco-system-intensive-glyco-c-serum","status":"publish","type":"product","link":"https:\/\/kosmeetika24.eu\/et\/toode\/bruno-vassari-glyco-system-intensive-glyco-c-serum\/","title":{"rendered":"BRUNO VASSARI Glyco System intensiivne seerum gl\u00fckoolhappe ja C-vitamiiniga"},"content":{"rendered":"<p>Seerum <em>Intensive Glyco-C Serum<\/em> on rikas C-vitamiinide, gl\u00fckoolhappe ja peptiidie poolest. See v\u00e4hendab pigmentatsiooni, soodustab naha uuenemist ning stimuleerib kollageeni s\u00fcnteesi. Naha v\u00e4limus paraneb ja jume \u00fchtlustub.<\/p>\n<p>Toode on kaheosaline: tahke ja veldel, et optimeerida C-vitamiini omadusi. Geeljas tekstuur tagab optimaalse imendumise.<\/p>\n<p>Sobib k\u00f5igile nahat\u00fc\u00fcpidele.<\/p>\n<p><strong>PEAMISED TOIMEAINED<\/strong><\/p>\n<ul>\n<li>10% gl\u00fckoolhape<\/li>\n<li>SYN\u00ae-TC<\/li>\n<li>MG-60<\/li>\n<li>Askorb\u00fc\u00fclgl\u00fckosiid ehk C-vitamiin<\/li>\n<\/ul>\n<p><strong>TOIME<\/strong><\/p>\n<ul>\n<li>Gl\u00fckoolhape toimib naha pindmistes kihtides, j\u00e4ttes naha siledamaks ja pehmemaks. Stimuleerib naha uuenemist, parandab h\u00fcdratsiooni ja kollageeni s\u00fcnteesi. Tulemuseks on suurem elastsus, parem niisutatus, selgem jume.<\/li>\n<li>SYN\u00ae-TC on kosmeetiline s\u00fcnteetiline peptiidkoostisosa, mis on vananemisvastase toimega.<\/li>\n<li>MG-60 on multifunktsionaalne selge s\u00fcsivesikuid sisaldav vedelik, mis muudab siledaks ka \u00f5rna\u00a0ja tundliku naha. Kaitseb nahka \u00e4rrituse eest.<\/li>\n<li>C-vitamiin on antioks\u00fcdant, mis stimuleerib kollageeni s\u00fcnteesi.<\/li>\n<\/ul>\n<p><strong>KASUTAMINE<\/strong><\/p>\n<ul>\n<li>Nahk puhastada eelnevalt nt<span style=\"font-size: 14px;\">\u00a0tootega <a href=\"https:\/\/kosmeetika24.eu\/toode\/bruno-vassari-glyco-system-glycolic-washing-foam\/\">BRUNO VASSARI Glyco System gl\u00fckoolhappega puhastusvaht<\/a>.<\/span><\/li>\n<li><span style=\"font-size: 14px;\">Nahk toniseerida eelnevalt nt tootega <a href=\"https:\/\/kosmeetika24.eu\/toode\/bruno-vassari-glyco-system-dual-phase-toner\/\">BRUNO VASSARI Glyco System kahefaasiline toonik<\/a>.<\/span><\/li>\n<li><span style=\"font-size: 14px;\">Seerumi kasutamiseks tuleb kokku segada vedelik ja pulber.\u00a0P\u00e4rast m\u00f5lema osa kokkusegamist kanda m\u00f5ni tilk seerumit n\u00e4ole, kaelale ja dekolteepiirkonda.<\/span><\/li>\n<\/ul>\n<p><span style=\"font-size: 14px;\">NB! Mitte kasutada silmade piirkonnas.<\/span><\/p>\n<p><strong>KOOSTIS<\/strong><\/p>\n<p><span style=\"font-size: 14px;\">AQUA (WATER), ALCOHOL DENAT, GLYCOLIC ACID, BUTYLENE GLYCOL, GLYCERIN, SODIUM HYDROXIDE, ASCORBYL GLUCOSIDE, MALTOOLIGOSYL GLUCOSIDE, TETRADECYL AMINOBUTYROYLVALYLAMINOBUTYRIC UREA TRIFLUOROACETATE, PALMITOYL TRIPEPTIDE-5, PALMITOYL DIPEPTIDE-5 DIAMINOBUTYROYL HYDROXYTHREONINE, HYDROXYETHYLCELLULOSE, AMMONIUM ACRYLOYLDIMETHYLTAURATE \/VP COPOLYMER, HYDROGENATED STARCH HYDROLYSATE, PHENOXYETHANOL, PEG-40 HYDROGENATED CASTRR OIL, BIOSACCHARIDE GUM-1, CHLORPHENESIN, PARFUM (FRAGRANCE), SODIUM CHLORIDE, MAGNESIUM CHLORIDE.<\/span><\/p>\n","protected":false},"excerpt":{"rendered":"<p>Intensiivne vananemisvastane seerum, mis soodustab naha uuenemist ja nahatooni \u00fchtlustumist.<\/p>\n<p>&nbsp;<\/p>\n<p>Vedelik: 30 ml pudel<br \/>\nPulber: 0,60 g pudel<\/p>\n<p>&nbsp;<\/p>\n","protected":false},"featured_media":2470,"template":"","meta":{"om_disable_all_campaigns":false,"_monsterinsights_skip_tracking":false,"_monsterinsights_sitenote_active":false,"_monsterinsights_sitenote_note":"","_monsterinsights_sitenote_category":0,"_uf_show_specific_survey":0,"_uf_disable_surveys":false,"site-sidebar-layout":"default","site-content-layout":"","ast-site-content-layout":"default","site-content-style":"default","site-sidebar-style":"default","ast-global-header-display":"","ast-banner-title-visibility":"","ast-main-header-display":"","ast-hfb-above-header-display":"","ast-hfb-below-header-display":"","ast-hfb-mobile-header-display":"","site-post-title":"","ast-breadcrumbs-content":"","ast-featured-img":"","footer-sml-layout":"","theme-transparent-header-meta":"default","adv-header-id-meta":"","stick-header-meta":"","header-above-stick-meta":"","header-main-stick-meta":"","header-below-stick-meta":"","astra-migrate-meta-layouts":"set","ast-page-background-enabled":"default","ast-page-background-meta":{"desktop":{"background-color":"var(--ast-global-color-4)","background-image":"","background-repeat":"repeat","background-position":"center center","background-size":"auto","background-attachment":"scroll","background-type":"","background-media":"","overlay-type":"","overlay-color":"","overlay-opacity":"","overlay-gradient":""},"tablet":{"background-color":"","background-image":"","background-repeat":"repeat","background-position":"center center","background-size":"auto","background-attachment":"scroll","background-type":"","background-media":"","overlay-type":"","overlay-color":"","overlay-opacity":"","overlay-gradient":""},"mobile":{"background-color":"","background-image":"","background-repeat":"repeat","background-position":"center center","background-size":"auto","background-attachment":"scroll","background-type":"","background-media":"","overlay-type":"","overlay-color":"","overlay-opacity":"","overlay-gradient":""}},"ast-content-background-meta":{"desktop":{"background-color":"var(--ast-global-color-5)","background-image":"","background-repeat":"repeat","background-position":"center center","background-size":"auto","background-attachment":"scroll","background-type":"","background-media":"","overlay-type":"","overlay-color":"","overlay-opacity":"","overlay-gradient":""},"tablet":{"background-color":"var(--ast-global-color-5)","background-image":"","background-repeat":"repeat","background-position":"center center","background-size":"auto","background-attachment":"scroll","background-type":"","background-media":"","overlay-type":"","overlay-color":"","overlay-opacity":"","overlay-gradient":""},"mobile":{"background-color":"var(--ast-global-color-5)","background-image":"","background-repeat":"repeat","background-position":"center center","background-size":"auto","background-attachment":"scroll","background-type":"","background-media":"","overlay-type":"","overlay-color":"","overlay-opacity":"","overlay-gradient":""}}},"product_brand":[],"product_cat":[15,77],"product_tag":[],"class_list":{"0":"post-1944","1":"product","2":"type-product","3":"status-publish","4":"has-post-thumbnail","6":"product_cat-naole","7":"product_cat-seerumid","8":"desktop-align-center","9":"tablet-align-left","10":"mobile-align-left","12":"first","13":"instock","14":"taxable","15":"shipping-taxable","16":"purchasable","17":"product-type-simple","18":"add-to-wishlist-before_image"},"aioseo_notices":[],"_links":{"self":[{"href":"https:\/\/kosmeetika24.eu\/et\/wp-json\/wp\/v2\/product\/1944","targetHints":{"allow":["GET"]}}],"collection":[{"href":"https:\/\/kosmeetika24.eu\/et\/wp-json\/wp\/v2\/product"}],"about":[{"href":"https:\/\/kosmeetika24.eu\/et\/wp-json\/wp\/v2\/types\/product"}],"version-history":[{"count":2,"href":"https:\/\/kosmeetika24.eu\/et\/wp-json\/wp\/v2\/product\/1944\/revisions"}],"predecessor-version":[{"id":7224,"href":"https:\/\/kosmeetika24.eu\/et\/wp-json\/wp\/v2\/product\/1944\/revisions\/7224"}],"wp:featuredmedia":[{"embeddable":true,"href":"https:\/\/kosmeetika24.eu\/et\/wp-json\/wp\/v2\/media\/2470"}],"wp:attachment":[{"href":"https:\/\/kosmeetika24.eu\/et\/wp-json\/wp\/v2\/media?parent=1944"}],"wp:term":[{"taxonomy":"product_brand","embeddable":true,"href":"https:\/\/kosmeetika24.eu\/et\/wp-json\/wp\/v2\/product_brand?post=1944"},{"taxonomy":"product_cat","embeddable":true,"href":"https:\/\/kosmeetika24.eu\/et\/wp-json\/wp\/v2\/product_cat?post=1944"},{"taxonomy":"product_tag","embeddable":true,"href":"https:\/\/kosmeetika24.eu\/et\/wp-json\/wp\/v2\/product_tag?post=1944"}],"curies":[{"name":"wp","href":"https:\/\/api.w.org\/{rel}","templated":true}]}}