{"id":1938,"date":"2019-11-14T12:52:08","date_gmt":"2019-11-14T12:52:08","guid":{"rendered":"https:\/\/kosmeetika24.eu\/?post_type=product&#038;p=1938"},"modified":"2024-10-08T16:30:46","modified_gmt":"2024-10-08T13:30:46","slug":"bruno-vassari-aqua-genomics-moisturising-treatment","status":"publish","type":"product","link":"https:\/\/kosmeetika24.eu\/et\/toode\/bruno-vassari-aqua-genomics-moisturising-treatment\/","title":{"rendered":"BRUNO VASSARI Aqua Genomics rikkalikult niisutav hooldus"},"content":{"rendered":"<p>Professionaalseks kasutamiseks m\u00f5eldud rikkalikult niisutav hooldus <em>Moisturising Treatment,<\/em> mille peamine eesm\u00e4rk on stimuleerida loomulikku niisutavat tegurit (NMF) ning selle tulemusel tugevdada marrasknaha barj\u00e4\u00e4ri. Nahk niisutatakse p\u00f5hjalikult, taastub naha elastsus ja toon.<\/p>\n<p>Sobib k\u00f5igile nahat\u00fc\u00fcpidele, eriti v\u00e4ga kuivale nahale.<\/p>\n<p><strong>TOIMEAINED<\/strong><\/p>\n<ul>\n<li>Ens\u00fcmaatiline koorija &#8220;Enzymatic Peeling&#8221;: papaiin ja bromelaiin.<\/li>\n<li>Kontsentraat &#8220;Hydratant Concentrate&#8221;: Revidrat, Pentavitin, h\u00fcaluroonhape, gl\u00fctseriin, sheav\u00f5i ja E-vitamiin.<\/li>\n<li>Merevee baasil mask &#8220;Aqua Genomics Mask With Sea Water&#8221;: alginaadid ja merevesi.<\/li>\n<li>Niisutav kreem &#8220;Aqua Sorbet Rich&#8221;: Revidrat, Pentavitin ning h\u00fcaluroonhape.<\/li>\n<\/ul>\n<p><strong>TOIME<\/strong><\/p>\n<ul>\n<li>Ens\u00fcmaatiline koorija on v\u00e4ga peente osakestega, muutudes veega segamisel homogeenseks pastaks. See on valmistatud looduslikest ens\u00fc\u00fcmidest, mis on saadud papaiast ja ananassist (papaiin ja bromelaiin) ning nende peamine eesm\u00e4rk on eemaldada surnud naharakud. See pehmendab ka poore, muutes surnud naharakkude eemaldamise veelgi lihtsamaks.<\/li>\n<li>Niisutav kontsentraat on intensiivse niisutava kompleksiga seerum, mis sisaldab v\u00e4ga t\u00f5husaid niisutavaid molekule, nagu Revidrat, h\u00fcaluroonhape, gl\u00fctseriin ja sheav\u00f5i.\u00a0 Taastab marrasknaha loomuliku niiskustaseme.<\/li>\n<li>Merevee baasil mask on alginaate sisaldav mask, mis niisutab ja pehmendab naha tekstuuri. Stimuleerib naha taastamist ja mineraliseerimist.<\/li>\n<li>Niisutav kreem taastab naha loomuliku niiskustaseme ning vee ja lipiidide vahelise tasakaalu.<\/li>\n<\/ul>\n","protected":false},"excerpt":{"rendered":"<p>Kuiva naha professionaalne hooldus, mis taastab naha vee ja lipiidide tasakaalu.<\/p>\n<p>&nbsp;<\/p>\n<p>Komplekt on m\u00f5eldud professionaalseks kasutamiseks 6 protseduuril.<\/p>\n<ul>\n<li><span style=\"font-size: 14px;\">koorija Enzymatic Peeling 6 x 15g<\/span><\/li>\n<li><span style=\"font-size: 14px;\">kontsentraat Hydratant Concentrate 6 x 2,5ml<\/span><\/li>\n<li><span style=\"font-size: 14px;\">mask Aqua Genomics Mask With Sea Water 6 x 30g<\/span><\/li>\n<li><span style=\"font-size: 14px;\">niisutav kreem Aqua Sorbet Rich 20ml<\/span><\/li>\n<\/ul>\n<p>&nbsp;<\/p>\n<p>&nbsp;<\/p>\n","protected":false},"featured_media":2338,"template":"","meta":{"om_disable_all_campaigns":false,"_monsterinsights_skip_tracking":false,"_monsterinsights_sitenote_active":false,"_monsterinsights_sitenote_note":"","_monsterinsights_sitenote_category":0,"_uf_show_specific_survey":0,"_uf_disable_surveys":false,"site-sidebar-layout":"default","site-content-layout":"","ast-site-content-layout":"","site-content-style":"default","site-sidebar-style":"default","ast-global-header-display":"","ast-banner-title-visibility":"","ast-main-header-display":"","ast-hfb-above-header-display":"","ast-hfb-below-header-display":"","ast-hfb-mobile-header-display":"","site-post-title":"","ast-breadcrumbs-content":"","ast-featured-img":"","footer-sml-layout":"","theme-transparent-header-meta":"","adv-header-id-meta":"","stick-header-meta":"","header-above-stick-meta":"","header-main-stick-meta":"","header-below-stick-meta":"","astra-migrate-meta-layouts":"default","ast-page-background-enabled":"default","ast-page-background-meta":{"desktop":{"background-color":"var(--ast-global-color-4)","background-image":"","background-repeat":"repeat","background-position":"center center","background-size":"auto","background-attachment":"scroll","background-type":"","background-media":"","overlay-type":"","overlay-color":"","overlay-opacity":"","overlay-gradient":""},"tablet":{"background-color":"","background-image":"","background-repeat":"repeat","background-position":"center center","background-size":"auto","background-attachment":"scroll","background-type":"","background-media":"","overlay-type":"","overlay-color":"","overlay-opacity":"","overlay-gradient":""},"mobile":{"background-color":"","background-image":"","background-repeat":"repeat","background-position":"center center","background-size":"auto","background-attachment":"scroll","background-type":"","background-media":"","overlay-type":"","overlay-color":"","overlay-opacity":"","overlay-gradient":""}},"ast-content-background-meta":{"desktop":{"background-color":"var(--ast-global-color-5)","background-image":"","background-repeat":"repeat","background-position":"center center","background-size":"auto","background-attachment":"scroll","background-type":"","background-media":"","overlay-type":"","overlay-color":"","overlay-opacity":"","overlay-gradient":""},"tablet":{"background-color":"var(--ast-global-color-5)","background-image":"","background-repeat":"repeat","background-position":"center center","background-size":"auto","background-attachment":"scroll","background-type":"","background-media":"","overlay-type":"","overlay-color":"","overlay-opacity":"","overlay-gradient":""},"mobile":{"background-color":"var(--ast-global-color-5)","background-image":"","background-repeat":"repeat","background-position":"center center","background-size":"auto","background-attachment":"scroll","background-type":"","background-media":"","overlay-type":"","overlay-color":"","overlay-opacity":"","overlay-gradient":""}}},"product_brand":[],"product_cat":[126,108],"product_tag":[],"class_list":{"0":"post-1938","1":"product","2":"type-product","3":"status-publish","4":"has-post-thumbnail","6":"product_cat-komplektid-profitooted","7":"product_cat-profitooted","8":"desktop-align-center","9":"tablet-align-left","10":"mobile-align-left","12":"first","13":"instock","14":"taxable","15":"shipping-taxable","16":"product-type-simple","17":"add-to-wishlist-before_image"},"aioseo_notices":[],"_links":{"self":[{"href":"https:\/\/kosmeetika24.eu\/et\/wp-json\/wp\/v2\/product\/1938","targetHints":{"allow":["GET"]}}],"collection":[{"href":"https:\/\/kosmeetika24.eu\/et\/wp-json\/wp\/v2\/product"}],"about":[{"href":"https:\/\/kosmeetika24.eu\/et\/wp-json\/wp\/v2\/types\/product"}],"version-history":[{"count":2,"href":"https:\/\/kosmeetika24.eu\/et\/wp-json\/wp\/v2\/product\/1938\/revisions"}],"predecessor-version":[{"id":8934,"href":"https:\/\/kosmeetika24.eu\/et\/wp-json\/wp\/v2\/product\/1938\/revisions\/8934"}],"wp:featuredmedia":[{"embeddable":true,"href":"https:\/\/kosmeetika24.eu\/et\/wp-json\/wp\/v2\/media\/2338"}],"wp:attachment":[{"href":"https:\/\/kosmeetika24.eu\/et\/wp-json\/wp\/v2\/media?parent=1938"}],"wp:term":[{"taxonomy":"product_brand","embeddable":true,"href":"https:\/\/kosmeetika24.eu\/et\/wp-json\/wp\/v2\/product_brand?post=1938"},{"taxonomy":"product_cat","embeddable":true,"href":"https:\/\/kosmeetika24.eu\/et\/wp-json\/wp\/v2\/product_cat?post=1938"},{"taxonomy":"product_tag","embeddable":true,"href":"https:\/\/kosmeetika24.eu\/et\/wp-json\/wp\/v2\/product_tag?post=1938"}],"curies":[{"name":"wp","href":"https:\/\/api.w.org\/{rel}","templated":true}]}}