{"id":1937,"date":"2019-11-14T12:19:53","date_gmt":"2019-11-14T12:19:53","guid":{"rendered":"https:\/\/kosmeetika24.eu\/?post_type=product&#038;p=1937"},"modified":"2025-02-28T15:40:06","modified_gmt":"2025-02-28T12:40:06","slug":"bruno-vassari-aqua-genomics-aqua-sorbet-light","status":"publish","type":"product","link":"https:\/\/kosmeetika24.eu\/et\/toode\/bruno-vassari-aqua-genomics-aqua-sorbet-light\/","title":{"rendered":"BRUNO VASSARI Aqua Genomics niisutav kreem Light"},"content":{"rendered":"<p>Niisutava kreemi <em>Aqua Sorbet Light<\/em> toimeained reguleerivad nahas loodusliku niisutava teguri s\u00fcnteesi, taastades naha lipiidide ja niiskuse tasakaalu.<\/p>\n<p>Sobib normaalsele ja rasusele nahale. Nende nahat\u00fc\u00fcpide veesisaldus on \u00f5ige, aga soovitame kasutada niisutavaid toimeaineid, et seda hoida optimaalset taset hoida.<\/p>\n<p><strong>PEAMISED TOIMEAINED<\/strong><\/p>\n<ul>\n<li>Revidrat<\/li>\n<li>Gl\u00fctseriin<\/li>\n<\/ul>\n<p><strong>TOIME<\/strong><\/p>\n<ul>\n<li>Revidrat on t\u00f5hus niisutaja, mis on v\u00f5imaldab nahal taastada marrasknaha viimased kihid loodusliku protsessi k\u00e4igus. Stimuleerib looduslikke niisutavaid tegureid, et saavutada tasakaal vee ja lipiidide vahel.<\/li>\n<li>Gl\u00fctseriin suurendab niisutavat toimet.<\/li>\n<\/ul>\n<p><strong>KASUTAMINE<\/strong><\/p>\n<ul>\n<li>Nahk puhastada eelnevalt nt tootega <a href=\"https:\/\/kosmeetika24.eu\/toode\/bruno-vassari-aqua-genomics-aqua-cleanser\/\">BRUNO VASSARI Aqua Genomics puhastuspiim<\/a><\/li>\n<li>Nahk toniseerida eelnevalt nt tootega <a href=\"https:\/\/kosmeetika24.eu\/toode\/bruno-vassari-aqua-genomics-aqua-toner\/\">BRUNO VASSARI Aqua Genomics niisutav toonik<\/a>.<\/li>\n<li>Niisutav kreem kanda kergete masseerivate liigutustega eelnevalt puhastatud n\u00e4ole ja kaelale. Sobib kasutamiseks nii hommikul kui \u00f5htul.<\/li>\n<li>Silma\u00fcmbruse hooldamiseks kasutada nt toodet <a href=\"https:\/\/kosmeetika24.eu\/toode\/bruno-vassari-the-specifics-vitamin-eye-cream\/\">BRUNO VASSARI The Specifics niisutav silmahoolduskreem<\/a> v\u00f5i\u00a0<a href=\"https:\/\/kosmeetika24.eu\/toode\/bruno-vassari-kianty-eye-lift-ox\/\">BRUNO VASSARI Kianty vananemisvastane silmaseerum<\/a>.<\/li>\n<\/ul>\n<p><strong>KOOSTIS<\/strong><\/p>\n<p>AQUA (WATER), GLYCERIN, CYCLOPENTASILOXANE, BUTYLENE GLYCOL, ETHYLHEXYL PALMITATE, DIMETHICONE, MYRISTYL MALATE PHOSPHONIC ACID, SODIUM CITRATE, ETHYLHEXYLGLYCERIN, LAURYL PEG-9 POLYDIMETHYLSILOXETHYL DIMETHICONE, DIMETHICONE\/PEG-10\/15 CROSSPOLYMER, HYDROXYETHYLCELLULOSE, PHENOXYETHANOL, MAGNESIUM SULFATE, DISODIUM EDTA, DIMETHICONE\/VINYL DIMETHICONE CROSSPOLYMER, SORBITAN OLEATE, SORBITAN LAURATE, DIPROPYLENE GLYCOL, TOCOPHEROL, METHYLPROPANEDIOL, PARFUM (FRAGRANCE), LINALOOL, LIMONENE, BUTYLPHENYL METHYLPROPIONAL, C. I. 42090 (FD&amp;C BLUE NO.1).<\/p>\n<p><span style=\"color: #000000;\"><span style=\"font-family: Roboto, sans-serif;\"><span style=\"font-size: small;\"><span style=\"font-size: xx-small;\">2061.20 \u20ac\/l<\/span><\/span><\/span><\/span><\/p>\n","protected":false},"excerpt":{"rendered":"<p>50 ml<\/p>\n<p>Pehme tekstuuriga kerge, aktiivselt niisutav kreem normaalsele ja rasvasele nahale.<\/p>\n","protected":false},"featured_media":1968,"template":"","meta":{"om_disable_all_campaigns":false,"_monsterinsights_skip_tracking":false,"_monsterinsights_sitenote_active":false,"_monsterinsights_sitenote_note":"","_monsterinsights_sitenote_category":0,"_uf_show_specific_survey":0,"_uf_disable_surveys":false,"site-sidebar-layout":"default","site-content-layout":"","ast-site-content-layout":"default","site-content-style":"default","site-sidebar-style":"default","ast-global-header-display":"","ast-banner-title-visibility":"","ast-main-header-display":"","ast-hfb-above-header-display":"","ast-hfb-below-header-display":"","ast-hfb-mobile-header-display":"","site-post-title":"","ast-breadcrumbs-content":"","ast-featured-img":"","footer-sml-layout":"","theme-transparent-header-meta":"default","adv-header-id-meta":"","stick-header-meta":"","header-above-stick-meta":"","header-main-stick-meta":"","header-below-stick-meta":"","astra-migrate-meta-layouts":"set","ast-page-background-enabled":"default","ast-page-background-meta":{"desktop":{"background-color":"var(--ast-global-color-4)","background-image":"","background-repeat":"repeat","background-position":"center center","background-size":"auto","background-attachment":"scroll","background-type":"","background-media":"","overlay-type":"","overlay-color":"","overlay-opacity":"","overlay-gradient":""},"tablet":{"background-color":"","background-image":"","background-repeat":"repeat","background-position":"center center","background-size":"auto","background-attachment":"scroll","background-type":"","background-media":"","overlay-type":"","overlay-color":"","overlay-opacity":"","overlay-gradient":""},"mobile":{"background-color":"","background-image":"","background-repeat":"repeat","background-position":"center center","background-size":"auto","background-attachment":"scroll","background-type":"","background-media":"","overlay-type":"","overlay-color":"","overlay-opacity":"","overlay-gradient":""}},"ast-content-background-meta":{"desktop":{"background-color":"var(--ast-global-color-5)","background-image":"","background-repeat":"repeat","background-position":"center center","background-size":"auto","background-attachment":"scroll","background-type":"","background-media":"","overlay-type":"","overlay-color":"","overlay-opacity":"","overlay-gradient":""},"tablet":{"background-color":"var(--ast-global-color-5)","background-image":"","background-repeat":"repeat","background-position":"center center","background-size":"auto","background-attachment":"scroll","background-type":"","background-media":"","overlay-type":"","overlay-color":"","overlay-opacity":"","overlay-gradient":""},"mobile":{"background-color":"var(--ast-global-color-5)","background-image":"","background-repeat":"repeat","background-position":"center center","background-size":"auto","background-attachment":"scroll","background-type":"","background-media":"","overlay-type":"","overlay-color":"","overlay-opacity":"","overlay-gradient":""}}},"product_brand":[],"product_cat":[75,15],"product_tag":[],"class_list":{"0":"post-1937","1":"product","2":"type-product","3":"status-publish","4":"has-post-thumbnail","6":"product_cat-kreemid-naole","7":"product_cat-naole","8":"desktop-align-center","9":"tablet-align-left","10":"mobile-align-left","12":"first","13":"instock","14":"taxable","15":"shipping-taxable","16":"purchasable","17":"product-type-simple","18":"add-to-wishlist-before_image"},"aioseo_notices":[],"_links":{"self":[{"href":"https:\/\/kosmeetika24.eu\/et\/wp-json\/wp\/v2\/product\/1937","targetHints":{"allow":["GET"]}}],"collection":[{"href":"https:\/\/kosmeetika24.eu\/et\/wp-json\/wp\/v2\/product"}],"about":[{"href":"https:\/\/kosmeetika24.eu\/et\/wp-json\/wp\/v2\/types\/product"}],"version-history":[{"count":3,"href":"https:\/\/kosmeetika24.eu\/et\/wp-json\/wp\/v2\/product\/1937\/revisions"}],"predecessor-version":[{"id":3136,"href":"https:\/\/kosmeetika24.eu\/et\/wp-json\/wp\/v2\/product\/1937\/revisions\/3136"}],"wp:featuredmedia":[{"embeddable":true,"href":"https:\/\/kosmeetika24.eu\/et\/wp-json\/wp\/v2\/media\/1968"}],"wp:attachment":[{"href":"https:\/\/kosmeetika24.eu\/et\/wp-json\/wp\/v2\/media?parent=1937"}],"wp:term":[{"taxonomy":"product_brand","embeddable":true,"href":"https:\/\/kosmeetika24.eu\/et\/wp-json\/wp\/v2\/product_brand?post=1937"},{"taxonomy":"product_cat","embeddable":true,"href":"https:\/\/kosmeetika24.eu\/et\/wp-json\/wp\/v2\/product_cat?post=1937"},{"taxonomy":"product_tag","embeddable":true,"href":"https:\/\/kosmeetika24.eu\/et\/wp-json\/wp\/v2\/product_tag?post=1937"}],"curies":[{"name":"wp","href":"https:\/\/api.w.org\/{rel}","templated":true}]}}