{"id":1936,"date":"2019-11-14T12:08:18","date_gmt":"2019-11-14T12:08:18","guid":{"rendered":"https:\/\/kosmeetika24.eu\/?post_type=product&#038;p=1936"},"modified":"2024-10-08T16:32:38","modified_gmt":"2024-10-08T13:32:38","slug":"bruno-vassari-aqua-genomics-aqua-sorbet-rich-2","status":"publish","type":"product","link":"https:\/\/kosmeetika24.eu\/et\/toode\/bruno-vassari-aqua-genomics-aqua-sorbet-rich-2\/","title":{"rendered":"BRUNO VASSARI Aqua Genomics niisutav kreem Rich"},"content":{"rendered":"<p>Niisutav kreem<em> Aqua Sorbet Rich<\/em> taastab naha loomuliku niiskustaseme ning s\u00e4ilitab \u00f5ige vee ja lipiidide vahelise tasakaalu. Lisaks sisaldab see muid niisutavaid toimeaineid, mis muudavad selle sobivamaks kuivale nahale.<\/p>\n<div class=\"responsive-tabs-wrapper\">\n<div class=\"responsive-tabs responsive-tabs--enabled\">\n<div id=\"tablist1-panel1\" class=\"tabcontent responsive-tabs__panel responsive-tabs__panel--active\" role=\"tabpanel\" aria-hidden=\"false\" aria-labelledby=\"tablist1-tab1\">\u00a0Sobib normaalsele ja kuivale nahale.<\/div>\n<\/div>\n<\/div>\n<p><strong>PEAMISED TOIMEAINED<\/strong><\/p>\n<ul>\n<li>Revidrat<\/li>\n<li>Pentavitin<\/li>\n<li>H\u00fcaluroonhape<\/li>\n<\/ul>\n<p><strong>TOIME<\/strong><\/p>\n<ul>\n<li>Revidrat on t\u00f5hus niisutaja, mis v\u00f5imaldab nahal taastada marrasknaha viimased kihid loodusliku protsessi k\u00e4igus. Stimuleerib looduslikke niisutavaid tegureid, et saavutada tasakaal vee ja lipiidide vahel.<\/li>\n<li>Pentavitini eesm\u00e4rk on suurendada naha v\u00f5imet imendada vett ja v\u00e4ltida kuivamist.<\/li>\n<li>H\u00fcaluroonhappel on v\u00e4ga hea niisutav toime, mis muudab naha elastseks ja vastupidavaks.<\/li>\n<\/ul>\n<p><strong>KASUTAMINE<\/strong><\/p>\n<ul>\n<li>Niisutav kreem kanda hommikul ja \u00f5htul kergete masseerivate liigutustega eelnevalt puhastatud n\u00e4ole ja kaelale.<\/li>\n<\/ul>\n<p><strong>KOOSTIS<\/strong><\/p>\n<p><span style=\"font-size: 14px;\">AQUA (WATER), DIMETHICONE, CYCLOPENTASILOXANE, DIPROPYLENE GLYCOL, ALCOHOL DENAT., ETHYLHEXYL PALMITATE, HYDROGENATED POLYISOBUTENE, SSCCHARIDE ISOMERATE, SODIUM HYALURONATE, DIMETHICONE\/PEG-10\/15 CROSSPOLYMER, RHENOXYETHANOL, LAURYL PEG-9 POLYDIMETHYLSILOXYETHYL DIMETHICONE, DIMETHICONE\/VINYLDIMETHICONE CROSSPOLYMER, DISODIUM EDTA, SORBITAN OLEATE, ETHYLEXYLGLYCERIN, XANTHAN GUM, SORBITAN LAURATE, SODIUM CHLORIDE, SODIUM CITRATE, PARFUM (FRAGRANCE), TOCOPHEROL, MYRISTYL MALATE PHOSPHONIC ACID, CITRIC ACID, LINALOOL, LIMONENE, BUTYLPHENYL METHYLPROPIONAL.<\/span><\/p>\n","protected":false},"excerpt":{"rendered":"<p>Professionaalseks kasutamiseks m\u00f5eldud pehme tekstuuriga rikkalikult niisutav kreem kuivale ja tundlikule nahale.<\/p>\n<p>200 ml<\/p>\n","protected":false},"featured_media":2339,"template":"","meta":{"om_disable_all_campaigns":false,"_monsterinsights_skip_tracking":false,"_monsterinsights_sitenote_active":false,"_monsterinsights_sitenote_note":"","_monsterinsights_sitenote_category":0,"_uf_show_specific_survey":0,"_uf_disable_surveys":false,"site-sidebar-layout":"default","site-content-layout":"","ast-site-content-layout":"default","site-content-style":"default","site-sidebar-style":"default","ast-global-header-display":"","ast-banner-title-visibility":"","ast-main-header-display":"","ast-hfb-above-header-display":"","ast-hfb-below-header-display":"","ast-hfb-mobile-header-display":"","site-post-title":"","ast-breadcrumbs-content":"","ast-featured-img":"","footer-sml-layout":"","theme-transparent-header-meta":"default","adv-header-id-meta":"","stick-header-meta":"","header-above-stick-meta":"","header-main-stick-meta":"","header-below-stick-meta":"","astra-migrate-meta-layouts":"set","ast-page-background-enabled":"default","ast-page-background-meta":{"desktop":{"background-color":"var(--ast-global-color-4)","background-image":"","background-repeat":"repeat","background-position":"center center","background-size":"auto","background-attachment":"scroll","background-type":"","background-media":"","overlay-type":"","overlay-color":"","overlay-opacity":"","overlay-gradient":""},"tablet":{"background-color":"","background-image":"","background-repeat":"repeat","background-position":"center center","background-size":"auto","background-attachment":"scroll","background-type":"","background-media":"","overlay-type":"","overlay-color":"","overlay-opacity":"","overlay-gradient":""},"mobile":{"background-color":"","background-image":"","background-repeat":"repeat","background-position":"center center","background-size":"auto","background-attachment":"scroll","background-type":"","background-media":"","overlay-type":"","overlay-color":"","overlay-opacity":"","overlay-gradient":""}},"ast-content-background-meta":{"desktop":{"background-color":"var(--ast-global-color-5)","background-image":"","background-repeat":"repeat","background-position":"center center","background-size":"auto","background-attachment":"scroll","background-type":"","background-media":"","overlay-type":"","overlay-color":"","overlay-opacity":"","overlay-gradient":""},"tablet":{"background-color":"var(--ast-global-color-5)","background-image":"","background-repeat":"repeat","background-position":"center center","background-size":"auto","background-attachment":"scroll","background-type":"","background-media":"","overlay-type":"","overlay-color":"","overlay-opacity":"","overlay-gradient":""},"mobile":{"background-color":"var(--ast-global-color-5)","background-image":"","background-repeat":"repeat","background-position":"center center","background-size":"auto","background-attachment":"scroll","background-type":"","background-media":"","overlay-type":"","overlay-color":"","overlay-opacity":"","overlay-gradient":""}}},"product_brand":[],"product_cat":[115,108],"product_tag":[],"class_list":{"0":"post-1936","1":"product","2":"type-product","3":"status-publish","4":"has-post-thumbnail","6":"product_cat-kreemid-profitooted","7":"product_cat-profitooted","8":"desktop-align-center","9":"tablet-align-left","10":"mobile-align-left","12":"first","13":"instock","14":"taxable","15":"shipping-taxable","16":"product-type-simple","17":"add-to-wishlist-before_image"},"aioseo_notices":[],"_links":{"self":[{"href":"https:\/\/kosmeetika24.eu\/et\/wp-json\/wp\/v2\/product\/1936","targetHints":{"allow":["GET"]}}],"collection":[{"href":"https:\/\/kosmeetika24.eu\/et\/wp-json\/wp\/v2\/product"}],"about":[{"href":"https:\/\/kosmeetika24.eu\/et\/wp-json\/wp\/v2\/types\/product"}],"version-history":[{"count":2,"href":"https:\/\/kosmeetika24.eu\/et\/wp-json\/wp\/v2\/product\/1936\/revisions"}],"predecessor-version":[{"id":7220,"href":"https:\/\/kosmeetika24.eu\/et\/wp-json\/wp\/v2\/product\/1936\/revisions\/7220"}],"wp:featuredmedia":[{"embeddable":true,"href":"https:\/\/kosmeetika24.eu\/et\/wp-json\/wp\/v2\/media\/2339"}],"wp:attachment":[{"href":"https:\/\/kosmeetika24.eu\/et\/wp-json\/wp\/v2\/media?parent=1936"}],"wp:term":[{"taxonomy":"product_brand","embeddable":true,"href":"https:\/\/kosmeetika24.eu\/et\/wp-json\/wp\/v2\/product_brand?post=1936"},{"taxonomy":"product_cat","embeddable":true,"href":"https:\/\/kosmeetika24.eu\/et\/wp-json\/wp\/v2\/product_cat?post=1936"},{"taxonomy":"product_tag","embeddable":true,"href":"https:\/\/kosmeetika24.eu\/et\/wp-json\/wp\/v2\/product_tag?post=1936"}],"curies":[{"name":"wp","href":"https:\/\/api.w.org\/{rel}","templated":true}]}}