{"id":1933,"date":"2019-11-14T11:37:23","date_gmt":"2019-11-14T11:37:23","guid":{"rendered":"https:\/\/kosmeetika24.eu\/?post_type=product&#038;p=1933"},"modified":"2025-02-28T15:38:15","modified_gmt":"2025-02-28T12:38:15","slug":"bruno-vassari-aqua-genomics-aqua-toner","status":"publish","type":"product","link":"https:\/\/kosmeetika24.eu\/et\/toode\/bruno-vassari-aqua-genomics-aqua-toner\/","title":{"rendered":"BRUNO VASSARI Aqua Genomics niisutav toonik"},"content":{"rendered":"<p>Kerge niisutav toonik <em>Aqua Toner<\/em> eemaldab \u00f5rnalt meigi ja puhastab naha, s\u00e4ilitades samal ajal pH tasakaalu. Toonik koosneb h\u00fcaluroonhappest, mis suurendab naha elastsust ja silub tekstuuri. Stimuleerib naha loodusliku niisutava faktori s\u00fcnteesi, taastab naha vee ja lipiidide tasakaalu.<\/p>\n<p>Sobib k\u00f5igile nahat\u00fc\u00fcpidele, eriti kombineeritud ja kuivale nahale.<\/p>\n<p><strong>PEAMISED TOIMEAINED<\/strong><\/p>\n<ul>\n<li>V\u00e4he \u00e4rritavad pindaktiivsed ained<\/li>\n<li>But\u00fcleengl\u00fckool<\/li>\n<li>H\u00fcaluroonhape<\/li>\n<\/ul>\n<p><strong>TOIME<\/strong><\/p>\n<ul>\n<li>V\u00e4he \u00e4rritavad pindaktiivsed ained ei tee tundlikule ja kuivale nahale liiga.<\/li>\n<li>But\u00fcleengl\u00fckool niisutab ja toniseerib nahka.<\/li>\n<li>H\u00fcaluroonhappel on v\u00e4ga hea niisutav toime. Muudab naha elastseks ja vastupidavaks.<\/li>\n<\/ul>\n<p><strong>KASUTAMINE<\/strong><\/p>\n<ul>\n<li>N\u00e4gu puhastada eelnevalt nt tootega <a href=\"https:\/\/kosmeetika24.eu\/toode\/bruno-vassari-aqua-genomics-aqua-cleanser\/\">BRUNO VASSARI Aqua Genomics puhastuspiim<\/a>.<\/li>\n<li>Seej\u00e4rel kanda puhastatud n\u00e4ole toonik. Sobib kasutamiseks nii hommikul kui \u00f5htul.<\/li>\n<li>Hommikul kasutada nahale vanusest ja niisutuse vajadusest l\u00e4htuvalt nt toodet <a href=\"https:\/\/kosmeetika24.eu\/toode\/bruno-vassari-aqua-genomics-aqua-sorbet-light\/\">BRUNO VASSARI Aqua Genomics niisutav kreem Light<\/a> v\u00f5i\u00a0<a href=\"https:\/\/kosmeetika24.eu\/toode\/bruno-vassari-aqua-genomics-aqua-sorbet-rich\/\">BRUNO VASSARI Aqua Genomics niisutav kreem Rich<\/a>.<\/li>\n<li>\u00d5htul kanda nahale nt esmalt toode\u00a0 <a href=\"https:\/\/kosmeetika24.eu\/toode\/bruno-vassari-essentials-serum-oxygenant\/\">BRUNO VASSARI Essentials hapnikuga rikastav seerum<\/a> ja siis nt toode <a href=\"https:\/\/kosmeetika24.eu\/toode\/bruno-vassari-skin-comfort-skin-restore-plus\/\">BRUNO VASSARI Skin Comfort intensiivne parandav kreem<\/a>.<\/li>\n<\/ul>\n<p><strong>KOOSTIS<\/strong><\/p>\n<p><span style=\"font-size: 14px;\">AQUA (WATER), BUTYLENE GLYCOL, ALCHOL DENAT., POLOXAMER 184, SODIUM HALURONATE, PEG-40 HYDROGENATED CASTOR OIL, METHYLPARABEN, DISODIUMEDTA, PARFUM (FRAGRANCE), LINALOOL, LIMONENE, BUTYLPHENYL METHYLPROPIONAL.<\/span><\/p>\n<p><span style=\"font-size: xx-small;\"><span style=\"color: #000000;\"><span style=\"font-family: Roboto, sans-serif;\">202.16 \u20ac\/l <\/span><\/span><\/span><\/p>\n","protected":false},"excerpt":{"rendered":"<p>250 ml<\/p>\n<p>Niisutav \u00f5rnatoimeline toonik sobib meigi eemaldamiseks, naha puhastamiseks ja toonimiseks.<\/p>\n<p>&nbsp;<\/p>\n<p>&nbsp;<\/p>\n","protected":false},"featured_media":1979,"template":"","meta":{"om_disable_all_campaigns":false,"_monsterinsights_skip_tracking":false,"_monsterinsights_sitenote_active":false,"_monsterinsights_sitenote_note":"","_monsterinsights_sitenote_category":0,"_uf_show_specific_survey":0,"_uf_disable_surveys":false,"site-sidebar-layout":"default","site-content-layout":"","ast-site-content-layout":"default","site-content-style":"default","site-sidebar-style":"default","ast-global-header-display":"","ast-banner-title-visibility":"","ast-main-header-display":"","ast-hfb-above-header-display":"","ast-hfb-below-header-display":"","ast-hfb-mobile-header-display":"","site-post-title":"","ast-breadcrumbs-content":"","ast-featured-img":"","footer-sml-layout":"","theme-transparent-header-meta":"default","adv-header-id-meta":"","stick-header-meta":"","header-above-stick-meta":"","header-main-stick-meta":"","header-below-stick-meta":"","astra-migrate-meta-layouts":"set","ast-page-background-enabled":"default","ast-page-background-meta":{"desktop":{"background-color":"var(--ast-global-color-4)","background-image":"","background-repeat":"repeat","background-position":"center center","background-size":"auto","background-attachment":"scroll","background-type":"","background-media":"","overlay-type":"","overlay-color":"","overlay-opacity":"","overlay-gradient":""},"tablet":{"background-color":"","background-image":"","background-repeat":"repeat","background-position":"center center","background-size":"auto","background-attachment":"scroll","background-type":"","background-media":"","overlay-type":"","overlay-color":"","overlay-opacity":"","overlay-gradient":""},"mobile":{"background-color":"","background-image":"","background-repeat":"repeat","background-position":"center center","background-size":"auto","background-attachment":"scroll","background-type":"","background-media":"","overlay-type":"","overlay-color":"","overlay-opacity":"","overlay-gradient":""}},"ast-content-background-meta":{"desktop":{"background-color":"var(--ast-global-color-5)","background-image":"","background-repeat":"repeat","background-position":"center center","background-size":"auto","background-attachment":"scroll","background-type":"","background-media":"","overlay-type":"","overlay-color":"","overlay-opacity":"","overlay-gradient":""},"tablet":{"background-color":"var(--ast-global-color-5)","background-image":"","background-repeat":"repeat","background-position":"center center","background-size":"auto","background-attachment":"scroll","background-type":"","background-media":"","overlay-type":"","overlay-color":"","overlay-opacity":"","overlay-gradient":""},"mobile":{"background-color":"var(--ast-global-color-5)","background-image":"","background-repeat":"repeat","background-position":"center center","background-size":"auto","background-attachment":"scroll","background-type":"","background-media":"","overlay-type":"","overlay-color":"","overlay-opacity":"","overlay-gradient":""}}},"product_brand":[],"product_cat":[15,74],"product_tag":[],"class_list":{"0":"post-1933","1":"product","2":"type-product","3":"status-publish","4":"has-post-thumbnail","6":"product_cat-naole","7":"product_cat-toonikud","8":"desktop-align-center","9":"tablet-align-left","10":"mobile-align-left","12":"first","13":"instock","14":"taxable","15":"shipping-taxable","16":"purchasable","17":"product-type-simple","18":"add-to-wishlist-before_image"},"aioseo_notices":[],"_links":{"self":[{"href":"https:\/\/kosmeetika24.eu\/et\/wp-json\/wp\/v2\/product\/1933","targetHints":{"allow":["GET"]}}],"collection":[{"href":"https:\/\/kosmeetika24.eu\/et\/wp-json\/wp\/v2\/product"}],"about":[{"href":"https:\/\/kosmeetika24.eu\/et\/wp-json\/wp\/v2\/types\/product"}],"version-history":[{"count":3,"href":"https:\/\/kosmeetika24.eu\/et\/wp-json\/wp\/v2\/product\/1933\/revisions"}],"predecessor-version":[{"id":3396,"href":"https:\/\/kosmeetika24.eu\/et\/wp-json\/wp\/v2\/product\/1933\/revisions\/3396"}],"wp:featuredmedia":[{"embeddable":true,"href":"https:\/\/kosmeetika24.eu\/et\/wp-json\/wp\/v2\/media\/1979"}],"wp:attachment":[{"href":"https:\/\/kosmeetika24.eu\/et\/wp-json\/wp\/v2\/media?parent=1933"}],"wp:term":[{"taxonomy":"product_brand","embeddable":true,"href":"https:\/\/kosmeetika24.eu\/et\/wp-json\/wp\/v2\/product_brand?post=1933"},{"taxonomy":"product_cat","embeddable":true,"href":"https:\/\/kosmeetika24.eu\/et\/wp-json\/wp\/v2\/product_cat?post=1933"},{"taxonomy":"product_tag","embeddable":true,"href":"https:\/\/kosmeetika24.eu\/et\/wp-json\/wp\/v2\/product_tag?post=1933"}],"curies":[{"name":"wp","href":"https:\/\/api.w.org\/{rel}","templated":true}]}}