{"id":1931,"date":"2019-11-14T11:28:36","date_gmt":"2019-11-14T11:28:36","guid":{"rendered":"https:\/\/kosmeetika24.eu\/?post_type=product&#038;p=1931"},"modified":"2025-02-28T15:39:19","modified_gmt":"2025-02-28T12:39:19","slug":"bruno-vassari-aqua-genomics-aqua-cleanser","status":"publish","type":"product","link":"https:\/\/kosmeetika24.eu\/et\/toode\/bruno-vassari-aqua-genomics-aqua-cleanser\/","title":{"rendered":"BRUNO VASSARI Aqua Genomics puhastuspiim"},"content":{"rendered":"<p>Puhastuspiim <em>Aqua Cleanser<\/em> puhastab, niisutab ja rahustab nahka \u00f5rnalt, s\u00e4ilitades samal ajal pH tasakaalu. Eemaldab n\u00e4olt p\u00f5hjalikult kogu meigi ja muud keskkonnaga seotud mustuse.<\/p>\n<p>Sobib k\u00f5igile nahat\u00fc\u00fcpidele, eriti kuivale ja \u00f5rnale nahale.<\/p>\n<p><strong>PEAMISED TOIMEAINED<\/strong><\/p>\n<ul>\n<li>V\u00e4he \u00e4rritavad pindaktiivsed ained<\/li>\n<li>Gl\u00fctseriin ja diprop\u00fcleengl\u00fckool<\/li>\n<li>Arginiin<\/li>\n<\/ul>\n<p><strong>TOIME<\/strong><\/p>\n<ul>\n<li>V\u00e4he \u00e4rritavad pindaktiivsed ained ei tekita \u00e4rritust ja nii saavutatakse p\u00f5hjalik ja \u00f5rn puhastamine.<\/li>\n<li>Gl\u00fctseriin ja diprop\u00fcleengl\u00fckool eemaldavad nahalt mustuse ning\u00a0meigi.<\/li>\n<li>Arginiin niisutab ja puhastab nahka.<\/li>\n<\/ul>\n<p><strong>KASUTAMINE<\/strong><\/p>\n<ul>\n<li>Puhastuspiim masseerida \u00f5rnalt nahale ning eemaldada vatipadjaga.\u00a0Sobib kasutamiseks hommikul ja \u00f5htul.<\/li>\n<li>Seej\u00e4rel toniseerida nahk nt tootega <a href=\"https:\/\/kosmeetika24.eu\/toode\/bruno-vassari-aqua-genomics-aqua-toner\/\">BRUNO VASSARI Aqua Genomics niisutav toonik<\/a>.<\/li>\n<\/ul>\n<p><strong>KOOSTIS<\/strong><\/p>\n<p><span style=\"font-size: 14px;\">AQUA (WATER), CAPRYLIC \/ CAPRIC TRIGLYCERIDE, DIPROPYLENE GLYCOL, ALCHOHOL DENAT., CYCLOPENTASILOXANE, GLYCERIN, PEG-40 HYDROGENATED GASTOR OLI, PHENOXYETHANOL, POLOXAMER 184, ARGININE, CARBOMER, XANTHAN GUM, DISODIUM EDTA, PARFUM (FRAGRANCE), ACRYLATES \/ C10-30 ALKYL ACRYLATE CROSSPOLYMER, ETHYLHEXYLGL, LINALOOL.<\/span><\/p>\n<p><span style=\"color: #000000;\"><span style=\"font-family: Roboto, sans-serif;\"><span style=\"font-size: small;\"><span style=\"font-size: xx-small;\">210.40 \u20ac\/l<\/span><\/span><\/span><\/span><\/p>\n","protected":false},"excerpt":{"rendered":"<p>250 ml<\/p>\n<p>Niisutav \u00f5rnatoimeline puhastuspiim sobib ka meigi eemaldamiseks.<\/p>\n","protected":false},"featured_media":1983,"template":"","meta":{"om_disable_all_campaigns":false,"_monsterinsights_skip_tracking":false,"_monsterinsights_sitenote_active":false,"_monsterinsights_sitenote_note":"","_monsterinsights_sitenote_category":0,"_uf_show_specific_survey":0,"_uf_disable_surveys":false,"site-sidebar-layout":"default","site-content-layout":"","ast-site-content-layout":"default","site-content-style":"default","site-sidebar-style":"default","ast-global-header-display":"","ast-banner-title-visibility":"","ast-main-header-display":"","ast-hfb-above-header-display":"","ast-hfb-below-header-display":"","ast-hfb-mobile-header-display":"","site-post-title":"","ast-breadcrumbs-content":"","ast-featured-img":"","footer-sml-layout":"","theme-transparent-header-meta":"default","adv-header-id-meta":"","stick-header-meta":"","header-above-stick-meta":"","header-main-stick-meta":"","header-below-stick-meta":"","astra-migrate-meta-layouts":"set","ast-page-background-enabled":"default","ast-page-background-meta":{"desktop":{"background-color":"var(--ast-global-color-4)","background-image":"","background-repeat":"repeat","background-position":"center center","background-size":"auto","background-attachment":"scroll","background-type":"","background-media":"","overlay-type":"","overlay-color":"","overlay-opacity":"","overlay-gradient":""},"tablet":{"background-color":"","background-image":"","background-repeat":"repeat","background-position":"center center","background-size":"auto","background-attachment":"scroll","background-type":"","background-media":"","overlay-type":"","overlay-color":"","overlay-opacity":"","overlay-gradient":""},"mobile":{"background-color":"","background-image":"","background-repeat":"repeat","background-position":"center center","background-size":"auto","background-attachment":"scroll","background-type":"","background-media":"","overlay-type":"","overlay-color":"","overlay-opacity":"","overlay-gradient":""}},"ast-content-background-meta":{"desktop":{"background-color":"var(--ast-global-color-5)","background-image":"","background-repeat":"repeat","background-position":"center center","background-size":"auto","background-attachment":"scroll","background-type":"","background-media":"","overlay-type":"","overlay-color":"","overlay-opacity":"","overlay-gradient":""},"tablet":{"background-color":"var(--ast-global-color-5)","background-image":"","background-repeat":"repeat","background-position":"center center","background-size":"auto","background-attachment":"scroll","background-type":"","background-media":"","overlay-type":"","overlay-color":"","overlay-opacity":"","overlay-gradient":""},"mobile":{"background-color":"var(--ast-global-color-5)","background-image":"","background-repeat":"repeat","background-position":"center center","background-size":"auto","background-attachment":"scroll","background-type":"","background-media":"","overlay-type":"","overlay-color":"","overlay-opacity":"","overlay-gradient":""}}},"product_brand":[],"product_cat":[15,362,73],"product_tag":[],"class_list":{"0":"post-1931","1":"product","2":"type-product","3":"status-publish","4":"has-post-thumbnail","6":"product_cat-naole","7":"product_cat-puhastuspiim","8":"product_cat-puhastustooted","9":"desktop-align-center","10":"tablet-align-left","11":"mobile-align-left","13":"first","14":"instock","15":"taxable","16":"shipping-taxable","17":"purchasable","18":"product-type-simple","19":"add-to-wishlist-before_image"},"aioseo_notices":[],"_links":{"self":[{"href":"https:\/\/kosmeetika24.eu\/et\/wp-json\/wp\/v2\/product\/1931","targetHints":{"allow":["GET"]}}],"collection":[{"href":"https:\/\/kosmeetika24.eu\/et\/wp-json\/wp\/v2\/product"}],"about":[{"href":"https:\/\/kosmeetika24.eu\/et\/wp-json\/wp\/v2\/types\/product"}],"version-history":[{"count":3,"href":"https:\/\/kosmeetika24.eu\/et\/wp-json\/wp\/v2\/product\/1931\/revisions"}],"predecessor-version":[{"id":8938,"href":"https:\/\/kosmeetika24.eu\/et\/wp-json\/wp\/v2\/product\/1931\/revisions\/8938"}],"wp:featuredmedia":[{"embeddable":true,"href":"https:\/\/kosmeetika24.eu\/et\/wp-json\/wp\/v2\/media\/1983"}],"wp:attachment":[{"href":"https:\/\/kosmeetika24.eu\/et\/wp-json\/wp\/v2\/media?parent=1931"}],"wp:term":[{"taxonomy":"product_brand","embeddable":true,"href":"https:\/\/kosmeetika24.eu\/et\/wp-json\/wp\/v2\/product_brand?post=1931"},{"taxonomy":"product_cat","embeddable":true,"href":"https:\/\/kosmeetika24.eu\/et\/wp-json\/wp\/v2\/product_cat?post=1931"},{"taxonomy":"product_tag","embeddable":true,"href":"https:\/\/kosmeetika24.eu\/et\/wp-json\/wp\/v2\/product_tag?post=1931"}],"curies":[{"name":"wp","href":"https:\/\/api.w.org\/{rel}","templated":true}]}}