{"id":1898,"date":"2019-11-13T11:49:16","date_gmt":"2019-11-13T11:49:16","guid":{"rendered":"https:\/\/kosmeetika24.eu\/?post_type=product&#038;p=1898"},"modified":"2026-03-27T14:35:56","modified_gmt":"2026-03-27T11:35:56","slug":"bruno-vassari-kianty-viniferin-eyes-lips-cream","status":"publish","type":"product","link":"https:\/\/kosmeetika24.eu\/et\/toode\/bruno-vassari-kianty-viniferin-eyes-lips-cream\/","title":{"rendered":"BRUNO VASSARI Kianty Viniferin silma- ja huule\u00fcmbruse kreem"},"content":{"rendered":"<p>Kreem <em>Viniferin Eyes &amp; Lips Cream<\/em> aktiveerib silma\u00fcmbruse vereringe ja seel\u00e4bi aitab v\u00e4hendada kottis ja tumedaid silmaaluseid. Aktiivsed toimeained aitavad tasandada ja v\u00e4hendada kortse, aeglustavad naha vananemisprotsessi ja v\u00e4hendavad vananemise m\u00e4rke.<\/p>\n<p>Sobib k\u00f5igile nahat\u00fc\u00fcpidele, eelk\u00f5ige vananenud nahale.<\/p>\n<p><strong>PEAMISED TOIMEAINED<\/strong><\/p>\n<ul>\n<li>Orgasol Restore<\/li>\n<li>Skvalaan<\/li>\n<li>Sheav\u00f5i<\/li>\n<li>H\u00fcdroks\u00fcprolisilaan<\/li>\n<li>Viinamarjamahl<\/li>\n<li>E-vitamiin<\/li>\n<\/ul>\n<p><strong>TOIME<\/strong><\/p>\n<ul>\n<li>Orgasol Restore aitab v\u00e4hendada kortse ja miimikakortsukesi, muutes vananenud naha elastsemaks ning toniseerides nahka. See aitab samuti v\u00f5idelda naha kuivuse, kestenduse ja kareduse vastu.<\/li>\n<li>Skvalaan kaitseb nahka loomuliku veekao eest ning j\u00e4tab naha pehmeks ja siledaks.<\/li>\n<li>Sheav\u00f5i sisaldab v\u00e4ga palju k\u00fcllastumata rasvhappeid ja vitamiine. Toimeained annavad nahale suurep\u00e4rase niisutava tunde, elastsuse ja toonuse. Ennetab naha vananemist ning kortsude esinemist. Aitab samuti kaitsta nahka p\u00e4ikesekiirguse ja k\u00fclma eest.<\/li>\n<li>H\u00fcdroks\u00fcprolisilaan stimuleerib rakkude uuenemist, mille tulemusel suuremeb kollageeni tootmine. Vabade radikaalide vastane.<\/li>\n<li>Viinamarjamahl sisaldab rohkelt pol\u00fcfenoole. Aitab ennetada vananemist, kaitstes naha olulisi elemente. Aitab samuti stimuleerida kollageeni s\u00fcnteesi.<\/li>\n<li>E-vitamiin: toimib kui antioks\u00fcdant, kaitstes rakke vabade radikaalide eest. Parendab naha elastsust ja siledust.<\/li>\n<\/ul>\n<p><strong>KASUTAMINE<\/strong><\/p>\n<ul>\n<li>\u00d5htul kasutada eelnevalt nt. toodet <a href=\"https:\/\/kosmeetika24.eu\/toode\/bruno-vassari-kianty-pate-duva\/\">BRUNO VASSARI Kianty kortsudevastane toitekreem<\/a>.<\/li>\n<li>Seej\u00e4rel kanda silma- ja huule\u00fcmbruse kreem \u00f5rnalt silmade ja huulte piirkonda.<\/li>\n<li>Sobib kasutamiseks nii hommikul kui \u00f5htul.<\/li>\n<\/ul>\n<p><strong>KOOSTIS<\/strong><\/p>\n<p><span style=\"font-size: 14px;\">AQUA (WATER), C15-19 ALKANE, GLYCERIN, GLYCERYL STEARATE, PEG-100 STEARATE, CETYL ALCOHOL, SQUAANE, NYLON 6\/12, CYCLOPENTASILOXANE, CAPRYLIC\/CAPRIC TRIGLYCERIDE, BUTYROSPERMUM PARKII (SHEA) BUTTER, SALICYLIC ACID, VITIS VINIFERA (GRAPE) JUICE EXTRACT, DIPOTASSIUM GLYCYRRHIZATE, TOCOPHERYL ACETATE, METHYLSILANOL HYDROXYPROLINE ASPARTATE, PHENOXYETHANOL, POLYACRYLAMIDE, GLUCOSYL HESPERIDIN, OLIVE GLYCERIDES, PROPANEDIOL, C13-14 ISOPARAFFIN, PARFUM (FRAGRANCE), CHLORPHENESIN, DISODIUM EDTA, XANTHAN GUM, LAURETH-7, CERAMIDE 3, LINALOOL, SODIUM HYDROXIDE, LIMONELE, BUTYLPHENYL, METHYLPROPIONAL, SODIUM METHYLPARABEN, PROPYLPARABEN.<\/span><\/p>\n","protected":false},"excerpt":{"rendered":"<p>Hooldus silmade- ja huulte\u00fcmbrusele, millel on vananemisvastane toime.<\/p>\n<p>&nbsp;<\/p>\n<p>15 ml<\/p>\n","protected":false},"featured_media":1989,"template":"","meta":{"om_disable_all_campaigns":false,"_monsterinsights_skip_tracking":false,"_monsterinsights_sitenote_active":false,"_monsterinsights_sitenote_note":"","_monsterinsights_sitenote_category":0,"_uf_show_specific_survey":0,"_uf_disable_surveys":false,"site-sidebar-layout":"default","site-content-layout":"","ast-site-content-layout":"default","site-content-style":"default","site-sidebar-style":"default","ast-global-header-display":"","ast-banner-title-visibility":"","ast-main-header-display":"","ast-hfb-above-header-display":"","ast-hfb-below-header-display":"","ast-hfb-mobile-header-display":"","site-post-title":"","ast-breadcrumbs-content":"","ast-featured-img":"","footer-sml-layout":"","theme-transparent-header-meta":"default","adv-header-id-meta":"","stick-header-meta":"","header-above-stick-meta":"","header-main-stick-meta":"","header-below-stick-meta":"","astra-migrate-meta-layouts":"set","ast-page-background-enabled":"default","ast-page-background-meta":{"desktop":{"background-color":"var(--ast-global-color-4)","background-image":"","background-repeat":"repeat","background-position":"center center","background-size":"auto","background-attachment":"scroll","background-type":"","background-media":"","overlay-type":"","overlay-color":"","overlay-opacity":"","overlay-gradient":""},"tablet":{"background-color":"","background-image":"","background-repeat":"repeat","background-position":"center center","background-size":"auto","background-attachment":"scroll","background-type":"","background-media":"","overlay-type":"","overlay-color":"","overlay-opacity":"","overlay-gradient":""},"mobile":{"background-color":"","background-image":"","background-repeat":"repeat","background-position":"center center","background-size":"auto","background-attachment":"scroll","background-type":"","background-media":"","overlay-type":"","overlay-color":"","overlay-opacity":"","overlay-gradient":""}},"ast-content-background-meta":{"desktop":{"background-color":"var(--ast-global-color-5)","background-image":"","background-repeat":"repeat","background-position":"center center","background-size":"auto","background-attachment":"scroll","background-type":"","background-media":"","overlay-type":"","overlay-color":"","overlay-opacity":"","overlay-gradient":""},"tablet":{"background-color":"var(--ast-global-color-5)","background-image":"","background-repeat":"repeat","background-position":"center center","background-size":"auto","background-attachment":"scroll","background-type":"","background-media":"","overlay-type":"","overlay-color":"","overlay-opacity":"","overlay-gradient":""},"mobile":{"background-color":"var(--ast-global-color-5)","background-image":"","background-repeat":"repeat","background-position":"center center","background-size":"auto","background-attachment":"scroll","background-type":"","background-media":"","overlay-type":"","overlay-color":"","overlay-opacity":"","overlay-gradient":""}}},"product_brand":[],"product_cat":[15,81,432],"product_tag":[],"class_list":{"0":"post-1898","1":"product","2":"type-product","3":"status-publish","4":"has-post-thumbnail","6":"product_cat-naole","7":"product_cat-silmahooldus","8":"product_cat-top-tooted","9":"desktop-align-center","10":"tablet-align-left","11":"mobile-align-left","13":"first","14":"instock","15":"taxable","16":"shipping-taxable","17":"purchasable","18":"product-type-simple","19":"add-to-wishlist-before_image"},"aioseo_notices":[],"_links":{"self":[{"href":"https:\/\/kosmeetika24.eu\/et\/wp-json\/wp\/v2\/product\/1898","targetHints":{"allow":["GET"]}}],"collection":[{"href":"https:\/\/kosmeetika24.eu\/et\/wp-json\/wp\/v2\/product"}],"about":[{"href":"https:\/\/kosmeetika24.eu\/et\/wp-json\/wp\/v2\/types\/product"}],"version-history":[{"count":2,"href":"https:\/\/kosmeetika24.eu\/et\/wp-json\/wp\/v2\/product\/1898\/revisions"}],"predecessor-version":[{"id":7211,"href":"https:\/\/kosmeetika24.eu\/et\/wp-json\/wp\/v2\/product\/1898\/revisions\/7211"}],"wp:featuredmedia":[{"embeddable":true,"href":"https:\/\/kosmeetika24.eu\/et\/wp-json\/wp\/v2\/media\/1989"}],"wp:attachment":[{"href":"https:\/\/kosmeetika24.eu\/et\/wp-json\/wp\/v2\/media?parent=1898"}],"wp:term":[{"taxonomy":"product_brand","embeddable":true,"href":"https:\/\/kosmeetika24.eu\/et\/wp-json\/wp\/v2\/product_brand?post=1898"},{"taxonomy":"product_cat","embeddable":true,"href":"https:\/\/kosmeetika24.eu\/et\/wp-json\/wp\/v2\/product_cat?post=1898"},{"taxonomy":"product_tag","embeddable":true,"href":"https:\/\/kosmeetika24.eu\/et\/wp-json\/wp\/v2\/product_tag?post=1898"}],"curies":[{"name":"wp","href":"https:\/\/api.w.org\/{rel}","templated":true}]}}