{"id":1896,"date":"2019-11-13T11:35:41","date_gmt":"2019-11-13T11:35:41","guid":{"rendered":"https:\/\/kosmeetika24.eu\/?post_type=product&#038;p=1896"},"modified":"2024-11-06T13:35:16","modified_gmt":"2024-11-06T10:35:16","slug":"bruno-vassari-kianty-viniferin-visible-results","status":"publish","type":"product","link":"https:\/\/kosmeetika24.eu\/et\/toode\/bruno-vassari-kianty-viniferin-visible-results\/","title":{"rendered":"BRUNO VASSARI Kianty Viniferin silmade ja huulte intensiivne hooldus"},"content":{"rendered":"<p>Professionaalseks kasutamiseks m\u00f5eldud <em>Kianty Viniferin Visible Results<\/em> on spetsiifiline vananemisvastane hooldus silmade- ja huule\u00fcmbrusele. Aktiveerib silma\u00fcmbruse vereringe ja seel\u00e4bi aitab v\u00e4hendada kottis ja tumedaid silmaaluseid. Aktiivsed toimeained aitavad tasandada ja v\u00e4hendada kortse, aeglustavad naha vananemisprotsessi ja v\u00e4hendavad vananemise m\u00e4rke. Tulemus on n\u00e4htavad alatest esimesest kasutuskorrast.<\/p>\n<p>Sobib k\u00f5igile nahat\u00fc\u00fcpidele, eriti m\u00f5eldud kortsude ning tumedate ja paistes silmaaluste v\u00e4hendamiseks.<\/p>\n<p><strong>TOIMEAINED<\/strong><\/p>\n<ul>\n<li>seerum &#8220;Eyes &amp; Lips Serum&#8221;: leutsiidne vedelik, biosahhariidkummi-1, gl\u00fckos\u00fc\u00fclhesperidiin, Viniderm<sup>\u00ae<\/sup>\u00a0;<\/li>\n<li>mask &#8220;Eyes &amp; Lips Mask&#8221;: h\u00fcdrol\u00fc\u00fcsitud kollageen, riisit\u00e4rklis, Damaskuse rooslille \u00f5li, harilik viinamari;<\/li>\n<li>kreem &#8220;Eyes &amp; Lips Cream&#8221;: Orgasol\u00a0<sup>\u00ae<\/sup>\u00a0Restore, skvalaan, sheav\u00f5i, h\u00fcdroks\u00fcprolisilaan, Viniderm<sup>\u00ae<\/sup>, E-vitamiin.<\/li>\n<\/ul>\n<p><strong>TOIME<\/strong><\/p>\n<ul>\n<li>Seerum annab silmade piirkonnale s\u00e4ra ning niisutab seda. V\u00e4hendab kortse, tumedaid ja paistes silmaaluseid.<\/li>\n<li>Mask sisaldab alginaate, mis parendab toimeainete tungimist nahka ning muudab pigmentatsiooni ja tumedad silmaalused heledamaks. Sellel on samuti kongestiooni v\u00e4hendav ja vananemisvastane toime.<\/li>\n<li>Kreem on toitev ja niisutav, mis sobib \u00f5rnale nahale silmade-ja huulte\u00fcmbruses ning mis muudab h\u00fcperpigmentatsiooniga tumedad silmaalused heledamaks ja v\u00e4hendab vananemism\u00e4rke.<\/li>\n<\/ul>\n","protected":false},"excerpt":{"rendered":"<p>Vananemisvastane silmade- ja huule\u00fcmbruse intensiivne hooldus.\u00a0Aitab minimeerida kortse, tumedaid silmaaluseid ja silmade paistetust.<\/p>\n<p>&nbsp;<\/p>\n<p><span style=\"font-size: 14px;\">Komplekt on m\u00f5eldud professionaalseks kasutamiseks 6 protseduuril.<\/span><\/p>\n<ul>\n<li><span style=\"font-size: 14px;\">seerum Eyes &amp; Lips Serum 6 x 3ml<\/span><\/li>\n<li><span style=\"font-size: 14px;\">mask Eyes &amp; Lips Mask 6 x 10g<\/span><\/li>\n<li><span style=\"font-size: 14px;\">kreem Eyes &amp; Lips Cream 6 x\u00a0 3ml<\/span><\/li>\n<\/ul>\n<p>&nbsp;<\/p>\n","protected":false},"featured_media":1991,"template":"","meta":{"om_disable_all_campaigns":false,"_monsterinsights_skip_tracking":false,"_monsterinsights_sitenote_active":false,"_monsterinsights_sitenote_note":"","_monsterinsights_sitenote_category":0,"_uf_show_specific_survey":0,"_uf_disable_surveys":false,"site-sidebar-layout":"default","site-content-layout":"","ast-site-content-layout":"default","site-content-style":"default","site-sidebar-style":"default","ast-global-header-display":"","ast-banner-title-visibility":"","ast-main-header-display":"","ast-hfb-above-header-display":"","ast-hfb-below-header-display":"","ast-hfb-mobile-header-display":"","site-post-title":"","ast-breadcrumbs-content":"","ast-featured-img":"","footer-sml-layout":"","theme-transparent-header-meta":"default","adv-header-id-meta":"","stick-header-meta":"","header-above-stick-meta":"","header-main-stick-meta":"","header-below-stick-meta":"","astra-migrate-meta-layouts":"set","ast-page-background-enabled":"default","ast-page-background-meta":{"desktop":{"background-color":"var(--ast-global-color-4)","background-image":"","background-repeat":"repeat","background-position":"center center","background-size":"auto","background-attachment":"scroll","background-type":"","background-media":"","overlay-type":"","overlay-color":"","overlay-opacity":"","overlay-gradient":""},"tablet":{"background-color":"","background-image":"","background-repeat":"repeat","background-position":"center center","background-size":"auto","background-attachment":"scroll","background-type":"","background-media":"","overlay-type":"","overlay-color":"","overlay-opacity":"","overlay-gradient":""},"mobile":{"background-color":"","background-image":"","background-repeat":"repeat","background-position":"center center","background-size":"auto","background-attachment":"scroll","background-type":"","background-media":"","overlay-type":"","overlay-color":"","overlay-opacity":"","overlay-gradient":""}},"ast-content-background-meta":{"desktop":{"background-color":"var(--ast-global-color-5)","background-image":"","background-repeat":"repeat","background-position":"center center","background-size":"auto","background-attachment":"scroll","background-type":"","background-media":"","overlay-type":"","overlay-color":"","overlay-opacity":"","overlay-gradient":""},"tablet":{"background-color":"var(--ast-global-color-5)","background-image":"","background-repeat":"repeat","background-position":"center center","background-size":"auto","background-attachment":"scroll","background-type":"","background-media":"","overlay-type":"","overlay-color":"","overlay-opacity":"","overlay-gradient":""},"mobile":{"background-color":"var(--ast-global-color-5)","background-image":"","background-repeat":"repeat","background-position":"center center","background-size":"auto","background-attachment":"scroll","background-type":"","background-media":"","overlay-type":"","overlay-color":"","overlay-opacity":"","overlay-gradient":""}}},"product_brand":[],"product_cat":[126,108,112],"product_tag":[],"class_list":{"0":"post-1896","1":"product","2":"type-product","3":"status-publish","4":"has-post-thumbnail","6":"product_cat-komplektid-profitooted","7":"product_cat-profitooted","8":"product_cat-silmahooldus-profitooted","9":"desktop-align-center","10":"tablet-align-left","11":"mobile-align-left","13":"first","14":"instock","15":"taxable","16":"shipping-taxable","17":"product-type-simple","18":"add-to-wishlist-before_image"},"aioseo_notices":[],"_links":{"self":[{"href":"https:\/\/kosmeetika24.eu\/et\/wp-json\/wp\/v2\/product\/1896","targetHints":{"allow":["GET"]}}],"collection":[{"href":"https:\/\/kosmeetika24.eu\/et\/wp-json\/wp\/v2\/product"}],"about":[{"href":"https:\/\/kosmeetika24.eu\/et\/wp-json\/wp\/v2\/types\/product"}],"version-history":[{"count":2,"href":"https:\/\/kosmeetika24.eu\/et\/wp-json\/wp\/v2\/product\/1896\/revisions"}],"predecessor-version":[{"id":8939,"href":"https:\/\/kosmeetika24.eu\/et\/wp-json\/wp\/v2\/product\/1896\/revisions\/8939"}],"wp:featuredmedia":[{"embeddable":true,"href":"https:\/\/kosmeetika24.eu\/et\/wp-json\/wp\/v2\/media\/1991"}],"wp:attachment":[{"href":"https:\/\/kosmeetika24.eu\/et\/wp-json\/wp\/v2\/media?parent=1896"}],"wp:term":[{"taxonomy":"product_brand","embeddable":true,"href":"https:\/\/kosmeetika24.eu\/et\/wp-json\/wp\/v2\/product_brand?post=1896"},{"taxonomy":"product_cat","embeddable":true,"href":"https:\/\/kosmeetika24.eu\/et\/wp-json\/wp\/v2\/product_cat?post=1896"},{"taxonomy":"product_tag","embeddable":true,"href":"https:\/\/kosmeetika24.eu\/et\/wp-json\/wp\/v2\/product_tag?post=1896"}],"curies":[{"name":"wp","href":"https:\/\/api.w.org\/{rel}","templated":true}]}}