{"id":1895,"date":"2019-11-13T10:36:31","date_gmt":"2019-11-13T10:36:31","guid":{"rendered":"https:\/\/kosmeetika24.eu\/?post_type=product&#038;p=1895"},"modified":"2024-12-27T13:00:26","modified_gmt":"2024-12-27T10:00:26","slug":"bruno-vassari-kianty-eye-lift-ox","status":"publish","type":"product","link":"https:\/\/kosmeetika24.eu\/et\/toode\/bruno-vassari-kianty-eye-lift-ox\/","title":{"rendered":"BRUNO VASSARI Kianty vananemisvastane silmaseerum"},"content":{"rendered":"<p>Silma\u00fcmbruspiirkonna hoolduseks m\u00f5eldud seerumil <em>Eye Lift-Ox<\/em> on &#8220;botoxilaadne&#8221; toime: l\u00f5dvestab lihaseid, t\u00f5stab ja pinguldab nahka. Aktiivsed toimeained aitavad tasandada ja v\u00e4hendada kortse. Seerumil on mikrovereringet aktiveeriv, tumedaid ja paistes silmaaluseid v\u00e4hendav toime.<\/p>\n<p>Sobib k\u00f5igile nahat\u00fc\u00fcpidele. See on spetsiaalselt m\u00f5eldud tumedate silmaaluste, kortsude ja paistes silmade v\u00e4hendamiseks.<\/p>\n<p><strong>PEAMISED TOIMEAINED<\/strong><\/p>\n<ul>\n<li>Haloks\u00fc\u00fcl<\/li>\n<li>Argireliin<\/li>\n<li>Matriks\u00fc\u00fcl<\/li>\n<li>Lasilium<\/li>\n<li>Viinamarjamahla pol\u00fcfenoolid<\/li>\n<li>E-vitamiin<\/li>\n<\/ul>\n<p><strong>TOIME<\/strong><\/p>\n<ul>\n<li>Haloks\u00fc\u00fcl v\u00e4hendab tumedaid silmaaluseid.<\/li>\n<li>Argireliin on botoxi-sarnane toime: l\u00f5dvestab lihaseid, v\u00e4hendades kortsude esinemist.<\/li>\n<li>Matriks\u00fc\u00fcl toimib rakkude stimuleerijana ja seel\u00e4bi ka kortsude t\u00e4itjana. Suurendab kollageeni s\u00fcnteesi.<\/li>\n<li>Lasilium on r\u00e4ni ja piimhappe molekul, mille on niisutav ja taastav toime.<\/li>\n<li>Viinamarjamahl sisaldab rohkelt pol\u00fcfenoole. Aitab ennetada vananemist, kaitstes naha olulisi elemente. Aitab samuti stimuleerida kollageeni s\u00fcnteesi.<\/li>\n<li>E-vitamiin toimib antioks\u00fcdandina ja p\u00fc\u00fcab kinni vabad radikaalid. Niisutab ja kaitseb sidekude, kollageeni ja elastiini.<\/li>\n<\/ul>\n<p><strong>KASUTAMINE<\/strong><\/p>\n<ul>\n<li>Nahk kreemitada eelnevalt nt tootega <a href=\"https:\/\/kosmeetika24.eu\/toode\/bruno-vassari-kianty-vita-vite\/\">BRUNO VASSARI Kianty vananemisvastane kreem<\/a>.<\/li>\n<li>Silmaseerum kanda silmade piirkonda. Sobib kasutamiseks nii hommikul kui \u00f5htul.<\/li>\n<\/ul>\n<p>Parimate tulemuste saavutamiseks on soovitav kasutada sama sarja tooteid.<\/p>\n<p><strong>KOOSTIS<\/strong><\/p>\n<p><span style=\"font-size: 14px;\">AQUA (WATER), GLYCERIN, SODIUM LACTATE METYLSILANOL, PROPYLENE GLYCOL, PANTHENOL, HYDROGENATED POLYISOBUTENE, VITIS VINIFERA (GRAPE) SEED EXTRACT, PALMITOYL TRIPEPTIDE-1, CHRYSIN, PALMITOYL PENTAPEPTIDE-4, PALMITOYL\u00a0 TETRAPEPTIDE-7, ACETYL HEXAPEPTIDE-8, LECITHIN, HYDROGENATED LECITHIN, SALICYLIC ACID, TRIETHANOLAMINE, STEARYL HEPTANOATE, CARBOMER, PHENOXYETHANOL, PARAFFINUM LIQUIDUM (MINERAL OIL), BUTYLENE, GLYCOL, CHLORPHESIN, CLYCERYL ACRYLATE\/ACRYLICACID COPOLYMER, TOCOPHERYL ACETATE, ETHYLHEXYLGLYCERIN, STEARETH-20, METYLPARABEN, CAPRYLYL GLYCOL, PROPYLPARABEN, POTASSIUM SORBATE, PENTYLENE GLYCOL, POLYSORBATE 20, N-HYDROXYSUCCINIMIDE, EDTA, SODIUM METYLPARABEN, TOCOPHEROL, PALMITOYL HYDROXYPROPYLTRIMONIUM AMYLOPECTIN GLYCERIN CROSSPOLYMER, SODIUM METABISULFITE, 1,2-HEXANEDIOL.<\/span><\/p>\n","protected":false},"excerpt":{"rendered":"<p>Botoxi efektiga silma\u00fcmbruskreem.<\/p>\n<p>V\u00e4hendab tumedaid silmaaluseid 60% v\u00f5rra.<\/p>\n<p>&nbsp;<\/p>\n<p>15 ml<\/p>\n","protected":false},"featured_media":2213,"template":"","meta":{"om_disable_all_campaigns":false,"_monsterinsights_skip_tracking":false,"_monsterinsights_sitenote_active":false,"_monsterinsights_sitenote_note":"","_monsterinsights_sitenote_category":0,"_uf_show_specific_survey":0,"_uf_disable_surveys":false,"site-sidebar-layout":"default","site-content-layout":"","ast-site-content-layout":"default","site-content-style":"default","site-sidebar-style":"default","ast-global-header-display":"","ast-banner-title-visibility":"","ast-main-header-display":"","ast-hfb-above-header-display":"","ast-hfb-below-header-display":"","ast-hfb-mobile-header-display":"","site-post-title":"","ast-breadcrumbs-content":"","ast-featured-img":"","footer-sml-layout":"","theme-transparent-header-meta":"default","adv-header-id-meta":"","stick-header-meta":"","header-above-stick-meta":"","header-main-stick-meta":"","header-below-stick-meta":"","astra-migrate-meta-layouts":"set","ast-page-background-enabled":"default","ast-page-background-meta":{"desktop":{"background-color":"var(--ast-global-color-4)","background-image":"","background-repeat":"repeat","background-position":"center center","background-size":"auto","background-attachment":"scroll","background-type":"","background-media":"","overlay-type":"","overlay-color":"","overlay-opacity":"","overlay-gradient":""},"tablet":{"background-color":"","background-image":"","background-repeat":"repeat","background-position":"center center","background-size":"auto","background-attachment":"scroll","background-type":"","background-media":"","overlay-type":"","overlay-color":"","overlay-opacity":"","overlay-gradient":""},"mobile":{"background-color":"","background-image":"","background-repeat":"repeat","background-position":"center center","background-size":"auto","background-attachment":"scroll","background-type":"","background-media":"","overlay-type":"","overlay-color":"","overlay-opacity":"","overlay-gradient":""}},"ast-content-background-meta":{"desktop":{"background-color":"var(--ast-global-color-5)","background-image":"","background-repeat":"repeat","background-position":"center center","background-size":"auto","background-attachment":"scroll","background-type":"","background-media":"","overlay-type":"","overlay-color":"","overlay-opacity":"","overlay-gradient":""},"tablet":{"background-color":"var(--ast-global-color-5)","background-image":"","background-repeat":"repeat","background-position":"center center","background-size":"auto","background-attachment":"scroll","background-type":"","background-media":"","overlay-type":"","overlay-color":"","overlay-opacity":"","overlay-gradient":""},"mobile":{"background-color":"var(--ast-global-color-5)","background-image":"","background-repeat":"repeat","background-position":"center center","background-size":"auto","background-attachment":"scroll","background-type":"","background-media":"","overlay-type":"","overlay-color":"","overlay-opacity":"","overlay-gradient":""}}},"product_brand":[],"product_cat":[15,81],"product_tag":[],"class_list":{"0":"post-1895","1":"product","2":"type-product","3":"status-publish","4":"has-post-thumbnail","6":"product_cat-naole","7":"product_cat-silmahooldus","8":"desktop-align-center","9":"tablet-align-left","10":"mobile-align-left","12":"first","13":"instock","14":"taxable","15":"shipping-taxable","16":"purchasable","17":"product-type-simple","18":"add-to-wishlist-before_image"},"aioseo_notices":[],"_links":{"self":[{"href":"https:\/\/kosmeetika24.eu\/et\/wp-json\/wp\/v2\/product\/1895","targetHints":{"allow":["GET"]}}],"collection":[{"href":"https:\/\/kosmeetika24.eu\/et\/wp-json\/wp\/v2\/product"}],"about":[{"href":"https:\/\/kosmeetika24.eu\/et\/wp-json\/wp\/v2\/types\/product"}],"version-history":[{"count":2,"href":"https:\/\/kosmeetika24.eu\/et\/wp-json\/wp\/v2\/product\/1895\/revisions"}],"predecessor-version":[{"id":1899,"href":"https:\/\/kosmeetika24.eu\/et\/wp-json\/wp\/v2\/product\/1895\/revisions\/1899"}],"wp:featuredmedia":[{"embeddable":true,"href":"https:\/\/kosmeetika24.eu\/et\/wp-json\/wp\/v2\/media\/2213"}],"wp:attachment":[{"href":"https:\/\/kosmeetika24.eu\/et\/wp-json\/wp\/v2\/media?parent=1895"}],"wp:term":[{"taxonomy":"product_brand","embeddable":true,"href":"https:\/\/kosmeetika24.eu\/et\/wp-json\/wp\/v2\/product_brand?post=1895"},{"taxonomy":"product_cat","embeddable":true,"href":"https:\/\/kosmeetika24.eu\/et\/wp-json\/wp\/v2\/product_cat?post=1895"},{"taxonomy":"product_tag","embeddable":true,"href":"https:\/\/kosmeetika24.eu\/et\/wp-json\/wp\/v2\/product_tag?post=1895"}],"curies":[{"name":"wp","href":"https:\/\/api.w.org\/{rel}","templated":true}]}}