{"id":1891,"date":"2019-11-13T10:23:57","date_gmt":"2019-11-13T10:23:57","guid":{"rendered":"https:\/\/kosmeetika24.eu\/?post_type=product&#038;p=1891"},"modified":"2024-12-27T12:59:56","modified_gmt":"2024-12-27T09:59:56","slug":"bruno-vassari-kianty-vita-vite","status":"publish","type":"product","link":"https:\/\/kosmeetika24.eu\/et\/toode\/bruno-vassari-kianty-vita-vite\/","title":{"rendered":"BRUNO VASSARI Kianty vananemisvastane kreem"},"content":{"rendered":"<p>Vananemisvastane kreem<em> Vita-Vite<\/em> toimeained aitavad tasandada ja v\u00e4hendada mistahes kortse, aeglustavad naha vananemisprotsessi ja omavad selgelt t\u00f5stvat efekti. Kreemil on &#8220;botoxilaadne&#8221; toime: l\u00f5dvestab lihaseid, t\u00f5stab ja pinguldab nahka. On noorendava toimega.<\/p>\n<p>Tagab naha seisundi n\u00e4htava paranemise p\u00e4rast 30-p\u00e4evast pidevat toote kasutamist.<\/p>\n<p>Soovitatav neile, kes on l\u00e4binud Botoxi ravi, et pikendada saavutatud tulemust ja alternatiivina kahe hoolduse vahel.<\/p>\n<p>Sobib k\u00f5igile nahat\u00fc\u00fcpidele, eriti k\u00fcpsele, v\u00e4sinud ja kortsulisele nahale.<\/p>\n<p><strong>PEAMISED TOIMEAINED<\/strong><\/p>\n<ul>\n<li>Argireliin<\/li>\n<li>Viinamarjaekstrakt<\/li>\n<li>Soja ekstrakt<\/li>\n<li>E-vitamiin<\/li>\n<li>C-vitamiin<\/li>\n<li>Keramiidid<\/li>\n<li>Sheav\u00f5i<\/li>\n<\/ul>\n<p><strong>TOIME<\/strong><\/p>\n<ul>\n<li>Argireliinil on botoxi-sarnane toime. L\u00f5dvestab lihaseid, v\u00e4hendades kortsude esinemist.<\/li>\n<li>Viinamarjaekstrakt sisaldab pol\u00fcfenoolide suurt kontsentratsiooni, toimides vananemisvastaselt, antioks\u00fcdantselt, pinguldavalt ja toniseerivalt.<\/li>\n<li>Soja ekstrakti iseloomustab isoflavoonide suur sisaldus, mis toimib naha ainevahetusprotsesside taaselustajana.<\/li>\n<li>E-vitamiin toimib antioks\u00fcdandina ja p\u00fc\u00fcab kinni vabad radikaalid. Niisutab ja kaitseb sidekude, kollageeni ja elastiini.<\/li>\n<li>C-vitamiin toimib antioks\u00fcdandina ning p\u00fc\u00fcab kinni vabad radikaalid. Stimuleerib kollageeni s\u00fcnteesi ja regenereerib E-vitamiini.<\/li>\n<li>Keramiidid kaitsevad kahjuliku v\u00e4liskeskkonna m\u00f5ju eest ja m\u00e4ngivad otsustavat rolli marrasknaha lipiidkihi vee kinnihoidmise v\u00f5imes.<\/li>\n<li>Sheav\u00f5i erakordselt rikas vitamiinide poolest, mis koos parandavad nahka, kaitsevad seda kuivamise eest ja soodustavad rakkude uuenemist. Omab p\u00f5letikuvastast toimet.<\/li>\n<\/ul>\n<p><strong>KASUTAMINE<\/strong><\/p>\n<ul>\n<li>Nahk puhastada eelnevalt nt tootega <a href=\"https:\/\/kosmeetika24.eu\/toode\/bruno-vassari-kianty-rugiada-di-vigna\/\">BRUNO VASSARI Kianty v\u00e4rskendav puhastusvaht<\/a>.<\/li>\n<li>Nahk toniseerida eelnevalt nt tootega <a href=\"https:\/\/kosmeetika24.eu\/toode\/bruno-vassari-kianty-pioggia-di-vigna\/\">BRUNO VASSARI Kianty vananemisvastane losjoon 200ml<\/a>.<\/li>\n<li>Parema tulemuse saamiseks kanda enne kreemi nahale nt toode <a href=\"https:\/\/kosmeetika24.eu\/toode\/bruno-vassari-kianty-serum-vite\/\">BRUNO VASSARI Kianty vananemisvastane seerum.<\/a><\/li>\n<li>Vananemisvastane kreem kanda nahale \u00f5rnade masseerivate liigutustega. Sobib kasutamiseks nii hommikul kui \u00f5htul.<\/li>\n<li>Silma\u00fcmbruse hooldamiseks kasutada nt toodet <a href=\"https:\/\/kosmeetika24.eu\/toode\/bruno-vassari-kianty-eye-lift-ox\/\">BRUNO VASSARI Kianty vananemisvastane silmaseerum<\/a>.<\/li>\n<\/ul>\n<p><strong>KOOSTIS<\/strong><\/p>\n<p><span style=\"font-size: 14px;\">AQUA (WATER), DECYL OLEATE, CETEARYL ETHYLHEXANOATE, C12-20, ACID PEG-8 ESTER, CAPRYLIC \/CAPRIC TRIGLYCERIDE, GLYCERIN, GLYCERYL STEARATE, BUTYROSPERMUM PARKII (SHEA) BUTTER, LAURETH-9, PEG-100 STEARATE, ACETYL HEXAPEPTIDE-8, PHOSPHOLIPIDS, SPHINGOLIPIDS, LECITHIN, VITHIS VINIFERA (GRAPE) SEED EXTRACT, GLYCINE SOJA (SOJABEAN) SEED EXTRACT, HYDROGENATED LECITHIN, PHENOXYETHANOL, DIMETHICONE, ALCOHOL DENAT., SODIUM ASCORBYL PHOSPHATE, TRIETHANOLAMINE, IMIDAZOLIDINYL UREA, CARBOMER, METHYLPARABEN, POTASSIUM CETYL PHOSPHATE, TOCOPHERYL\u00a0 ACETATE, POLYSORBATE 80, POLYACRYLAMIDE, C13-14 ISOPARAFFIN, DISODIUM EDTA, LAURETH-7, PALMITOYL HYDROXYPROPYLTRIMONIUM AMYLOPECTIN GLYCERIN CROSSPOLYMER, TOCOPHEROL, ASCORBYL PALMITATE, GLYCERYL OLEATE, CITRIC ACID, CHLORPHENESIN, 1,2-HEXANEDIOL, PENTYLENE GLYCOL, POTASSIUM SORBATE, PARFUM (FRAGRANCE), HEXYL CINNAMAL, CAPRYLYL GLYCOL, BENZYL SALICYLATE, LINALOOL, CITRONELLOL, HYDROXYCITRONELLAL, ALPHA-ISOMETYL IONONE.<\/span><\/p>\n<p><span style=\"color: #000000;\"><span style=\"font-family: Roboto, sans-serif;\"><span style=\"font-size: small;\"><span style=\"font-size: xx-small;\">2061.20 \u20ac\/l<\/span><\/span><\/span><\/span><\/p>\n","protected":false},"excerpt":{"rendered":"<p>50 ml<\/p>\n<p>&#8220;Botoxilaadne&#8221; toime.<\/p>\n<p>L\u00f5dvestab lihaseid, t\u00f5stab ja pinguldab nahka.<\/p>\n<p>Silub peenemad miimikakortsud.<\/p>\n","protected":false},"featured_media":1997,"template":"","meta":{"om_disable_all_campaigns":false,"_monsterinsights_skip_tracking":false,"_monsterinsights_sitenote_active":false,"_monsterinsights_sitenote_note":"","_monsterinsights_sitenote_category":0,"_uf_show_specific_survey":0,"_uf_disable_surveys":false,"site-sidebar-layout":"default","site-content-layout":"","ast-site-content-layout":"default","site-content-style":"default","site-sidebar-style":"default","ast-global-header-display":"","ast-banner-title-visibility":"","ast-main-header-display":"","ast-hfb-above-header-display":"","ast-hfb-below-header-display":"","ast-hfb-mobile-header-display":"","site-post-title":"","ast-breadcrumbs-content":"","ast-featured-img":"","footer-sml-layout":"","theme-transparent-header-meta":"default","adv-header-id-meta":"","stick-header-meta":"","header-above-stick-meta":"","header-main-stick-meta":"","header-below-stick-meta":"","astra-migrate-meta-layouts":"set","ast-page-background-enabled":"default","ast-page-background-meta":{"desktop":{"background-color":"var(--ast-global-color-4)","background-image":"","background-repeat":"repeat","background-position":"center center","background-size":"auto","background-attachment":"scroll","background-type":"","background-media":"","overlay-type":"","overlay-color":"","overlay-opacity":"","overlay-gradient":""},"tablet":{"background-color":"","background-image":"","background-repeat":"repeat","background-position":"center center","background-size":"auto","background-attachment":"scroll","background-type":"","background-media":"","overlay-type":"","overlay-color":"","overlay-opacity":"","overlay-gradient":""},"mobile":{"background-color":"","background-image":"","background-repeat":"repeat","background-position":"center center","background-size":"auto","background-attachment":"scroll","background-type":"","background-media":"","overlay-type":"","overlay-color":"","overlay-opacity":"","overlay-gradient":""}},"ast-content-background-meta":{"desktop":{"background-color":"var(--ast-global-color-5)","background-image":"","background-repeat":"repeat","background-position":"center center","background-size":"auto","background-attachment":"scroll","background-type":"","background-media":"","overlay-type":"","overlay-color":"","overlay-opacity":"","overlay-gradient":""},"tablet":{"background-color":"var(--ast-global-color-5)","background-image":"","background-repeat":"repeat","background-position":"center center","background-size":"auto","background-attachment":"scroll","background-type":"","background-media":"","overlay-type":"","overlay-color":"","overlay-opacity":"","overlay-gradient":""},"mobile":{"background-color":"var(--ast-global-color-5)","background-image":"","background-repeat":"repeat","background-position":"center center","background-size":"auto","background-attachment":"scroll","background-type":"","background-media":"","overlay-type":"","overlay-color":"","overlay-opacity":"","overlay-gradient":""}}},"product_brand":[],"product_cat":[75,15],"product_tag":[],"class_list":{"0":"post-1891","1":"product","2":"type-product","3":"status-publish","4":"has-post-thumbnail","6":"product_cat-kreemid-naole","7":"product_cat-naole","8":"desktop-align-center","9":"tablet-align-left","10":"mobile-align-left","12":"first","13":"instock","14":"taxable","15":"shipping-taxable","16":"purchasable","17":"product-type-simple","18":"add-to-wishlist-before_image"},"aioseo_notices":[],"_links":{"self":[{"href":"https:\/\/kosmeetika24.eu\/et\/wp-json\/wp\/v2\/product\/1891","targetHints":{"allow":["GET"]}}],"collection":[{"href":"https:\/\/kosmeetika24.eu\/et\/wp-json\/wp\/v2\/product"}],"about":[{"href":"https:\/\/kosmeetika24.eu\/et\/wp-json\/wp\/v2\/types\/product"}],"version-history":[{"count":4,"href":"https:\/\/kosmeetika24.eu\/et\/wp-json\/wp\/v2\/product\/1891\/revisions"}],"predecessor-version":[{"id":8940,"href":"https:\/\/kosmeetika24.eu\/et\/wp-json\/wp\/v2\/product\/1891\/revisions\/8940"}],"wp:featuredmedia":[{"embeddable":true,"href":"https:\/\/kosmeetika24.eu\/et\/wp-json\/wp\/v2\/media\/1997"}],"wp:attachment":[{"href":"https:\/\/kosmeetika24.eu\/et\/wp-json\/wp\/v2\/media?parent=1891"}],"wp:term":[{"taxonomy":"product_brand","embeddable":true,"href":"https:\/\/kosmeetika24.eu\/et\/wp-json\/wp\/v2\/product_brand?post=1891"},{"taxonomy":"product_cat","embeddable":true,"href":"https:\/\/kosmeetika24.eu\/et\/wp-json\/wp\/v2\/product_cat?post=1891"},{"taxonomy":"product_tag","embeddable":true,"href":"https:\/\/kosmeetika24.eu\/et\/wp-json\/wp\/v2\/product_tag?post=1891"}],"curies":[{"name":"wp","href":"https:\/\/api.w.org\/{rel}","templated":true}]}}