{"id":1889,"date":"2019-11-13T09:21:04","date_gmt":"2019-11-13T09:21:04","guid":{"rendered":"https:\/\/kosmeetika24.eu\/?post_type=product&#038;p=1889"},"modified":"2024-12-27T13:00:51","modified_gmt":"2024-12-27T10:00:51","slug":"bruno-vassari-kianty-serum-vite","status":"publish","type":"product","link":"https:\/\/kosmeetika24.eu\/et\/toode\/bruno-vassari-kianty-serum-vite\/","title":{"rendered":"BRUNO VASSARI Kianty vananemisvastane seerum"},"content":{"rendered":"<p>Vananemisvastane seerum <em>Serum Vite<\/em> sisaldab aktiivsete toimeainete suurt kontsentratsiooni, s\u00fcnergiliseks toimeks k\u00f5igi naha vananemise p\u00f5hjustajate vastu. Seerumil on &#8220;botoxilaadne&#8221; toime: l\u00f5dvestab lihaseid, t\u00f5stab ja pinguldab nahka. See tagab naha seisundi n\u00e4htava paranemise p\u00e4rast 30-p\u00e4evast pidevat toote kasutamist.<\/p>\n<p>Sobib k\u00f5igile nahat\u00fc\u00fcpidele, eriti k\u00fcpsele, v\u00e4sinud ja kortsulisele nahale.<\/p>\n<p>Soovitatav neile, kes on l\u00e4binud Botoxi ravi, et pikendada saavutatud tulemust ja alternatiivina kahe hoolduse vahel.<\/p>\n<p><strong>TOIMEAINED<\/strong><\/p>\n<ul>\n<li>Argireliin<\/li>\n<li>Viinamarjaekstrakt<\/li>\n<li>Matriks\u00fc\u00fcl<\/li>\n<li>Liftiline<\/li>\n<li>E-vitamiin<\/li>\n<li>Sheav\u00f5i<\/li>\n<\/ul>\n<p><strong>TOIME<\/strong><\/p>\n<ul>\n<li>Argireliinil on botoxi-sarnane toime. L\u00f5dvestab lihaseid, v\u00e4hendades kortsude esinemist.<\/li>\n<li>Viinamarjaekstrakt sisaldab pol\u00fcfenoolide suurt kontsentratsiooni, toimides vananemisvastaselt, antioks\u00fcdantselt, pinguldavalt ja toniseerivalt.<\/li>\n<li>Matriks\u00fc\u00fcl stimuleerib sidekoes olevate molekulide, n\u00e4iteks kollageeni, s\u00fcnteesi. Niisutab ja toimib nahapinna tasandajana.<\/li>\n<li>Liftiline on vahetu pindpinevuse efektiga taimsete valkude kombinatsioon, mis parendab naha mikroreljeefi ja toniseerib.<\/li>\n<li>E-vitamiin toimib antioks\u00fcdandina ja p\u00fc\u00fcab kinni vabad radikaalid. Niisutab ja kaitseb sidekude, kollageeni ja elastiini.<\/li>\n<li>Sheav\u00f5i erakordselt rikas vitamiinide poolest, mis koos parandavad nahka, kaitsevad seda kuivamise eest ja soodustavad rakkude uuenemist. Omab p\u00f5letikuvastast toimet.<\/li>\n<\/ul>\n<p><strong>KASUTAMINE<\/strong><\/p>\n<ul>\n<li>Nahk puhastada eelnevalt nt tootega <a href=\"https:\/\/kosmeetika24.eu\/toode\/bruno-vassari-kianty-rugiada-di-vigna\/\">BRUNO VASSARI Kianty v\u00e4rskendav puhastusvaht<\/a>.<\/li>\n<li>Nahk toniseerida eelnevalt nt tootega <a href=\"https:\/\/kosmeetika24.eu\/toode\/bruno-vassari-kianty-pioggia-di-vigna\/\">BRUNO VASSARI Kianty vananemisvastane losjoon 200ml<\/a>.<\/li>\n<li>Vananemisvastane seerum kanda nahale \u00f5rnade masseerivate liigutustega. Sobib kasutamiseks nii hommikul kui \u00f5htul.<\/li>\n<li>Seej\u00e4rel kanda nahale sobiv kreem. Hommikul nt <a href=\"https:\/\/kosmeetika24.eu\/toode\/bruno-vassari-kianty-vita-vite\/\">BRUNO VASSARI Kianty vananemisvastane kreem<\/a> ja \u00f5htul nt\u00a0 <a href=\"https:\/\/kosmeetika24.eu\/toode\/bruno-vassari-kianty-pate-duva\/\">BRUNO VASSARI Kianty kortsudevastane toitekreem<\/a>.<\/li>\n<\/ul>\n<p><strong>KOOSTIS<\/strong><\/p>\n<p><span style=\"font-size: 14px;\">AQUA (WATER), CYCLOPENTASILOXANE, BUTYLENE GLYCOL, C12-15 ALKYL BENZOATE, SQUALANE, GLYCERIN, GLYCERYL STEARATE, PEG-100 STEARATE, PROPYLENE GLYCOL, HYDROGENATED LECITHIN, VITIS VINIFERA (GRAPE) SEED EXTRACT, ACETYL HEXAPEPTIDE-8, PALMITOYL PENTAPEPTIDE-4, HYDROLYZED WHEAT PROTEIN, TOCOPHERYL ACETATE, BUTYROSPERMUM PARKII (SHEA) BUTTER, CHLORPHENESIN, PHENOXYETHANOL, AMMONIUM ACRYLOYLDIMETHYLTAURATE \/VP COPOLYMER, DIMETHICONE, CETYL ALCOHOL, XANTHAN GUM, DIMETHICONE\/VINYL DIMETHICONE CROSSPOLYMER, DISODIUM EDTA, CARBOMER, PENTYLENE GLYCOL, HEXYL CINNAMAL, CAPRYLYL GLYCOL, POLYSORBATE 20, BUTYLPHENYL METHYLPROPIONAL, METHYLPARABEN, BENZYL SALICYLATE, LINALOOL, ETHYLHEXYLGLYCERIN, 1,2-HEXANEIDOL, PARFUM (FRAGRANCE), HYDROXYCITRONELLAL, CITRONELLOL, ALPHA-ISOMETHYL IONONE, HYDROXYISOHEXYL 3-CYCLOHEXENE CARBOXALDEHYDE, PALMITOYL HYDROXYPROPYLTRIMONIUM AMYLOPECTIN GLYCERIN CROSSPOLYMER.<\/span><\/p>\n<p><span style=\"color: #000000;\"><span style=\"font-family: Roboto, sans-serif;\"><span style=\"font-size: small;\"><span style=\"font-size: xx-small;\">2580.60 \u20ac\/l<\/span><\/span><\/span><\/span><\/p>\n","protected":false},"excerpt":{"rendered":"<p>50 ml<\/p>\n<p>L\u00f5dvestab lihaseid, t\u00f5stab ja pinguldab nahka.<\/p>\n<p>Silub peenemad miimikakortsud.<\/p>\n<p>On noorendava toimega.<\/p>\n","protected":false},"featured_media":1998,"template":"","meta":{"om_disable_all_campaigns":false,"_monsterinsights_skip_tracking":false,"_monsterinsights_sitenote_active":false,"_monsterinsights_sitenote_note":"","_monsterinsights_sitenote_category":0,"_uf_show_specific_survey":0,"_uf_disable_surveys":false,"site-sidebar-layout":"default","site-content-layout":"","ast-site-content-layout":"default","site-content-style":"default","site-sidebar-style":"default","ast-global-header-display":"","ast-banner-title-visibility":"","ast-main-header-display":"","ast-hfb-above-header-display":"","ast-hfb-below-header-display":"","ast-hfb-mobile-header-display":"","site-post-title":"","ast-breadcrumbs-content":"","ast-featured-img":"","footer-sml-layout":"","theme-transparent-header-meta":"default","adv-header-id-meta":"","stick-header-meta":"","header-above-stick-meta":"","header-main-stick-meta":"","header-below-stick-meta":"","astra-migrate-meta-layouts":"set","ast-page-background-enabled":"default","ast-page-background-meta":{"desktop":{"background-color":"var(--ast-global-color-4)","background-image":"","background-repeat":"repeat","background-position":"center center","background-size":"auto","background-attachment":"scroll","background-type":"","background-media":"","overlay-type":"","overlay-color":"","overlay-opacity":"","overlay-gradient":""},"tablet":{"background-color":"","background-image":"","background-repeat":"repeat","background-position":"center center","background-size":"auto","background-attachment":"scroll","background-type":"","background-media":"","overlay-type":"","overlay-color":"","overlay-opacity":"","overlay-gradient":""},"mobile":{"background-color":"","background-image":"","background-repeat":"repeat","background-position":"center center","background-size":"auto","background-attachment":"scroll","background-type":"","background-media":"","overlay-type":"","overlay-color":"","overlay-opacity":"","overlay-gradient":""}},"ast-content-background-meta":{"desktop":{"background-color":"var(--ast-global-color-5)","background-image":"","background-repeat":"repeat","background-position":"center center","background-size":"auto","background-attachment":"scroll","background-type":"","background-media":"","overlay-type":"","overlay-color":"","overlay-opacity":"","overlay-gradient":""},"tablet":{"background-color":"var(--ast-global-color-5)","background-image":"","background-repeat":"repeat","background-position":"center center","background-size":"auto","background-attachment":"scroll","background-type":"","background-media":"","overlay-type":"","overlay-color":"","overlay-opacity":"","overlay-gradient":""},"mobile":{"background-color":"var(--ast-global-color-5)","background-image":"","background-repeat":"repeat","background-position":"center center","background-size":"auto","background-attachment":"scroll","background-type":"","background-media":"","overlay-type":"","overlay-color":"","overlay-opacity":"","overlay-gradient":""}}},"product_brand":[],"product_cat":[80,15,77],"product_tag":[],"class_list":{"0":"post-1889","1":"product","2":"type-product","3":"status-publish","4":"has-post-thumbnail","6":"product_cat-kontsentraadid","7":"product_cat-naole","8":"product_cat-seerumid","9":"desktop-align-center","10":"tablet-align-left","11":"mobile-align-left","13":"first","14":"instock","15":"taxable","16":"shipping-taxable","17":"purchasable","18":"product-type-simple","19":"add-to-wishlist-before_image"},"aioseo_notices":[],"_links":{"self":[{"href":"https:\/\/kosmeetika24.eu\/et\/wp-json\/wp\/v2\/product\/1889","targetHints":{"allow":["GET"]}}],"collection":[{"href":"https:\/\/kosmeetika24.eu\/et\/wp-json\/wp\/v2\/product"}],"about":[{"href":"https:\/\/kosmeetika24.eu\/et\/wp-json\/wp\/v2\/types\/product"}],"version-history":[{"count":3,"href":"https:\/\/kosmeetika24.eu\/et\/wp-json\/wp\/v2\/product\/1889\/revisions"}],"predecessor-version":[{"id":8941,"href":"https:\/\/kosmeetika24.eu\/et\/wp-json\/wp\/v2\/product\/1889\/revisions\/8941"}],"wp:featuredmedia":[{"embeddable":true,"href":"https:\/\/kosmeetika24.eu\/et\/wp-json\/wp\/v2\/media\/1998"}],"wp:attachment":[{"href":"https:\/\/kosmeetika24.eu\/et\/wp-json\/wp\/v2\/media?parent=1889"}],"wp:term":[{"taxonomy":"product_brand","embeddable":true,"href":"https:\/\/kosmeetika24.eu\/et\/wp-json\/wp\/v2\/product_brand?post=1889"},{"taxonomy":"product_cat","embeddable":true,"href":"https:\/\/kosmeetika24.eu\/et\/wp-json\/wp\/v2\/product_cat?post=1889"},{"taxonomy":"product_tag","embeddable":true,"href":"https:\/\/kosmeetika24.eu\/et\/wp-json\/wp\/v2\/product_tag?post=1889"}],"curies":[{"name":"wp","href":"https:\/\/api.w.org\/{rel}","templated":true}]}}